{"id":13683,"date":"2022-10-05T09:59:35","date_gmt":"2022-10-05T07:59:35","guid":{"rendered":"https:\/\/www.adaoncloud.com\/ct\/?page_id=13683"},"modified":"2023-03-15T12:03:01","modified_gmt":"2023-03-15T11:03:01","slug":"mide","status":"publish","type":"page","link":"https:\/\/www.adaoncloud.com\/cat\/mide\/","title":{"rendered":"Mesura CAT"},"content":{"rendered":"<p>[vc_row full_width=&#8221;stretch_row_content_no_spaces&#8221; equal_height=&#8221;yes&#8221; rtl_reverse=&#8221;yes&#8221; content_placement=&#8221;top&#8221; css=&#8221;.vc_custom_1613661852478{margin-bottom: 0px !important;padding-bottom: 0px !important;}&#8221;][vc_column width=&#8221;1\/3&#8243;][vc_custom_heading text=&#8221;Descobreix<br \/>\nMesura<br \/>\nMillora&#8221; font_container=&#8221;tag:h1|font_size:55px|text_align:left|color:%23083944&#8243; use_theme_fonts=&#8221;yes&#8221; css_animation=&#8221;fadeInDown&#8221;][vc_column_text css_animation=&#8221;fadeInUp&#8221; el_class=&#8221;paragrafo padding10 font15&#8243;]<\/p>\n<h4>Mesura el retorn de les teves campanyes<\/h4>\n<p>Con\u00e8ixer el comportament dels teus clients t&#8217;ajuda a crear campanyes de m\u00e0rqueting m\u00e9s efica\u00e7os i a garantir uns resultats segurs per a les teves inversions publicit\u00e0ries. El m\u00f2dul Measure t\u00e9 una caracter\u00edstica molt valuosa: la capacitat de proporcionar mesuraments precisos del comportament dels usuaris i guiar-los per descobrir el que realment volen.[\/vc_column_text][vc_btn title=&#8221;Reg\u00edstra&#8217;t GRATIS&#8221; style=&#8221;custom&#8221; custom_background=&#8221;#9c495d&#8221; custom_text=&#8221;#ffffff&#8221; shape=&#8221;round&#8221; size=&#8221;lg&#8221; align=&#8221;left&#8221; css_animation=&#8221;fadeInUp&#8221; link=&#8221;url:https%3A%2F%2Flps.adaoncloud.com%2F2IHj2|title:Reg%C3%ADstrate%20GRATIS&#8221;][\/vc_column][vc_column width=&#8221;2\/3&#8243; css=&#8221;.vc_custom_1664963572794{margin-bottom: -30px !important;background-position: center !important;background-repeat: no-repeat !important;background-size: contain !important;}&#8221;][vc_single_image image=&#8221;13692&#8243; img_size=&#8221;full&#8221;][\/vc_column][\/vc_row][vc_section full_width=&#8221;stretch_row&#8221; css=&#8221;.vc_custom_1605103445882{margin-bottom: 0px !important;padding-bottom: 0px !important;background-color: #ffffff !important;}&#8221;][vc_row full_width=&#8221;stretch_row_content_no_spaces&#8221; content_placement=&#8221;top&#8221; css=&#8221;.vc_custom_1613662224239{padding-top: 50px !important;padding-right: 0px !important;padding-left: 0px !important;background-color: #1f9f97 !important;}&#8221;][vc_column css=&#8221;.vc_custom_1604939591857{padding-right: 5% !important;padding-left: 5% !important;}&#8221;][vc_row_inner][vc_column_inner width=&#8221;1\/2&#8243;][vc_single_image image=&#8221;13693&#8243; img_size=&#8221;full&#8221; css_animation=&#8221;flipInY&#8221;][vc_empty_space height=&#8221;35px&#8221;][\/vc_column_inner][vc_column_inner width=&#8221;1\/2&#8243;][vc_empty_space height=&#8221;55px&#8221;][vc_custom_heading text=&#8221;Nombres precisos per a campanyes infal\u00b7libles&#8221; font_container=&#8221;tag:h2|text_align:left|color:%23ffffff&#8221; use_theme_fonts=&#8221;yes&#8221; css_animation=&#8221;fadeInDown&#8221;][vc_column_text]<\/p>\n<p style=\"text-align: left;color: #fff;font-size: 1.6rem;font-family: 'montserrat'\">Pots interpretar el comportament dels usuaris que han visitat els teus Landing Pages, navegat pels teus StoryTelling, vist els teus MovieTelling o llegit els teus Emails i convertir aquesta informaci\u00f3 en n\u00fameros i m\u00e8triques.<br \/>\nEls dashboards dedicats et guien, d&#8217;una ullada, cap als indicadors clau i els KPI.[\/vc_column_text][vc_empty_space height=&#8221;35px&#8221;][\/vc_column_inner][\/vc_row_inner][\/vc_column][\/vc_row][vc_row full_width=&#8221;stretch_row&#8221; equal_height=&#8221;yes&#8221; content_placement=&#8221;middle&#8221; css=&#8221;.vc_custom_1646232022405{padding-top: 5% !important;padding-right: 0px !important;padding-bottom: 3% !important;padding-left: 0px !important;}&#8221; el_class=&#8221;ver-align hidden-sm hidden-xs&#8221;][vc_column width=&#8221;1\/12&#8243;][\/vc_column][vc_column width=&#8221;5\/12&#8243;][vc_column_text]<\/p>\n<h3>Descobreix, mesura i millora el teu ROI<\/h3>\n<p>Cada campanya \u00e9s una bona oportunitat per con\u00e8ixer el nombre de p\u00e0gines visualitzades, les visualitzacions \u00faniques, els clics als Call to Action, el navegador utilitzat i la ubicaci\u00f3 geogr\u00e0fica de la qual procedeixen les visites. Per facilitar i fer m\u00e9s c\u00f2moda la consulta, les dades s&#8217;agrupen en seccions espec\u00edfiques i es mostren amb gr\u00e0fics i imatges. Nom\u00e9s et queda aprofitar les millors oportunitats i augmentar el ROI de cada projecte m\u00f2bil.[\/vc_column_text][vc_btn title=&#8221;Reg\u00edstra&#8217;t GRATIS&#8221; style=&#8221;custom&#8221; custom_background=&#8221;#9c495d&#8221; custom_text=&#8221;#ffffff&#8221; shape=&#8221;round&#8221; size=&#8221;lg&#8221; align=&#8221;left&#8221; css_animation=&#8221;fadeInUp&#8221; link=&#8221;url:https%3A%2F%2Flps.adaoncloud.com%2F2IHj2|title:Reg%C3%ADstrate%20GRATIS&#8221;][\/vc_column][vc_column width=&#8221;5\/12&#8243;][vc_single_image image=&#8221;15965&#8243; img_size=&#8221;full&#8221;][\/vc_column][vc_column width=&#8221;1\/12&#8243;][\/vc_column][\/vc_row][vc_row full_width=&#8221;stretch_row&#8221; equal_height=&#8221;yes&#8221; content_placement=&#8221;middle&#8221; css=&#8221;.vc_custom_1646232030085{padding-top: 5% !important;padding-right: 0px !important;padding-bottom: 3% !important;padding-left: 0px !important;}&#8221; el_class=&#8221;ver-align hidden-md hidden-lg&#8221;][vc_column width=&#8221;1\/12&#8243;][\/vc_column][vc_column width=&#8221;5\/12&#8243;][vc_single_image image=&#8221;13694&#8243; img_size=&#8221;full&#8221;][\/vc_column][vc_column width=&#8221;5\/12&#8243;][vc_column_text]<\/p>\n<h3>Descobreix, mesura i millora el teu ROI<\/h3>\n<p>Cada campanya \u00e9s una bona oportunitat per con\u00e8ixer el nombre de p\u00e0gines visualitzades, les visualitzacions \u00faniques, els clics als Call to Action, el navegador utilitzat i la ubicaci\u00f3 geogr\u00e0fica de la qual procedeixen les visites. Per facilitar i fer m\u00e9s c\u00f2moda la consulta, les dades s&#8217;agrupen en seccions espec\u00edfiques i es mostren amb gr\u00e0fics i imatges. Nom\u00e9s et queda aprofitar les millors oportunitats i augmentar el ROI de cada projecte m\u00f2bil.[\/vc_column_text][vc_btn title=&#8221;Registra&#8217;t GRATIS&#8221; style=&#8221;custom&#8221; custom_background=&#8221;#9c495d&#8221; custom_text=&#8221;#ffffff&#8221; shape=&#8221;round&#8221; size=&#8221;lg&#8221; align=&#8221;left&#8221; css_animation=&#8221;fadeInUp&#8221; link=&#8221;url:https%3A%2F%2Flps.adaoncloud.com%2F2IHj2|title:Reg%C3%ADstrate%20GRATIS&#8221;][\/vc_column][vc_column width=&#8221;1\/12&#8243;][\/vc_column][\/vc_row][vc_row full_width=&#8221;stretch_row&#8221; equal_height=&#8221;yes&#8221; content_placement=&#8221;middle&#8221; css=&#8221;.vc_custom_1646232080504{padding-top: 3% !important;padding-right: 0px !important;padding-bottom: 3% !important;padding-left: 0px !important;background-color: #f8f8f8 !important;}&#8221; el_class=&#8221;ver-align&#8221;][vc_column width=&#8221;1\/12&#8243;][\/vc_column][vc_column width=&#8221;5\/12&#8243;][vc_single_image image=&#8221;13695&#8243; img_size=&#8221;full&#8221;][\/vc_column][vc_column width=&#8221;1\/12&#8243;][\/vc_column][vc_column width=&#8221;4\/12&#8243;][vc_empty_space height=&#8221;55px&#8221;][vc_column_text]<\/p>\n<h3>Email Marketing analytics<\/h3>\n<p>El veritable \u00e8xit d&#8217;una campanya d&#8217;email no s&#8217;ap\u00e9n en l&#8217;obertura o el clic; segueix l&#8217;activitat dels destinataris individualment fins i tot despr\u00e9s de l&#8217;obertura i avalua si s&#8217; han aconseguit els resultats esperats.<br \/>\nUn sistema avan\u00e7at de mesurament dels principals par\u00e0metres: des de la taxa d&#8217;entrega (Delivery Rate) fins al nombre de missatges rebutjats pel servidor (Hard i Soft Bounce), des dels missatges llegits (Open Rate) fins al nombre d&#8217;usuaris que van convertir (Conversion Rate).<br \/>\nAccedeix a les estad\u00edstiques de cada usuari individual com l&#8217;origen dels seus clics, perqu\u00e8 puguis millorar la qualitat de la teva llista i mesurar el cost per conversi\u00f3 i el retorn de la inversi\u00f3.[\/vc_column_text][vc_btn title=&#8221;Reg\u00edstra&#8217;t GRATIS&#8221; style=&#8221;custom&#8221; custom_background=&#8221;#9c495d&#8221; custom_text=&#8221;#ffffff&#8221; shape=&#8221;round&#8221; size=&#8221;lg&#8221; align=&#8221;left&#8221; css_animation=&#8221;fadeInUp&#8221; link=&#8221;url:https%3A%2F%2Flps.adaoncloud.com%2F2IHj2|title:Reg%C3%ADstrate%20GRATIS&#8221;][\/vc_column][vc_column width=&#8221;1\/12&#8243;][\/vc_column][\/vc_row][vc_row full_width=&#8221;stretch_row&#8221; equal_height=&#8221;yes&#8221; content_placement=&#8221;middle&#8221; css=&#8221;.vc_custom_1625482695819{padding-top: 3% !important;padding-right: 0px !important;padding-bottom: 3% !important;padding-left: 0px !important;}&#8221; el_class=&#8221;ver-align hidden-sm hidden-xs&#8221;][vc_column width=&#8221;1\/12&#8243;][\/vc_column][vc_column width=&#8221;5\/12&#8243; css=&#8221;.vc_custom_1613645913688{padding-top: 3% !important;padding-right: 0px !important;padding-bottom: 3% !important;padding-left: 0px !important;background-position: center !important;background-repeat: no-repeat !important;background-size: contain !important;}&#8221;][vc_empty_space height=&#8221;55px&#8221;][vc_column_text]<\/p>\n<h3>SMS Analytics<\/h3>\n<p>Gr\u00e0cies a la localitzaci\u00f3 present en els links enviats a trav\u00e9s de SMS, pots controlar el comportament dels teus usuaris. Tindr\u00e0s una visi\u00f3 completa de les teves campanyes de SMS gr\u00e0cies als informes estad\u00edstics detallats, per campanya i per destinatari. Un sistema de notificaci\u00f3 vinculat als operadors telef\u00f2nics et permet saber quins n\u00fameros de tel\u00e8fon m\u00f2bil han rebut el teu missatge.[\/vc_column_text][vc_btn title=&#8221;Reg\u00edstra&#8217;t GRATIS&#8221; style=&#8221;custom&#8221; custom_background=&#8221;#9c495d&#8221; custom_text=&#8221;#ffffff&#8221; shape=&#8221;round&#8221; size=&#8221;lg&#8221; align=&#8221;left&#8221; css_animation=&#8221;fadeInUp&#8221; link=&#8221;url:https%3A%2F%2Flps.adaoncloud.com%2F2IHj2|title:Reg%C3%ADstrate%20GRATIS&#8221;][\/vc_column][vc_column width=&#8221;5\/12&#8243;][vc_empty_space height=&#8221;65px&#8221;][vc_single_image image=&#8221;13696&#8243; img_size=&#8221;full&#8221;][\/vc_column][vc_column width=&#8221;1\/12&#8243;][\/vc_column][\/vc_row][vc_row full_width=&#8221;stretch_row&#8221; equal_height=&#8221;yes&#8221; content_placement=&#8221;middle&#8221; css=&#8221;.vc_custom_1646232132085{padding-top: 3% !important;padding-right: 0px !important;padding-bottom: 3% !important;padding-left: 0px !important;}&#8221; el_class=&#8221;ver-align hidden-md hidden-lg&#8221;][vc_column width=&#8221;1\/12&#8243;][\/vc_column][vc_column width=&#8221;5\/12&#8243;][vc_empty_space height=&#8221;65px&#8221;][vc_single_image image=&#8221;13696&#8243; img_size=&#8221;full&#8221;][\/vc_column][vc_column width=&#8221;5\/12&#8243; css=&#8221;.vc_custom_1613645913688{padding-top: 3% !important;padding-right: 0px !important;padding-bottom: 3% !important;padding-left: 0px !important;background-position: center !important;background-repeat: no-repeat !important;background-size: contain !important;}&#8221;][vc_empty_space height=&#8221;55px&#8221;][vc_column_text]<\/p>\n<h3>SMS Analytics<\/h3>\n<p>Gr\u00e0cies a la localitzaci\u00f3 present en els links enviats a trav\u00e9s de SMS, pots controlar el comportament dels teus usuaris. Tindr\u00e0s una visi\u00f3 completa de les teves campanyes de SMS gr\u00e0cies als informes estad\u00edstics detallats, per campanya i per destinatari. Un sistema de notificaci\u00f3 vinculat als operadors telef\u00f2nics et permet saber quins n\u00fameros de tel\u00e8fon m\u00f2bil han rebut el teu missatge.[\/vc_column_text][vc_btn title=&#8221;Regstra&#8217;t GRATIS&#8221; style=&#8221;custom&#8221; custom_background=&#8221;#9c495d&#8221; custom_text=&#8221;#ffffff&#8221; shape=&#8221;round&#8221; size=&#8221;lg&#8221; align=&#8221;left&#8221; css_animation=&#8221;fadeInUp&#8221; link=&#8221;url:https%3A%2F%2Flps.adaoncloud.com%2F2IHj2|title:Reg%C3%ADstrate%20GRATIS&#8221;][\/vc_column][vc_column width=&#8221;1\/12&#8243;][\/vc_column][\/vc_row][\/vc_section][vc_row full_width=&#8221;stretch_row&#8221; equal_height=&#8221;yes&#8221; content_placement=&#8221;middle&#8221; css=&#8221;.vc_custom_1625482695819{padding-top: 3% !important;padding-right: 0px !important;padding-bottom: 3% !important;padding-left: 0px !important;}&#8221; el_class=&#8221;ver-align hidden-sm hidden-xs&#8221;][vc_column width=&#8221;1\/12&#8243;][\/vc_column][vc_column width=&#8221;5\/12&#8243;][vc_empty_space height=&#8221;65px&#8221;][vc_single_image image=&#8221;13697&#8243; img_size=&#8221;full&#8221;][\/vc_column][vc_column width=&#8221;5\/12&#8243; css=&#8221;.vc_custom_1613645913688{padding-top: 3% !important;padding-right: 0px !important;padding-bottom: 3% !important;padding-left: 0px !important;background-position: center !important;background-repeat: no-repeat !important;background-size: contain !important;}&#8221;][vc_empty_space height=&#8221;55px&#8221;][vc_column_text]<\/p>\n<h3>M\u00e8triques Notificacions Push<\/h3>\n<p>Descobreix la taxa d&#8217;obertura i d&#8217;engagement de les teves campanyes de Notificacions Push. Coneix exactament quins usuaris han obert i fet clic en les teves notificacions i CTAs relacionats. Aix\u00ed, analitza l&#8217;efic\u00e0cia de les teves campanyes i millora constantment el resultat final i els objectius de conversi\u00f3.[\/vc_column_text][vc_btn title=&#8221;Reg\u00edstra&#8217;t GRATIS&#8221; style=&#8221;custom&#8221; custom_background=&#8221;#9c495d&#8221; custom_text=&#8221;#ffffff&#8221; shape=&#8221;round&#8221; size=&#8221;lg&#8221; align=&#8221;left&#8221; css_animation=&#8221;fadeInUp&#8221; link=&#8221;url:https%3A%2F%2Flps.adaoncloud.com%2F2IHj2|title:Reg%C3%ADstrate%20GRATIS&#8221;][\/vc_column][vc_column width=&#8221;1\/12&#8243;][\/vc_column][\/vc_row][vc_row full_width=&#8221;stretch_row&#8221; equal_height=&#8221;yes&#8221; content_placement=&#8221;middle&#8221; css=&#8221;.vc_custom_1625482695819{padding-top: 3% !important;padding-right: 0px !important;padding-bottom: 3% !important;padding-left: 0px !important;}&#8221; el_class=&#8221;ver-align hidden-sm hidden-xs&#8221;][vc_column width=&#8221;1\/12&#8243;][\/vc_column][vc_column width=&#8221;5\/12&#8243; css=&#8221;.vc_custom_1613645913688{padding-top: 3% !important;padding-right: 0px !important;padding-bottom: 3% !important;padding-left: 0px !important;background-position: center !important;background-repeat: no-repeat !important;background-size: contain !important;}&#8221;][vc_empty_space height=&#8221;55px&#8221;][vc_column_text]<\/p>\n<h3>Mesura els fluxos dels Assistents Virtuals<\/h3>\n<p>Mesura la capacitat de conversa i la taxa d&#8217; engagement amb dades i informaci\u00f3 detallada. Consulta els dashboards per visualitzar el rendiment dels Assistents Virtuals i monitora la qualitat de les converses. Crea comunicacions espec\u00edfiques i personalitzades identificant els temes de conversa m\u00e9s discutits i buscats.[\/vc_column_text][vc_btn title=&#8221;Reg\u00edstra&#8217;t GRATIS&#8221; style=&#8221;custom&#8221; custom_background=&#8221;#9c495d&#8221; custom_text=&#8221;#ffffff&#8221; shape=&#8221;round&#8221; size=&#8221;lg&#8221; align=&#8221;left&#8221; css_animation=&#8221;fadeInUp&#8221; link=&#8221;url:https%3A%2F%2Flps.adaoncloud.com%2F2IHj2|title:Reg%C3%ADstrate%20GRATIS&#8221;][\/vc_column][vc_column width=&#8221;5\/12&#8243;][vc_empty_space height=&#8221;65px&#8221;][vc_single_image image=&#8221;13698&#8243; img_size=&#8221;full&#8221;][\/vc_column][vc_column width=&#8221;1\/12&#8243;][\/vc_column][\/vc_row][vc_row full_width=&#8221;stretch_row&#8221; equal_height=&#8221;yes&#8221; content_placement=&#8221;middle&#8221; css=&#8221;.vc_custom_1646232132085{padding-top: 3% !important;padding-right: 0px !important;padding-bottom: 3% !important;padding-left: 0px !important;}&#8221; el_class=&#8221;ver-align hidden-md hidden-lg&#8221;][vc_column width=&#8221;1\/12&#8243;][\/vc_column][vc_column width=&#8221;5\/12&#8243;][vc_empty_space height=&#8221;65px&#8221;][vc_single_image image=&#8221;13698&#8243; img_size=&#8221;full&#8221;][\/vc_column][vc_column width=&#8221;5\/12&#8243; css=&#8221;.vc_custom_1613645913688{padding-top: 3% !important;padding-right: 0px !important;padding-bottom: 3% !important;padding-left: 0px !important;background-position: center !important;background-repeat: no-repeat !important;background-size: contain !important;}&#8221;][vc_empty_space height=&#8221;55px&#8221;][vc_column_text]<\/p>\n<h3>Mesura els fluxos dels Assistents Virtuals<\/h3>\n<p>Mesura la capacitat de conversa i la taxa d&#8217; engagement amb dades i informaci\u00f3 detallada. Consulta els dashboards per visualitzar el rendiment dels Assistents Virtuals i monitora la qualitat de les converses. Crea comunicacions espec\u00edfiques i personalitzades identificant els temes de conversa m\u00e9s discutits i buscats.[\/vc_column_text][vc_btn title=&#8221;Registra&#8217;t GRATIS&#8221; style=&#8221;custom&#8221; custom_background=&#8221;#9c495d&#8221; custom_text=&#8221;#ffffff&#8221; shape=&#8221;round&#8221; size=&#8221;lg&#8221; align=&#8221;left&#8221; css_animation=&#8221;fadeInUp&#8221; link=&#8221;url:https%3A%2F%2Flps.adaoncloud.com%2F2IHj2|title:Reg%C3%ADstrate%20GRATIS&#8221;][\/vc_column][vc_column width=&#8221;1\/12&#8243;][\/vc_column][\/vc_row][vc_row el_class=&#8221;bottomMenu&#8221;][vc_column width=&#8221;1\/3&#8243;][vc_btn title=&#8221;Live webinar | Inscriu-te gratis&#8221; style=&#8221;custom&#8221; custom_background=&#8221;#9c495d&#8221; custom_text=&#8221;#ffffff&#8221; shape=&#8221;round&#8221; size=&#8221;xs&#8221; align=&#8221;left&#8221; i_icon_fontawesome=&#8221;fas fa-circle&#8221; add_icon=&#8221;true&#8221; link=&#8221;url:https%3A%2F%2Fwww.adaoncloud.com%2Fcat%2Fwebinars%2F|title:webinars&#8221;][\/vc_column][vc_column width=&#8221;1\/3&#8243;][\/vc_column][vc_column width=&#8221;1\/3&#8243;][\/vc_column][\/vc_row]<\/p>\n","protected":false},"excerpt":{"rendered":"<p>[vc_row full_width=&#8221;stretch_row_content_no_spaces&#8221; equal_height=&#8221;yes&#8221; rtl_reverse=&#8221;yes&#8221; content_placement=&#8221;top&#8221; css=&#8221;.vc_custom_1613661852478{margin-bottom: 0px !important;padding-bottom: 0px !important;}&#8221;][vc_column width=&#8221;1\/3&#8243;][vc_custom_heading text=&#8221;Descobreix Mesura Millora&#8221; font_container=&#8221;tag:h1|font_size:55px|text_align:left|color:%23083944&#8243; use_theme_fonts=&#8221;yes&#8221; css_animation=&#8221;fadeInDown&#8221;][vc_column_text css_animation=&#8221;fadeInUp&#8221; el_class=&#8221;paragrafo padding10 font15&#8243;] Mesura el retorn de les teves campanyes Con\u00e8ixer el comportament dels teus clients t&#8217;ajuda a crear campanyes de m\u00e0rqueting m\u00e9s efica\u00e7os i a garantir uns resultats segurs per a les teves inversions publicit\u00e0ries. El [&hellip;]<\/p>\n","protected":false},"author":1,"featured_media":0,"parent":0,"menu_order":0,"comment_status":"closed","ping_status":"closed","template":"","meta":{"om_disable_all_campaigns":false},"_links":{"self":[{"href":"https:\/\/www.adaoncloud.com\/cat\/wp-json\/wp\/v2\/pages\/13683"}],"collection":[{"href":"https:\/\/www.adaoncloud.com\/cat\/wp-json\/wp\/v2\/pages"}],"about":[{"href":"https:\/\/www.adaoncloud.com\/cat\/wp-json\/wp\/v2\/types\/page"}],"author":[{"embeddable":true,"href":"https:\/\/www.adaoncloud.com\/cat\/wp-json\/wp\/v2\/users\/1"}],"replies":[{"embeddable":true,"href":"https:\/\/www.adaoncloud.com\/cat\/wp-json\/wp\/v2\/comments?post=13683"}],"version-history":[{"count":14,"href":"https:\/\/www.adaoncloud.com\/cat\/wp-json\/wp\/v2\/pages\/13683\/revisions"}],"predecessor-version":[{"id":15966,"href":"https:\/\/www.adaoncloud.com\/cat\/wp-json\/wp\/v2\/pages\/13683\/revisions\/15966"}],"wp:attachment":[{"href":"https:\/\/www.adaoncloud.com\/cat\/wp-json\/wp\/v2\/media?parent=13683"}],"curies":[{"name":"wp","href":"https:\/\/api.w.org\/{rel}","templated":true}]}}