{"id":139,"date":"2020-11-04T15:20:14","date_gmt":"2020-11-04T14:20:14","guid":{"rendered":"https:\/\/newadaoncloud.staging.thedigitalbox.com\/es\/?page_id=139"},"modified":"2023-02-27T13:01:37","modified_gmt":"2023-02-27T12:01:37","slug":"conectividad-por-api","status":"publish","type":"page","link":"https:\/\/www.adaoncloud.com\/cat\/conectividad-por-api\/","title":{"rendered":"conectivitat per API CAT"},"content":{"rendered":"<p>[vc_section css=&#8221;.vc_custom_1605868152085{margin-top: 0px !important;margin-bottom: 0px !important;background-image: url(https:\/\/www.www.adaoncloud.com\/ct\/wp-content\/uploads\/sites\/16\/2020\/11\/Ellipse.png?id=191) !important;background-position: center !important;background-repeat: no-repeat !important;background-size: cover !important;}&#8221;][vc_row css=&#8221;.vc_custom_1604939696796{margin-bottom: 20px !important;background-position: center !important;background-repeat: no-repeat !important;background-size: contain !important;}&#8221;][vc_column][vc_custom_heading text=&#8221;Integraci\u00f3 amb <i>Zapier<\/i>&#8221; font_container=&#8221;tag:h1|text_align:center|color:%23004d58&#8243; use_theme_fonts=&#8221;yes&#8221; el_class=&#8221;tituloprincipal&#8221;][vc_empty_space height=&#8221;50px&#8221;][\/vc_column][\/vc_row][vc_row full_width=&#8221;stretch_row_content&#8221; content_placement=&#8221;top&#8221;][vc_column width=&#8221;1\/2&#8243; css=&#8221;.vc_custom_1604939591857{padding-right: 5% !important;padding-left: 5% !important;}&#8221;][vc_column_text]L&#8217;optimitzaci\u00f3 del treball diari sovint dep\u00e8n de la capacitat de gestionar diferents activitats de manera simult\u00e0nia i integrar qualsevol programari per a poder dur-les a terme.<\/p>\n<p>Gr\u00e0cies a la integraci\u00f3 de Zapier, ara pots connectar el teu compte ADA amb m\u00e9s de 1,000 aplicacions empresarials i automatitzar l&#8217;intercanvi de dades. Optimitza el teu temps i inverteix-lo en activitats m\u00e9s importants, deixant que ADA treballi amb el teu programari CRM principal i la resta d&#8217;aplicacions que utilitzes normalment.[\/vc_column_text][\/vc_column][vc_column width=&#8221;1\/2&#8243; css=&#8221;.vc_custom_1604939602897{padding-right: 0px !important;padding-left: 0px !important;}&#8221;][vc_single_image image=&#8221;489&#8243; img_size=&#8221;full&#8221;][\/vc_column][\/vc_row][\/vc_section][vc_section full_width=&#8221;stretch_row_content&#8221; el_class=&#8221;sinpading&#8221;][vc_row full_width=&#8221;stretch_row_content&#8221; content_placement=&#8221;middle&#8221;][vc_column][vc_row_inner css=&#8221;.vc_custom_1606743285711{margin-top: 0px !important;margin-bottom: 0px !important;padding-top: 5% !important;padding-bottom: 2% !important;background-color: #1f9f97 !important;}&#8221;][vc_column_inner][vc_custom_heading text=&#8221;Avantatges d&#8217;una integraci\u00f3 perfecta&#8221; font_container=&#8221;tag:h2|text_align:center|color:%23ffffff&#8221; use_theme_fonts=&#8221;yes&#8221;][\/vc_column_inner][\/vc_row_inner][vc_row_inner css=&#8221;.vc_custom_1606743299624{padding-right: 30px !important;padding-bottom: 5% !important;padding-left: 30px !important;background-color: #1f9f97 !important;}&#8221;][vc_column_inner width=&#8221;1\/3&#8243;][vc_single_image image=&#8221;504&#8243; img_size=&#8221;full&#8221; alignment=&#8221;center&#8221; css=&#8221;.vc_custom_1606742979765{margin-top: 2% !important;margin-bottom: 2% !important;}&#8221;][vc_empty_space height=&#8221;20px&#8221;][vc_column_text]<\/p>\n<h4 style=\"text-align: center;color: #fff\">MAJOR PRODUCTIVITAT<\/h4>\n<p style=\"text-align: center;color: #fff\">Ara, connectar ADA a un CRM o una altra aplicaci\u00f3 \u00e9s molt f\u00e0cil. Gr\u00e0cies a la integraci\u00f3 de Zapier, pots solucionar les necessitats dels clients i augmentar l&#8217;efici\u00e8ncia del teu treball en senzills passos.<\/p>\n<p>[\/vc_column_text][\/vc_column_inner][vc_column_inner width=&#8221;1\/3&#8243;][vc_single_image image=&#8221;518&#8243; img_size=&#8221;full&#8221; alignment=&#8221;center&#8221; css=&#8221;.vc_custom_1606742987057{margin-top: 2% !important;margin-bottom: 2% !important;}&#8221;][vc_empty_space height=&#8221;20px&#8221;][vc_column_text]<\/p>\n<h4 style=\"text-align: center;color: #fff\">ESTALVI EN TEMPS<\/h4>\n<p style=\"text-align: center;color: #fff\">Connecta autom\u00e0ticament amb m\u00e9s de 1,000 aplicacions diferents. Tots els contactes aconseguits a trav\u00e9s de HubSpot, Facebook, etc, s&#8217;importen autom\u00e0ticament a la nostra plataforma ADA per a ser utilitzats.<\/p>\n<p>[\/vc_column_text][\/vc_column_inner][vc_column_inner width=&#8221;1\/3&#8243;][vc_single_image image=&#8221;519&#8243; img_size=&#8221;full&#8221; alignment=&#8221;center&#8221; css=&#8221;.vc_custom_1606743000645{margin-top: 2% !important;margin-bottom: 2% !important;}&#8221;][vc_empty_space height=&#8221;20px&#8221;][vc_column_text]<\/p>\n<h4 style=\"text-align: center;color: #fff\">GESTI\u00d3 SENZILLA<\/h4>\n<p style=\"text-align: center;color: #fff\">Per a connectar ADA amb un CRM extern, simplement necessites afegir un compte de Zapier al seu compte ADA. Inicia sessi\u00f3 en el directori de Zapier, selecciona l&#8217;aplicaci\u00f3 que desitges comunicar amb ADA i crea un &#8220;Zap&#8221;, \u00e9s a dir, un flux de dades autom\u00e0tic entre els dos programes.<\/p>\n<p>[\/vc_column_text][\/vc_column_inner][\/vc_row_inner][\/vc_column][\/vc_row][\/vc_section][vc_section css=&#8221;.vc_custom_1606741343056{padding-top: 5% !important;padding-bottom: 5% !important;background-color: #eeeceb !important;}&#8221;][vc_row][vc_column width=&#8221;5\/12&#8243;][vc_custom_heading text=&#8221;Obrir ADA <em>al m\u00f3n<\/em>&#8221; use_theme_fonts=&#8221;yes&#8221;][vc_column_text]Optimitza el teu treball tenint ADA connectada a un altre programari. Hi ha m\u00e9s de 1,000 aplicacions per a connectar-se al teu compte, aquestes s\u00f3n nom\u00e9s alguns dels CRM m\u00e9s populars, llestos per a la integraci\u00f3.[\/vc_column_text][\/vc_column][vc_column width=&#8221;7\/12&#8243;][vc_single_image image=&#8221;679&#8243; img_size=&#8221;full&#8221;][\/vc_column][\/vc_row][\/vc_section][vc_row css=&#8221;.vc_custom_1606741371280{padding-top: 5% !important;padding-bottom: 3% !important;}&#8221;][vc_column][vc_custom_heading text=&#8221;Aprofita ara l&#8217;oportunitat&#8221; font_container=&#8221;tag:h1|font_size:43px|text_align:center|color:%23083944|line_height:60px&#8221; use_theme_fonts=&#8221;yes&#8221; css_animation=&#8221;fadeInDown&#8221;][vc_column_text css_animation=&#8221;fadeInDown&#8221;]<\/p>\n<p style=\"text-align: center\">Comen\u00e7a a revolucionar el teu negoci amb l&#8217;orientaci\u00f3 d&#8217;un dels nostres experts.<\/p>\n<p>[\/vc_column_text][vc_btn title=&#8221;Registra&#8217;t GRATIS&#8221; style=&#8221;custom&#8221; custom_background=&#8221;#9c495d&#8221; custom_text=&#8221;#ffffff&#8221; shape=&#8221;round&#8221; size=&#8221;lg&#8221; align=&#8221;center&#8221; css_animation=&#8221;fadeInUp&#8221; link=&#8221;url:https%3A%2F%2Flps.adaoncloud.com%2F2IHj2|title:PRU%C3%89BALO%20GRATIS&#8221; el_class=&#8221;land-btn&#8221;][\/vc_column][\/vc_row][vc_row el_class=&#8221;bottomMenu&#8221;][vc_column width=&#8221;1\/3&#8243;][vc_btn title=&#8221;Live webinar | Inscriu-te gratis&#8221; style=&#8221;custom&#8221; custom_background=&#8221;#9c495d&#8221; custom_text=&#8221;#ffffff&#8221; shape=&#8221;round&#8221; size=&#8221;xs&#8221; align=&#8221;left&#8221; i_icon_fontawesome=&#8221;fas fa-circle&#8221; css_animation=&#8221;none&#8221; add_icon=&#8221;true&#8221; css=&#8221;.vc_custom_1675330975579{margin-top: 1% !important;padding-right: 2% !important;padding-left: 2% !important;}&#8221; el_id=&#8221;webinar-btn&#8221; link=&#8221;url:https%3A%2F%2Fwww.adaoncloud.com%2Fcat%2Fwebinars%2F|title:webinars%20CT&#8221;][\/vc_column][vc_column width=&#8221;1\/3&#8243;][\/vc_column][vc_column width=&#8221;1\/3&#8243;][\/vc_column][\/vc_row]<\/p>\n","protected":false},"excerpt":{"rendered":"<p>[vc_section css=&#8221;.vc_custom_1605868152085{margin-top: 0px !important;margin-bottom: 0px !important;background-image: url(https:\/\/www.www.adaoncloud.com\/ct\/wp-content\/uploads\/sites\/16\/2020\/11\/Ellipse.png?id=191) !important;background-position: center !important;background-repeat: no-repeat !important;background-size: cover !important;}&#8221;][vc_row css=&#8221;.vc_custom_1604939696796{margin-bottom: 20px !important;background-position: center !important;background-repeat: no-repeat !important;background-size: contain !important;}&#8221;][vc_column][vc_custom_heading text=&#8221;Integraci\u00f3 amb Zapier&#8221; font_container=&#8221;tag:h1|text_align:center|color:%23004d58&#8243; use_theme_fonts=&#8221;yes&#8221; el_class=&#8221;tituloprincipal&#8221;][vc_empty_space height=&#8221;50px&#8221;][\/vc_column][\/vc_row][vc_row full_width=&#8221;stretch_row_content&#8221; content_placement=&#8221;top&#8221;][vc_column width=&#8221;1\/2&#8243; css=&#8221;.vc_custom_1604939591857{padding-right: 5% !important;padding-left: 5% !important;}&#8221;][vc_column_text]L&#8217;optimitzaci\u00f3 del treball diari sovint dep\u00e8n de la capacitat de gestionar diferents activitats de manera simult\u00e0nia i integrar [&hellip;]<\/p>\n","protected":false},"author":1,"featured_media":0,"parent":0,"menu_order":0,"comment_status":"closed","ping_status":"closed","template":"","meta":{"om_disable_all_campaigns":false},"_links":{"self":[{"href":"https:\/\/www.adaoncloud.com\/cat\/wp-json\/wp\/v2\/pages\/139"}],"collection":[{"href":"https:\/\/www.adaoncloud.com\/cat\/wp-json\/wp\/v2\/pages"}],"about":[{"href":"https:\/\/www.adaoncloud.com\/cat\/wp-json\/wp\/v2\/types\/page"}],"author":[{"embeddable":true,"href":"https:\/\/www.adaoncloud.com\/cat\/wp-json\/wp\/v2\/users\/1"}],"replies":[{"embeddable":true,"href":"https:\/\/www.adaoncloud.com\/cat\/wp-json\/wp\/v2\/comments?post=139"}],"version-history":[{"count":53,"href":"https:\/\/www.adaoncloud.com\/cat\/wp-json\/wp\/v2\/pages\/139\/revisions"}],"predecessor-version":[{"id":15799,"href":"https:\/\/www.adaoncloud.com\/cat\/wp-json\/wp\/v2\/pages\/139\/revisions\/15799"}],"wp:attachment":[{"href":"https:\/\/www.adaoncloud.com\/cat\/wp-json\/wp\/v2\/media?parent=139"}],"curies":[{"name":"wp","href":"https:\/\/api.w.org\/{rel}","templated":true}]}}