{"id":1915,"date":"2021-03-15T23:48:14","date_gmt":"2021-03-15T22:48:14","guid":{"rendered":"https:\/\/newadaoncloud.staging.thedigitalbox.com\/es\/?page_id=1915"},"modified":"2023-03-13T17:14:08","modified_gmt":"2023-03-13T16:14:08","slug":"uppermail-a-b-test","status":"publish","type":"page","link":"https:\/\/www.adaoncloud.com\/cat\/uppermail-a-b-test\/","title":{"rendered":"UpperMail A\/B Test CAT"},"content":{"rendered":"<p>[vc_row full_width=&#8221;stretch_row_content_no_spaces&#8221; equal_height=&#8221;yes&#8221; rtl_reverse=&#8221;yes&#8221; content_placement=&#8221;top&#8221; css=&#8221;.vc_custom_1613661852478{margin-bottom: 0px !important;padding-bottom: 0px !important;}&#8221;][vc_column width=&#8221;1\/3&#8243;][vc_custom_heading text=&#8221;Comunica<br \/>\nFidelitza<br \/>\nConverteix&#8221; font_container=&#8221;tag:h1|font_size:70px|text_align:left|color:%23083944&#8243; use_theme_fonts=&#8221;yes&#8221; css_animation=&#8221;fadeInDown&#8221;][vc_column_text css_animation=&#8221;fadeInUp&#8221; el_class=&#8221;paragrafo padding10 font15&#8243;]<\/p>\n<h4>Test A\/B<\/h4>\n<p>ADA et dona la possibilitat de crear test A\/B en els enviaments d&#8217;UpperMail. Disponible en totes les llic\u00e8ncies d&#8217;ADA podr\u00e0s saber quin email ha obtingut major nombre d&#8217;obertures, o en quin han fet m\u00e9s clics. Despr\u00e9s autom\u00e0ticament l&#8217;aposta guanyadora ser\u00e0 la que arribi a la resta dels escollits.[\/vc_column_text][vc_btn title=&#8221;Registra&#8217;t GRATIS&#8221; style=&#8221;custom&#8221; custom_background=&#8221;#9c495d&#8221; custom_text=&#8221;#ffffff&#8221; shape=&#8221;round&#8221; size=&#8221;lg&#8221; align=&#8221;left&#8221; css_animation=&#8221;fadeInUp&#8221; link=&#8221;url:https%3A%2F%2Flps.adaoncloud.com%2F2IHj2&#8243;][\/vc_column][vc_column width=&#8221;2\/3&#8243; css=&#8221;.vc_custom_1615849635633{margin-bottom: -30px !important;background-image: url(https:\/\/www.www.adaoncloud.com\/ct\/wp-content\/uploads\/sites\/16\/2021\/03\/Distribute-a-b-test-testimonial.png?id=1926) !important;background-position: center !important;background-repeat: no-repeat !important;background-size: contain !important;}&#8221;][vc_single_image image=&#8221;1926&#8243; img_size=&#8221;full&#8221;][\/vc_column][\/vc_row][vc_section full_width=&#8221;stretch_row&#8221; css=&#8221;.vc_custom_1605103445882{margin-bottom: 0px !important;padding-bottom: 0px !important;background-color: #ffffff !important;}&#8221;][vc_row full_width=&#8221;stretch_row_content_no_spaces&#8221; content_placement=&#8221;top&#8221; css=&#8221;.vc_custom_1613662224239{padding-top: 50px !important;padding-right: 0px !important;padding-left: 0px !important;background-color: #1f9f97 !important;}&#8221;][vc_column css=&#8221;.vc_custom_1604939591857{padding-right: 5% !important;padding-left: 5% !important;}&#8221;][vc_row_inner][vc_column_inner width=&#8221;1\/2&#8243;][vc_single_image image=&#8221;1918&#8243; img_size=&#8221;full&#8221; css_animation=&#8221;flipInY&#8221;][vc_empty_space height=&#8221;35px&#8221;][\/vc_column_inner][vc_column_inner width=&#8221;1\/2&#8243;][vc_empty_space height=&#8221;55px&#8221;][vc_custom_heading text=&#8221;Test A\/B&#8221; font_container=&#8221;tag:h2|text_align:left|color:%23ffffff&#8221; use_theme_fonts=&#8221;yes&#8221; css_animation=&#8221;fadeInDown&#8221;][vc_column_text]<\/p>\n<p style=\"text-align: left;color: #fff;font-size: 1.6rem;font-family: 'montserrat'\">Ja sigui per taxa d&#8217;obertura o pel major nombre de clics a l&#8217;email podr\u00e0s fer un test que t&#8217;indiqui la millor opci\u00f3. Aposta pel que m\u00e9s impacti a la teva base de dades.<\/p>\n<p>[\/vc_column_text][\/vc_column_inner][\/vc_row_inner][\/vc_column][\/vc_row][vc_row full_width=&#8221;stretch_row&#8221; equal_height=&#8221;yes&#8221; content_placement=&#8221;middle&#8221; css=&#8221;.vc_custom_1613645944803{padding-top: 3% !important;padding-right: 0px !important;padding-bottom: 3% !important;padding-left: 0px !important;}&#8221; el_class=&#8221;ver-align&#8221;][vc_column width=&#8221;1\/12&#8243;][\/vc_column][vc_column width=&#8221;5\/12&#8243;][vc_single_image image=&#8221;15912&#8243; img_size=&#8221;full&#8221;][\/vc_column][vc_column width=&#8221;1\/12&#8243; css=&#8221;.vc_custom_1613645913688{padding-top: 3% !important;padding-right: 0px !important;padding-bottom: 3% !important;padding-left: 0px !important;background-position: center !important;background-repeat: no-repeat !important;background-size: contain !important;}&#8221;][\/vc_column][vc_column width=&#8221;4\/12&#8243;][vc_column_text]Pots fer un test A\/B d&#8217;una manera molt senzilla.<\/p>\n<p>Pirmer, cal donar nom a la campanya que realitzar\u00e0s.<\/p>\n<p>Segon, marcar \u201csi\u201d en crear un test A\/B<\/p>\n<p>Tercer, per fer un test A\/B necessitar\u00e0s dos emails, caldr\u00e0 seleccionar-los com<\/p>\n<ul>\n<li>UpperMail A<\/li>\n<li>UpperMail B<\/li>\n<\/ul>\n<p>[\/vc_column_text][vc_btn title=&#8221;Registra&#8217;t GRATIS&#8221; style=&#8221;custom&#8221; custom_background=&#8221;#9c495d&#8221; custom_text=&#8221;#ffffff&#8221; shape=&#8221;round&#8221; size=&#8221;lg&#8221; align=&#8221;left&#8221; css_animation=&#8221;fadeInUp&#8221; link=&#8221;url:https%3A%2F%2Flps.adaoncloud.com%2F2IHj2&#8243;][\/vc_column][vc_column width=&#8221;1\/12&#8243;][\/vc_column][\/vc_row][vc_row full_width=&#8221;stretch_row&#8221; equal_height=&#8221;yes&#8221; content_placement=&#8221;middle&#8221; css=&#8221;.vc_custom_1616147127653{padding-top: 3% !important;padding-right: 0px !important;padding-bottom: 3% !important;padding-left: 0px !important;background-color: #f8f8f8 !important;}&#8221; el_class=&#8221;ver-align hidden-sm hidden-xs&#8221;][vc_column width=&#8221;1\/12&#8243;][\/vc_column][vc_column width=&#8221;4\/12&#8243;][vc_empty_space height=&#8221;55px&#8221;][vc_column_text]Un cop seleccionats els dos correus electr\u00f2nics amb els quals vols dur a terme el test, haur\u00e0s de decidir la variable, que poden ser dos: Obertura o Clic<\/p>\n<p>Seguidament donarem clic a la llista de contactes per escollir a quins perfils, grups o segments volem enviar la campanya, i d&#8217;ells indicarem a quin percentatge enviarem i test A\/B<\/p>\n<p>A la meitat dels escollits us enviarem el test A ia l&#8217;altra meitat el test B, i indicarem quantes hores volem que duri el test, per posteriorment enviar autom\u00e0ticament el correu electr\u00f2nic guanyador a la resta de la base de dades escollida.[\/vc_column_text][vc_btn title=&#8221;Registra&#8217;t GRATIS&#8221; style=&#8221;custom&#8221; custom_background=&#8221;#9c495d&#8221; custom_text=&#8221;#ffffff&#8221; shape=&#8221;round&#8221; size=&#8221;lg&#8221; align=&#8221;left&#8221; css_animation=&#8221;fadeInUp&#8221; link=&#8221;url:https%3A%2F%2Flps.adaoncloud.com%2F2IHj2&#8243;][\/vc_column][vc_column width=&#8221;1\/12&#8243; css=&#8221;.vc_custom_1613645913688{padding-top: 3% !important;padding-right: 0px !important;padding-bottom: 3% !important;padding-left: 0px !important;background-position: center !important;background-repeat: no-repeat !important;background-size: contain !important;}&#8221;][\/vc_column][vc_column width=&#8221;5\/12&#8243;][vc_single_image image=&#8221;15915&#8243; img_size=&#8221;full&#8221;][\/vc_column][vc_column width=&#8221;1\/12&#8243;][\/vc_column][\/vc_row][vc_row full_width=&#8221;stretch_row&#8221; equal_height=&#8221;yes&#8221; content_placement=&#8221;middle&#8221; css=&#8221;.vc_custom_1616147140459{padding-top: 3% !important;padding-right: 0px !important;padding-bottom: 3% !important;padding-left: 0px !important;background-color: #f8f8f8 !important;}&#8221; el_class=&#8221;ver-align hidden-lg hidden-md&#8221;][vc_column width=&#8221;1\/12&#8243;][\/vc_column][vc_column width=&#8221;1\/12&#8243; css=&#8221;.vc_custom_1613645913688{padding-top: 3% !important;padding-right: 0px !important;padding-bottom: 3% !important;padding-left: 0px !important;background-position: center !important;background-repeat: no-repeat !important;background-size: contain !important;}&#8221;][\/vc_column][vc_column width=&#8221;5\/12&#8243;][vc_single_image image=&#8221;15915&#8243; img_size=&#8221;full&#8221;][\/vc_column][vc_column width=&#8221;1\/12&#8243;][\/vc_column][vc_column width=&#8221;4\/12&#8243;][vc_empty_space height=&#8221;55px&#8221;][vc_column_text]Un cop seleccionats els dos correus electr\u00f2nics amb els quals vols dur a terme el test, haur\u00e0s de decidir la variable, que poden ser dos: Obertura o Clic<\/p>\n<p>Seguidament donarem clic a la llista de contactes per escollir a quins perfils, grups o segments volem enviar la campanya, i d&#8217;ells indicarem a quin percentatge enviarem i test A\/B<\/p>\n<p>A la meitat dels escollits us enviarem el test A ia l&#8217;altra meitat el test B, i indicarem quantes hores volem que duri el test, per posteriorment enviar autom\u00e0ticament el correu electr\u00f2nic guanyador a la resta de la base de dades escollida.[\/vc_column_text][vc_btn title=&#8221;Registra&#8217;t GRATIS&#8221; style=&#8221;custom&#8221; custom_background=&#8221;#9c495d&#8221; custom_text=&#8221;#ffffff&#8221; shape=&#8221;round&#8221; size=&#8221;lg&#8221; align=&#8221;left&#8221; css_animation=&#8221;fadeInUp&#8221; link=&#8221;url:https%3A%2F%2Flps.adaoncloud.com%2F2IHj2&#8243;][\/vc_column][\/vc_row][vc_row full_width=&#8221;stretch_row&#8221; equal_height=&#8221;yes&#8221; content_placement=&#8221;middle&#8221; css=&#8221;.vc_custom_1613645944803{padding-top: 3% !important;padding-right: 0px !important;padding-bottom: 3% !important;padding-left: 0px !important;}&#8221; el_class=&#8221;ver-align&#8221;][vc_column width=&#8221;1\/12&#8243;][\/vc_column][vc_column width=&#8221;4\/12&#8243;][vc_single_image image=&#8221;15917&#8243; img_size=&#8221;full&#8221;][\/vc_column][vc_column width=&#8221;1\/12&#8243; css=&#8221;.vc_custom_1613645913688{padding-top: 3% !important;padding-right: 0px !important;padding-bottom: 3% !important;padding-left: 0px !important;background-position: center !important;background-repeat: no-repeat !important;background-size: contain !important;}&#8221;][\/vc_column][vc_column width=&#8221;5\/12&#8243;][vc_empty_space height=&#8221;55px&#8221;][vc_column_text]Qu\u00e8 et quedar\u00e0?<\/p>\n<p>si la teva variant escollida ha estat \u201cobertura\u201d afinar molt a l&#8217;assumpte de l&#8217;email i la vista pr\u00e8via. ja que ser\u00e0 el motiu principal perqu\u00e8 un tingui m\u00e9s \u00e8xit que l&#8217;altre.<\/p>\n<p>No cal dir que tant a l&#8217;assumpte com a la vista pr\u00e8via disposar\u00e0s de la possibilitat de personalitzar tots dos missatges.<\/p>\n<p>Seguidament haur\u00e0s d&#8217;introduir el nom del remitent a tots dos emails i finalment l&#8217;adre\u00e7a de correu de resposta.[\/vc_column_text][vc_btn title=&#8221;Registra&#8217;t GRATIS&#8221; style=&#8221;custom&#8221; custom_background=&#8221;#9c495d&#8221; custom_text=&#8221;#ffffff&#8221; shape=&#8221;round&#8221; size=&#8221;lg&#8221; align=&#8221;left&#8221; css_animation=&#8221;fadeInUp&#8221; link=&#8221;url:https%3A%2F%2Flps.adaoncloud.com%2F2IHj2&#8243;][\/vc_column][vc_column width=&#8221;1\/12&#8243;][\/vc_column][\/vc_row][vc_row full_width=&#8221;stretch_row&#8221; equal_height=&#8221;yes&#8221; content_placement=&#8221;middle&#8221; css=&#8221;.vc_custom_1616147154853{padding-top: 3% !important;padding-right: 0px !important;padding-bottom: 3% !important;padding-left: 0px !important;background-color: #f8f8f8 !important;}&#8221; el_class=&#8221;ver-align hidden-sm hidden-xs&#8221;][vc_column width=&#8221;1\/12&#8243;][\/vc_column][vc_column width=&#8221;4\/12&#8243;][vc_empty_space height=&#8221;55px&#8221;][vc_column_text]Per \u00faltim, ja nom\u00e9s et quedar\u00e0 programar l&#8217;enviament per al dia i hora desitjada. Quan li donis al bot\u00f3 enviar s&#8217;iniciar\u00e0 el proc\u00e9s del test A\/B. Despr\u00e9s de m\u00e8triques veurem l&#8217;opci\u00f3 guanyadora i el resultat final de tots els enviaments.[\/vc_column_text][vc_btn title=&#8221;Registra&#8217;t GRATIS&#8221; style=&#8221;custom&#8221; custom_background=&#8221;#9c495d&#8221; custom_text=&#8221;#ffffff&#8221; shape=&#8221;round&#8221; size=&#8221;lg&#8221; align=&#8221;left&#8221; css_animation=&#8221;fadeInUp&#8221; link=&#8221;url:https%3A%2F%2Flps.adaoncloud.com%2F2IHj2&#8243;][\/vc_column][vc_column width=&#8221;1\/12&#8243; css=&#8221;.vc_custom_1613645913688{padding-top: 3% !important;padding-right: 0px !important;padding-bottom: 3% !important;padding-left: 0px !important;background-position: center !important;background-repeat: no-repeat !important;background-size: contain !important;}&#8221;][\/vc_column][vc_column width=&#8221;5\/12&#8243;][vc_single_image image=&#8221;15918&#8243; img_size=&#8221;full&#8221;][\/vc_column][vc_column width=&#8221;1\/12&#8243;][\/vc_column][\/vc_row][vc_row full_width=&#8221;stretch_row&#8221; equal_height=&#8221;yes&#8221; content_placement=&#8221;middle&#8221; css=&#8221;.vc_custom_1616147164368{padding-top: 3% !important;padding-right: 0px !important;padding-bottom: 3% !important;padding-left: 0px !important;background-color: #f8f8f8 !important;}&#8221; el_class=&#8221;ver-align hidden-lg hidden-md&#8221;][vc_column width=&#8221;1\/12&#8243;][\/vc_column][vc_column width=&#8221;5\/12&#8243;][vc_single_image image=&#8221;15918&#8243; img_size=&#8221;full&#8221;][\/vc_column][vc_column width=&#8221;1\/12&#8243; css=&#8221;.vc_custom_1613645913688{padding-top: 3% !important;padding-right: 0px !important;padding-bottom: 3% !important;padding-left: 0px !important;background-position: center !important;background-repeat: no-repeat !important;background-size: contain !important;}&#8221;][\/vc_column][vc_column width=&#8221;4\/12&#8243;][vc_empty_space height=&#8221;55px&#8221;][vc_column_text]Per \u00faltim, ja nom\u00e9s et quedar\u00e0 programar l&#8217;enviament per al dia i hora desitjada. Quan li donis al bot\u00f3 enviar s&#8217;iniciar\u00e0 el proc\u00e9s del test A\/B. Despr\u00e9s de m\u00e8triques veurem l&#8217;opci\u00f3 guanyadora i el resultat final de tots els enviaments.[\/vc_column_text][vc_btn title=&#8221;Registra&#8217;t GRATIS&#8221; style=&#8221;custom&#8221; custom_background=&#8221;#9c495d&#8221; custom_text=&#8221;#ffffff&#8221; shape=&#8221;round&#8221; size=&#8221;lg&#8221; align=&#8221;left&#8221; css_animation=&#8221;fadeInUp&#8221; link=&#8221;url:https%3A%2F%2Flps.adaoncloud.com%2F2IHj2&#8243;][\/vc_column][vc_column width=&#8221;1\/12&#8243;][\/vc_column][\/vc_row][\/vc_section][vc_row el_class=&#8221;bottomMenu&#8221;][vc_column width=&#8221;1\/3&#8243;][vc_btn title=&#8221;Live webinar | Inscr\u00edbete gratis&#8221; style=&#8221;custom&#8221; custom_background=&#8221;#9c495d&#8221; custom_text=&#8221;#ffffff&#8221; shape=&#8221;round&#8221; size=&#8221;xs&#8221; align=&#8221;left&#8221; i_icon_fontawesome=&#8221;fas fa-circle&#8221; add_icon=&#8221;true&#8221; link=&#8221;url:https%3A%2F%2Fwww.adaoncloud.com%2Fcat%2Fwebinars%2F|title:webinars&#8221;][\/vc_column][vc_column width=&#8221;1\/3&#8243;][\/vc_column][vc_column width=&#8221;1\/3&#8243;][\/vc_column][\/vc_row]<\/p>\n","protected":false},"excerpt":{"rendered":"<p>[vc_row full_width=&#8221;stretch_row_content_no_spaces&#8221; equal_height=&#8221;yes&#8221; rtl_reverse=&#8221;yes&#8221; content_placement=&#8221;top&#8221; css=&#8221;.vc_custom_1613661852478{margin-bottom: 0px !important;padding-bottom: 0px !important;}&#8221;][vc_column width=&#8221;1\/3&#8243;][vc_custom_heading text=&#8221;Comunica Fidelitza Converteix&#8221; font_container=&#8221;tag:h1|font_size:70px|text_align:left|color:%23083944&#8243; use_theme_fonts=&#8221;yes&#8221; css_animation=&#8221;fadeInDown&#8221;][vc_column_text css_animation=&#8221;fadeInUp&#8221; el_class=&#8221;paragrafo padding10 font15&#8243;] Test A\/B ADA et dona la possibilitat de crear test A\/B en els enviaments d&#8217;UpperMail. Disponible en totes les llic\u00e8ncies d&#8217;ADA podr\u00e0s saber quin email ha obtingut major nombre d&#8217;obertures, o en quin han [&hellip;]<\/p>\n","protected":false},"author":1,"featured_media":0,"parent":0,"menu_order":0,"comment_status":"closed","ping_status":"closed","template":"","meta":{"om_disable_all_campaigns":false},"_links":{"self":[{"href":"https:\/\/www.adaoncloud.com\/cat\/wp-json\/wp\/v2\/pages\/1915"}],"collection":[{"href":"https:\/\/www.adaoncloud.com\/cat\/wp-json\/wp\/v2\/pages"}],"about":[{"href":"https:\/\/www.adaoncloud.com\/cat\/wp-json\/wp\/v2\/types\/page"}],"author":[{"embeddable":true,"href":"https:\/\/www.adaoncloud.com\/cat\/wp-json\/wp\/v2\/users\/1"}],"replies":[{"embeddable":true,"href":"https:\/\/www.adaoncloud.com\/cat\/wp-json\/wp\/v2\/comments?post=1915"}],"version-history":[{"count":20,"href":"https:\/\/www.adaoncloud.com\/cat\/wp-json\/wp\/v2\/pages\/1915\/revisions"}],"predecessor-version":[{"id":15919,"href":"https:\/\/www.adaoncloud.com\/cat\/wp-json\/wp\/v2\/pages\/1915\/revisions\/15919"}],"wp:attachment":[{"href":"https:\/\/www.adaoncloud.com\/cat\/wp-json\/wp\/v2\/media?parent=1915"}],"curies":[{"name":"wp","href":"https:\/\/api.w.org\/{rel}","templated":true}]}}