{"id":359,"date":"2020-11-13T17:11:31","date_gmt":"2020-11-13T16:11:31","guid":{"rendered":"https:\/\/newadaoncloud.staging.thedigitalbox.com\/es\/?page_id=359"},"modified":"2023-03-07T12:17:33","modified_gmt":"2023-03-07T11:17:33","slug":"storytelling","status":"publish","type":"page","link":"https:\/\/www.adaoncloud.com\/cat\/storytelling\/","title":{"rendered":"Storytelling CAT"},"content":{"rendered":"<p>[vc_row full_width=&#8221;stretch_row_content_no_spaces&#8221; equal_height=&#8221;yes&#8221; rtl_reverse=&#8221;yes&#8221; content_placement=&#8221;top&#8221; css=&#8221;.vc_custom_1612870272594{margin-bottom: 0px !important;padding-bottom: 0px !important;}&#8221;][vc_column width=&#8221;1\/3&#8243;][vc_custom_heading text=&#8221;Emociona<br \/>\nCaptiva<br \/>\nConverteix&#8221; font_container=&#8221;tag:h1|font_size:60px|text_align:left|color:%23083944&#8243; use_theme_fonts=&#8221;yes&#8221; css_animation=&#8221;fadeInDown&#8221;][vc_column_text css_animation=&#8221;fadeInUp&#8221; el_class=&#8221;paragrafo padding10 font15&#8243;]<\/p>\n<h4>StoryTelling<\/h4>\n<p>La millor manera d&#8217;arribar a aconseguir nous clients \u00e9s entrar-los per la vista, contant-los una hist\u00f2ria que els emocioni, captivi i els impulsi a fer el pas de voler aconseguir el que li proposis. si a m\u00e9s aquesta hist\u00f2ria \u00e9s interactiva i viral. tindr\u00e0s l&#8217;\u00e8xit assegurat.[\/vc_column_text][vc_btn title=&#8221;Registra&#8217;t GRATIS&#8221; style=&#8221;custom&#8221; custom_background=&#8221;#9c495d&#8221; custom_text=&#8221;#ffffff&#8221; shape=&#8221;round&#8221; size=&#8221;lg&#8221; align=&#8221;left&#8221; css_animation=&#8221;fadeInUp&#8221; link=&#8221;url:https%3A%2F%2Flps.adaoncloud.com%2F2IHj2&#8243;][\/vc_column][vc_column width=&#8221;2\/3&#8243; css=&#8221;.vc_custom_1613657237367{background-image: url(https:\/\/www.www.adaoncloud.com\/ct\/wp-content\/uploads\/sites\/16\/2021\/02\/storyTelling-testimonial.png?id=1587) !important;background-position: center !important;background-repeat: no-repeat !important;background-size: contain !important;}&#8221;][vc_single_image image=&#8221;1587&#8243; img_size=&#8221;full&#8221;][\/vc_column][\/vc_row][vc_section full_width=&#8221;stretch_row&#8221; css=&#8221;.vc_custom_1605103445882{margin-bottom: 0px !important;padding-bottom: 0px !important;background-color: #ffffff !important;}&#8221;][vc_row full_width=&#8221;stretch_row_content_no_spaces&#8221; content_placement=&#8221;top&#8221; css=&#8221;.vc_custom_1613659399732{padding-top: 50px !important;padding-right: 0px !important;padding-bottom: -30px !important;padding-left: 0px !important;background-color: #1f9f97 !important;}&#8221;][vc_column css=&#8221;.vc_custom_1604939591857{padding-right: 5% !important;padding-left: 5% !important;}&#8221;][vc_row_inner][vc_column_inner width=&#8221;1\/2&#8243;][vc_single_image image=&#8221;1594&#8243; img_size=&#8221;full&#8221; css_animation=&#8221;flipInY&#8221;][\/vc_column_inner][vc_column_inner width=&#8221;1\/2&#8243;][vc_custom_heading text=&#8221;StoryTelling&#8221; font_container=&#8221;tag:h2|text_align:left|color:%23ffffff&#8221; use_theme_fonts=&#8221;yes&#8221; css_animation=&#8221;fadeInDown&#8221;][vc_column_text]<\/p>\n<p style=\"text-align: left\"><strong style=\"color: #fff;font-size: 1.6rem;font-family: 'montserrat'\">\u00c9s l&#8217;art de contar una hist\u00f2ria per a connectar amb els teus futurs clients.<\/strong><\/p>\n<p>[\/vc_column_text][vc_column_text]<\/p>\n<p style=\"text-align: left\"><strong style=\"color: #fff;font-size: 1.6rem;font-family: 'montserrat'\">\u00c9s l&#8217;eina perfecta per a crear l&#8217;est\u00edmul necessari per a crear una conversi\u00f3.<\/strong><\/p>\n<p>[\/vc_column_text][\/vc_column_inner][\/vc_row_inner][\/vc_column][\/vc_row][vc_row full_width=&#8221;stretch_row&#8221; equal_height=&#8221;yes&#8221; content_placement=&#8221;middle&#8221; css=&#8221;.vc_custom_1613645944803{padding-top: 3% !important;padding-right: 0px !important;padding-bottom: 3% !important;padding-left: 0px !important;}&#8221; el_class=&#8221;ver-align&#8221;][vc_column width=&#8221;1\/12&#8243;][\/vc_column][vc_column width=&#8221;4\/12&#8243;][vc_single_image image=&#8221;1658&#8243; img_size=&#8221;full&#8221;][\/vc_column][vc_column width=&#8221;2\/12&#8243; css=&#8221;.vc_custom_1613645913688{padding-top: 3% !important;padding-right: 0px !important;padding-bottom: 3% !important;padding-left: 0px !important;background-position: center !important;background-repeat: no-repeat !important;background-size: contain !important;}&#8221;][\/vc_column][vc_column width=&#8221;4\/12&#8243;][vc_column_text]<\/p>\n<div>La StoryTelling \u00e9s la forma m\u00e9s semblant a llegir un llibre, per\u00f2 en format digital. gr\u00e0cies a la funci\u00f3 \u201cefecte passar\u201d anir\u00e0s fullejant p\u00e0gina a p\u00e0gina la hist\u00f2ria que vulguis contar als teus clients. \u00c9s fonamental que siguin imatges boniques, suggeridores, que captivin a l&#8217;usuari ja que ocuparan el 100% de la pantalla del m\u00f2bil.<\/div>\n<p>[\/vc_column_text][vc_btn title=&#8221;Registra&#8217;t GRATIS&#8221; style=&#8221;custom&#8221; custom_background=&#8221;#9c495d&#8221; custom_text=&#8221;#ffffff&#8221; shape=&#8221;round&#8221; size=&#8221;lg&#8221; align=&#8221;left&#8221; css_animation=&#8221;fadeInUp&#8221; link=&#8221;url:https%3A%2F%2Flps.adaoncloud.com%2F2IHj2&#8243;][\/vc_column][vc_column width=&#8221;1\/12&#8243;][\/vc_column][\/vc_row][vc_row full_width=&#8221;stretch_row&#8221; equal_height=&#8221;yes&#8221; content_placement=&#8221;middle&#8221; css=&#8221;.vc_custom_1616146206951{padding-top: 3% !important;padding-right: 0px !important;padding-bottom: 3% !important;padding-left: 0px !important;background-color: #f8f8f8 !important;}&#8221; el_class=&#8221;ver-align hidden-sm hidden-xs&#8221;][vc_column width=&#8221;1\/12&#8243;][\/vc_column][vc_column width=&#8221;4\/12&#8243;][vc_empty_space height=&#8221;55px&#8221;][vc_column_text]<\/p>\n<div>\n<p>Et ser\u00e0 molt senzill crear la teva pr\u00f2pia StoryTelling, tens a la teva disposici\u00f3 11 plantilles per a contar la teva hist\u00f2ria de la millor manera, mitjan\u00e7ant una combinaci\u00f3 d&#8217;imatges, textos, fins i tot v\u00eddeos.<\/p>\n<p>Ser\u00e0 tan senzill com arrossegar la plantilla que vulguis i afegir imatge, text o el v\u00eddeo..<\/p>\n<p>No cal dir que les imatges hauran de ser verticals, la grand\u00e0ria id\u00f2nia \u00e9s 768&#215;1280 px.<\/p>\n<\/div>\n<p>[\/vc_column_text][vc_btn title=&#8221;Registra&#8217;t GRATIS&#8221; style=&#8221;custom&#8221; custom_background=&#8221;#9c495d&#8221; custom_text=&#8221;#ffffff&#8221; shape=&#8221;round&#8221; size=&#8221;lg&#8221; align=&#8221;left&#8221; css_animation=&#8221;fadeInUp&#8221; link=&#8221;url:https%3A%2F%2Flps.adaoncloud.com%2F2IHj2&#8243;][\/vc_column][vc_column width=&#8221;2\/12&#8243; css=&#8221;.vc_custom_1613645913688{padding-top: 3% !important;padding-right: 0px !important;padding-bottom: 3% !important;padding-left: 0px !important;background-position: center !important;background-repeat: no-repeat !important;background-size: contain !important;}&#8221;][\/vc_column][vc_column width=&#8221;4\/12&#8243;][vc_single_image image=&#8221;15852&#8243; img_size=&#8221;full&#8221;][\/vc_column][vc_column width=&#8221;1\/12&#8243;][\/vc_column][\/vc_row][vc_row full_width=&#8221;stretch_row&#8221; equal_height=&#8221;yes&#8221; content_placement=&#8221;middle&#8221; css=&#8221;.vc_custom_1616146199533{padding-top: 3% !important;padding-right: 0px !important;padding-bottom: 3% !important;padding-left: 0px !important;background-color: #f8f8f8 !important;}&#8221; el_class=&#8221;ver-align hidden-lg hidden-md&#8221;][vc_column width=&#8221;1\/12&#8243;][\/vc_column][vc_column width=&#8221;4\/12&#8243;][vc_single_image image=&#8221;1660&#8243; img_size=&#8221;full&#8221;][\/vc_column][vc_column width=&#8221;2\/12&#8243; css=&#8221;.vc_custom_1613645913688{padding-top: 3% !important;padding-right: 0px !important;padding-bottom: 3% !important;padding-left: 0px !important;background-position: center !important;background-repeat: no-repeat !important;background-size: contain !important;}&#8221;][\/vc_column][vc_column width=&#8221;4\/12&#8243;][vc_empty_space height=&#8221;55px&#8221;][vc_column_text]<\/p>\n<div>\n<p>Et ser\u00e0 molt senzill crear la teva pr\u00f2pia StoryTelling, tens a la teva disposici\u00f3 11 plantilles per a contar la teva hist\u00f2ria de la millor manera, mitjan\u00e7ant una combinaci\u00f3 d&#8217;imatges, textos, fins i tot v\u00eddeos.<\/p>\n<p>Ser\u00e0 tan senzill com arrossegar la plantilla que vulguis i afegir imatge, text o el v\u00eddeo..<\/p>\n<p>No cal dir que les imatges hauran de ser verticals, la grand\u00e0ria id\u00f2nia \u00e9s 768&#215;1280 px.<\/p>\n<\/div>\n<p>[\/vc_column_text][vc_btn title=&#8221;Reg\u00edstrate GRATIS&#8221; style=&#8221;custom&#8221; custom_background=&#8221;#9c495d&#8221; custom_text=&#8221;#ffffff&#8221; shape=&#8221;round&#8221; size=&#8221;lg&#8221; align=&#8221;left&#8221; css_animation=&#8221;fadeInUp&#8221; link=&#8221;url:https%3A%2F%2Ffreetrial.adaoncloud.com%2FadaxFree%2Fes&#8221;][\/vc_column][vc_column width=&#8221;1\/12&#8243;][\/vc_column][\/vc_row][vc_row full_width=&#8221;stretch_row&#8221; equal_height=&#8221;yes&#8221; content_placement=&#8221;middle&#8221; css=&#8221;.vc_custom_1613645944803{padding-top: 3% !important;padding-right: 0px !important;padding-bottom: 3% !important;padding-left: 0px !important;}&#8221; el_class=&#8221;ver-align&#8221;][vc_column width=&#8221;1\/12&#8243;][\/vc_column][vc_column width=&#8221;4\/12&#8243;][vc_single_image image=&#8221;15855&#8243; img_size=&#8221;full&#8221;][\/vc_column][vc_column width=&#8221;2\/12&#8243; css=&#8221;.vc_custom_1613645913688{padding-top: 3% !important;padding-right: 0px !important;padding-bottom: 3% !important;padding-left: 0px !important;background-position: center !important;background-repeat: no-repeat !important;background-size: contain !important;}&#8221;][\/vc_column][vc_column width=&#8221;4\/12&#8243;][vc_column_text]<\/p>\n<div>\n<p>A mesura que vagis creant la teva hist\u00f2ria plantilla a plantilla, disposar\u00e0s del \u201cStoryboard\u201d per a veure com va quedant, amb la possibilitat d&#8217;anar canviant l&#8217;ordre de la hist\u00f2ria, modificar o eliminar plantilles.<\/p>\n<p>No s&#8217;aconsella, per la qual cosa no es permetr\u00e0, crear storytellings de m\u00e9s de 16 plantilles.<\/p>\n<\/div>\n<p>[\/vc_column_text][vc_btn title=&#8221;Registra&#8217;t GRATIS&#8221; style=&#8221;custom&#8221; custom_background=&#8221;#9c495d&#8221; custom_text=&#8221;#ffffff&#8221; shape=&#8221;round&#8221; size=&#8221;lg&#8221; align=&#8221;left&#8221; css_animation=&#8221;fadeInUp&#8221; link=&#8221;url:https%3A%2F%2Flps.adaoncloud.com%2F2IHj2&#8243;][\/vc_column][vc_column width=&#8221;1\/12&#8243;][\/vc_column][\/vc_row][vc_row full_width=&#8221;stretch_row_content&#8221; content_placement=&#8221;top&#8221; css=&#8221;.vc_custom_1613659482020{padding-bottom: -30px !important;background-color: #1f9f97 !important;}&#8221;][vc_column css=&#8221;.vc_custom_1604939591857{padding-right: 5% !important;padding-left: 5% !important;}&#8221;][vc_empty_space height=&#8221;55px&#8221;][vc_row_inner][vc_column_inner width=&#8221;1\/2&#8243;][vc_empty_space height=&#8221;35px&#8221;][vc_single_image image=&#8221;1607&#8243; img_size=&#8221;medium&#8221; css_animation=&#8221;flipInY&#8221;][vc_column_text]<\/p>\n<h4 style=\"color: #ffffff!important\">Amb ADA creem en la nostra ag\u00e8ncia StoryTelling atractives amb una alta taxa de conversi\u00f3.<\/h4>\n<p><sub class=\"citado\" style=\"color: #ffffff!important\"><strong>Marc Pericas<\/strong> | <em>CEO The Pericas<\/em><\/sub>[\/vc_column_text][\/vc_column_inner][vc_column_inner width=&#8221;1\/2&#8243;][vc_single_image image=&#8221;1609&#8243; img_size=&#8221;full&#8221; css=&#8221;.vc_custom_1613660552464{margin-bottom: 0px !important;border-bottom-width: 0px !important;}&#8221;][\/vc_column_inner][\/vc_row_inner][\/vc_column][\/vc_row][vc_row full_width=&#8221;stretch_row&#8221; equal_height=&#8221;yes&#8221; content_placement=&#8221;middle&#8221; css=&#8221;.vc_custom_1613645944803{padding-top: 3% !important;padding-right: 0px !important;padding-bottom: 3% !important;padding-left: 0px !important;}&#8221; el_class=&#8221;ver-align&#8221;][vc_column width=&#8221;1\/12&#8243;][\/vc_column][vc_column width=&#8221;4\/12&#8243;][vc_single_image image=&#8221;15857&#8243; img_size=&#8221;full&#8221;][\/vc_column][vc_column width=&#8221;2\/12&#8243; css=&#8221;.vc_custom_1613645913688{padding-top: 3% !important;padding-right: 0px !important;padding-bottom: 3% !important;padding-left: 0px !important;background-position: center !important;background-repeat: no-repeat !important;background-size: contain !important;}&#8221;][\/vc_column][vc_column width=&#8221;4\/12&#8243;][vc_empty_space height=&#8221;55px&#8221;][vc_column_text]<\/p>\n<div>Amb la plantilla de StoryTelling \u201cCTA Integrades\u201d una vegada finalitzada la teva hist\u00f2ria, et quedar\u00e0 buscar la interactivitat i viralitat a trav\u00e9s de l&#8217;apartat \u201cAccions\u201d, des d&#8217;on disposar\u00e0s de 6 interaccions possibles. de les predeterminades: Cridar, SMS, E-mail, personalitzades amb continguts d&#8217;ADA, Links externs o la geolocalitzaci\u00f3.A m\u00e9s d&#8217;activar les que estimis oport\u00fa, pots editar el t\u00edtol de l&#8217;acci\u00f3 per a donar-li major personalitzaci\u00f3.<\/div>\n<p>[\/vc_column_text][vc_btn title=&#8221;Registra&#8217;t GRATIS&#8221; style=&#8221;custom&#8221; custom_background=&#8221;#9c495d&#8221; custom_text=&#8221;#ffffff&#8221; shape=&#8221;round&#8221; size=&#8221;lg&#8221; align=&#8221;left&#8221; css_animation=&#8221;fadeInUp&#8221; link=&#8221;url:https%3A%2F%2Flps.adaoncloud.com%2F2IHj2&#8243;][\/vc_column][vc_column width=&#8221;1\/12&#8243;][\/vc_column][\/vc_row][\/vc_section][vc_row full_width=&#8221;stretch_row&#8221; equal_height=&#8221;yes&#8221; content_placement=&#8221;middle&#8221; css=&#8221;.vc_custom_1616146149641{padding-top: 3% !important;padding-right: 0px !important;padding-bottom: 3% !important;padding-left: 0px !important;background-color: #f8f8f8 !important;}&#8221; el_class=&#8221;ver-align hidden-sm hidden-xs&#8221;][vc_column width=&#8221;1\/12&#8243;][\/vc_column][vc_column width=&#8221;4\/12&#8243;][vc_empty_space height=&#8221;55px&#8221;][vc_column_text]<\/p>\n<div>\n<p>En canvi si tries la StoryTelling &#8220;des de 0&#8221; no et caldr\u00e0 el Call To Action, ni vincular cap landing per arribar a la conversi\u00f3, ja que integra dins de la mateixa hist\u00f2ria &#8220;pagines de CTA&#8221; amb les quals podr\u00e0s captar dades, enquestes, vendes o donacions amb qualsevol de les 4 plantilles.Despr\u00e9s finalitzar\u00e0s la hist\u00f2ria amb alguna de les 3 p\u00e0gines de tancament que se t&#8217;ofereix.<\/p>\n<p>Quina de les dues versions t&#8217;agrada m\u00e9s?<\/p>\n<\/div>\n<p>[\/vc_column_text][vc_btn title=&#8221;Registra&#8217;t GRATIS&#8221; style=&#8221;custom&#8221; custom_background=&#8221;#9c495d&#8221; custom_text=&#8221;#ffffff&#8221; shape=&#8221;round&#8221; size=&#8221;lg&#8221; align=&#8221;left&#8221; css_animation=&#8221;fadeInUp&#8221; link=&#8221;url:https%3A%2F%2Flps.adaoncloud.com%2F2IHj2&#8243;][\/vc_column][vc_column width=&#8221;2\/12&#8243; css=&#8221;.vc_custom_1613645913688{padding-top: 3% !important;padding-right: 0px !important;padding-bottom: 3% !important;padding-left: 0px !important;background-position: center !important;background-repeat: no-repeat !important;background-size: contain !important;}&#8221;][\/vc_column][vc_column width=&#8221;4\/12&#8243;][vc_single_image image=&#8221;15859&#8243; img_size=&#8221;full&#8221;][\/vc_column][vc_column width=&#8221;1\/12&#8243;][\/vc_column][\/vc_row][vc_row full_width=&#8221;stretch_row&#8221; equal_height=&#8221;yes&#8221; content_placement=&#8221;middle&#8221; css=&#8221;.vc_custom_1616146161291{padding-top: 3% !important;padding-right: 0px !important;padding-bottom: 3% !important;padding-left: 0px !important;background-color: #f8f8f8 !important;}&#8221; el_class=&#8221;ver-align hidden-lg hidden-md&#8221;][vc_column width=&#8221;1\/12&#8243;][\/vc_column][vc_column width=&#8221;4\/12&#8243;][vc_single_image image=&#8221;1724&#8243; img_size=&#8221;full&#8221;][\/vc_column][vc_column width=&#8221;2\/12&#8243; css=&#8221;.vc_custom_1613645913688{padding-top: 3% !important;padding-right: 0px !important;padding-bottom: 3% !important;padding-left: 0px !important;background-position: center !important;background-repeat: no-repeat !important;background-size: contain !important;}&#8221;][\/vc_column][vc_column width=&#8221;4\/12&#8243;][vc_empty_space height=&#8221;55px&#8221;][vc_column_text]En canvi si tries la StoryTelling &#8220;des de 0&#8221; no et caldr\u00e0 el Call To Action, ni vincular cap landing per arribar a la conversi\u00f3, ja que integra dins de la mateixa hist\u00f2ria &#8220;pagines de CTA&#8221; amb les quals podr\u00e0s captar dades, enquestes, vendes o donacions amb qualsevol de les 4 plantilles.Despr\u00e9s finalitzar\u00e0s la hist\u00f2ria amb alguna de les 3 p\u00e0gines de tancament que se t&#8217;ofereix.<\/p>\n<p>Quina de les dues versions t&#8217;agrada m\u00e9s?[\/vc_column_text][vc_btn title=&#8221;Reg\u00edstrate GRATIS&#8221; style=&#8221;custom&#8221; custom_background=&#8221;#9c495d&#8221; custom_text=&#8221;#ffffff&#8221; shape=&#8221;round&#8221; size=&#8221;lg&#8221; align=&#8221;left&#8221; css_animation=&#8221;fadeInUp&#8221; link=&#8221;url:https%3A%2F%2Ffreetrial.adaoncloud.com%2FadaxFree%2Fes&#8221;][\/vc_column][vc_column width=&#8221;1\/12&#8243;][\/vc_column][\/vc_row][vc_row el_class=&#8221;bottomMenu&#8221;][vc_column width=&#8221;1\/3&#8243;][vc_btn title=&#8221;Live webinar | Inscriu-te gratis&#8221; style=&#8221;custom&#8221; custom_background=&#8221;#9c495d&#8221; custom_text=&#8221;#ffffff&#8221; shape=&#8221;round&#8221; size=&#8221;xs&#8221; align=&#8221;left&#8221; i_icon_fontawesome=&#8221;fas fa-circle&#8221; add_icon=&#8221;true&#8221; link=&#8221;url:https%3A%2F%2Fwww.adaoncloud.com%2Fcat%2Fwebinars%2F|title:webinars&#8221;][\/vc_column][vc_column width=&#8221;1\/3&#8243;][\/vc_column][vc_column width=&#8221;1\/3&#8243;][\/vc_column][\/vc_row]<\/p>\n","protected":false},"excerpt":{"rendered":"<p>[vc_row full_width=&#8221;stretch_row_content_no_spaces&#8221; equal_height=&#8221;yes&#8221; rtl_reverse=&#8221;yes&#8221; content_placement=&#8221;top&#8221; css=&#8221;.vc_custom_1612870272594{margin-bottom: 0px !important;padding-bottom: 0px !important;}&#8221;][vc_column width=&#8221;1\/3&#8243;][vc_custom_heading text=&#8221;Emociona Captiva Converteix&#8221; font_container=&#8221;tag:h1|font_size:60px|text_align:left|color:%23083944&#8243; use_theme_fonts=&#8221;yes&#8221; css_animation=&#8221;fadeInDown&#8221;][vc_column_text css_animation=&#8221;fadeInUp&#8221; el_class=&#8221;paragrafo padding10 font15&#8243;] StoryTelling La millor manera d&#8217;arribar a aconseguir nous clients \u00e9s entrar-los per la vista, contant-los una hist\u00f2ria que els emocioni, captivi i els impulsi a fer el pas de voler aconseguir el que li [&hellip;]<\/p>\n","protected":false},"author":1,"featured_media":0,"parent":0,"menu_order":0,"comment_status":"closed","ping_status":"closed","template":"","meta":{"om_disable_all_campaigns":false},"_links":{"self":[{"href":"https:\/\/www.adaoncloud.com\/cat\/wp-json\/wp\/v2\/pages\/359"}],"collection":[{"href":"https:\/\/www.adaoncloud.com\/cat\/wp-json\/wp\/v2\/pages"}],"about":[{"href":"https:\/\/www.adaoncloud.com\/cat\/wp-json\/wp\/v2\/types\/page"}],"author":[{"embeddable":true,"href":"https:\/\/www.adaoncloud.com\/cat\/wp-json\/wp\/v2\/users\/1"}],"replies":[{"embeddable":true,"href":"https:\/\/www.adaoncloud.com\/cat\/wp-json\/wp\/v2\/comments?post=359"}],"version-history":[{"count":94,"href":"https:\/\/www.adaoncloud.com\/cat\/wp-json\/wp\/v2\/pages\/359\/revisions"}],"predecessor-version":[{"id":15860,"href":"https:\/\/www.adaoncloud.com\/cat\/wp-json\/wp\/v2\/pages\/359\/revisions\/15860"}],"wp:attachment":[{"href":"https:\/\/www.adaoncloud.com\/cat\/wp-json\/wp\/v2\/media?parent=359"}],"curies":[{"name":"wp","href":"https:\/\/api.w.org\/{rel}","templated":true}]}}