{"id":367,"date":"2020-11-13T17:29:54","date_gmt":"2020-11-13T16:29:54","guid":{"rendered":"https:\/\/newadaoncloud.staging.thedigitalbox.com\/es\/?page_id=367"},"modified":"2023-03-13T15:33:28","modified_gmt":"2023-03-13T14:33:28","slug":"sms","status":"publish","type":"page","link":"https:\/\/www.adaoncloud.com\/cat\/sms\/","title":{"rendered":"SMS CAT"},"content":{"rendered":"<p>[vc_row full_width=&#8221;stretch_row_content_no_spaces&#8221; equal_height=&#8221;yes&#8221; rtl_reverse=&#8221;yes&#8221; content_placement=&#8221;top&#8221; css=&#8221;.vc_custom_1615475394020{padding-bottom: 0px !important;}&#8221;][vc_column width=&#8221;1\/3&#8243;][vc_empty_space height=&#8221;35px&#8221;][vc_custom_heading text=&#8221;Directe<br \/>\nImmediat<br \/>\nEfectiu&#8221; font_container=&#8221;tag:h1|font_size:70px|text_align:left|color:%23083944&#8243; use_theme_fonts=&#8221;yes&#8221; css_animation=&#8221;fadeInDown&#8221;][vc_column_text css_animation=&#8221;fadeInUp&#8221; el_class=&#8221;paragrafo padding10 font15&#8243;]<\/p>\n<h4>Enviaments SMS<\/h4>\n<p>Tria la millor soluci\u00f3 de SMS per a les teves campanyes. Tamb\u00e9 pots buscar nous clients a trav\u00e9s de l&#8217;enviament a un target perfilat d&#8217;usuaris.[\/vc_column_text][vc_btn title=&#8221;Registra&#8217;t GRATIS&#8221; style=&#8221;custom&#8221; custom_background=&#8221;#9c495d&#8221; custom_text=&#8221;#ffffff&#8221; shape=&#8221;round&#8221; size=&#8221;lg&#8221; align=&#8221;left&#8221; css_animation=&#8221;fadeInUp&#8221; link=&#8221;url:https%3A%2F%2Flps.adaoncloud.com%2F2IHj2&#8243;][\/vc_column][vc_column width=&#8221;2\/3&#8243; css=&#8221;.vc_custom_1615475281805{padding-bottom: -30px !important;background-image: url(https:\/\/www.www.adaoncloud.com\/ct\/wp-content\/uploads\/sites\/16\/2021\/03\/SMS-testimonial-1.png?id=1860) !important;background-position: center !important;background-repeat: no-repeat !important;background-size: contain !important;}&#8221;][vc_single_image image=&#8221;1860&#8243; img_size=&#8221;full&#8221; alignment=&#8221;right&#8221;][\/vc_column][\/vc_row][vc_row full_width=&#8221;stretch_row_content&#8221; css=&#8221;.vc_custom_1615475301529{padding-top: 2% !important;padding-bottom: 2% !important;background-color: #1f9f97 !important;}&#8221;][vc_column][vc_row_inner][vc_column_inner width=&#8221;1\/2&#8243;][vc_empty_space height=&#8221;35px&#8221;][vc_single_image image=&#8221;1844&#8243; img_size=&#8221;full&#8221; css_animation=&#8221;flipInY&#8221;][\/vc_column_inner][vc_column_inner width=&#8221;1\/2&#8243;][vc_empty_space height=&#8221;85px&#8221;][vc_custom_heading text=&#8221;Enviaments SMS&#8221; font_container=&#8221;tag:h2|text_align:left|color:%23ffffff&#8221; use_theme_fonts=&#8221;yes&#8221; css_animation=&#8221;fadeInDown&#8221;][vc_column_text]<\/p>\n<p style=\"text-align: left\"><strong style=\"color: #fff;font-size: 1.6rem;font-family: 'montserrat'\">La millor qualitat de SMS connectats directament amb els operadors telef\u00f2nics. Proporciona informe dels SMS enviats, garanteix el lliurament i notifica la recepci\u00f3. Inclou la personalitzaci\u00f3 del remitent.<\/strong><\/p>\n<p>[\/vc_column_text][\/vc_column_inner][\/vc_row_inner][\/vc_column][\/vc_row][vc_section full_width=&#8221;stretch_row&#8221; css=&#8221;.vc_custom_1605103445882{margin-bottom: 0px !important;padding-bottom: 0px !important;background-color: #ffffff !important;}&#8221;][vc_row full_width=&#8221;stretch_row&#8221; css=&#8221;.vc_custom_1664868100352{padding-top: 3% !important;padding-right: 0px !important;padding-bottom: 3% !important;padding-left: 0px !important;background-color: #f8f8f8 !important;}&#8221; el_class=&#8221;hidden-sm hidden-xs&#8221;][vc_column width=&#8221;1\/12&#8243; css=&#8221;.vc_custom_1605084525184{padding-right: 5% !important;padding-left: 5% !important;}&#8221;][\/vc_column][vc_column width=&#8221;4\/12&#8243;][vc_empty_space height=&#8221;35px&#8221;][vc_column_text el_class=&#8221;listado&#8221;]Per dur a terme un enviament de sms haur\u00e0s de dirigir-te al m\u00f2dul DISTRIBUIR\/SMS i accedir\u00e0s a la interf\u00edcie que apareix a l&#8217;esquerra.<\/p>\n<p>El primer que veur\u00e0s ser\u00e0 el nom del remitent, que pr\u00e8viament l&#8217;haur\u00e0s registrat al Perfil de la plataforma, per\u00f2 que podran canviar manualment en cada enviament que vagis a dur a terme.<\/p>\n<p>Despr\u00e9s per decidir a qui vas enviar-li el SMS tindr\u00e0s dues vies: Accedir a la llista de contactes, que podr\u00e0s escollir indivualment, per grups o segments. O introduir-los manualment a la casella &#8220;Destinataris&#8221; et retallats que sempre incloguis el prefix del pais al qual estigui vinculat el n\u00famero al qual vols fer arribar el SMS.[\/vc_column_text][vc_btn title=&#8221;Registra&#8217;t GRATIS&#8221; style=&#8221;custom&#8221; custom_background=&#8221;#9c495d&#8221; custom_text=&#8221;#ffffff&#8221; shape=&#8221;round&#8221; size=&#8221;lg&#8221; align=&#8221;left&#8221; css_animation=&#8221;fadeInUp&#8221; link=&#8221;url:https%3A%2F%2Flps.adaoncloud.com%2F2IHj2&#8243;][\/vc_column][vc_column width=&#8221;1\/12&#8243;][\/vc_column][vc_column width=&#8221;5\/12&#8243;][vc_single_image image=&#8221;15889&#8243; img_size=&#8221;full&#8221;][\/vc_column][vc_column width=&#8221;1\/12&#8243;][\/vc_column][\/vc_row][vc_row full_width=&#8221;stretch_row&#8221; css=&#8221;.vc_custom_1664868090886{padding-top: 3% !important;padding-right: 0px !important;padding-bottom: 3% !important;padding-left: 0px !important;background-color: #f8f8f8 !important;}&#8221; el_class=&#8221;hidden-lg hidden-md&#8221;][vc_column width=&#8221;1\/12&#8243; css=&#8221;.vc_custom_1605084525184{padding-right: 5% !important;padding-left: 5% !important;}&#8221;][\/vc_column][vc_column width=&#8221;5\/12&#8243;][vc_single_image image=&#8221;15889&#8243; img_size=&#8221;full&#8221;][\/vc_column][vc_column width=&#8221;1\/12&#8243;][\/vc_column][vc_column width=&#8221;4\/12&#8243;][vc_empty_space height=&#8221;35px&#8221;][vc_column_text el_class=&#8221;listado&#8221;]Per dur a terme un enviament de sms haur\u00e0s de dirigir-te al m\u00f2dul DISTRIBUIR\/SMS i accedir\u00e0s a la interf\u00edcie que apareix a l&#8217;esquerra.<\/p>\n<p>El primer que veur\u00e0s ser\u00e0 el nom del remitent, que pr\u00e8viament l&#8217;haur\u00e0s registrat al Perfil de la plataforma, per\u00f2 que podran canviar manualment en cada enviament que vagis a dur a terme.<\/p>\n<p>Despr\u00e9s per decidir a qui vas enviar-li el SMS tindr\u00e0s dues vies: Accedir a la llista de contactes, que podr\u00e0s escollir indivualment, per grups o segments. O introduir-los manualment a la casella &#8220;Destinataris&#8221; et retallats que sempre incloguis el prefix del pais al qual estigui vinculat el n\u00famero al qual vols fer arribar el SMS.[\/vc_column_text][vc_btn title=&#8221;Registra&#8217;t GRATIS&#8221; style=&#8221;custom&#8221; custom_background=&#8221;#9c495d&#8221; custom_text=&#8221;#ffffff&#8221; shape=&#8221;round&#8221; size=&#8221;lg&#8221; align=&#8221;left&#8221; css_animation=&#8221;fadeInUp&#8221; link=&#8221;url:https%3A%2F%2Flps.adaoncloud.com%2F2IHj2&#8243;][\/vc_column][vc_column width=&#8221;1\/12&#8243;][\/vc_column][\/vc_row][vc_row full_width=&#8221;stretch_row&#8221; equal_height=&#8221;yes&#8221; content_placement=&#8221;top&#8221; css=&#8221;.vc_custom_1664868081666{margin-right: 0px !important;margin-left: 0px !important;padding-top: 3% !important;padding-right: 0px !important;padding-bottom: 3% !important;padding-left: 0px !important;}&#8221;][vc_column width=&#8221;1\/12&#8243; css=&#8221;.vc_custom_1616077900363{padding-right: 0px !important;padding-left: 0px !important;background-position: center !important;background-repeat: no-repeat !important;background-size: contain !important;}&#8221;][\/vc_column][vc_column width=&#8221;5\/12&#8243;][vc_single_image image=&#8221;15891&#8243; img_size=&#8221;full&#8221; alignment=&#8221;center&#8221;][\/vc_column][vc_column width=&#8221;1\/12&#8243;][\/vc_column][vc_column width=&#8221;4\/12&#8243;][vc_empty_space height=&#8221;35px&#8221;][vc_column_text]<\/p>\n<div>\n<p>En accedir a la llista de contactes ens apareixeran els nostres perfils ordenats per Grups i Segments.Dins de grups tindrem creat autom\u00e0ticament un grup que inclou &#8220;Tots els Perfils&#8221; i un altre que ens indicar\u00e0 els &#8220;Perfils sense grup&#8221; Els veur\u00e0s remarcats en color gris.<\/p>\n<p>Seguidament t&#8217;apareixeran tots els que hagis creat segons els teus interessos.<\/p>\n<p>En cada grup o segment veur\u00e0s quants perfils hi ha en ells amb n\u00famero de m\u00f2bil, els quals podr\u00e0s seleccionar al complet o accedir a trav\u00e9s de la lupa i poder seleccionar els que desitges d&#8217;aquest grup o segment. Finalment li donar\u00e0s a enviar i ADA et donar\u00e0 l&#8217;opci\u00f3 de poder guardar-lo com a nou grup, si fos el cas que hagu\u00e9ssim fet una selecci\u00f3 que comprengu\u00e9s diversos grups o segments.<\/p>\n<\/div>\n<p>[\/vc_column_text][vc_btn title=&#8221;Registra&#8217;t GRATIS&#8221; style=&#8221;custom&#8221; custom_background=&#8221;#9c495d&#8221; custom_text=&#8221;#ffffff&#8221; shape=&#8221;round&#8221; size=&#8221;lg&#8221; align=&#8221;left&#8221; css_animation=&#8221;fadeInUp&#8221; link=&#8221;url:https%3A%2F%2Flps.adaoncloud.com%2F2IHj2&#8243;][\/vc_column][vc_column width=&#8221;1\/12&#8243;][\/vc_column][\/vc_row][vc_row full_width=&#8221;stretch_row&#8221; css=&#8221;.vc_custom_1664868073882{padding-top: 3% !important;padding-right: 0px !important;padding-bottom: 3% !important;padding-left: 0px !important;background-color: #f8f8f8 !important;}&#8221; el_class=&#8221;hidden-sm hidden-xs&#8221;][vc_column width=&#8221;1\/12&#8243; css=&#8221;.vc_custom_1605084525184{padding-right: 5% !important;padding-left: 5% !important;}&#8221;][\/vc_column][vc_column width=&#8221;4\/12&#8243; css=&#8221;.vc_custom_1610560406269{padding-right: 3% !important;}&#8221;][vc_empty_space height=&#8221;35px&#8221;][vc_column_text el_class=&#8221;listado&#8221;]Ara toca redactar el missatge, coses a tenir en compte. Un sms permet un m\u00e0xim de 160 car\u00e0cters. En un mateix enviament pots acumular fins a un m\u00e0xim de 3.<\/p>\n<p>Pots personalitzar el text amb la casella desplegable de &#8220;Valor personalitzat&#8221;.<\/p>\n<p>Podr\u00e0s incloure en el text qualsevol contingut que hagis creat en ADA (Landing, StoryTellig, MovieTelling, &#8230;)<\/p>\n<p>Fins a la possibilitat d&#8217; inserir un codi cup\u00f3 en el mateix missatge.[\/vc_column_text][vc_btn title=&#8221;Registra&#8217;t GRATIS&#8221; style=&#8221;custom&#8221; custom_background=&#8221;#9c495d&#8221; custom_text=&#8221;#ffffff&#8221; shape=&#8221;round&#8221; size=&#8221;lg&#8221; align=&#8221;left&#8221; css_animation=&#8221;fadeInUp&#8221; link=&#8221;url:https%3A%2F%2Flps.adaoncloud.com%2F2IHj2&#8243;][\/vc_column][vc_column width=&#8221;1\/12&#8243;][\/vc_column][vc_column width=&#8221;5\/12&#8243; css=&#8221;.vc_custom_1615473325726{background-image: url(https:\/\/www.www.adaoncloud.com\/ct\/wp-content\/uploads\/sites\/16\/2021\/03\/sms-3.png?id=1848) !important;background-position: center !important;background-repeat: no-repeat !important;background-size: contain !important;}&#8221;][vc_single_image image=&#8221;15893&#8243; img_size=&#8221;full&#8221;][\/vc_column][vc_column width=&#8221;1\/12&#8243;][\/vc_column][\/vc_row][vc_row full_width=&#8221;stretch_row&#8221; css=&#8221;.vc_custom_1664868038656{padding-top: 3% !important;padding-right: 0px !important;padding-bottom: 3% !important;padding-left: 0px !important;background-color: #f8f8f8 !important;}&#8221; el_class=&#8221;hidden-lg hidden-md&#8221;][vc_column width=&#8221;1\/12&#8243; css=&#8221;.vc_custom_1605084525184{padding-right: 5% !important;padding-left: 5% !important;}&#8221;][\/vc_column][vc_column width=&#8221;5\/12&#8243; css=&#8221;.vc_custom_1615473325726{background-image: url(https:\/\/www.www.adaoncloud.com\/ct\/wp-content\/uploads\/sites\/16\/2021\/03\/sms-3.png?id=1848) !important;background-position: center !important;background-repeat: no-repeat !important;background-size: contain !important;}&#8221;][vc_single_image image=&#8221;15893&#8243; img_size=&#8221;full&#8221;][\/vc_column][vc_column width=&#8221;1\/12&#8243;][\/vc_column][vc_column width=&#8221;4\/12&#8243; css=&#8221;.vc_custom_1610560406269{padding-right: 3% !important;}&#8221;][vc_empty_space height=&#8221;35px&#8221;][vc_column_text el_class=&#8221;listado&#8221;]Ara toca redactar el missatge, coses a tenir en compte. Un sms permet un m\u00e0xim de 160 car\u00e0cters. En un mateix enviament pots acumular fins a un m\u00e0xim de 3.<\/p>\n<p>Pots personalitzar el text amb la casella desplegable de &#8220;Valor personalitzat&#8221;.<\/p>\n<p>Podr\u00e0s incloure en el text qualsevol contingut que hagis creat en ADA (Landing, StoryTellig, MovieTelling, &#8230;)<\/p>\n<p>Fins a la possibilitat d&#8217; inserir un codi cup\u00f3 en el mateix missatge.[\/vc_column_text][vc_btn title=&#8221;Regstra&#8217;t GRATIS&#8221; style=&#8221;custom&#8221; custom_background=&#8221;#9c495d&#8221; custom_text=&#8221;#ffffff&#8221; shape=&#8221;round&#8221; size=&#8221;lg&#8221; align=&#8221;left&#8221; css_animation=&#8221;fadeInUp&#8221; link=&#8221;url:https%3A%2F%2Flps.adaoncloud.com%2F2IHj2&#8243;][\/vc_column][vc_column width=&#8221;1\/12&#8243;][\/vc_column][\/vc_row][vc_row full_width=&#8221;stretch_row&#8221; equal_height=&#8221;yes&#8221; content_placement=&#8221;middle&#8221; css=&#8221;.vc_custom_1664868046349{margin-right: 0px !important;margin-left: 0px !important;padding-top: 3% !important;padding-right: 0px !important;padding-bottom: 3% !important;padding-left: 0px !important;}&#8221;][vc_column width=&#8221;1\/12&#8243; css=&#8221;.vc_custom_1616077925227{padding-right: 0px !important;padding-left: 0px !important;background-position: center !important;background-repeat: no-repeat !important;background-size: cover !important;}&#8221;][\/vc_column][vc_column width=&#8221;5\/12&#8243;][vc_single_image image=&#8221;15895&#8243; img_size=&#8221;full&#8221;][\/vc_column][vc_column width=&#8221;1\/12&#8243;][\/vc_column][vc_column width=&#8221;4\/12&#8243;][vc_empty_space height=&#8221;35px&#8221;][vc_column_text]Amb el missatge ben definit ja nom\u00e9s ens quedar\u00e0 decidir quan ho enviem<\/p>\n<p>Tindr\u00e0s la possibilitat d&#8217;enviar-lo de forma immediata donant-lo directament al bot\u00f3 &#8220;enviar&#8221;,<\/p>\n<p>Tamb\u00e9 podr\u00e0s programar la data i hora d&#8217;enviament fent clic a la icona de calendari<\/p>\n<p>En tots dos casos abans de procedir a l&#8217;enviament, anirem pr\u00e8viament a una pantalla &#8220;resum&#8221; per confirmar tots els passos.[\/vc_column_text][vc_btn title=&#8221;Registra&#8217;t GRATIS&#8221; style=&#8221;custom&#8221; custom_background=&#8221;#9c495d&#8221; custom_text=&#8221;#ffffff&#8221; shape=&#8221;round&#8221; size=&#8221;lg&#8221; align=&#8221;left&#8221; css_animation=&#8221;fadeInUp&#8221; link=&#8221;url:https%3A%2F%2Flps.adaoncloud.com%2F2IHj2&#8243;][\/vc_column][vc_column width=&#8221;1\/12&#8243;][\/vc_column][\/vc_row][vc_row full_width=&#8221;stretch_row&#8221; css=&#8221;.vc_custom_1664868054365{padding-top: 3% !important;padding-right: 0px !important;padding-bottom: 3% !important;padding-left: 0px !important;background-color: #f8f8f8 !important;}&#8221; el_class=&#8221;hidden-sm hidden-xs&#8221;][vc_column width=&#8221;1\/12&#8243; css=&#8221;.vc_custom_1605084525184{padding-right: 5% !important;padding-left: 5% !important;}&#8221;][\/vc_column][vc_column width=&#8221;4\/12&#8243; css=&#8221;.vc_custom_1610560406269{padding-right: 3% !important;}&#8221;][vc_empty_space height=&#8221;35px&#8221;][vc_column_text el_class=&#8221;listado&#8221;]<span id=\"[0,2]\" class=\"word\">En<\/span> <span id=\"[3,5]\" class=\"word\">el<\/span> <span id=\"[6,11]\" class=\"word\">resum<\/span> <span id=\"[12,18]\" class=\"word\">podr\u00e0s<\/span> <span id=\"[19,27]\" class=\"word\">repassar<\/span> <span id=\"[28,30]\" class=\"word\">el<\/span> <span id=\"[31,38]\" class=\"word\">seg\u00fcent<\/span>:<\/p>\n<ul>\n<li>Remitent<\/li>\n<li>N\u00ba destinataris<\/li>\n<li>Cr\u00e8dits Nacionals<\/li>\n<li>N\u00ba destinataris internacionals<\/li>\n<li>Cr\u00e8dits Internacionals<\/li>\n<li>data <span class=\"HwtZe\" lang=\"ca\"><span class=\"jCAhz ChMk0b\"><span class=\"ryNqvb\">d&#8217;enviament<\/span><\/span><\/span><\/li>\n<li>N\u00ba SMS encadenats<\/li>\n<li>Cup\u00f3: SI o NO<\/li>\n<li>Text del missatge i una vista pr\u00e8via del contingut incl\u00f2s en ell.<\/li>\n<\/ul>\n<p>[\/vc_column_text][vc_btn title=&#8221;Registra&#8217;t GRATIS&#8221; style=&#8221;custom&#8221; custom_background=&#8221;#9c495d&#8221; custom_text=&#8221;#ffffff&#8221; shape=&#8221;round&#8221; size=&#8221;lg&#8221; align=&#8221;left&#8221; css_animation=&#8221;fadeInUp&#8221; link=&#8221;url:https%3A%2F%2Flps.adaoncloud.com%2F2IHj2&#8243;][\/vc_column][vc_column width=&#8221;1\/12&#8243;][\/vc_column][vc_column width=&#8221;5\/12&#8243; css=&#8221;.vc_custom_1615473363213{background-image: url(https:\/\/www.www.adaoncloud.com\/ct\/wp-content\/uploads\/sites\/16\/2021\/03\/sms-5.png?id=1846) !important;}&#8221;][vc_single_image image=&#8221;15897&#8243; img_size=&#8221;full&#8221;][\/vc_column][vc_column width=&#8221;1\/12&#8243;][\/vc_column][\/vc_row][vc_row full_width=&#8221;stretch_row&#8221; css=&#8221;.vc_custom_1664868063720{padding-top: 3% !important;padding-right: 0px !important;padding-bottom: 3% !important;padding-left: 0px !important;background-color: #f8f8f8 !important;}&#8221; el_class=&#8221;hidden-lg hidden-md&#8221;][vc_column width=&#8221;1\/12&#8243; css=&#8221;.vc_custom_1605084525184{padding-right: 5% !important;padding-left: 5% !important;}&#8221;][\/vc_column][vc_column width=&#8221;5\/12&#8243; css=&#8221;.vc_custom_1615473363213{background-image: url(https:\/\/www.www.adaoncloud.com\/ct\/wp-content\/uploads\/sites\/16\/2021\/03\/sms-5.png?id=1846) !important;}&#8221;][vc_single_image image=&#8221;1846&#8243; img_size=&#8221;full&#8221;][\/vc_column][vc_column width=&#8221;1\/12&#8243;][\/vc_column][vc_column width=&#8221;4\/12&#8243; css=&#8221;.vc_custom_1610560406269{padding-right: 3% !important;}&#8221;][vc_empty_space height=&#8221;35px&#8221;][vc_column_text el_class=&#8221;listado&#8221;]<span id=\"[0,2]\" class=\"word\">En<\/span> <span id=\"[3,5]\" class=\"word\">el<\/span> <span id=\"[6,11]\" class=\"word\">resum<\/span> <span id=\"[12,18]\" class=\"word\">podr\u00e0s<\/span> <span id=\"[19,27]\" class=\"word\">repassar<\/span> <span id=\"[28,30]\" class=\"word\">el<\/span> <span id=\"[31,38]\" class=\"word\">seg\u00fcent<\/span>:<\/p>\n<ul>\n<li>Remitent<\/li>\n<li>N\u00ba destinataris<\/li>\n<li>Cr\u00e8dits Nacionals<\/li>\n<li>N\u00ba destinataris internacionals<\/li>\n<li>Cr\u00e8dits Internacionals<\/li>\n<li>data <span class=\"HwtZe\" lang=\"ca\"><span class=\"jCAhz ChMk0b\"><span class=\"ryNqvb\">d&#8217;enviament<\/span><\/span><\/span><\/li>\n<li>N\u00ba SMS encadenats<\/li>\n<li>Cup\u00f3: SI o NO<\/li>\n<li>Text del missatge i una vista pr\u00e8via del contingut incl\u00f2s en ell.<\/li>\n<\/ul>\n<p>[\/vc_column_text][vc_btn title=&#8221;Registra&#8217;t GRATIS&#8221; style=&#8221;custom&#8221; custom_background=&#8221;#9c495d&#8221; custom_text=&#8221;#ffffff&#8221; shape=&#8221;round&#8221; size=&#8221;lg&#8221; align=&#8221;left&#8221; css_animation=&#8221;fadeInUp&#8221; link=&#8221;url:https%3A%2F%2Flps.adaoncloud.com%2F2IHj2&#8243;][\/vc_column][vc_column width=&#8221;1\/12&#8243;][\/vc_column][\/vc_row][\/vc_section][vc_row el_class=&#8221;bottomMenu&#8221;][vc_column width=&#8221;1\/3&#8243;][vc_btn title=&#8221;Live webinar | Inscriu-te gratis&#8221; style=&#8221;custom&#8221; custom_background=&#8221;#9c495d&#8221; custom_text=&#8221;#ffffff&#8221; shape=&#8221;round&#8221; size=&#8221;xs&#8221; align=&#8221;left&#8221; i_icon_fontawesome=&#8221;fas fa-circle&#8221; add_icon=&#8221;true&#8221; link=&#8221;url:https%3A%2F%2Fwww.adaoncloud.com%2Fcat%2Fwebinars%2F|title:webinars&#8221;][\/vc_column][vc_column width=&#8221;1\/3&#8243;][\/vc_column][vc_column width=&#8221;1\/3&#8243;][\/vc_column][\/vc_row]<\/p>\n","protected":false},"excerpt":{"rendered":"<p>[vc_row full_width=&#8221;stretch_row_content_no_spaces&#8221; equal_height=&#8221;yes&#8221; rtl_reverse=&#8221;yes&#8221; content_placement=&#8221;top&#8221; css=&#8221;.vc_custom_1615475394020{padding-bottom: 0px !important;}&#8221;][vc_column width=&#8221;1\/3&#8243;][vc_empty_space height=&#8221;35px&#8221;][vc_custom_heading text=&#8221;Directe Immediat Efectiu&#8221; font_container=&#8221;tag:h1|font_size:70px|text_align:left|color:%23083944&#8243; use_theme_fonts=&#8221;yes&#8221; css_animation=&#8221;fadeInDown&#8221;][vc_column_text css_animation=&#8221;fadeInUp&#8221; el_class=&#8221;paragrafo padding10 font15&#8243;] Enviaments SMS Tria la millor soluci\u00f3 de SMS per a les teves campanyes. Tamb\u00e9 pots buscar nous clients a trav\u00e9s de l&#8217;enviament a un target perfilat d&#8217;usuaris.[\/vc_column_text][vc_btn title=&#8221;Registra&#8217;t GRATIS&#8221; style=&#8221;custom&#8221; custom_background=&#8221;#9c495d&#8221; custom_text=&#8221;#ffffff&#8221; shape=&#8221;round&#8221; size=&#8221;lg&#8221; align=&#8221;left&#8221; [&hellip;]<\/p>\n","protected":false},"author":1,"featured_media":0,"parent":0,"menu_order":0,"comment_status":"closed","ping_status":"closed","template":"","meta":{"om_disable_all_campaigns":false},"_links":{"self":[{"href":"https:\/\/www.adaoncloud.com\/cat\/wp-json\/wp\/v2\/pages\/367"}],"collection":[{"href":"https:\/\/www.adaoncloud.com\/cat\/wp-json\/wp\/v2\/pages"}],"about":[{"href":"https:\/\/www.adaoncloud.com\/cat\/wp-json\/wp\/v2\/types\/page"}],"author":[{"embeddable":true,"href":"https:\/\/www.adaoncloud.com\/cat\/wp-json\/wp\/v2\/users\/1"}],"replies":[{"embeddable":true,"href":"https:\/\/www.adaoncloud.com\/cat\/wp-json\/wp\/v2\/comments?post=367"}],"version-history":[{"count":55,"href":"https:\/\/www.adaoncloud.com\/cat\/wp-json\/wp\/v2\/pages\/367\/revisions"}],"predecessor-version":[{"id":15898,"href":"https:\/\/www.adaoncloud.com\/cat\/wp-json\/wp\/v2\/pages\/367\/revisions\/15898"}],"wp:attachment":[{"href":"https:\/\/www.adaoncloud.com\/cat\/wp-json\/wp\/v2\/media?parent=367"}],"curies":[{"name":"wp","href":"https:\/\/api.w.org\/{rel}","templated":true}]}}