{"id":8189,"date":"2021-10-04T10:42:37","date_gmt":"2021-10-04T08:42:37","guid":{"rendered":"https:\/\/www.adaoncloud.com\/ct\/?page_id=8189"},"modified":"2023-02-27T12:08:23","modified_gmt":"2023-02-27T11:08:23","slug":"distribute-asistente-virtuale-2","status":"publish","type":"page","link":"https:\/\/www.adaoncloud.com\/cat\/distribute-asistente-virtuale-2\/","title":{"rendered":"Distribute Asistente virtuale CAT"},"content":{"rendered":"<p>[vc_row full_width=&#8221;stretch_row_content_no_spaces&#8221; equal_height=&#8221;yes&#8221; rtl_reverse=&#8221;yes&#8221; content_placement=&#8221;top&#8221; css=&#8221;.vc_custom_1614872269840{margin-bottom: -32px !important;}&#8221;][vc_column width=&#8221;1\/3&#8243;][vc_custom_heading text=&#8221;Connectat<br \/>\nEmp\u00e0tic<br \/>\nIntel\u00b7ligent&#8221; font_container=&#8221;tag:h1|font_size:60px|text_align:left|color:%23083944&#8243; use_theme_fonts=&#8221;yes&#8221; css_animation=&#8221;fadeInDown&#8221;][vc_column_text css_animation=&#8221;fadeInUp&#8221; el_class=&#8221;paragrafo padding10 font15&#8243;]<\/p>\n<h4>Assistents virtuals 3D<\/h4>\n<p>Els assistents responen a les necessitats i desitjos dels clients en temps real en les principals aplicacions de missatgeria i en el seu lloc web.[\/vc_column_text][vc_btn title=&#8221;Reg\u00edstra&#8217;t GRATIS&#8221; style=&#8221;custom&#8221; custom_background=&#8221;#9c495d&#8221; custom_text=&#8221;#ffffff&#8221; shape=&#8221;round&#8221; size=&#8221;lg&#8221; align=&#8221;left&#8221; css_animation=&#8221;fadeInUp&#8221; link=&#8221;url:https%3A%2F%2Flps.adaoncloud.com%2F2IHj2&#8243;][\/vc_column][vc_column width=&#8221;2\/3&#8243; css=&#8221;.vc_custom_1614872198194{background-image: url(https:\/\/www.www.adaoncloud.com\/ct\/wp-content\/uploads\/sites\/16\/2021\/03\/testimonial-chatbot.png?id=1759) !important;background-position: center !important;background-repeat: no-repeat !important;background-size: contain !important;}&#8221;][vc_single_image image=&#8221;8170&#8243; img_size=&#8221;full&#8221; alignment=&#8221;right&#8221;][\/vc_column][\/vc_row][vc_row full_width=&#8221;stretch_row_content&#8221; css=&#8221;.vc_custom_1611831652012{padding-top: 2% !important;padding-bottom: 2% !important;background-color: #1f9f97 !important;}&#8221;][vc_column][vc_row_inner][vc_column_inner width=&#8221;1\/2&#8243;][vc_empty_space height=&#8221;35px&#8221;][vc_single_image image=&#8221;1757&#8243; img_size=&#8221;full&#8221; css_animation=&#8221;flipInY&#8221;][\/vc_column_inner][vc_column_inner width=&#8221;1\/2&#8243;][vc_empty_space height=&#8221;85px&#8221;][vc_custom_heading text=&#8221;D\u00f3na veu a la teva empresa&#8221; font_container=&#8221;tag:h2|text_align:left|color:%23ffffff&#8221; use_theme_fonts=&#8221;yes&#8221; css_animation=&#8221;fadeInDown&#8221;][vc_column_text]<\/p>\n<p style=\"text-align: left\"><strong style=\"color: #fff;font-size: 1.6rem;font-family: 'montserrat'\">Comunicat r\u00e0pidament i emocionalment, com si estiguessis xerrant amb amics. Interv\u00e9 en cada punt de contacte entre la marca i l&#8217;usuari i ofereix una experi\u00e8ncia de compra innovadora, emp\u00e0tica i basada en la conversa. <\/strong><\/p>\n<p>[\/vc_column_text][\/vc_column_inner][\/vc_row_inner][\/vc_column][\/vc_row][vc_section full_width=&#8221;stretch_row&#8221; css=&#8221;.vc_custom_1605103445882{margin-bottom: 0px !important;padding-bottom: 0px !important;background-color: #ffffff !important;}&#8221;][vc_row full_width=&#8221;stretch_row&#8221; css=&#8221;.vc_custom_1664868746311{padding-top: 3% !important;padding-right: 0px !important;padding-bottom: 3% !important;padding-left: 0px !important;background-color: #f8f8f8 !important;}&#8221; el_class=&#8221;hidden-sm hidden-xs&#8221;][vc_column width=&#8221;1\/12&#8243; css=&#8221;.vc_custom_1605084525184{padding-right: 5% !important;padding-left: 5% !important;}&#8221;][\/vc_column][vc_column width=&#8221;4\/12&#8243; css=&#8221;.vc_custom_1610560406269{padding-right: 3% !important;}&#8221;][vc_empty_space height=&#8221;35px&#8221;][vc_column_text el_class=&#8221;listado&#8221;]<\/p>\n<h3>Integraci\u00f3 amb el teu lloc web<\/h3>\n<p>L&#8217;assistent pot millorar l&#8217;experi\u00e8ncia de navegaci\u00f3 del teu lloc web o ecommerce, guiant els usuaris d&#8217;una p\u00e0gina a una altra amb una simple ordre de veu o text.[\/vc_column_text][vc_btn title=&#8221;Reg\u00edstra&#8217;t GRATIS&#8221; style=&#8221;custom&#8221; custom_background=&#8221;#9c495d&#8221; custom_text=&#8221;#ffffff&#8221; shape=&#8221;round&#8221; size=&#8221;lg&#8221; align=&#8221;left&#8221; css_animation=&#8221;fadeInUp&#8221; link=&#8221;url:https%3A%2F%2Flps.adaoncloud.com%2F2IHj2&#8243;][\/vc_column][vc_column width=&#8221;1\/12&#8243;][\/vc_column][vc_column width=&#8221;6\/12&#8243; css=&#8221;.vc_custom_1614869278345{background-image: url(https:\/\/www.www.adaoncloud.com\/ct\/wp-content\/uploads\/sites\/16\/2021\/03\/chatbot-1.png?id=1743) !important;background-position: center !important;background-repeat: no-repeat !important;background-size: contain !important;}&#8221;][vc_single_image image=&#8221;8190&#8243; img_size=&#8221;full&#8221;][\/vc_column][\/vc_row][vc_row full_width=&#8221;stretch_row&#8221; css=&#8221;.vc_custom_1664868754180{padding-top: 3% !important;padding-right: 0px !important;padding-bottom: 3% !important;padding-left: 0px !important;background-color: #f8f8f8 !important;}&#8221; el_class=&#8221;hidden-lg hidden-md&#8221;][vc_column width=&#8221;1\/12&#8243; css=&#8221;.vc_custom_1605084525184{padding-right: 5% !important;padding-left: 5% !important;}&#8221;][\/vc_column][vc_column width=&#8221;6\/12&#8243; css=&#8221;.vc_custom_1614869278345{background-image: url(https:\/\/www.www.adaoncloud.com\/ct\/wp-content\/uploads\/sites\/16\/2021\/03\/chatbot-1.png?id=1743) !important;background-position: center !important;background-repeat: no-repeat !important;background-size: contain !important;}&#8221;][vc_single_image image=&#8221;8190&#8243; img_size=&#8221;full&#8221;][\/vc_column][vc_column width=&#8221;1\/12&#8243;][\/vc_column][vc_column width=&#8221;4\/12&#8243; css=&#8221;.vc_custom_1610560406269{padding-right: 3% !important;}&#8221;][vc_empty_space height=&#8221;35px&#8221;][vc_column_text el_class=&#8221;listado&#8221;]<\/p>\n<h3>Integraci\u00f3 amb el teu lloc web<\/h3>\n<p>L&#8217;assistent pot millorar l&#8217;experi\u00e8ncia de navegaci\u00f3 del teu lloc web o ecommerce, guiant els usuaris d&#8217;una p\u00e0gina a una altra amb una simple ordre de veu o text.[\/vc_column_text][vc_btn title=&#8221;Registra&#8217;t GRATIS&#8221; style=&#8221;custom&#8221; custom_background=&#8221;#9c495d&#8221; custom_text=&#8221;#ffffff&#8221; shape=&#8221;round&#8221; size=&#8221;lg&#8221; align=&#8221;left&#8221; css_animation=&#8221;fadeInUp&#8221; link=&#8221;url:https%3A%2F%2Flps.adaoncloud.com%2F2IHj2&#8243;][\/vc_column][\/vc_row][vc_row full_width=&#8221;stretch_row&#8221; equal_height=&#8221;yes&#8221; content_placement=&#8221;top&#8221; css=&#8221;.vc_custom_1664868762643{margin-right: 0px !important;margin-left: 0px !important;padding-top: 3% !important;padding-right: 0px !important;padding-bottom: 3% !important;padding-left: 0px !important;}&#8221;][vc_column width=&#8221;6\/12&#8243; css=&#8221;.vc_custom_1614870055645{padding-right: 0px !important;padding-left: 0px !important;background-image: url(https:\/\/www.www.adaoncloud.com\/ct\/wp-content\/uploads\/sites\/16\/2021\/03\/chatbot-2.png?id=1746) !important;background-position: center !important;background-repeat: no-repeat !important;background-size: contain !important;}&#8221;][vc_single_image image=&#8221;8191&#8243; img_size=&#8221;full&#8221; alignment=&#8221;center&#8221;][\/vc_column][vc_column width=&#8221;1\/12&#8243;][\/vc_column][vc_column width=&#8221;4\/12&#8243;][vc_empty_space height=&#8221;35px&#8221;][vc_column_text]<\/p>\n<h3>Integraci\u00f3 amb apps de missatgeria<\/h3>\n<p>Els assistents interactuen en xats individuals a Telegram, Whatsapp Business i Facebook Messenger, cosa que fa m\u00e9s immediat el di\u00e0leg amb els clients.<br \/>\nL&#8217;usuari pot triar comunicar-se de diferents maneres dins del xat: mitjan\u00e7ant missatges de veu, missatges de text o interactuant amb els suggeriments que l&#8217;assistent destaca.[\/vc_column_text][vc_btn title=&#8221;Reg\u00edstra&#8217;t GRATIS&#8221; style=&#8221;custom&#8221; custom_background=&#8221;#9c495d&#8221; custom_text=&#8221;#ffffff&#8221; shape=&#8221;round&#8221; size=&#8221;lg&#8221; align=&#8221;left&#8221; css_animation=&#8221;fadeInUp&#8221; link=&#8221;url:https%3A%2F%2Flps.adaoncloud.com%2F2IHj2&#8243;][\/vc_column][vc_column width=&#8221;1\/12&#8243;][\/vc_column][\/vc_row][\/vc_section][vc_row el_class=&#8221;bottomMenu&#8221;][vc_column width=&#8221;1\/3&#8243;][vc_btn title=&#8221;Live webinar | Inscr\u00edbete gratis&#8221; style=&#8221;custom&#8221; custom_background=&#8221;#9c495d&#8221; custom_text=&#8221;#ffffff&#8221; shape=&#8221;round&#8221; size=&#8221;xs&#8221; align=&#8221;left&#8221; i_icon_fontawesome=&#8221;fas fa-circle&#8221; add_icon=&#8221;true&#8221; link=&#8221;url:https%3A%2F%2Fwww.adaoncloud.com%2Fcat%2Fwebinars%2F|title:webinars&#8221;][\/vc_column][vc_column width=&#8221;1\/3&#8243;][\/vc_column][vc_column width=&#8221;1\/3&#8243;][\/vc_column][\/vc_row]<\/p>\n","protected":false},"excerpt":{"rendered":"<p>[vc_row full_width=&#8221;stretch_row_content_no_spaces&#8221; equal_height=&#8221;yes&#8221; rtl_reverse=&#8221;yes&#8221; content_placement=&#8221;top&#8221; css=&#8221;.vc_custom_1614872269840{margin-bottom: -32px !important;}&#8221;][vc_column width=&#8221;1\/3&#8243;][vc_custom_heading text=&#8221;Connectat Emp\u00e0tic Intel\u00b7ligent&#8221; font_container=&#8221;tag:h1|font_size:60px|text_align:left|color:%23083944&#8243; use_theme_fonts=&#8221;yes&#8221; css_animation=&#8221;fadeInDown&#8221;][vc_column_text css_animation=&#8221;fadeInUp&#8221; el_class=&#8221;paragrafo padding10 font15&#8243;] Assistents virtuals 3D Els assistents responen a les necessitats i desitjos dels clients en temps real en les principals aplicacions de missatgeria i en el seu lloc web.[\/vc_column_text][vc_btn title=&#8221;Reg\u00edstra&#8217;t GRATIS&#8221; style=&#8221;custom&#8221; custom_background=&#8221;#9c495d&#8221; custom_text=&#8221;#ffffff&#8221; shape=&#8221;round&#8221; size=&#8221;lg&#8221; align=&#8221;left&#8221; [&hellip;]<\/p>\n","protected":false},"author":1,"featured_media":0,"parent":0,"menu_order":0,"comment_status":"closed","ping_status":"closed","template":"","meta":{"om_disable_all_campaigns":false},"_links":{"self":[{"href":"https:\/\/www.adaoncloud.com\/cat\/wp-json\/wp\/v2\/pages\/8189"}],"collection":[{"href":"https:\/\/www.adaoncloud.com\/cat\/wp-json\/wp\/v2\/pages"}],"about":[{"href":"https:\/\/www.adaoncloud.com\/cat\/wp-json\/wp\/v2\/types\/page"}],"author":[{"embeddable":true,"href":"https:\/\/www.adaoncloud.com\/cat\/wp-json\/wp\/v2\/users\/1"}],"replies":[{"embeddable":true,"href":"https:\/\/www.adaoncloud.com\/cat\/wp-json\/wp\/v2\/comments?post=8189"}],"version-history":[{"count":9,"href":"https:\/\/www.adaoncloud.com\/cat\/wp-json\/wp\/v2\/pages\/8189\/revisions"}],"predecessor-version":[{"id":15781,"href":"https:\/\/www.adaoncloud.com\/cat\/wp-json\/wp\/v2\/pages\/8189\/revisions\/15781"}],"wp:attachment":[{"href":"https:\/\/www.adaoncloud.com\/cat\/wp-json\/wp\/v2\/media?parent=8189"}],"curies":[{"name":"wp","href":"https:\/\/api.w.org\/{rel}","templated":true}]}}