{"id":139,"date":"2020-11-04T15:20:14","date_gmt":"2020-11-04T14:20:14","guid":{"rendered":"https:\/\/newadaoncloud.staging.thedigitalbox.com\/es\/?page_id=139"},"modified":"2021-12-10T02:14:13","modified_gmt":"2021-12-10T01:14:13","slug":"conectividad-por-api","status":"publish","type":"page","link":"https:\/\/www.adaoncloud.com\/cl\/conectividad-por-api\/","title":{"rendered":"conectividad por API"},"content":{"rendered":"<p>[vc_section css=&#8221;.vc_custom_1605868152085{margin-top: 0px !important;margin-bottom: 0px !important;background-image: url(https:\/\/www.www.adaoncloud.com\/cl\/wp-content\/uploads\/sites\/14\/2020\/11\/Ellipse.png?id=191) !important;background-position: center !important;background-repeat: no-repeat !important;background-size: cover !important;}&#8221;][vc_row css=&#8221;.vc_custom_1604939696796{margin-bottom: 20px !important;background-position: center !important;background-repeat: no-repeat !important;background-size: contain !important;}&#8221;][vc_column][vc_custom_heading text=&#8221;Integraci\u00f3n con <i>Zapier<\/i>&#8221; font_container=&#8221;tag:h1|text_align:center|color:%23004d58&#8243; use_theme_fonts=&#8221;yes&#8221; el_class=&#8221;tituloprincipal&#8221;][vc_empty_space height=&#8221;50px&#8221;][\/vc_column][\/vc_row][vc_row full_width=&#8221;stretch_row_content&#8221; content_placement=&#8221;top&#8221;][vc_column width=&#8221;1\/2&#8243; css=&#8221;.vc_custom_1604939591857{padding-right: 5% !important;padding-left: 5% !important;}&#8221;][vc_column_text]La optimizaci\u00f3n del trabajo diario a menudo depende de la capacidad de gestionar diferentes actividades de forma simult\u00e1nea e integrar cualquier software para poder llevarlas a cabo.<\/p>\n<p>Gracias a la integraci\u00f3n de Zapier, ahora puedes conectar tu cuenta ADA con m\u00e1s de 1,000 aplicaciones empresariales y automatizar el intercambio de datos. Optimiza tu tiempo e invi\u00e9rtelo en actividades m\u00e1s importantes, dejando que ADA trabaje con tu software CRM principal y el resto de aplicaciones que utilizas normalmente.[\/vc_column_text][\/vc_column][vc_column width=&#8221;1\/2&#8243; css=&#8221;.vc_custom_1604939602897{padding-right: 0px !important;padding-left: 0px !important;}&#8221;][vc_single_image image=&#8221;489&#8243; img_size=&#8221;full&#8221;][\/vc_column][\/vc_row][\/vc_section][vc_section full_width=&#8221;stretch_row_content&#8221; el_class=&#8221;sinpading&#8221;][vc_row full_width=&#8221;stretch_row_content&#8221; content_placement=&#8221;middle&#8221;][vc_column][vc_row_inner css=&#8221;.vc_custom_1606743285711{margin-top: 0px !important;margin-bottom: 0px !important;padding-top: 5% !important;padding-bottom: 2% !important;background-color: #1f9f97 !important;}&#8221;][vc_column_inner][vc_custom_heading text=&#8221;Ventajas de una integraci\u00f3n perfecta&#8221; font_container=&#8221;tag:h2|text_align:center|color:%23ffffff&#8221; use_theme_fonts=&#8221;yes&#8221;][\/vc_column_inner][\/vc_row_inner][vc_row_inner css=&#8221;.vc_custom_1606743299624{padding-right: 30px !important;padding-bottom: 5% !important;padding-left: 30px !important;background-color: #1f9f97 !important;}&#8221;][vc_column_inner width=&#8221;1\/3&#8243;][vc_single_image image=&#8221;504&#8243; img_size=&#8221;full&#8221; alignment=&#8221;center&#8221; css=&#8221;.vc_custom_1606742979765{margin-top: 2% !important;margin-bottom: 2% !important;}&#8221;][vc_empty_space height=&#8221;20px&#8221;][vc_column_text]<\/p>\n<h4 style=\"text-align: center; color: #fff;\">MAYOR PRODUCTIVIDAD<\/h4>\n<p style=\"text-align: center; color: #fff;\">Ahora, conectar ADA a un CRM u otra aplicaci\u00f3n es muy f\u00e1cil. Gracias a la integraci\u00f3n de Zapier, puedes solucionar las necesidades de los clientes y aumentar la eficiencia de tu trabajo en sencillos pasos.<\/p>\n<p>[\/vc_column_text][\/vc_column_inner][vc_column_inner width=&#8221;1\/3&#8243;][vc_single_image image=&#8221;518&#8243; img_size=&#8221;full&#8221; alignment=&#8221;center&#8221; css=&#8221;.vc_custom_1606742987057{margin-top: 2% !important;margin-bottom: 2% !important;}&#8221;][vc_empty_space height=&#8221;20px&#8221;][vc_column_text]<\/p>\n<h4 style=\"text-align: center; color: #fff;\">AHORRO EN TIEMPO<\/h4>\n<p style=\"text-align: center; color: #fff;\">Conecta autom\u00e1ticamente con m\u00e1s de 1,000 aplicaciones diferentes. Todos los contactos conseguidos a trav\u00e9s de HubSpot, Facebook, etc, se importan autom\u00e1ticamente a nuestra plataforma ADA para ser utilizados.<\/p>\n<p>[\/vc_column_text][\/vc_column_inner][vc_column_inner width=&#8221;1\/3&#8243;][vc_single_image image=&#8221;519&#8243; img_size=&#8221;full&#8221; alignment=&#8221;center&#8221; css=&#8221;.vc_custom_1606743000645{margin-top: 2% !important;margin-bottom: 2% !important;}&#8221;][vc_empty_space height=&#8221;20px&#8221;][vc_column_text]<\/p>\n<h4 style=\"text-align: center; color: #fff;\">GESTI\u00d3N SENCILLA<\/h4>\n<p style=\"text-align: center; color: #fff;\">Para conectar ADA con un CRM externo, simplemente necesitas a\u00f1adir una cuenta de Zapier a su cuenta ADA. Inicia sesi\u00f3n en el directorio de Zapier, selecciona la aplicaci\u00f3n que deseas comunicar con ADA y crea un &#8220;Zap&#8221;, es decir, un flujo de datos autom\u00e1tico entre los dos programas.<\/p>\n<p>[\/vc_column_text][\/vc_column_inner][\/vc_row_inner][\/vc_column][\/vc_row][\/vc_section][vc_section css=&#8221;.vc_custom_1606741343056{padding-top: 5% !important;padding-bottom: 5% !important;background-color: #eeeceb !important;}&#8221;][vc_row][vc_column width=&#8221;5\/12&#8243;][vc_custom_heading text=&#8221;Abrir ADA <em>al mundo<\/em>&#8221; use_theme_fonts=&#8221;yes&#8221;][vc_column_text]Optimiza tu trabajo teniendo ADA conectada a otro software. Hay m\u00e1s de 1,000 aplicaciones para conectarse a tu cuenta, estas son s\u00f3lo algunos de los CRM m\u00e1s populares, listos para la integraci\u00f3n.[\/vc_column_text][\/vc_column][vc_column width=&#8221;7\/12&#8243;][vc_single_image image=&#8221;679&#8243; img_size=&#8221;full&#8221;][\/vc_column][\/vc_row][\/vc_section][vc_row css=&#8221;.vc_custom_1606741371280{padding-top: 5% !important;padding-bottom: 3% !important;}&#8221;][vc_column][vc_custom_heading text=&#8221;Aprovecha ahora la oportunidad&#8221; font_container=&#8221;tag:h1|font_size:43px|text_align:center|color:%23083944|line_height:60px&#8221; use_theme_fonts=&#8221;yes&#8221; css_animation=&#8221;fadeInDown&#8221;][vc_column_text css_animation=&#8221;fadeInDown&#8221;]<\/p>\n<p style=\"text-align: center;\">Comienza a revolucionar tu negocio con la orientaci\u00f3n de uno de nuestros expertos.<\/p>\n<p>[\/vc_column_text][vc_btn title=&#8221;PRUEBA GRATIS&#8221; style=&#8221;custom&#8221; custom_background=&#8221;#9c495d&#8221; custom_text=&#8221;#ffffff&#8221; shape=&#8221;round&#8221; size=&#8221;lg&#8221; align=&#8221;center&#8221; css_animation=&#8221;fadeInUp&#8221; link=&#8221;url:https%3A%2F%2Fwww.adaoncloud.com%2Fcl%2Fprecios%2Fpricing%2F|title:PRU%C3%89BALO%20GRATIS&#8221; el_class=&#8221;land-btn&#8221;][\/vc_column][\/vc_row][vc_row el_class=&#8221;bottomMenu&#8221;][vc_column width=&#8221;1\/3&#8243;][vc_btn title=&#8221;Live webinar | Inscr\u00edbete gratis&#8221; style=&#8221;custom&#8221; custom_background=&#8221;#9c495d&#8221; custom_text=&#8221;#ffffff&#8221; shape=&#8221;round&#8221; size=&#8221;xs&#8221; align=&#8221;left&#8221; i_icon_fontawesome=&#8221;fas fa-circle&#8221; css_animation=&#8221;none&#8221; add_icon=&#8221;true&#8221; css=&#8221;.vc_custom_1639098849354{margin-top: 1% !important;padding-right: 2% !important;padding-left: 2% !important;}&#8221; el_id=&#8221;webinar-btn&#8221; link=&#8221;url:%2Fcl%2Fwebinars%2F&#8221;][\/vc_column][vc_column width=&#8221;1\/3&#8243;][\/vc_column][vc_column width=&#8221;1\/3&#8243;][\/vc_column][\/vc_row]<\/p>\n","protected":false},"excerpt":{"rendered":"<p>[vc_section css=&#8221;.vc_custom_1605868152085{margin-top: 0px !important;margin-bottom: 0px !important;background-image: url(https:\/\/www.www.adaoncloud.com\/cl\/wp-content\/uploads\/sites\/14\/2020\/11\/Ellipse.png?id=191) !important;background-position: center !important;background-repeat: no-repeat !important;background-size: cover !important;}&#8221;][vc_row css=&#8221;.vc_custom_1604939696796{margin-bottom: 20px !important;background-position: center !important;background-repeat: no-repeat !important;background-size: contain !important;}&#8221;][vc_column][vc_custom_heading text=&#8221;Integraci\u00f3n con Zapier&#8221; font_container=&#8221;tag:h1|text_align:center|color:%23004d58&#8243; use_theme_fonts=&#8221;yes&#8221; el_class=&#8221;tituloprincipal&#8221;][vc_empty_space height=&#8221;50px&#8221;][\/vc_column][\/vc_row][vc_row full_width=&#8221;stretch_row_content&#8221; content_placement=&#8221;top&#8221;][vc_column width=&#8221;1\/2&#8243; css=&#8221;.vc_custom_1604939591857{padding-right: 5% !important;padding-left: 5% !important;}&#8221;][vc_column_text]La optimizaci\u00f3n del trabajo diario a menudo depende de la capacidad de gestionar diferentes actividades de forma simult\u00e1nea [&hellip;]<\/p>\n","protected":false},"author":1,"featured_media":0,"parent":0,"menu_order":0,"comment_status":"closed","ping_status":"closed","template":"","meta":{"om_disable_all_campaigns":false},"_links":{"self":[{"href":"https:\/\/www.adaoncloud.com\/cl\/wp-json\/wp\/v2\/pages\/139"}],"collection":[{"href":"https:\/\/www.adaoncloud.com\/cl\/wp-json\/wp\/v2\/pages"}],"about":[{"href":"https:\/\/www.adaoncloud.com\/cl\/wp-json\/wp\/v2\/types\/page"}],"author":[{"embeddable":true,"href":"https:\/\/www.adaoncloud.com\/cl\/wp-json\/wp\/v2\/users\/1"}],"replies":[{"embeddable":true,"href":"https:\/\/www.adaoncloud.com\/cl\/wp-json\/wp\/v2\/comments?post=139"}],"version-history":[{"count":48,"href":"https:\/\/www.adaoncloud.com\/cl\/wp-json\/wp\/v2\/pages\/139\/revisions"}],"predecessor-version":[{"id":8290,"href":"https:\/\/www.adaoncloud.com\/cl\/wp-json\/wp\/v2\/pages\/139\/revisions\/8290"}],"wp:attachment":[{"href":"https:\/\/www.adaoncloud.com\/cl\/wp-json\/wp\/v2\/media?parent=139"}],"curies":[{"name":"wp","href":"https:\/\/api.w.org\/{rel}","templated":true}]}}