{"id":26,"date":"2020-10-26T17:12:40","date_gmt":"2020-10-26T16:12:40","guid":{"rendered":"https:\/\/newadaoncloud.staging.thedigitalbox.com\/es\/?page_id=26"},"modified":"2021-12-10T01:59:57","modified_gmt":"2021-12-10T00:59:57","slug":"porque-ada","status":"publish","type":"page","link":"https:\/\/www.adaoncloud.com\/cl\/porque-ada\/","title":{"rendered":"Porqu\u00e9 ADA"},"content":{"rendered":"<p>[vc_row full_width=&#8221;stretch_row_content_no_spaces&#8221; equal_height=&#8221;yes&#8221; rtl_reverse=&#8221;yes&#8221; content_placement=&#8221;top&#8221;][vc_column width=&#8221;1\/3&#8243;][vc_custom_heading text=&#8221;Ven<br \/>\nConf\u00eda<br \/>\nGana&#8221; font_container=&#8221;tag:h1|font_size:70px|text_align:left|color:%23083944&#8243; use_theme_fonts=&#8221;yes&#8221; css_animation=&#8221;fadeInDown&#8221;][vc_column_text css_animation=&#8221;fadeInUp&#8221; el_class=&#8221;paragrafo padding10 font15&#8243;]<\/p>\n<h4>Nuestra raz\u00f3n de ser<\/h4>\n<p>Ayudamos a los marketeros, de forma r\u00e1pida y eficaz, a conseguir el mejor Marketing para para sus nuevos clientes.[\/vc_column_text][vc_btn title=&#8221;Reg\u00edstrate GRATIS&#8221; style=&#8221;custom&#8221; custom_background=&#8221;#9c495d&#8221; custom_text=&#8221;#ffffff&#8221; shape=&#8221;round&#8221; size=&#8221;lg&#8221; align=&#8221;left&#8221; css_animation=&#8221;fadeInUp&#8221; link=&#8221;url:https%3A%2F%2Ffreetrial.adaoncloud.com%2FadaxFreeExperience%2Fcl&#8221;][\/vc_column][vc_column width=&#8221;2\/3&#8243; css=&#8221;.vc_custom_1613127373738{background-image: url(https:\/\/www.www.adaoncloud.com\/cl\/wp-content\/uploads\/sites\/14\/2021\/02\/ada-man-pc.png?id=1542) !important;background-position: center !important;background-repeat: no-repeat !important;background-size: contain !important;}&#8221;][vc_single_image image=&#8221;1542&#8243; img_size=&#8221;full&#8221; alignment=&#8221;right&#8221;][\/vc_column][\/vc_row][vc_row content_placement=&#8221;bottom&#8221; css=&#8221;.vc_custom_1607332715541{margin-top: 0px !important;margin-bottom: 0px !important;}&#8221; el_class=&#8221;cabecera&#8221;][vc_column][vc_row_inner content_placement=&#8221;bottom&#8221;][vc_column_inner width=&#8221;2\/6&#8243;][vc_column_text]<\/p>\n<div style=\"display: none;\">\n<p><strong>Esto el es motivo por el cual ha nacido\u00a0ADAonCloud, ayudar a los\u00a0marketeros\u00a0de forma r\u00e1pida y eficaz de hacer el mejor Marketing para conseguir nuevos clientes.<\/strong><\/p>\n<p>Hemos creado e integrado todas <b>las herramientas mas potente<\/b> del mercado, las hemos <b>metido en un \u00fanica plataforma<\/b>, y hemos dado importancia a <b>la sencillez de uso,<\/b> para que trabajando pueda optimizar los tiempos, aumentar la productividad de tus campa\u00f1as,\u00a0diminuir\u00a0costes y transformar los clientes en clientes fidelizados.<\/p>\n<\/div>\n<p>[\/vc_column_text][vc_custom_heading text=&#8221;\u00a1Bienvenidos Marketeros!&#8221; font_container=&#8221;tag:h1|text_align:center|color:%23083944&#8243; use_theme_fonts=&#8221;yes&#8221;][\/vc_column_inner][vc_column_inner width=&#8221;1\/6&#8243;][\/vc_column_inner][vc_column_inner width=&#8221;3\/6&#8243;][vc_empty_space height=&#8221;60px&#8221;][vc_column_text]<\/p>\n<p style=\"text-align: left;\">En estos tiempos tan competitivos, el consumidor es cada vez m\u00e1s exigente y activo. Es por ello que ante la necesidad de adquirir herramientas m\u00e1s asequibles y adaptables a las distintas estrategias de marketing<strong> ADAonCloud ha creado e integrado todas las herramientas m\u00e1s potentes del mercado en una sola plataforma<\/strong>.<\/p>\n<p style=\"text-align: left;\">Su sencillez de uso consigue optimizar los tiempos de producci\u00f3n, aumentando y mejorando el resultado de tus campa\u00f1as mientras disminuyes los costes generales<br \/>\n<span style=\"display: none;\"> \u00a0 En estos tiempos donde el consumidor es cada vez m\u00e1s exigente y esta siempre activo, se ha creado la necesidad de tener herramientas mas performantes que ayuden el trabajo del marketero en individuar y comunicar constantemente con el cliente. Crear contenidos ideales para ellos, distribuirlo en una forma r\u00e1pida y efectiva a trav\u00e9s de varios canales y convertirlo desde curiosos en clientes fidelizados a trav\u00e9s acciones de nutrimiento usando todos los procesos de Marketing\u00a0Automation\u00a0de manera a fomentar las conversaciones digitales entre empresa y cliente. <\/span><\/p>\n<p>[\/vc_column_text][\/vc_column_inner][\/vc_row_inner][vc_row_inner][vc_column_inner width=&#8221;2\/6&#8243;][vc_single_image image=&#8221;1783&#8243; img_size=&#8221;medium&#8221; alignment=&#8221;right&#8221; css_animation=&#8221;slideInLeft&#8221;][\/vc_column_inner][vc_column_inner width=&#8221;1\/6&#8243;][vc_empty_space height=&#8221;50px&#8221;][vc_column_text css_animation=&#8221;fadeInUp&#8221;]<\/p>\n<h5 style=\"margin-bottom: 0px; text-transform: none; color: #9c495d;\"><strong>Massimiliano Brigida<\/strong><\/h5>\n<p><sup>CEO &amp; Co-Founder<\/sup>[\/vc_column_text][\/vc_column_inner][vc_column_inner width=&#8221;3\/6&#8243;][vc_column_text]<\/p>\n<p style=\"text-align: left;\">Con ADA puedes <strong>crear contenidos Mobile<\/strong>, <strong>distribuirlos<\/strong> a trav\u00e9s de todos los canales y <strong>medir los resultados<\/strong> de tus campa\u00f1as todo optimizado por procesos de <strong>Inteligencia Artificial<\/strong>.<\/p>\n<p>[\/vc_column_text][\/vc_column_inner][\/vc_row_inner][\/vc_column][\/vc_row][vc_section full_width=&#8221;stretch_row&#8221; css=&#8221;.vc_custom_1615389840636{padding-top: 40px !important;background-color: #03a69e !important;}&#8221;][vc_row][vc_column][vc_single_image image=&#8221;1607&#8243; img_size=&#8221;medium&#8221; css_animation=&#8221;flipInY&#8221;][vc_column_text el_class=&#8221;blanco&#8221;]<\/p>\n<h4 style=\"color: #ffffff!important;\">ADA es genial para los eventos y promociones que hacemos. Generamos Leads usando las Landings AMP y los C\u00f3digos QR. Una vez que llegan a la Customer Data platform procedemos al env\u00edo de Newlettes y procesos de Marketing Automation. Todo esto es posible gracias a ADA en manera sencilla, r\u00e1pida y en un \u00fanica soluci\u00f3n.<\/h4>\n<p><sub class=\"citado\" style=\"color: #ffffff!important;\"><strong>Anne Scheel<\/strong> | <em>Marketing Bridgestone<\/em><\/sub>[\/vc_column_text][\/vc_column][\/vc_row][\/vc_section][vc_row][vc_column][vc_empty_space][vc_separator][\/vc_column][\/vc_row][vc_row][vc_column][vc_custom_heading text=&#8221;\u00danete a Nosotros&#8221; font_container=&#8221;tag:h1|font_size:43px|text_align:center|color:%23083944|line_height:60px&#8221; use_theme_fonts=&#8221;yes&#8221; css_animation=&#8221;fadeInDown&#8221; css=&#8221;.vc_custom_1615389234427{margin-top: 4% !important;}&#8221;][vc_column_text css_animation=&#8221;fadeInDown&#8221; css=&#8221;.vc_custom_1601962168489{margin-bottom: 2% !important;}&#8221;]<\/p>\n<p style=\"text-align: center;\">Comienza a revolucionar tu negocio con la orientaci\u00f3n de uno de nuestros expertos.<\/p>\n<p>[\/vc_column_text][vc_btn title=&#8221;Reg\u00edstrate GRATIS&#8221; style=&#8221;custom&#8221; custom_background=&#8221;#9c495d&#8221; custom_text=&#8221;#ffffff&#8221; shape=&#8221;round&#8221; size=&#8221;lg&#8221; align=&#8221;center&#8221; css_animation=&#8221;fadeInUp&#8221; link=&#8221;url:https%3A%2F%2Ffreetrial.adaoncloud.com%2FadaxFreeExperience%2Fcl&#8221;][\/vc_column][\/vc_row][vc_row][vc_column][vc_separator][\/vc_column][\/vc_row][vc_row el_class=&#8221;bottomMenu&#8221;][vc_column width=&#8221;1\/3&#8243; el_class=&#8221;bottomMenu&#8221;][vc_btn title=&#8221;Live webinar | Inscr\u00edbete gratis&#8221; style=&#8221;custom&#8221; custom_background=&#8221;#9c495d&#8221; custom_text=&#8221;#ffffff&#8221; shape=&#8221;round&#8221; size=&#8221;xs&#8221; align=&#8221;left&#8221; i_icon_fontawesome=&#8221;fas fa-circle&#8221; css_animation=&#8221;none&#8221; add_icon=&#8221;true&#8221; css=&#8221;.vc_custom_1639097947105{margin-top: 2% !important;}&#8221; el_id=&#8221;webinar-btn&#8221; link=&#8221;url:%2Fcl%2Fwebinars%2F&#8221;][\/vc_column][vc_column width=&#8221;1\/3&#8243;][\/vc_column][vc_column width=&#8221;1\/3&#8243;][\/vc_column][\/vc_row]<\/p>\n","protected":false},"excerpt":{"rendered":"<p>[vc_row full_width=&#8221;stretch_row_content_no_spaces&#8221; equal_height=&#8221;yes&#8221; rtl_reverse=&#8221;yes&#8221; content_placement=&#8221;top&#8221;][vc_column width=&#8221;1\/3&#8243;][vc_custom_heading text=&#8221;Ven Conf\u00eda Gana&#8221; font_container=&#8221;tag:h1|font_size:70px|text_align:left|color:%23083944&#8243; use_theme_fonts=&#8221;yes&#8221; css_animation=&#8221;fadeInDown&#8221;][vc_column_text css_animation=&#8221;fadeInUp&#8221; el_class=&#8221;paragrafo padding10 font15&#8243;] Nuestra raz\u00f3n de ser Ayudamos a los marketeros, de forma r\u00e1pida y eficaz, a conseguir el mejor Marketing para para sus nuevos clientes.[\/vc_column_text][vc_btn title=&#8221;Reg\u00edstrate GRATIS&#8221; style=&#8221;custom&#8221; custom_background=&#8221;#9c495d&#8221; custom_text=&#8221;#ffffff&#8221; shape=&#8221;round&#8221; size=&#8221;lg&#8221; align=&#8221;left&#8221; css_animation=&#8221;fadeInUp&#8221; link=&#8221;url:https%3A%2F%2Ffreetrial.adaoncloud.com%2FadaxFreeExperience%2Fcl&#8221;][\/vc_column][vc_column width=&#8221;2\/3&#8243; css=&#8221;.vc_custom_1613127373738{background-image: url(https:\/\/www.www.adaoncloud.com\/cl\/wp-content\/uploads\/sites\/14\/2021\/02\/ada-man-pc.png?id=1542) !important;background-position: center !important;background-repeat: [&hellip;]<\/p>\n","protected":false},"author":1,"featured_media":0,"parent":0,"menu_order":0,"comment_status":"closed","ping_status":"closed","template":"","meta":{"om_disable_all_campaigns":false},"_links":{"self":[{"href":"https:\/\/www.adaoncloud.com\/cl\/wp-json\/wp\/v2\/pages\/26"}],"collection":[{"href":"https:\/\/www.adaoncloud.com\/cl\/wp-json\/wp\/v2\/pages"}],"about":[{"href":"https:\/\/www.adaoncloud.com\/cl\/wp-json\/wp\/v2\/types\/page"}],"author":[{"embeddable":true,"href":"https:\/\/www.adaoncloud.com\/cl\/wp-json\/wp\/v2\/users\/1"}],"replies":[{"embeddable":true,"href":"https:\/\/www.adaoncloud.com\/cl\/wp-json\/wp\/v2\/comments?post=26"}],"version-history":[{"count":80,"href":"https:\/\/www.adaoncloud.com\/cl\/wp-json\/wp\/v2\/pages\/26\/revisions"}],"predecessor-version":[{"id":8281,"href":"https:\/\/www.adaoncloud.com\/cl\/wp-json\/wp\/v2\/pages\/26\/revisions\/8281"}],"wp:attachment":[{"href":"https:\/\/www.adaoncloud.com\/cl\/wp-json\/wp\/v2\/media?parent=26"}],"curies":[{"name":"wp","href":"https:\/\/api.w.org\/{rel}","templated":true}]}}