{"id":286,"date":"2020-11-11T17:10:14","date_gmt":"2020-11-11T16:10:14","guid":{"rendered":"https:\/\/newadaoncloud.staging.thedigitalbox.com\/es\/?page_id=286"},"modified":"2021-03-19T10:41:23","modified_gmt":"2021-03-19T09:41:23","slug":"chatbot","status":"publish","type":"page","link":"https:\/\/www.adaoncloud.com\/cl\/chatbot\/","title":{"rendered":"Chatbot"},"content":{"rendered":"<p>[vc_row full_width=&#8221;stretch_row_content_no_spaces&#8221; equal_height=&#8221;yes&#8221; rtl_reverse=&#8221;yes&#8221; content_placement=&#8221;top&#8221; css=&#8221;.vc_custom_1614872269840{margin-bottom: -32px !important;}&#8221;][vc_column width=&#8221;1\/3&#8243;][vc_custom_heading text=&#8221;Conversa<br \/>\nSugiere<br \/>\nConvierte&#8221; font_container=&#8221;tag:h1|font_size:70px|text_align:left|color:%23083944&#8243; use_theme_fonts=&#8221;yes&#8221; css_animation=&#8221;fadeInDown&#8221;][vc_column_text css_animation=&#8221;fadeInUp&#8221; el_class=&#8221;paragrafo padding10 font15&#8243;]<\/p>\n<h4>ChatBot ADA<\/h4>\n<p>Los Asistentes virtuales que usan lenguaje natural y conversan de forma autom\u00e1tica e inteligente con los clientes sirven como un medio innovador para promocionar productos y servicios, distribuir premios y publicitar ofertas.[\/vc_column_text][vc_btn title=&#8221;PRUEBA GRATIS&#8221; style=&#8221;custom&#8221; custom_background=&#8221;#9c495d&#8221; custom_text=&#8221;#ffffff&#8221; shape=&#8221;round&#8221; size=&#8221;lg&#8221; align=&#8221;left&#8221; css_animation=&#8221;fadeInUp&#8221; link=&#8221;url:%2Fes%2Fpricing%2F&#8221;][\/vc_column][vc_column width=&#8221;2\/3&#8243; css=&#8221;.vc_custom_1614872198194{background-image: url(https:\/\/www.www.adaoncloud.com\/cl\/wp-content\/uploads\/sites\/14\/2021\/03\/testimonial-chatbot.png?id=1759) !important;background-position: center !important;background-repeat: no-repeat !important;background-size: contain !important;}&#8221;][vc_single_image image=&#8221;1759&#8243; img_size=&#8221;full&#8221; alignment=&#8221;right&#8221; el_class=&#8221;visible-hidden&#8221;][\/vc_column][\/vc_row][vc_row full_width=&#8221;stretch_row_content&#8221; css=&#8221;.vc_custom_1611831652012{padding-top: 2% !important;padding-bottom: 2% !important;background-color: #1f9f97 !important;}&#8221;][vc_column][vc_row_inner][vc_column_inner width=&#8221;1\/2&#8243;][vc_empty_space height=&#8221;35px&#8221;][vc_single_image image=&#8221;1757&#8243; img_size=&#8221;full&#8221; css_animation=&#8221;flipInY&#8221;][\/vc_column_inner][vc_column_inner width=&#8221;1\/2&#8243;][vc_empty_space height=&#8221;85px&#8221;][vc_custom_heading text=&#8221;ChatBot&#8221; font_container=&#8221;tag:h2|text_align:left|color:%23ffffff&#8221; use_theme_fonts=&#8221;yes&#8221; css_animation=&#8221;fadeInDown&#8221;][vc_column_text]<\/p>\n<p style=\"text-align: left;\"><strong style=\"color: #fff; font-size: 1.6rem; font-family: 'montserrat';\">Los chatbots de ADA aprovechan sistemas de inteligencia artificial altamente avanzados y est\u00e1n dise\u00f1ados para generar nuevas conversiones a partir de la participaci\u00f3n de los usuarios en las conversaciones.<\/strong><\/p>\n<p>[\/vc_column_text][\/vc_column_inner][\/vc_row_inner][\/vc_column][\/vc_row][vc_section full_width=&#8221;stretch_row&#8221; css=&#8221;.vc_custom_1605103445882{margin-bottom: 0px !important;padding-bottom: 0px !important;background-color: #ffffff !important;}&#8221;][vc_row full_width=&#8221;stretch_row&#8221; css=&#8221;.vc_custom_1616146644316{padding-top: 3% !important;padding-right: 0px !important;padding-bottom: 3% !important;padding-left: 0px !important;background-color: #f8f8f8 !important;}&#8221; el_class=&#8221;padd-xs-15 reverse hidden-sm hidden-xs&#8221;][vc_column width=&#8221;1\/12&#8243; css=&#8221;.vc_custom_1605084525184{padding-right: 5% !important;padding-left: 5% !important;}&#8221;][\/vc_column][vc_column width=&#8221;4\/12&#8243; css=&#8221;.vc_custom_1610560406269{padding-right: 3% !important;}&#8221;][vc_empty_space height=&#8221;35px&#8221;][vc_column_text el_class=&#8221;listado&#8221;]Empieza corporativizando tu ChatBot, desde \u201cConfigurar\u201d podr\u00e1s personalizar la interfaz por completo:<\/p>\n<ul>\n<li>Mensaje de bienvenida<\/li>\n<li>Color<\/li>\n<li>Logotipo<\/li>\n<li>Avatar<\/li>\n<li>Open Graph<\/li>\n<li>Privacidad y Cookies<\/li>\n<li>Call To Action<\/li>\n<\/ul>\n<p>[\/vc_column_text][vc_btn title=&#8221;PRUEBA GRATIS&#8221; style=&#8221;custom&#8221; custom_background=&#8221;#9c495d&#8221; custom_text=&#8221;#ffffff&#8221; shape=&#8221;round&#8221; size=&#8221;lg&#8221; align=&#8221;left&#8221; link=&#8221;url:%2Fes%2Fpricing%2F|title:PRU%C3%89BALO%20GRATIS&#8221; el_class=&#8221;land-btn&#8221;][\/vc_column][vc_column width=&#8221;1\/12&#8243;][\/vc_column][vc_column width=&#8221;6\/12&#8243; css=&#8221;.vc_custom_1614869278345{background-image: url(https:\/\/www.www.adaoncloud.com\/cl\/wp-content\/uploads\/sites\/14\/2021\/03\/chatbot-1.png?id=1743) !important;background-position: center !important;background-repeat: no-repeat !important;background-size: contain !important;}&#8221;][vc_single_image image=&#8221;1743&#8243; img_size=&#8221;full&#8221;][\/vc_column][\/vc_row][vc_row full_width=&#8221;stretch_row&#8221; css=&#8221;.vc_custom_1616146806530{padding-top: 3% !important;padding-right: 0px !important;padding-bottom: 3% !important;padding-left: 0px !important;background-color: #f8f8f8 !important;}&#8221; el_class=&#8221;padd-xs-15 reverse hidden-lg hidden-md&#8221;][vc_column width=&#8221;1\/12&#8243; css=&#8221;.vc_custom_1605084525184{padding-right: 5% !important;padding-left: 5% !important;}&#8221;][\/vc_column][vc_column width=&#8221;6\/12&#8243; css=&#8221;.vc_custom_1614869278345{background-image: url(https:\/\/www.www.adaoncloud.com\/cl\/wp-content\/uploads\/sites\/14\/2021\/03\/chatbot-1.png?id=1743) !important;background-position: center !important;background-repeat: no-repeat !important;background-size: contain !important;}&#8221;][vc_single_image image=&#8221;1743&#8243; img_size=&#8221;full&#8221;][\/vc_column][vc_column width=&#8221;1\/12&#8243;][\/vc_column][vc_column width=&#8221;4\/12&#8243; css=&#8221;.vc_custom_1610560406269{padding-right: 3% !important;}&#8221;][vc_empty_space height=&#8221;35px&#8221;][vc_column_text el_class=&#8221;listado&#8221;]Empieza corporativizando tu ChatBot, desde \u201cConfigurar\u201d podr\u00e1s personalizar la interfaz por completo:<\/p>\n<ul>\n<li>Mensaje de bienvenida<\/li>\n<li>Color<\/li>\n<li>Logotipo<\/li>\n<li>Avatar<\/li>\n<li>Open Graph<\/li>\n<li>Privacidad y Cookies<\/li>\n<li>Call To Action<\/li>\n<\/ul>\n<p>[\/vc_column_text][vc_btn title=&#8221;PRUEBA GRATIS&#8221; style=&#8221;custom&#8221; custom_background=&#8221;#9c495d&#8221; custom_text=&#8221;#ffffff&#8221; shape=&#8221;round&#8221; size=&#8221;lg&#8221; align=&#8221;left&#8221; link=&#8221;url:%2Fes%2Fpricing%2F|title:PRU%C3%89BALO%20GRATIS&#8221; el_class=&#8221;land-btn&#8221;][\/vc_column][\/vc_row][vc_row full_width=&#8221;stretch_row&#8221; equal_height=&#8221;yes&#8221; content_placement=&#8221;top&#8221; el_class=&#8221;padd-xs-15&#8243; css=&#8221;.vc_custom_1611770516329{margin-right: 0px !important;margin-left: 0px !important;padding-top: 3% !important;padding-right: 0px !important;padding-bottom: 3% !important;padding-left: 0px !important;}&#8221;][vc_column width=&#8221;6\/12&#8243; css=&#8221;.vc_custom_1614870055645{padding-right: 0px !important;padding-left: 0px !important;background-image: url(https:\/\/www.www.adaoncloud.com\/cl\/wp-content\/uploads\/sites\/14\/2021\/03\/chatbot-2.png?id=1746) !important;background-position: center !important;background-repeat: no-repeat !important;background-size: contain !important;}&#8221;][vc_single_image image=&#8221;1746&#8243; img_size=&#8221;full&#8221; alignment=&#8221;center&#8221; el_class=&#8221;visible-hidden&#8221;][\/vc_column][vc_column width=&#8221;1\/12&#8243;][\/vc_column][vc_column width=&#8221;4\/12&#8243;][vc_empty_space height=&#8221;35px&#8221;][vc_column_text]Al crear una pregunta lo primero ser\u00e1 indicar el nombre de la pregunta. Seguidamente en ADA podr\u00e1s convertir esa pregunta en sugerencia (el chatbot aleatoriamente la ir\u00e1 sugiriendo), podr\u00e1s definirla como una sugerencia que salga tras el mensaje de bienvenida, (cuando un usuario inicie conversaci\u00f3n) o podr\u00e1s indicar una fecha de caducidad si es una sugerencia temporal (ej: Celebraci\u00f3n San Valent\u00edn).[\/vc_column_text][vc_btn title=&#8221;PRUEBA GRATIS&#8221; style=&#8221;custom&#8221; custom_background=&#8221;#9c495d&#8221; custom_text=&#8221;#ffffff&#8221; shape=&#8221;round&#8221; size=&#8221;lg&#8221; align=&#8221;left&#8221; link=&#8221;url:%2Fes%2Fpricing%2F|title:PRU%C3%89BALO%20GRATIS&#8221; el_class=&#8221;land-btn&#8221;][\/vc_column][vc_column width=&#8221;1\/12&#8243;][\/vc_column][\/vc_row][vc_row full_width=&#8221;stretch_row_content&#8221; css=&#8221;.vc_custom_1615393132239{padding-top: 30px !important;background-color: #1f9f97 !important;}&#8221;][vc_column][vc_row_inner][vc_column_inner width=&#8221;1\/2&#8243;][vc_single_image image=&#8221;1607&#8243; img_size=&#8221;medium&#8221; css_animation=&#8221;flipInY&#8221;][vc_empty_space height=&#8221;20px&#8221;][vc_column_text]<\/p>\n<h4 style=\"color: #ffffff!important;\">Buscamos constantemente ese WOW que pocos consiguen, y la conseguimos gracias a ADA y al uso de su Chatbot. Ahora no imaginamos crear y aplicar estrategias sin ADA, es para nosotros la plataforma perfecta para captar y fidelizar al cliente digital a trav\u00e9s del Marketing Mobile.<\/h4>\n<p><sub class=\"citado\" style=\"color: #ffffff!important;\"><strong>Marcia Rodr\u00edguez<\/strong> | <em>CEO HOLA MARKETING<\/em><\/sub>[\/vc_column_text][\/vc_column_inner][vc_column_inner width=&#8221;1\/2&#8243;][vc_empty_space height=&#8221;35px&#8221;][vc_single_image image=&#8221;1838&#8243; img_size=&#8221;full&#8221;][\/vc_column_inner][\/vc_row_inner][\/vc_column][\/vc_row][vc_row full_width=&#8221;stretch_row&#8221; css=&#8221;.vc_custom_1616146816984{padding-top: 3% !important;padding-right: 0px !important;padding-bottom: 3% !important;padding-left: 0px !important;background-color: #f8f8f8 !important;}&#8221; el_class=&#8221;padd-xs-15 reverse hidden-sm hidden-xs&#8221;][vc_column width=&#8221;1\/12&#8243; css=&#8221;.vc_custom_1605084525184{padding-right: 5% !important;padding-left: 5% !important;}&#8221;][\/vc_column][vc_column width=&#8221;4\/12&#8243; css=&#8221;.vc_custom_1610560406269{padding-right: 3% !important;}&#8221;][vc_empty_space height=&#8221;35px&#8221;][vc_column_text el_class=&#8221;listado&#8221;]Tendremos un editor de textos donde poder dar respuesta a la pregunta y adem\u00e1s podremos complementarla, bien con un contenido de ADA (MovieTelling, StoryTelling, Landings Page, Landing Google AMP), o bien adjuntado una acci\u00f3n multimedia, tipo Imagen, V\u00eddeo o Link.<\/p>\n<p>Es ideal para crear conversiones.[\/vc_column_text][vc_btn title=&#8221;PRUEBA GRATIS&#8221; style=&#8221;custom&#8221; custom_background=&#8221;#9c495d&#8221; custom_text=&#8221;#ffffff&#8221; shape=&#8221;round&#8221; size=&#8221;lg&#8221; align=&#8221;left&#8221; link=&#8221;url:%2Fes%2Fpricing%2F|title:PRU%C3%89BALO%20GRATIS&#8221; el_class=&#8221;land-btn&#8221;][\/vc_column][vc_column width=&#8221;1\/12&#8243;][\/vc_column][vc_column width=&#8221;6\/12&#8243; css=&#8221;.vc_custom_1614870193280{background-image: url(https:\/\/www.www.adaoncloud.com\/cl\/wp-content\/uploads\/sites\/14\/2021\/03\/chatbot-3.png?id=1747) !important;background-position: center !important;background-repeat: no-repeat !important;background-size: contain !important;}&#8221;][vc_single_image image=&#8221;1747&#8243; img_size=&#8221;full&#8221; el_class=&#8221;visible-hidden&#8221;][\/vc_column][\/vc_row][vc_row full_width=&#8221;stretch_row&#8221; css=&#8221;.vc_custom_1616146824468{padding-top: 3% !important;padding-right: 0px !important;padding-bottom: 3% !important;padding-left: 0px !important;background-color: #f8f8f8 !important;}&#8221; el_class=&#8221;padd-xs-15 reverse hidden-lg hidden-md&#8221;][vc_column width=&#8221;1\/12&#8243; css=&#8221;.vc_custom_1605084525184{padding-right: 5% !important;padding-left: 5% !important;}&#8221;][\/vc_column][vc_column width=&#8221;6\/12&#8243; css=&#8221;.vc_custom_1614870193280{background-image: url(https:\/\/www.www.adaoncloud.com\/cl\/wp-content\/uploads\/sites\/14\/2021\/03\/chatbot-3.png?id=1747) !important;background-position: center !important;background-repeat: no-repeat !important;background-size: contain !important;}&#8221;][vc_single_image image=&#8221;1747&#8243; img_size=&#8221;full&#8221; el_class=&#8221;visible-hidden&#8221;][\/vc_column][vc_column width=&#8221;1\/12&#8243;][\/vc_column][vc_column width=&#8221;4\/12&#8243; css=&#8221;.vc_custom_1610560406269{padding-right: 3% !important;}&#8221;][vc_empty_space height=&#8221;35px&#8221;][vc_column_text el_class=&#8221;listado&#8221;]Tendremos un editor de textos donde poder dar respuesta a la pregunta y adem\u00e1s podremos complementarla, bien con un contenido de ADA (MovieTelling, StoryTelling, Landings Page, Landing Google AMP), o bien adjuntado una acci\u00f3n multimedia, tipo Imagen, V\u00eddeo o Link.<\/p>\n<p>Es ideal para crear conversiones.[\/vc_column_text][vc_btn title=&#8221;PRUEBA GRATIS&#8221; style=&#8221;custom&#8221; custom_background=&#8221;#9c495d&#8221; custom_text=&#8221;#ffffff&#8221; shape=&#8221;round&#8221; size=&#8221;lg&#8221; align=&#8221;left&#8221; link=&#8221;url:%2Fes%2Fpricing%2F|title:PRU%C3%89BALO%20GRATIS&#8221; el_class=&#8221;land-btn&#8221;][\/vc_column][\/vc_row][vc_row full_width=&#8221;stretch_row&#8221; equal_height=&#8221;yes&#8221; content_placement=&#8221;middle&#8221; el_class=&#8221;padd-xs-15&#8243; css=&#8221;.vc_custom_1611770549019{margin-right: 0px !important;margin-left: 0px !important;padding-top: 3% !important;padding-right: 0px !important;padding-bottom: 3% !important;padding-left: 0px !important;}&#8221;][vc_column width=&#8221;6\/12&#8243; css=&#8221;.vc_custom_1614870265877{padding-right: 0px !important;padding-left: 0px !important;background-image: url(https:\/\/www.www.adaoncloud.com\/cl\/wp-content\/uploads\/sites\/14\/2021\/03\/chatbot-4.png?id=1748) !important;background-position: center !important;background-repeat: no-repeat !important;background-size: cover !important;}&#8221;][vc_single_image image=&#8221;1748&#8243; img_size=&#8221;full&#8221; el_class=&#8221;visible-hidden&#8221;][\/vc_column][vc_column width=&#8221;1\/12&#8243; css=&#8221;.vc_custom_1605002971813{padding-right: 5% !important;padding-left: 5% !important;}&#8221;][\/vc_column][vc_column width=&#8221;4\/12&#8243;][vc_empty_space height=&#8221;35px&#8221;][vc_column_text]Finalmente, despu\u00e9s de dar debida respuesta complementada por alguna acci\u00f3n, Podremos realizar sugerencias espec\u00edficas para esa pregunta,<br \/>\n(ej: alguien que pregunte por landing page, al obtener la respuesta poder hacer que el chatbot le ense\u00f1e a modo de sugerencia: StoryTelling, MovieTelling, ChatBot) lo \u00fanico que necesitar\u00e1s es que estas preguntas ya existan en el ChatBot.<\/p>\n<p>Tambi\u00e9n podr\u00e1s adjuntar un formulario conversacional para conseguir conversiones.[\/vc_column_text][vc_btn title=&#8221;PRUEBA GRATIS&#8221; style=&#8221;custom&#8221; custom_background=&#8221;#9c495d&#8221; custom_text=&#8221;#ffffff&#8221; shape=&#8221;round&#8221; size=&#8221;lg&#8221; align=&#8221;left&#8221; link=&#8221;url:%2Fes%2Fpricing%2F|title:PRU%C3%89BALO%20GRATIS&#8221; el_class=&#8221;land-btn&#8221;][vc_empty_space height=&#8221;35px&#8221;][\/vc_column][vc_column width=&#8221;1\/12&#8243;][\/vc_column][\/vc_row][vc_row full_width=&#8221;stretch_row&#8221; css=&#8221;.vc_custom_1616146846492{padding-top: 3% !important;padding-right: 0px !important;padding-bottom: 3% !important;padding-left: 0px !important;background-color: #f8f8f8 !important;}&#8221; el_class=&#8221;padd-xs-15 reverse hidden-sm hidden-xs&#8221;][vc_column width=&#8221;1\/12&#8243; css=&#8221;.vc_custom_1605084525184{padding-right: 5% !important;padding-left: 5% !important;}&#8221;][\/vc_column][vc_column width=&#8221;4\/12&#8243; css=&#8221;.vc_custom_1610560406269{padding-right: 3% !important;}&#8221;][vc_empty_space height=&#8221;35px&#8221;][vc_column_text el_class=&#8221;listado&#8221;]Una vez creadas las preguntas, podr\u00e1s configurar el \u201cQuibble\u201d respuesta cuando el chatbot no sabe responder, \u201cReintervenci\u00f3n\u201d para dar toques de atenci\u00f3n cuando alguien deja de chatear y \u201cFormulario\u201d d\u00f3nde crearemos los formularios conversacionales que precisemos para adjuntar a preguntas que queramos tener una interacci\u00f3n a modo de formulario.[\/vc_column_text][vc_btn title=&#8221;PRUEBA GRATIS&#8221; style=&#8221;custom&#8221; custom_background=&#8221;#9c495d&#8221; custom_text=&#8221;#ffffff&#8221; shape=&#8221;round&#8221; size=&#8221;lg&#8221; align=&#8221;left&#8221; link=&#8221;url:%2Fes%2Fpricing%2F|title:PRU%C3%89BALO%20GRATIS&#8221; el_class=&#8221;land-btn&#8221;][\/vc_column][vc_column width=&#8221;1\/12&#8243;][\/vc_column][vc_column width=&#8221;6\/12&#8243; css=&#8221;.vc_custom_1614870304685{background-image: url(https:\/\/www.www.adaoncloud.com\/cl\/wp-content\/uploads\/sites\/14\/2021\/03\/chatbot-5.png?id=1749) !important;}&#8221;][vc_single_image image=&#8221;1749&#8243; img_size=&#8221;full&#8221;][\/vc_column][\/vc_row][vc_row full_width=&#8221;stretch_row&#8221; css=&#8221;.vc_custom_1616146853718{padding-top: 3% !important;padding-right: 0px !important;padding-bottom: 3% !important;padding-left: 0px !important;background-color: #f8f8f8 !important;}&#8221; el_class=&#8221;padd-xs-15 reverse hidden-lg hidden-md&#8221;][vc_column width=&#8221;1\/12&#8243; css=&#8221;.vc_custom_1605084525184{padding-right: 5% !important;padding-left: 5% !important;}&#8221;][\/vc_column][vc_column width=&#8221;6\/12&#8243; css=&#8221;.vc_custom_1614870304685{background-image: url(https:\/\/www.www.adaoncloud.com\/cl\/wp-content\/uploads\/sites\/14\/2021\/03\/chatbot-5.png?id=1749) !important;}&#8221;][vc_single_image image=&#8221;1749&#8243; img_size=&#8221;full&#8221;][\/vc_column][vc_column width=&#8221;1\/12&#8243;][\/vc_column][vc_column width=&#8221;4\/12&#8243; css=&#8221;.vc_custom_1610560406269{padding-right: 3% !important;}&#8221;][vc_empty_space height=&#8221;35px&#8221;][vc_column_text el_class=&#8221;listado&#8221;]Una vez creadas las preguntas, podr\u00e1s configurar el \u201cQuibble\u201d respuesta cuando el chatbot no sabe responder, \u201cReintervenci\u00f3n\u201d para dar toques de atenci\u00f3n cuando alguien deja de chatear y \u201cFormulario\u201d d\u00f3nde crearemos los formularios conversacionales que precisemos para adjuntar a preguntas que queramos tener una interacci\u00f3n a modo de formulario.[\/vc_column_text][vc_btn title=&#8221;PRUEBA GRATIS&#8221; style=&#8221;custom&#8221; custom_background=&#8221;#9c495d&#8221; custom_text=&#8221;#ffffff&#8221; shape=&#8221;round&#8221; size=&#8221;lg&#8221; align=&#8221;left&#8221; link=&#8221;url:%2Fes%2Fpricing%2F|title:PRU%C3%89BALO%20GRATIS&#8221; el_class=&#8221;land-btn&#8221;][\/vc_column][\/vc_row][\/vc_section][vc_row el_class=&#8221;bottomMenu&#8221;][vc_column width=&#8221;1\/3&#8243;][vc_btn title=&#8221;Live webinar | Inscr\u00edbete gratis&#8221; style=&#8221;custom&#8221; custom_background=&#8221;#9c495d&#8221; custom_text=&#8221;#ffffff&#8221; shape=&#8221;round&#8221; size=&#8221;xs&#8221; align=&#8221;left&#8221; i_icon_fontawesome=&#8221;fas fa-circle&#8221; add_icon=&#8221;true&#8221; link=&#8221;url:%2Fes%2Fwebinars%2F|title:webinars&#8221;][\/vc_column][vc_column width=&#8221;1\/3&#8243;][\/vc_column][vc_column width=&#8221;1\/3&#8243;][\/vc_column][\/vc_row]<\/p>\n","protected":false},"excerpt":{"rendered":"<p>[vc_row full_width=&#8221;stretch_row_content_no_spaces&#8221; equal_height=&#8221;yes&#8221; rtl_reverse=&#8221;yes&#8221; content_placement=&#8221;top&#8221; css=&#8221;.vc_custom_1614872269840{margin-bottom: -32px !important;}&#8221;][vc_column width=&#8221;1\/3&#8243;][vc_custom_heading text=&#8221;Conversa Sugiere Convierte&#8221; font_container=&#8221;tag:h1|font_size:70px|text_align:left|color:%23083944&#8243; use_theme_fonts=&#8221;yes&#8221; css_animation=&#8221;fadeInDown&#8221;][vc_column_text css_animation=&#8221;fadeInUp&#8221; el_class=&#8221;paragrafo padding10 font15&#8243;] ChatBot ADA Los Asistentes virtuales que usan lenguaje natural y conversan de forma autom\u00e1tica e inteligente con los clientes sirven como un medio innovador para promocionar productos y servicios, distribuir premios y publicitar ofertas.[\/vc_column_text][vc_btn title=&#8221;PRUEBA GRATIS&#8221; [&hellip;]<\/p>\n","protected":false},"author":1,"featured_media":0,"parent":0,"menu_order":0,"comment_status":"closed","ping_status":"closed","template":"","meta":{"om_disable_all_campaigns":false},"_links":{"self":[{"href":"https:\/\/www.adaoncloud.com\/cl\/wp-json\/wp\/v2\/pages\/286"}],"collection":[{"href":"https:\/\/www.adaoncloud.com\/cl\/wp-json\/wp\/v2\/pages"}],"about":[{"href":"https:\/\/www.adaoncloud.com\/cl\/wp-json\/wp\/v2\/types\/page"}],"author":[{"embeddable":true,"href":"https:\/\/www.adaoncloud.com\/cl\/wp-json\/wp\/v2\/users\/1"}],"replies":[{"embeddable":true,"href":"https:\/\/www.adaoncloud.com\/cl\/wp-json\/wp\/v2\/comments?post=286"}],"version-history":[{"count":33,"href":"https:\/\/www.adaoncloud.com\/cl\/wp-json\/wp\/v2\/pages\/286\/revisions"}],"predecessor-version":[{"id":2105,"href":"https:\/\/www.adaoncloud.com\/cl\/wp-json\/wp\/v2\/pages\/286\/revisions\/2105"}],"wp:attachment":[{"href":"https:\/\/www.adaoncloud.com\/cl\/wp-json\/wp\/v2\/media?parent=286"}],"curies":[{"name":"wp","href":"https:\/\/api.w.org\/{rel}","templated":true}]}}