{"id":359,"date":"2020-11-13T17:11:31","date_gmt":"2020-11-13T16:11:31","guid":{"rendered":"https:\/\/newadaoncloud.staging.thedigitalbox.com\/es\/?page_id=359"},"modified":"2021-12-10T02:23:55","modified_gmt":"2021-12-10T01:23:55","slug":"storytelling","status":"publish","type":"page","link":"https:\/\/www.adaoncloud.com\/cl\/storytelling\/","title":{"rendered":"Storytelling"},"content":{"rendered":"<p>[vc_row full_width=&#8221;stretch_row_content_no_spaces&#8221; equal_height=&#8221;yes&#8221; rtl_reverse=&#8221;yes&#8221; content_placement=&#8221;top&#8221; css=&#8221;.vc_custom_1612870272594{margin-bottom: 0px !important;padding-bottom: 0px !important;}&#8221;][vc_column width=&#8221;1\/3&#8243;][vc_custom_heading text=&#8221;Emociona<br \/>\nCautiva<br \/>\nConvierte&#8221; font_container=&#8221;tag:h1|font_size:70px|text_align:left|color:%23083944&#8243; use_theme_fonts=&#8221;yes&#8221; css_animation=&#8221;fadeInDown&#8221;][vc_column_text css_animation=&#8221;fadeInUp&#8221; el_class=&#8221;paragrafo padding10 font15&#8243;]<\/p>\n<h4>StoryTelling<\/h4>\n<p>La mejor forma de llegar a conseguir nuevos clientes es entrarles por la vista, cont\u00e1ndoles una historia que les emocione, cautive y les impulse a dar el paso de querer conseguir lo que le propongas. si encima esa historia es interactiva y viral. tendr\u00e1s el \u00e9xito asegurado.[\/vc_column_text][vc_btn title=&#8221;Reg\u00edstrate GRATIS&#8221; style=&#8221;custom&#8221; custom_background=&#8221;#9c495d&#8221; custom_text=&#8221;#ffffff&#8221; shape=&#8221;round&#8221; size=&#8221;lg&#8221; align=&#8221;left&#8221; css_animation=&#8221;fadeInUp&#8221; link=&#8221;url:https%3A%2F%2Ffreetrial.adaoncloud.com%2FadaxFreeExperience%2Fcl&#8221;][\/vc_column][vc_column width=&#8221;2\/3&#8243; css=&#8221;.vc_custom_1613657237367{background-image: url(https:\/\/www.www.adaoncloud.com\/cl\/wp-content\/uploads\/sites\/14\/2021\/02\/storyTelling-testimonial.png?id=1587) !important;background-position: center !important;background-repeat: no-repeat !important;background-size: contain !important;}&#8221;][vc_single_image image=&#8221;1587&#8243; img_size=&#8221;full&#8221;][\/vc_column][\/vc_row][vc_section full_width=&#8221;stretch_row&#8221; css=&#8221;.vc_custom_1605103445882{margin-bottom: 0px !important;padding-bottom: 0px !important;background-color: #ffffff !important;}&#8221;][vc_row full_width=&#8221;stretch_row_content_no_spaces&#8221; content_placement=&#8221;top&#8221; css=&#8221;.vc_custom_1613659399732{padding-top: 50px !important;padding-right: 0px !important;padding-bottom: -30px !important;padding-left: 0px !important;background-color: #1f9f97 !important;}&#8221;][vc_column css=&#8221;.vc_custom_1604939591857{padding-right: 5% !important;padding-left: 5% !important;}&#8221;][vc_row_inner][vc_column_inner width=&#8221;1\/2&#8243;][vc_single_image image=&#8221;1594&#8243; img_size=&#8221;full&#8221; css_animation=&#8221;flipInY&#8221;][\/vc_column_inner][vc_column_inner width=&#8221;1\/2&#8243;][vc_custom_heading text=&#8221;StoryTelling&#8221; font_container=&#8221;tag:h2|text_align:left|color:%23ffffff&#8221; use_theme_fonts=&#8221;yes&#8221; css_animation=&#8221;fadeInDown&#8221;][vc_column_text]<\/p>\n<p style=\"text-align: left;\"><strong style=\"color: #fff; font-size: 1.6rem; font-family: 'montserrat';\">Es el arte de contar una historia para contectar con tus futuros clientes.<\/strong><\/p>\n<p>[\/vc_column_text][vc_column_text]<\/p>\n<p style=\"text-align: left;\"><strong style=\"color: #fff; font-size: 1.6rem; font-family: 'montserrat';\">Es la <em>herramienta perfecta<\/em> para crear el est\u00edmulo necesario para crear una conversi\u00f3n.<\/strong><\/p>\n<p>[\/vc_column_text][\/vc_column_inner][\/vc_row_inner][\/vc_column][\/vc_row][vc_row full_width=&#8221;stretch_row&#8221; equal_height=&#8221;yes&#8221; content_placement=&#8221;middle&#8221; css=&#8221;.vc_custom_1613645944803{padding-top: 3% !important;padding-right: 0px !important;padding-bottom: 3% !important;padding-left: 0px !important;}&#8221; el_class=&#8221;ver-align&#8221;][vc_column width=&#8221;1\/12&#8243;][\/vc_column][vc_column width=&#8221;4\/12&#8243;][vc_single_image image=&#8221;1658&#8243; img_size=&#8221;full&#8221;][\/vc_column][vc_column width=&#8221;2\/12&#8243; css=&#8221;.vc_custom_1613645913688{padding-top: 3% !important;padding-right: 0px !important;padding-bottom: 3% !important;padding-left: 0px !important;background-position: center !important;background-repeat: no-repeat !important;background-size: contain !important;}&#8221;][\/vc_column][vc_column width=&#8221;4\/12&#8243;][vc_column_text]<\/p>\n<div>La StoryTelling es la forma m\u00e1s parecida a leer un libro, pero en formato digital. gracias a la funci\u00f3n \u201cefecto pasar\u201d ir\u00e1s hojeando p\u00e1gina a p\u00e1gina la historia que quieras contar a tus clientes. Es fundamental que sean im\u00e1genes bonitas, sugerentes, que cautiven al usuario ya que ocupar\u00e1n el 100% de la pantalla del m\u00f3vil.<\/div>\n<p>[\/vc_column_text][vc_btn title=&#8221;Reg\u00edstrate GRATIS&#8221; style=&#8221;custom&#8221; custom_background=&#8221;#9c495d&#8221; custom_text=&#8221;#ffffff&#8221; shape=&#8221;round&#8221; size=&#8221;lg&#8221; align=&#8221;left&#8221; css_animation=&#8221;fadeInUp&#8221; link=&#8221;url:https%3A%2F%2Ffreetrial.adaoncloud.com%2FadaxFreeExperience%2Fcl&#8221;][\/vc_column][vc_column width=&#8221;1\/12&#8243;][\/vc_column][\/vc_row][vc_row full_width=&#8221;stretch_row&#8221; equal_height=&#8221;yes&#8221; content_placement=&#8221;middle&#8221; css=&#8221;.vc_custom_1616146206951{padding-top: 3% !important;padding-right: 0px !important;padding-bottom: 3% !important;padding-left: 0px !important;background-color: #f8f8f8 !important;}&#8221; el_class=&#8221;ver-align hidden-sm hidden-xs&#8221;][vc_column width=&#8221;1\/12&#8243;][\/vc_column][vc_column width=&#8221;4\/12&#8243;][vc_empty_space height=&#8221;55px&#8221;][vc_column_text]<\/p>\n<div>\n<p>Te ser\u00e1 muy sencillo crear tu propia StoryTelling, tienes a tu disposici\u00f3n 11 plantillas para contar tu historia de la mejor manera, mediante una combinaci\u00f3n de im\u00e1genes, textos, incluso v\u00eddeos.<\/p>\n<p>Ser\u00e1 tan sencillo como arrastrar la plantilla que quieras y a\u00f1adir imagen, texto o el v\u00eddeo..<\/p>\n<p>No cabe decir que las im\u00e1genes deber\u00e1n ser verticales, el tama\u00f1o id\u00f3neo es 768&#215;1280 px.<\/p>\n<\/div>\n<p>[\/vc_column_text][vc_btn title=&#8221;Reg\u00edstrate GRATIS&#8221; style=&#8221;custom&#8221; custom_background=&#8221;#9c495d&#8221; custom_text=&#8221;#ffffff&#8221; shape=&#8221;round&#8221; size=&#8221;lg&#8221; align=&#8221;left&#8221; css_animation=&#8221;fadeInUp&#8221; link=&#8221;url:https%3A%2F%2Ffreetrial.adaoncloud.com%2FadaxFreeExperience%2Fcl&#8221;][\/vc_column][vc_column width=&#8221;2\/12&#8243; css=&#8221;.vc_custom_1613645913688{padding-top: 3% !important;padding-right: 0px !important;padding-bottom: 3% !important;padding-left: 0px !important;background-position: center !important;background-repeat: no-repeat !important;background-size: contain !important;}&#8221;][\/vc_column][vc_column width=&#8221;4\/12&#8243;][vc_single_image image=&#8221;1660&#8243; img_size=&#8221;full&#8221;][\/vc_column][vc_column width=&#8221;1\/12&#8243;][\/vc_column][\/vc_row][vc_row full_width=&#8221;stretch_row&#8221; equal_height=&#8221;yes&#8221; content_placement=&#8221;middle&#8221; css=&#8221;.vc_custom_1616146199533{padding-top: 3% !important;padding-right: 0px !important;padding-bottom: 3% !important;padding-left: 0px !important;background-color: #f8f8f8 !important;}&#8221; el_class=&#8221;ver-align hidden-lg hidden-md&#8221;][vc_column width=&#8221;1\/12&#8243;][\/vc_column][vc_column width=&#8221;4\/12&#8243;][vc_single_image image=&#8221;1660&#8243; img_size=&#8221;full&#8221;][\/vc_column][vc_column width=&#8221;2\/12&#8243; css=&#8221;.vc_custom_1613645913688{padding-top: 3% !important;padding-right: 0px !important;padding-bottom: 3% !important;padding-left: 0px !important;background-position: center !important;background-repeat: no-repeat !important;background-size: contain !important;}&#8221;][\/vc_column][vc_column width=&#8221;4\/12&#8243;][vc_empty_space height=&#8221;55px&#8221;][vc_column_text]<\/p>\n<div>\n<p>Te ser\u00e1 muy sencillo crear tu propia StoryTelling, tienes a tu disposici\u00f3n 11 plantillas para contar tu historia de la mejor manera, mediante una combinaci\u00f3n de im\u00e1genes, textos, incluso v\u00eddeos.<\/p>\n<p>Ser\u00e1 tan sencillo como arrastrar la plantilla que quieras y a\u00f1adir imagen, texto o el v\u00eddeo..<\/p>\n<p>No cabe decir que las im\u00e1genes deber\u00e1n ser verticales, el tama\u00f1o id\u00f3neo es 768&#215;1280 px.<\/p>\n<\/div>\n<p>[\/vc_column_text][vc_btn title=&#8221;Reg\u00edstrate GRATIS&#8221; style=&#8221;custom&#8221; custom_background=&#8221;#9c495d&#8221; custom_text=&#8221;#ffffff&#8221; shape=&#8221;round&#8221; size=&#8221;lg&#8221; align=&#8221;left&#8221; css_animation=&#8221;fadeInUp&#8221; link=&#8221;url:https%3A%2F%2Ffreetrial.adaoncloud.com%2FadaxFreeExperience%2Fcl&#8221;][\/vc_column][vc_column width=&#8221;1\/12&#8243;][\/vc_column][\/vc_row][vc_row full_width=&#8221;stretch_row&#8221; equal_height=&#8221;yes&#8221; content_placement=&#8221;middle&#8221; css=&#8221;.vc_custom_1613645944803{padding-top: 3% !important;padding-right: 0px !important;padding-bottom: 3% !important;padding-left: 0px !important;}&#8221; el_class=&#8221;ver-align&#8221;][vc_column width=&#8221;1\/12&#8243;][\/vc_column][vc_column width=&#8221;4\/12&#8243;][vc_single_image image=&#8221;1661&#8243; img_size=&#8221;full&#8221;][\/vc_column][vc_column width=&#8221;2\/12&#8243; css=&#8221;.vc_custom_1613645913688{padding-top: 3% !important;padding-right: 0px !important;padding-bottom: 3% !important;padding-left: 0px !important;background-position: center !important;background-repeat: no-repeat !important;background-size: contain !important;}&#8221;][\/vc_column][vc_column width=&#8221;4\/12&#8243;][vc_column_text]<\/p>\n<div>\n<p>A medida que vayas creando tu historia plantilla a plantilla, dispondr\u00e1n del \u201cStoryboard\u201d para ver c\u00f3mo va quedando, con la posibilidad de ir cambiando el \u00f3rden de la historia, modificar o eliminar plantillas.<\/p>\n<p>No se aconseja, por lo cual no se permitir\u00e1, crear storytellings de m\u00e1s de 16 plantillas.<\/p>\n<\/div>\n<p>[\/vc_column_text][vc_btn title=&#8221;Reg\u00edstrate GRATIS&#8221; style=&#8221;custom&#8221; custom_background=&#8221;#9c495d&#8221; custom_text=&#8221;#ffffff&#8221; shape=&#8221;round&#8221; size=&#8221;lg&#8221; align=&#8221;left&#8221; css_animation=&#8221;fadeInUp&#8221; link=&#8221;url:https%3A%2F%2Ffreetrial.adaoncloud.com%2FadaxFreeExperience%2Fcl&#8221;][\/vc_column][vc_column width=&#8221;1\/12&#8243;][\/vc_column][\/vc_row][vc_row full_width=&#8221;stretch_row_content&#8221; content_placement=&#8221;top&#8221; css=&#8221;.vc_custom_1613659482020{padding-bottom: -30px !important;background-color: #1f9f97 !important;}&#8221;][vc_column css=&#8221;.vc_custom_1604939591857{padding-right: 5% !important;padding-left: 5% !important;}&#8221;][vc_empty_space height=&#8221;55px&#8221;][vc_row_inner][vc_column_inner width=&#8221;1\/2&#8243;][vc_empty_space height=&#8221;35px&#8221;][vc_single_image image=&#8221;1607&#8243; img_size=&#8221;medium&#8221; css_animation=&#8221;flipInY&#8221;][vc_column_text]<\/p>\n<h4 style=\"color: #ffffff!important;\">Con ADA creamos en nuestra agencia StoryTelling atractivas con una alta tasa de conversi\u00f3n.<\/h4>\n<p><sub class=\"citado\" style=\"color: #ffffff!important;\"><strong>Marc Pericas<\/strong> | <em>CEO The Pericas<\/em><\/sub>[\/vc_column_text][\/vc_column_inner][vc_column_inner width=&#8221;1\/2&#8243;][vc_single_image image=&#8221;1609&#8243; img_size=&#8221;full&#8221; css=&#8221;.vc_custom_1613660552464{margin-bottom: 0px !important;border-bottom-width: 0px !important;}&#8221;][\/vc_column_inner][\/vc_row_inner][\/vc_column][\/vc_row][vc_row full_width=&#8221;stretch_row&#8221; equal_height=&#8221;yes&#8221; content_placement=&#8221;middle&#8221; css=&#8221;.vc_custom_1613645944803{padding-top: 3% !important;padding-right: 0px !important;padding-bottom: 3% !important;padding-left: 0px !important;}&#8221; el_class=&#8221;ver-align&#8221;][vc_column width=&#8221;1\/12&#8243;][\/vc_column][vc_column width=&#8221;4\/12&#8243;][vc_single_image image=&#8221;1663&#8243; img_size=&#8221;full&#8221;][\/vc_column][vc_column width=&#8221;2\/12&#8243; css=&#8221;.vc_custom_1613645913688{padding-top: 3% !important;padding-right: 0px !important;padding-bottom: 3% !important;padding-left: 0px !important;background-position: center !important;background-repeat: no-repeat !important;background-size: contain !important;}&#8221;][\/vc_column][vc_column width=&#8221;4\/12&#8243;][vc_empty_space height=&#8221;55px&#8221;][vc_column_text]<\/p>\n<div>Con la plantilla de StoryTelling \u201cCTA Integradas\u201d una vez finalizada tu historia, te quedar\u00e1 buscar la interactividad y viralidad a trav\u00e9s del apartado \u201cAcciones\u201d, desde donde dispondr\u00e1s de 6 interacciones posibles. de las predeterminadas: Llamar, SMS, E-Mail, a las personalizadas con contenidos de ADA, Links externos o la golocalizaci\u00f3n.Adem\u00e1s de activar las que estimes oportuno, puedes editar el t\u00edtulo de la acci\u00f3n para darle mayor personalizaci\u00f3n.<\/div>\n<p>[\/vc_column_text][vc_btn title=&#8221;Reg\u00edstrate GRATIS&#8221; style=&#8221;custom&#8221; custom_background=&#8221;#9c495d&#8221; custom_text=&#8221;#ffffff&#8221; shape=&#8221;round&#8221; size=&#8221;lg&#8221; align=&#8221;left&#8221; css_animation=&#8221;fadeInUp&#8221; link=&#8221;url:https%3A%2F%2Ffreetrial.adaoncloud.com%2FadaxFreeExperience%2Fcl&#8221;][\/vc_column][vc_column width=&#8221;1\/12&#8243;][\/vc_column][\/vc_row][\/vc_section][vc_row full_width=&#8221;stretch_row&#8221; equal_height=&#8221;yes&#8221; content_placement=&#8221;middle&#8221; css=&#8221;.vc_custom_1616146149641{padding-top: 3% !important;padding-right: 0px !important;padding-bottom: 3% !important;padding-left: 0px !important;background-color: #f8f8f8 !important;}&#8221; el_class=&#8221;ver-align hidden-sm hidden-xs&#8221;][vc_column width=&#8221;1\/12&#8243;][\/vc_column][vc_column width=&#8221;4\/12&#8243;][vc_empty_space height=&#8221;55px&#8221;][vc_column_text]<\/p>\n<div>\n<p>En cambio si eliges la StoryTelling \u201cdesde 0\u201d no te har\u00e1 falta el Call To Action, ni vincular ninguna landing para llegar a la conversi\u00f3n, ya que integra dentro de la misma historia \u201cpaginas de CTA\u201d con las que podr\u00e1s captar datos, encuestas, ventas o donaciones con cualquiera de las 4 plantillas.Luego finalizar\u00e1s la historia con alguna de las 3 p\u00e1ginas de cierre que se te ofrece.<\/p>\n<p>\u00bfCu\u00e1l de las dos versiones te gusta m\u00e1s?<\/p>\n<\/div>\n<p>[\/vc_column_text][vc_btn title=&#8221;Reg\u00edstrate GRATIS&#8221; style=&#8221;custom&#8221; custom_background=&#8221;#9c495d&#8221; custom_text=&#8221;#ffffff&#8221; shape=&#8221;round&#8221; size=&#8221;lg&#8221; align=&#8221;left&#8221; css_animation=&#8221;fadeInUp&#8221; link=&#8221;url:https%3A%2F%2Ffreetrial.adaoncloud.com%2FadaxFreeExperience%2Fcl&#8221;][\/vc_column][vc_column width=&#8221;2\/12&#8243; css=&#8221;.vc_custom_1613645913688{padding-top: 3% !important;padding-right: 0px !important;padding-bottom: 3% !important;padding-left: 0px !important;background-position: center !important;background-repeat: no-repeat !important;background-size: contain !important;}&#8221;][\/vc_column][vc_column width=&#8221;4\/12&#8243;][vc_single_image image=&#8221;1724&#8243; img_size=&#8221;full&#8221;][\/vc_column][vc_column width=&#8221;1\/12&#8243;][\/vc_column][\/vc_row][vc_row full_width=&#8221;stretch_row&#8221; equal_height=&#8221;yes&#8221; content_placement=&#8221;middle&#8221; css=&#8221;.vc_custom_1616146161291{padding-top: 3% !important;padding-right: 0px !important;padding-bottom: 3% !important;padding-left: 0px !important;background-color: #f8f8f8 !important;}&#8221; el_class=&#8221;ver-align hidden-lg hidden-md&#8221;][vc_column width=&#8221;1\/12&#8243;][\/vc_column][vc_column width=&#8221;4\/12&#8243;][vc_single_image image=&#8221;1724&#8243; img_size=&#8221;full&#8221;][\/vc_column][vc_column width=&#8221;2\/12&#8243; css=&#8221;.vc_custom_1613645913688{padding-top: 3% !important;padding-right: 0px !important;padding-bottom: 3% !important;padding-left: 0px !important;background-position: center !important;background-repeat: no-repeat !important;background-size: contain !important;}&#8221;][\/vc_column][vc_column width=&#8221;4\/12&#8243;][vc_empty_space height=&#8221;55px&#8221;][vc_column_text]<\/p>\n<div>\n<p>En cambio si eliges la StoryTelling \u201cdesde 0\u201d no te har\u00e1 falta el Call To Action, ni vincular ninguna landing para llegar a la conversi\u00f3n, ya que integra dentro de la misma historia \u201cpaginas de CTA\u201d con las que podr\u00e1s captar datos, encuestas, ventas o donaciones con cualquiera de las 4 plantillas.Luego finalizar\u00e1s la historia con alguna de las 3 p\u00e1ginas de cierre que se te ofrece.<\/p>\n<p>\u00bfCu\u00e1l de las dos versiones te gusta m\u00e1s?<\/p>\n<\/div>\n<p>[\/vc_column_text][vc_btn title=&#8221;Reg\u00edstrate GRATIS&#8221; style=&#8221;custom&#8221; custom_background=&#8221;#9c495d&#8221; custom_text=&#8221;#ffffff&#8221; shape=&#8221;round&#8221; size=&#8221;lg&#8221; align=&#8221;left&#8221; css_animation=&#8221;fadeInUp&#8221; link=&#8221;url:https%3A%2F%2Ffreetrial.adaoncloud.com%2FadaxFreeExperience%2Fcl&#8221;][\/vc_column][vc_column width=&#8221;1\/12&#8243;][\/vc_column][\/vc_row][vc_row el_class=&#8221;bottomMenu&#8221;][vc_column width=&#8221;1\/3&#8243;][vc_btn title=&#8221;Live webinar | Inscr\u00edbete gratis&#8221; style=&#8221;custom&#8221; custom_background=&#8221;#9c495d&#8221; custom_text=&#8221;#ffffff&#8221; shape=&#8221;round&#8221; size=&#8221;xs&#8221; align=&#8221;left&#8221; i_icon_fontawesome=&#8221;fas fa-circle&#8221; add_icon=&#8221;true&#8221; link=&#8221;url:%2Fcl%2Fwebinars%2F|title:webinars&#8221;][\/vc_column][vc_column width=&#8221;1\/3&#8243;][\/vc_column][vc_column width=&#8221;1\/3&#8243;][\/vc_column][\/vc_row]<\/p>\n","protected":false},"excerpt":{"rendered":"<p>[vc_row full_width=&#8221;stretch_row_content_no_spaces&#8221; equal_height=&#8221;yes&#8221; rtl_reverse=&#8221;yes&#8221; content_placement=&#8221;top&#8221; css=&#8221;.vc_custom_1612870272594{margin-bottom: 0px !important;padding-bottom: 0px !important;}&#8221;][vc_column width=&#8221;1\/3&#8243;][vc_custom_heading text=&#8221;Emociona Cautiva Convierte&#8221; font_container=&#8221;tag:h1|font_size:70px|text_align:left|color:%23083944&#8243; use_theme_fonts=&#8221;yes&#8221; css_animation=&#8221;fadeInDown&#8221;][vc_column_text css_animation=&#8221;fadeInUp&#8221; el_class=&#8221;paragrafo padding10 font15&#8243;] StoryTelling La mejor forma de llegar a conseguir nuevos clientes es entrarles por la vista, cont\u00e1ndoles una historia que les emocione, cautive y les impulse a dar el paso de querer conseguir lo que [&hellip;]<\/p>\n","protected":false},"author":1,"featured_media":0,"parent":0,"menu_order":0,"comment_status":"closed","ping_status":"closed","template":"","meta":{"om_disable_all_campaigns":false},"_links":{"self":[{"href":"https:\/\/www.adaoncloud.com\/cl\/wp-json\/wp\/v2\/pages\/359"}],"collection":[{"href":"https:\/\/www.adaoncloud.com\/cl\/wp-json\/wp\/v2\/pages"}],"about":[{"href":"https:\/\/www.adaoncloud.com\/cl\/wp-json\/wp\/v2\/types\/page"}],"author":[{"embeddable":true,"href":"https:\/\/www.adaoncloud.com\/cl\/wp-json\/wp\/v2\/users\/1"}],"replies":[{"embeddable":true,"href":"https:\/\/www.adaoncloud.com\/cl\/wp-json\/wp\/v2\/comments?post=359"}],"version-history":[{"count":83,"href":"https:\/\/www.adaoncloud.com\/cl\/wp-json\/wp\/v2\/pages\/359\/revisions"}],"predecessor-version":[{"id":8293,"href":"https:\/\/www.adaoncloud.com\/cl\/wp-json\/wp\/v2\/pages\/359\/revisions\/8293"}],"wp:attachment":[{"href":"https:\/\/www.adaoncloud.com\/cl\/wp-json\/wp\/v2\/media?parent=359"}],"curies":[{"name":"wp","href":"https:\/\/api.w.org\/{rel}","templated":true}]}}