{"id":422,"date":"2020-11-16T17:54:20","date_gmt":"2020-11-16T16:54:20","guid":{"rendered":"https:\/\/newadaoncloud.staging.thedigitalbox.com\/es\/?page_id=422"},"modified":"2022-10-04T14:00:13","modified_gmt":"2022-10-04T12:00:13","slug":"social-media-marketing","status":"publish","type":"page","link":"https:\/\/www.adaoncloud.com\/cl\/social-media-marketing\/","title":{"rendered":"Social Media Marketing"},"content":{"rendered":"<p>[vc_row full_width=&#8221;stretch_row_content_no_spaces&#8221; equal_height=&#8221;yes&#8221; rtl_reverse=&#8221;yes&#8221; content_placement=&#8221;top&#8221; css=&#8221;.vc_custom_1613661852478{margin-bottom: 0px !important;padding-bottom: 0px !important;}&#8221;][vc_column width=&#8221;1\/3&#8243;][vc_custom_heading text=&#8221;Integra<br \/>\nOptimiza<br \/>\nAdministra&#8221; font_container=&#8221;tag:h1|font_size:60px|text_align:left|color:%23083944&#8243; use_theme_fonts=&#8221;yes&#8221; css_animation=&#8221;fadeInDown&#8221;][vc_column_text css_animation=&#8221;fadeInUp&#8221; el_class=&#8221;paragrafo padding10 font15&#8243;]<\/p>\n<h4>Social Content<\/h4>\n<p>Gestiona tus redes sociales desde ADA. Podr\u00e1s crear diversos tipos de contenidos, guardarlos y crear un plan editorial para planificar todo un periodo de tiempo.[\/vc_column_text][vc_btn title=&#8221;PRUEBA GRATIS&#8221; style=&#8221;custom&#8221; custom_background=&#8221;#9c495d&#8221; custom_text=&#8221;#ffffff&#8221; shape=&#8221;round&#8221; size=&#8221;lg&#8221; align=&#8221;left&#8221; css_animation=&#8221;fadeInUp&#8221; link=&#8221;url:https%3A%2F%2Ffreetrial.adaoncloud.com%2FadaxFreeExperience%2Fcl&#8221;][\/vc_column][vc_column width=&#8221;2\/3&#8243; css=&#8221;.vc_custom_1616086938481{margin-bottom: -30px !important;background-image: url(https:\/\/www.www.adaoncloud.com\/cl\/wp-content\/uploads\/sites\/14\/2021\/03\/Social-content-testimonial-distribute.png?id=2042) !important;background-position: center !important;background-repeat: no-repeat !important;background-size: contain !important;}&#8221;][vc_single_image image=&#8221;2042&#8243; img_size=&#8221;full&#8221;][\/vc_column][\/vc_row][vc_section full_width=&#8221;stretch_row&#8221; css=&#8221;.vc_custom_1605103445882{margin-bottom: 0px !important;padding-bottom: 0px !important;background-color: #ffffff !important;}&#8221;][vc_row full_width=&#8221;stretch_row_content_no_spaces&#8221; content_placement=&#8221;top&#8221; css=&#8221;.vc_custom_1613662224239{padding-top: 50px !important;padding-right: 0px !important;padding-left: 0px !important;background-color: #1f9f97 !important;}&#8221;][vc_column css=&#8221;.vc_custom_1604939591857{padding-right: 5% !important;padding-left: 5% !important;}&#8221;][vc_row_inner][vc_column_inner width=&#8221;1\/2&#8243;][vc_single_image image=&#8221;1710&#8243; img_size=&#8221;full&#8221; css_animation=&#8221;flipInY&#8221;][vc_empty_space height=&#8221;35px&#8221;][\/vc_column_inner][vc_column_inner width=&#8221;1\/2&#8243;][vc_empty_space height=&#8221;55px&#8221;][vc_custom_heading text=&#8221;Plan Editorial Social Content&#8221; font_container=&#8221;tag:h2|text_align:left|color:%23ffffff&#8221; use_theme_fonts=&#8221;yes&#8221; css_animation=&#8221;fadeInDown&#8221;][vc_column_text]<\/p>\n<p style=\"text-align: left; color: #fff; font-size: 1.6rem; font-family: 'montserrat';\">Nunca fue tan f\u00e1cil programar la planificaci\u00f3n de tus redes sociales como con ADA. Programa, duplica publicaciones y muevelas a tu gusto dentro del calencario<\/p>\n<p>[\/vc_column_text][\/vc_column_inner][\/vc_row_inner][\/vc_column][\/vc_row][vc_row full_width=&#8221;stretch_row&#8221; equal_height=&#8221;yes&#8221; content_placement=&#8221;middle&#8221; css=&#8221;.vc_custom_1613645944803{padding-top: 3% !important;padding-right: 0px !important;padding-bottom: 3% !important;padding-left: 0px !important;}&#8221; el_class=&#8221;ver-align&#8221;][vc_column width=&#8221;1\/12&#8243;][\/vc_column][vc_column width=&#8221;5\/12&#8243;][vc_single_image image=&#8221;1900&#8243; img_size=&#8221;full&#8221;][\/vc_column][vc_column width=&#8221;1\/12&#8243; css=&#8221;.vc_custom_1613645913688{padding-top: 3% !important;padding-right: 0px !important;padding-bottom: 3% !important;padding-left: 0px !important;background-position: center !important;background-repeat: no-repeat !important;background-size: contain !important;}&#8221;][\/vc_column][vc_column width=&#8221;4\/12&#8243;][vc_column_text]En ADA planificar las publicaciones de tus redes sociales es muy sencillo.<\/p>\n<p>Iniciaremos desde DISTRIBUIR\/SOCIAL CONTENT. nos dar\u00e1 acceso a un calendario d\u00f3nde podremos empezar a programar las publicaciones creadas y hospedadas en el archivo de posts a la espera de su programaci\u00f3n.[\/vc_column_text][vc_btn title=&#8221;PRUEBA GRATIS&#8221; style=&#8221;custom&#8221; custom_background=&#8221;#9c495d&#8221; custom_text=&#8221;#ffffff&#8221; shape=&#8221;round&#8221; size=&#8221;lg&#8221; align=&#8221;left&#8221; link=&#8221;url:https%3A%2F%2Ffreetrial.adaoncloud.com%2FadaxFreeExperience%2Fcl|title:PRU%C3%89BALO%20GRATIS&#8221; el_class=&#8221;land-btn&#8221;][\/vc_column][vc_column width=&#8221;1\/12&#8243;][\/vc_column][\/vc_row][vc_row full_width=&#8221;stretch_row&#8221; equal_height=&#8221;yes&#8221; content_placement=&#8221;middle&#8221; css=&#8221;.vc_custom_1616147346840{padding-top: 3% !important;padding-right: 0px !important;padding-bottom: 3% !important;padding-left: 0px !important;background-color: #f8f8f8 !important;}&#8221; el_class=&#8221;ver-align hidden-sm hidden-xs&#8221;][vc_column width=&#8221;1\/12&#8243;][\/vc_column][vc_column width=&#8221;4\/12&#8243;][vc_empty_space height=&#8221;55px&#8221;][vc_column_text]Para programar la primer publicaci\u00f3n tienes que pinchar con el rat\u00f3n en el d\u00eda que desees, y te aparecer\u00e1 una ventana emergente que te pedir\u00e1 la hora de la publicaci\u00f3n.<\/p>\n<p>Seguidamente te trasladar\u00e1 a Archivo de Posts para que eligas la publicaci\u00f3n que quieras programar y en qu\u00e9 redes sociales quieres hacerlo. Es tan sencillo como hacer clic en las que desees. Solo te quedar\u00e1 si quieres programarlo o publicar ahora.[\/vc_column_text][vc_btn title=&#8221;PRUEBA GRATIS&#8221; style=&#8221;custom&#8221; custom_background=&#8221;#9c495d&#8221; custom_text=&#8221;#ffffff&#8221; shape=&#8221;round&#8221; size=&#8221;lg&#8221; align=&#8221;left&#8221; link=&#8221;url:https%3A%2F%2Ffreetrial.adaoncloud.com%2FadaxFreeExperience%2Fcl|title:PRU%C3%89BALO%20GRATIS&#8221; el_class=&#8221;land-btn&#8221;][\/vc_column][vc_column width=&#8221;1\/12&#8243; css=&#8221;.vc_custom_1613645913688{padding-top: 3% !important;padding-right: 0px !important;padding-bottom: 3% !important;padding-left: 0px !important;background-position: center !important;background-repeat: no-repeat !important;background-size: contain !important;}&#8221;][\/vc_column][vc_column width=&#8221;5\/12&#8243;][vc_single_image image=&#8221;1899&#8243; img_size=&#8221;full&#8221;][\/vc_column][vc_column width=&#8221;1\/12&#8243;][\/vc_column][\/vc_row][vc_row full_width=&#8221;stretch_row&#8221; equal_height=&#8221;yes&#8221; content_placement=&#8221;middle&#8221; css=&#8221;.vc_custom_1616147354699{padding-top: 3% !important;padding-right: 0px !important;padding-bottom: 3% !important;padding-left: 0px !important;background-color: #f8f8f8 !important;}&#8221; el_class=&#8221;ver-align hidden-lg hidden-md&#8221;][vc_column width=&#8221;1\/12&#8243;][\/vc_column][vc_column width=&#8221;5\/12&#8243;][vc_single_image image=&#8221;1899&#8243; img_size=&#8221;full&#8221;][\/vc_column][vc_column width=&#8221;1\/12&#8243; css=&#8221;.vc_custom_1613645913688{padding-top: 3% !important;padding-right: 0px !important;padding-bottom: 3% !important;padding-left: 0px !important;background-position: center !important;background-repeat: no-repeat !important;background-size: contain !important;}&#8221;][\/vc_column][vc_column width=&#8221;4\/12&#8243;][vc_empty_space height=&#8221;55px&#8221;][vc_column_text]Para programar la primer publicaci\u00f3n tienes que pinchar con el rat\u00f3n en el d\u00eda que desees, y te aparecer\u00e1 una ventana emergente que te pedir\u00e1 la hora de la publicaci\u00f3n.<\/p>\n<p>Seguidamente te trasladar\u00e1 a Archivo de Posts para que eligas la publicaci\u00f3n que quieras programar y en qu\u00e9 redes sociales quieres hacerlo. Es tan sencillo como hacer clic en las que desees. Solo te quedar\u00e1 si quieres programarlo o publicar ahora.[\/vc_column_text][vc_btn title=&#8221;PRUEBA GRATIS&#8221; style=&#8221;custom&#8221; custom_background=&#8221;#9c495d&#8221; custom_text=&#8221;#ffffff&#8221; shape=&#8221;round&#8221; size=&#8221;lg&#8221; align=&#8221;left&#8221; link=&#8221;url:https%3A%2F%2Ffreetrial.adaoncloud.com%2FadaxFreeExperience%2Fcl|title:PRU%C3%89BALO%20GRATIS&#8221; el_class=&#8221;land-btn&#8221;][\/vc_column][vc_column width=&#8221;1\/12&#8243;][\/vc_column][\/vc_row][vc_row full_width=&#8221;stretch_row&#8221; equal_height=&#8221;yes&#8221; content_placement=&#8221;middle&#8221; css=&#8221;.vc_custom_1613645944803{padding-top: 3% !important;padding-right: 0px !important;padding-bottom: 3% !important;padding-left: 0px !important;}&#8221; el_class=&#8221;ver-align&#8221;][vc_column width=&#8221;1\/12&#8243;][\/vc_column][vc_column width=&#8221;5\/12&#8243;][vc_single_image image=&#8221;1898&#8243; img_size=&#8221;full&#8221;][\/vc_column][vc_column width=&#8221;1\/12&#8243; css=&#8221;.vc_custom_1613645913688{padding-top: 3% !important;padding-right: 0px !important;padding-bottom: 3% !important;padding-left: 0px !important;background-position: center !important;background-repeat: no-repeat !important;background-size: contain !important;}&#8221;][\/vc_column][vc_column width=&#8221;4\/12&#8243;][vc_empty_space height=&#8221;55px&#8221;][vc_column_text]Una vez programes tus primeros posts ver\u00e1s que en el calendario te aparecer\u00e1n con el icono de la red social donde vaya a ser publicado. Haciendo clic sobre el icono de la red social tendr\u00e1s una vista previa del post.<\/p>\n<p>Tambi\u00e9n dispondr\u00e1s de comandos para borrar el post, editarlo, modificar la hora de publicaci\u00f3n o finalmente duplicar la publicaci\u00f3n para el d\u00eda y hora que quieras, las veces que quieras.<\/p>\n<p>En el caso de que te equivocaras en el d\u00eda de la publicaci\u00f3n, no te preocues, podr\u00e1s arrastrar cada post hasta el d\u00eda deseado.[\/vc_column_text][vc_btn title=&#8221;PRUEBA GRATIS&#8221; style=&#8221;custom&#8221; custom_background=&#8221;#9c495d&#8221; custom_text=&#8221;#ffffff&#8221; shape=&#8221;round&#8221; size=&#8221;lg&#8221; align=&#8221;left&#8221; link=&#8221;url:https%3A%2F%2Ffreetrial.adaoncloud.com%2FadaxFreeExperience%2Fcl|title:PRU%C3%89BALO%20GRATIS&#8221; el_class=&#8221;land-btn&#8221;][\/vc_column][vc_column width=&#8221;1\/12&#8243;][\/vc_column][\/vc_row][vc_row full_width=&#8221;stretch_row&#8221; equal_height=&#8221;yes&#8221; content_placement=&#8221;middle&#8221; css=&#8221;.vc_custom_1616147368710{padding-top: 3% !important;padding-right: 0px !important;padding-bottom: 3% !important;padding-left: 0px !important;background-color: #f8f8f8 !important;}&#8221; el_class=&#8221;ver-align hidden-sm hidden-xs&#8221;][vc_column width=&#8221;1\/12&#8243;][\/vc_column][vc_column width=&#8221;4\/12&#8243;][vc_empty_space height=&#8221;55px&#8221;][vc_column_text]Una vez creados tu plan editorial tienes la posibilidad de enviarlo por email para que alguien te pueda dar el Visto Bueno a la planificaci\u00f3n.<\/p>\n<p>Le llegar\u00e1 un correo desde el cual recibir\u00e1 los posts programados por d\u00eda, hora y red social.[\/vc_column_text][vc_btn title=&#8221;PRUEBA GRATIS&#8221; style=&#8221;custom&#8221; custom_background=&#8221;#9c495d&#8221; custom_text=&#8221;#ffffff&#8221; shape=&#8221;round&#8221; size=&#8221;lg&#8221; align=&#8221;left&#8221; link=&#8221;url:https%3A%2F%2Ffreetrial.adaoncloud.com%2FadaxFreeExperience%2Fcl|title:PRU%C3%89BALO%20GRATIS&#8221; el_class=&#8221;land-btn&#8221;][\/vc_column][vc_column width=&#8221;1\/12&#8243; css=&#8221;.vc_custom_1613645913688{padding-top: 3% !important;padding-right: 0px !important;padding-bottom: 3% !important;padding-left: 0px !important;background-position: center !important;background-repeat: no-repeat !important;background-size: contain !important;}&#8221;][\/vc_column][vc_column width=&#8221;5\/12&#8243;][vc_single_image image=&#8221;1897&#8243; img_size=&#8221;full&#8221;][\/vc_column][vc_column width=&#8221;1\/12&#8243;][\/vc_column][\/vc_row][vc_row full_width=&#8221;stretch_row&#8221; equal_height=&#8221;yes&#8221; content_placement=&#8221;middle&#8221; css=&#8221;.vc_custom_1616147378914{padding-top: 3% !important;padding-right: 0px !important;padding-bottom: 3% !important;padding-left: 0px !important;background-color: #f8f8f8 !important;}&#8221; el_class=&#8221;ver-align hidden-lg hidden-md&#8221;][vc_column width=&#8221;1\/12&#8243;][\/vc_column][vc_column width=&#8221;5\/12&#8243;][vc_single_image image=&#8221;1897&#8243; img_size=&#8221;full&#8221;][\/vc_column][vc_column width=&#8221;1\/12&#8243; css=&#8221;.vc_custom_1613645913688{padding-top: 3% !important;padding-right: 0px !important;padding-bottom: 3% !important;padding-left: 0px !important;background-position: center !important;background-repeat: no-repeat !important;background-size: contain !important;}&#8221;][\/vc_column][vc_column width=&#8221;4\/12&#8243;][vc_empty_space height=&#8221;55px&#8221;][vc_column_text]Una vez creados tu plan editorial tienes la posibilidad de enviarlo por email para que alguien te pueda dar el Visto Bueno a la planificaci\u00f3n.<\/p>\n<p>Le llegar\u00e1 un correo desde el cual recibir\u00e1 los posts programados por d\u00eda, hora y red social.[\/vc_column_text][vc_btn title=&#8221;PRUEBA GRATIS&#8221; style=&#8221;custom&#8221; custom_background=&#8221;#9c495d&#8221; custom_text=&#8221;#ffffff&#8221; shape=&#8221;round&#8221; size=&#8221;lg&#8221; align=&#8221;left&#8221; link=&#8221;url:%2Fes%2Fpricing%2F|title:PRU%C3%89BALO%20GRATIS&#8221; el_class=&#8221;land-btn&#8221;][\/vc_column][vc_column width=&#8221;1\/12&#8243;][\/vc_column][\/vc_row][vc_row full_width=&#8221;stretch_row&#8221; equal_height=&#8221;yes&#8221; content_placement=&#8221;middle&#8221; css=&#8221;.vc_custom_1613645944803{padding-top: 3% !important;padding-right: 0px !important;padding-bottom: 3% !important;padding-left: 0px !important;}&#8221; el_class=&#8221;ver-align&#8221;][vc_column width=&#8221;1\/12&#8243;][\/vc_column][vc_column width=&#8221;5\/12&#8243;][vc_single_image image=&#8221;1896&#8243; img_size=&#8221;full&#8221;][\/vc_column][vc_column width=&#8221;1\/12&#8243; css=&#8221;.vc_custom_1613645913688{padding-top: 3% !important;padding-right: 0px !important;padding-bottom: 3% !important;padding-left: 0px !important;background-position: center !important;background-repeat: no-repeat !important;background-size: contain !important;}&#8221;][\/vc_column][vc_column width=&#8221;4\/12&#8243;][vc_empty_space height=&#8221;55px&#8221;][vc_column_text]Al aperturar el email aparecer\u00e1n todos los posts programados, podremos verlos y tendremos tres opciones; rechazarlos, pedir una modificaci\u00f3n o dar el visto bueno.<\/p>\n<p>Dando al bot\u00f3n recharzar estaremos solicitando que den el post de baja del plan editorial.<\/p>\n<p>Si damos al bot\u00f3n \u201cpedir modificaci\u00f3n\u201d podremos escribir lo que queramos que rectifiquen.<\/p>\n<p>Si no rechazamos o solicitamos modificaci\u00f3n, estaremos dando el visto bueno a la publicaci\u00f3n[\/vc_column_text][vc_btn title=&#8221;PRUEBA GRATIS&#8221; style=&#8221;custom&#8221; custom_background=&#8221;#9c495d&#8221; custom_text=&#8221;#ffffff&#8221; shape=&#8221;round&#8221; size=&#8221;lg&#8221; align=&#8221;left&#8221; link=&#8221;url:%2Fes%2Fpricing%2F|title:PRU%C3%89BALO%20GRATIS&#8221; el_class=&#8221;land-btn&#8221;][\/vc_column][vc_column width=&#8221;1\/12&#8243;][\/vc_column][\/vc_row][vc_row full_width=&#8221;stretch_row&#8221; equal_height=&#8221;yes&#8221; content_placement=&#8221;middle&#8221; css=&#8221;.vc_custom_1616147412777{padding-top: 3% !important;padding-right: 0px !important;padding-bottom: 3% !important;padding-left: 0px !important;background-color: #f8f8f8 !important;}&#8221; el_class=&#8221;ver-align hidden-sm hidden-xs&#8221;][vc_column width=&#8221;1\/12&#8243;][\/vc_column][vc_column width=&#8221;4\/12&#8243;][vc_empty_space height=&#8221;55px&#8221;][vc_column_text]Cuando accedamos al calendario veremos que al lado del icono de cada publicaci\u00f3n tenemos una franja vertical que su color indicar\u00e1 su estado.<\/p>\n<p>Por ejemplo si nos lo han rechazado estar\u00e1 en negro, si nos han pedido una modificaci\u00f3n estar\u00e1 en gris y si nos han dado su visto bueno estar\u00e1 en verde y al lado de la hora de publicaci\u00f3n aparecer\u00e1 la imagen de un sobre. Que indica que se ha enviado por correo y han dado su aprobaci\u00f3n.[\/vc_column_text][vc_btn title=&#8221;PRUEBA GRATIS&#8221; style=&#8221;custom&#8221; custom_background=&#8221;#9c495d&#8221; custom_text=&#8221;#ffffff&#8221; shape=&#8221;round&#8221; size=&#8221;lg&#8221; align=&#8221;left&#8221; link=&#8221;url:%2Fes%2Fpricing%2F|title:PRU%C3%89BALO%20GRATIS&#8221; el_class=&#8221;land-btn&#8221;][\/vc_column][vc_column width=&#8221;1\/12&#8243; css=&#8221;.vc_custom_1613645913688{padding-top: 3% !important;padding-right: 0px !important;padding-bottom: 3% !important;padding-left: 0px !important;background-position: center !important;background-repeat: no-repeat !important;background-size: contain !important;}&#8221;][\/vc_column][vc_column width=&#8221;5\/12&#8243;][vc_single_image image=&#8221;1895&#8243; img_size=&#8221;full&#8221;][\/vc_column][vc_column width=&#8221;1\/12&#8243;][\/vc_column][\/vc_row][vc_row full_width=&#8221;stretch_row&#8221; equal_height=&#8221;yes&#8221; content_placement=&#8221;middle&#8221; css=&#8221;.vc_custom_1616147409509{padding-top: 3% !important;padding-right: 0px !important;padding-bottom: 3% !important;padding-left: 0px !important;background-color: #f8f8f8 !important;}&#8221; el_class=&#8221;ver-align hidden-lg hidden-md&#8221;][vc_column width=&#8221;1\/12&#8243;][\/vc_column][vc_column width=&#8221;5\/12&#8243;][vc_single_image image=&#8221;1895&#8243; img_size=&#8221;full&#8221;][\/vc_column][vc_column width=&#8221;1\/12&#8243; css=&#8221;.vc_custom_1613645913688{padding-top: 3% !important;padding-right: 0px !important;padding-bottom: 3% !important;padding-left: 0px !important;background-position: center !important;background-repeat: no-repeat !important;background-size: contain !important;}&#8221;][\/vc_column][vc_column width=&#8221;4\/12&#8243;][vc_empty_space height=&#8221;55px&#8221;][vc_column_text]Cuando accedamos al calendario veremos que al lado del icono de cada publicaci\u00f3n tenemos una franja vertical que su color indicar\u00e1 su estado.<\/p>\n<p>Por ejemplo si nos lo han rechazado estar\u00e1 en negro, si nos han pedido una modificaci\u00f3n estar\u00e1 en gris y si nos han dado su visto bueno estar\u00e1 en verde y al lado de la hora de publicaci\u00f3n aparecer\u00e1 la imagen de un sobre. Que indica que se ha enviado por correo y han dado su aprobaci\u00f3n.[\/vc_column_text][vc_btn title=&#8221;PRUEBA GRATIS&#8221; style=&#8221;custom&#8221; custom_background=&#8221;#9c495d&#8221; custom_text=&#8221;#ffffff&#8221; shape=&#8221;round&#8221; size=&#8221;lg&#8221; align=&#8221;left&#8221; link=&#8221;url:https%3A%2F%2Ffreetrial.adaoncloud.com%2FadaxFreeExperience%2Fcl|title:PRU%C3%89BALO%20GRATIS&#8221; el_class=&#8221;land-btn&#8221;][\/vc_column][vc_column width=&#8221;1\/12&#8243;][\/vc_column][\/vc_row][\/vc_section][vc_row el_class=&#8221;bottomMenu&#8221;][vc_column width=&#8221;1\/3&#8243;][vc_btn title=&#8221;Live webinar | Inscr\u00edbete gratis&#8221; style=&#8221;custom&#8221; custom_background=&#8221;#9c495d&#8221; custom_text=&#8221;#ffffff&#8221; shape=&#8221;round&#8221; size=&#8221;xs&#8221; align=&#8221;left&#8221; i_icon_fontawesome=&#8221;fas fa-circle&#8221; add_icon=&#8221;true&#8221; link=&#8221;url:%2Fcl%2Fwebinars%2F|title:webinars&#8221;][\/vc_column][vc_column width=&#8221;1\/3&#8243;][\/vc_column][vc_column width=&#8221;1\/3&#8243;][\/vc_column][\/vc_row]<\/p>\n","protected":false},"excerpt":{"rendered":"<p>[vc_row full_width=&#8221;stretch_row_content_no_spaces&#8221; equal_height=&#8221;yes&#8221; rtl_reverse=&#8221;yes&#8221; content_placement=&#8221;top&#8221; css=&#8221;.vc_custom_1613661852478{margin-bottom: 0px !important;padding-bottom: 0px !important;}&#8221;][vc_column width=&#8221;1\/3&#8243;][vc_custom_heading text=&#8221;Integra Optimiza Administra&#8221; font_container=&#8221;tag:h1|font_size:60px|text_align:left|color:%23083944&#8243; use_theme_fonts=&#8221;yes&#8221; css_animation=&#8221;fadeInDown&#8221;][vc_column_text css_animation=&#8221;fadeInUp&#8221; el_class=&#8221;paragrafo padding10 font15&#8243;] Social Content Gestiona tus redes sociales desde ADA. Podr\u00e1s crear diversos tipos de contenidos, guardarlos y crear un plan editorial para planificar todo un periodo de tiempo.[\/vc_column_text][vc_btn title=&#8221;PRUEBA GRATIS&#8221; style=&#8221;custom&#8221; custom_background=&#8221;#9c495d&#8221; custom_text=&#8221;#ffffff&#8221; shape=&#8221;round&#8221; size=&#8221;lg&#8221; [&hellip;]<\/p>\n","protected":false},"author":1,"featured_media":0,"parent":0,"menu_order":0,"comment_status":"closed","ping_status":"closed","template":"","meta":{"om_disable_all_campaigns":false},"_links":{"self":[{"href":"https:\/\/www.adaoncloud.com\/cl\/wp-json\/wp\/v2\/pages\/422"}],"collection":[{"href":"https:\/\/www.adaoncloud.com\/cl\/wp-json\/wp\/v2\/pages"}],"about":[{"href":"https:\/\/www.adaoncloud.com\/cl\/wp-json\/wp\/v2\/types\/page"}],"author":[{"embeddable":true,"href":"https:\/\/www.adaoncloud.com\/cl\/wp-json\/wp\/v2\/users\/1"}],"replies":[{"embeddable":true,"href":"https:\/\/www.adaoncloud.com\/cl\/wp-json\/wp\/v2\/comments?post=422"}],"version-history":[{"count":26,"href":"https:\/\/www.adaoncloud.com\/cl\/wp-json\/wp\/v2\/pages\/422\/revisions"}],"predecessor-version":[{"id":8412,"href":"https:\/\/www.adaoncloud.com\/cl\/wp-json\/wp\/v2\/pages\/422\/revisions\/8412"}],"wp:attachment":[{"href":"https:\/\/www.adaoncloud.com\/cl\/wp-json\/wp\/v2\/media?parent=422"}],"curies":[{"name":"wp","href":"https:\/\/api.w.org\/{rel}","templated":true}]}}