{"id":8432,"date":"2022-10-05T12:52:57","date_gmt":"2022-10-05T10:52:57","guid":{"rendered":"https:\/\/www.adaoncloud.com\/cl\/?page_id=8432"},"modified":"2022-10-05T13:58:42","modified_gmt":"2022-10-05T11:58:42","slug":"mide","status":"publish","type":"page","link":"https:\/\/www.adaoncloud.com\/cl\/mide\/","title":{"rendered":"Mide"},"content":{"rendered":"<p>[vc_row full_width=&#8221;stretch_row_content_no_spaces&#8221; equal_height=&#8221;yes&#8221; rtl_reverse=&#8221;yes&#8221; content_placement=&#8221;top&#8221; css=&#8221;.vc_custom_1613661852478{margin-bottom: 0px !important;padding-bottom: 0px !important;}&#8221;][vc_column width=&#8221;1\/3&#8243;][vc_custom_heading text=&#8221;Descubre<br \/>\nMide<br \/>\nMejora&#8221; font_container=&#8221;tag:h1|font_size:55px|text_align:left|color:%23083944&#8243; use_theme_fonts=&#8221;yes&#8221; css_animation=&#8221;fadeInDown&#8221;][vc_column_text css_animation=&#8221;fadeInUp&#8221; el_class=&#8221;paragrafo padding10 font15&#8243;]<\/p>\n<h4>Mide el retorno de tus campa\u00f1as<\/h4>\n<p>Conocer el comportamiento de tus clientes te ayuda a crear campa\u00f1as de marketing m\u00e1s eficaces y a garantizar unos resultados seguros para tus inversiones publicitarias. El m\u00f3dulo Measure tiene una caracter\u00edstica muy valiosa: la capacidad de proporcionar mediciones precisas del comportamiento de los usuarios y guiarlos para descubrir lo que realmente quieren.[\/vc_column_text][vc_btn title=&#8221;Reg\u00edstrate GRATIS&#8221; style=&#8221;custom&#8221; custom_background=&#8221;#9c495d&#8221; custom_text=&#8221;#ffffff&#8221; shape=&#8221;round&#8221; size=&#8221;lg&#8221; align=&#8221;left&#8221; css_animation=&#8221;fadeInUp&#8221; link=&#8221;url:https%3A%2F%2Ffreetrial.adaoncloud.com%2FadaxFree%2Fes|title:Reg%C3%ADstrate%20GRATIS&#8221;][\/vc_column][vc_column width=&#8221;2\/3&#8243; css=&#8221;.vc_custom_1664963572794{margin-bottom: -30px !important;background-position: center !important;background-repeat: no-repeat !important;background-size: contain !important;}&#8221;][vc_single_image image=&#8221;8436&#8243; img_size=&#8221;full&#8221;][\/vc_column][\/vc_row][vc_section full_width=&#8221;stretch_row&#8221; css=&#8221;.vc_custom_1605103445882{margin-bottom: 0px !important;padding-bottom: 0px !important;background-color: #ffffff !important;}&#8221;][vc_row full_width=&#8221;stretch_row_content_no_spaces&#8221; content_placement=&#8221;top&#8221; css=&#8221;.vc_custom_1613662224239{padding-top: 50px !important;padding-right: 0px !important;padding-left: 0px !important;background-color: #1f9f97 !important;}&#8221;][vc_column css=&#8221;.vc_custom_1604939591857{padding-right: 5% !important;padding-left: 5% !important;}&#8221;][vc_row_inner][vc_column_inner width=&#8221;1\/2&#8243;][vc_single_image image=&#8221;8437&#8243; img_size=&#8221;full&#8221; css_animation=&#8221;flipInY&#8221;][vc_empty_space height=&#8221;35px&#8221;][\/vc_column_inner][vc_column_inner width=&#8221;1\/2&#8243;][vc_empty_space height=&#8221;55px&#8221;][vc_custom_heading text=&#8221;N\u00fameros precisos para campa\u00f1as infalibles&#8221; font_container=&#8221;tag:h2|text_align:left|color:%23ffffff&#8221; use_theme_fonts=&#8221;yes&#8221; css_animation=&#8221;fadeInDown&#8221;][vc_column_text]<\/p>\n<p style=\"text-align: left; color: #fff; font-size: 1.6rem; font-family: 'montserrat';\">Puedes interpretar el comportamiento de los usuarios que han visitado tus Landing Pages, navegado por tus StoryTelling, visto tus MovieTelling o le\u00eddo tus Emails y convertir esta informaci\u00f3n en n\u00fameros y m\u00e9tricas.<br \/>\nLos dashboards dedicados te gu\u00edan, de un vistazo, hacia los indicadores clave y los KPI.<\/p>\n<p>[\/vc_column_text][vc_empty_space height=&#8221;35px&#8221;][\/vc_column_inner][\/vc_row_inner][\/vc_column][\/vc_row][vc_row full_width=&#8221;stretch_row&#8221; equal_height=&#8221;yes&#8221; content_placement=&#8221;middle&#8221; css=&#8221;.vc_custom_1646232022405{padding-top: 5% !important;padding-right: 0px !important;padding-bottom: 3% !important;padding-left: 0px !important;}&#8221; el_class=&#8221;ver-align hidden-sm hidden-xs&#8221;][vc_column width=&#8221;1\/12&#8243;][\/vc_column][vc_column width=&#8221;5\/12&#8243;][vc_column_text]<\/p>\n<h3>Descubre, mide y mejora tu ROI<\/h3>\n<p>Cada campa\u00f1a es una buena oportunidad para conocer el n\u00famero de p\u00e1ginas visualizadas, las visualizaciones \u00fanicas, los clics en los Call to Action, el navegador utilizado y la ubicaci\u00f3n geogr\u00e1fica de la que proceden las visitas. Para facilitar y hacer m\u00e1s c\u00f3moda la consulta, los datos se agrupan en secciones espec\u00edficas y se muestran con gr\u00e1ficos e im\u00e1genes. S\u00f3lo te queda aprovechar las mejores oportunidades y aumentar el ROI de cada proyecto m\u00f3vil.[\/vc_column_text][vc_btn title=&#8221;Reg\u00edstrate GRATIS&#8221; style=&#8221;custom&#8221; custom_background=&#8221;#9c495d&#8221; custom_text=&#8221;#ffffff&#8221; shape=&#8221;round&#8221; size=&#8221;lg&#8221; align=&#8221;left&#8221; css_animation=&#8221;fadeInUp&#8221; link=&#8221;url:https%3A%2F%2Ffreetrial.adaoncloud.com%2FadaxFree%2Fes|title:Reg%C3%ADstrate%20GRATIS&#8221;][\/vc_column][vc_column width=&#8221;5\/12&#8243;][vc_single_image image=&#8221;8438&#8243; img_size=&#8221;full&#8221;][\/vc_column][vc_column width=&#8221;1\/12&#8243;][\/vc_column][\/vc_row][vc_row full_width=&#8221;stretch_row&#8221; equal_height=&#8221;yes&#8221; content_placement=&#8221;middle&#8221; css=&#8221;.vc_custom_1646232030085{padding-top: 5% !important;padding-right: 0px !important;padding-bottom: 3% !important;padding-left: 0px !important;}&#8221; el_class=&#8221;ver-align hidden-md hidden-lg&#8221;][vc_column width=&#8221;1\/12&#8243;][\/vc_column][vc_column width=&#8221;5\/12&#8243;][vc_single_image image=&#8221;8438&#8243; img_size=&#8221;full&#8221;][\/vc_column][vc_column width=&#8221;5\/12&#8243;][vc_column_text]<\/p>\n<h3>Descubre, mide y mejora tu ROI<\/h3>\n<p>Cada campa\u00f1a es una buena oportunidad para conocer el n\u00famero de p\u00e1ginas visualizadas, las visualizaciones \u00fanicas, los clics en los Call to Action, el navegador utilizado y la ubicaci\u00f3n geogr\u00e1fica de la que proceden las visitas. Para facilitar y hacer m\u00e1s c\u00f3moda la consulta, los datos se agrupan en secciones espec\u00edficas y se muestran con gr\u00e1ficos e im\u00e1genes. S\u00f3lo te queda aprovechar las mejores oportunidades y aumentar el ROI de cada proyecto m\u00f3vil.[\/vc_column_text][vc_btn title=&#8221;Reg\u00edstrate GRATIS&#8221; style=&#8221;custom&#8221; custom_background=&#8221;#9c495d&#8221; custom_text=&#8221;#ffffff&#8221; shape=&#8221;round&#8221; size=&#8221;lg&#8221; align=&#8221;left&#8221; css_animation=&#8221;fadeInUp&#8221; link=&#8221;url:https%3A%2F%2Ffreetrial.adaoncloud.com%2FadaxFree%2Fes|title:Reg%C3%ADstrate%20GRATIS&#8221;][\/vc_column][vc_column width=&#8221;1\/12&#8243;][\/vc_column][\/vc_row][vc_row full_width=&#8221;stretch_row&#8221; equal_height=&#8221;yes&#8221; content_placement=&#8221;middle&#8221; css=&#8221;.vc_custom_1646232080504{padding-top: 3% !important;padding-right: 0px !important;padding-bottom: 3% !important;padding-left: 0px !important;background-color: #f8f8f8 !important;}&#8221; el_class=&#8221;ver-align&#8221;][vc_column width=&#8221;1\/12&#8243;][\/vc_column][vc_column width=&#8221;5\/12&#8243;][vc_single_image image=&#8221;8439&#8243; img_size=&#8221;full&#8221;][\/vc_column][vc_column width=&#8221;1\/12&#8243;][\/vc_column][vc_column width=&#8221;4\/12&#8243;][vc_empty_space height=&#8221;55px&#8221;][vc_column_text]<\/p>\n<h3>Email Marketing analytics<\/h3>\n<p>El verdadero \u00e9xito de una campa\u00f1a de email no se detiene en la apertura o el clic; sigue la actividad de los destinatarios individualmente incluso despu\u00e9s de la apertura y eval\u00faa si se han conseguido los resultados esperados.<br \/>\nUn sistema avanzado de medici\u00f3n de los principales par\u00e1metros: desde la tasa de entrega (Delivery Rate) hasta el n\u00famero de mensajes rechazados por el servidor (Hard y Soft Bounce), desde los mensajes le\u00eddos (Open Rate) hasta el n\u00famero de usuarios que convirtieron (Conversion Rate).<br \/>\nAccede a las estad\u00edsticas de cada usuario individual como el origen de sus clics, para que puedas mejorar la calidad de tu lista y medir el coste por conversi\u00f3n y el retorno de la inversi\u00f3n.<br \/>\n[\/vc_column_text][vc_btn title=&#8221;Reg\u00edstrate GRATIS&#8221; style=&#8221;custom&#8221; custom_background=&#8221;#9c495d&#8221; custom_text=&#8221;#ffffff&#8221; shape=&#8221;round&#8221; size=&#8221;lg&#8221; align=&#8221;left&#8221; css_animation=&#8221;fadeInUp&#8221; link=&#8221;url:https%3A%2F%2Ffreetrial.adaoncloud.com%2FadaxFree%2Fes|title:Reg%C3%ADstrate%20GRATIS&#8221;][\/vc_column][vc_column width=&#8221;1\/12&#8243;][\/vc_column][\/vc_row][vc_row full_width=&#8221;stretch_row&#8221; equal_height=&#8221;yes&#8221; content_placement=&#8221;middle&#8221; css=&#8221;.vc_custom_1625482695819{padding-top: 3% !important;padding-right: 0px !important;padding-bottom: 3% !important;padding-left: 0px !important;}&#8221; el_class=&#8221;ver-align hidden-sm hidden-xs&#8221;][vc_column width=&#8221;1\/12&#8243;][\/vc_column][vc_column width=&#8221;5\/12&#8243; css=&#8221;.vc_custom_1613645913688{padding-top: 3% !important;padding-right: 0px !important;padding-bottom: 3% !important;padding-left: 0px !important;background-position: center !important;background-repeat: no-repeat !important;background-size: contain !important;}&#8221;][vc_empty_space height=&#8221;55px&#8221;][vc_column_text]<\/p>\n<h3>SMS Analytics<\/h3>\n<p>Gracias a la localizaci\u00f3n presente en los links enviados a trav\u00e9s de SMS, puedes controlar el comportamiento de tus usuarios. Tendr\u00e1s una visi\u00f3n completa de tus campa\u00f1as de SMS gracias a los informes estad\u00edsticos detallados, por campa\u00f1a y por destinatario. Un sistema de notificaci\u00f3n vinculado a los operadores telef\u00f3nicos te permite saber qu\u00e9 n\u00fameros de tel\u00e9fono m\u00f3vil han recibido tu mensaje.[\/vc_column_text][vc_btn title=&#8221;Reg\u00edstrate GRATIS&#8221; style=&#8221;custom&#8221; custom_background=&#8221;#9c495d&#8221; custom_text=&#8221;#ffffff&#8221; shape=&#8221;round&#8221; size=&#8221;lg&#8221; align=&#8221;left&#8221; css_animation=&#8221;fadeInUp&#8221; link=&#8221;url:https%3A%2F%2Ffreetrial.adaoncloud.com%2FadaxFree%2Fes|title:Reg%C3%ADstrate%20GRATIS&#8221;][\/vc_column][vc_column width=&#8221;5\/12&#8243;][vc_empty_space height=&#8221;65px&#8221;][vc_single_image image=&#8221;8440&#8243; img_size=&#8221;full&#8221;][\/vc_column][vc_column width=&#8221;1\/12&#8243;][\/vc_column][\/vc_row][vc_row full_width=&#8221;stretch_row&#8221; equal_height=&#8221;yes&#8221; content_placement=&#8221;middle&#8221; css=&#8221;.vc_custom_1646232132085{padding-top: 3% !important;padding-right: 0px !important;padding-bottom: 3% !important;padding-left: 0px !important;}&#8221; el_class=&#8221;ver-align hidden-md hidden-lg&#8221;][vc_column width=&#8221;1\/12&#8243;][\/vc_column][vc_column width=&#8221;5\/12&#8243;][vc_empty_space height=&#8221;65px&#8221;][vc_single_image image=&#8221;8440&#8243; img_size=&#8221;full&#8221;][\/vc_column][vc_column width=&#8221;5\/12&#8243; css=&#8221;.vc_custom_1613645913688{padding-top: 3% !important;padding-right: 0px !important;padding-bottom: 3% !important;padding-left: 0px !important;background-position: center !important;background-repeat: no-repeat !important;background-size: contain !important;}&#8221;][vc_empty_space height=&#8221;55px&#8221;][vc_column_text]<\/p>\n<h3>SMS Analytics<\/h3>\n<p>Gracias a la localizaci\u00f3n presente en los links enviados a trav\u00e9s de SMS, puedes controlar el comportamiento de tus usuarios. Tendr\u00e1s una visi\u00f3n completa de tus campa\u00f1as de SMS gracias a los informes estad\u00edsticos detallados, por campa\u00f1a y por destinatario. Un sistema de notificaci\u00f3n vinculado a los operadores telef\u00f3nicos te permite saber qu\u00e9 n\u00fameros de tel\u00e9fono m\u00f3vil han recibido tu mensaje.[\/vc_column_text][vc_btn title=&#8221;Reg\u00edstrate GRATIS&#8221; style=&#8221;custom&#8221; custom_background=&#8221;#9c495d&#8221; custom_text=&#8221;#ffffff&#8221; shape=&#8221;round&#8221; size=&#8221;lg&#8221; align=&#8221;left&#8221; css_animation=&#8221;fadeInUp&#8221; link=&#8221;url:https%3A%2F%2Ffreetrial.adaoncloud.com%2FadaxFree%2Fes|title:Reg%C3%ADstrate%20GRATIS&#8221;][\/vc_column][vc_column width=&#8221;1\/12&#8243;][\/vc_column][\/vc_row][\/vc_section][vc_row full_width=&#8221;stretch_row&#8221; equal_height=&#8221;yes&#8221; content_placement=&#8221;middle&#8221; css=&#8221;.vc_custom_1625482695819{padding-top: 3% !important;padding-right: 0px !important;padding-bottom: 3% !important;padding-left: 0px !important;}&#8221; el_class=&#8221;ver-align hidden-sm hidden-xs&#8221;][vc_column width=&#8221;1\/12&#8243;][\/vc_column][vc_column width=&#8221;5\/12&#8243;][vc_empty_space height=&#8221;65px&#8221;][vc_single_image image=&#8221;8441&#8243; img_size=&#8221;full&#8221;][\/vc_column][vc_column width=&#8221;5\/12&#8243; css=&#8221;.vc_custom_1613645913688{padding-top: 3% !important;padding-right: 0px !important;padding-bottom: 3% !important;padding-left: 0px !important;background-position: center !important;background-repeat: no-repeat !important;background-size: contain !important;}&#8221;][vc_empty_space height=&#8221;55px&#8221;][vc_column_text]<\/p>\n<h3>M\u00e9tricas Notificaciones Push<\/h3>\n<p>Descubre la tasa de apertura y de engagement de tus campa\u00f1as de Notificaciones Push. Conoce exactamente qu\u00e9 usuarios han abierto y hecho clic en tus notificaciones y CTAs relacionados. As\u00ed, analiza la eficacia de tus campa\u00f1as y mejora constantemente el resultado final y los objetivos de conversi\u00f3n.[\/vc_column_text][vc_btn title=&#8221;Reg\u00edstrate GRATIS&#8221; style=&#8221;custom&#8221; custom_background=&#8221;#9c495d&#8221; custom_text=&#8221;#ffffff&#8221; shape=&#8221;round&#8221; size=&#8221;lg&#8221; align=&#8221;left&#8221; css_animation=&#8221;fadeInUp&#8221; link=&#8221;url:https%3A%2F%2Ffreetrial.adaoncloud.com%2FadaxFree%2Fes|title:Reg%C3%ADstrate%20GRATIS&#8221;][\/vc_column][vc_column width=&#8221;1\/12&#8243;][\/vc_column][\/vc_row][vc_row full_width=&#8221;stretch_row&#8221; equal_height=&#8221;yes&#8221; content_placement=&#8221;middle&#8221; css=&#8221;.vc_custom_1625482695819{padding-top: 3% !important;padding-right: 0px !important;padding-bottom: 3% !important;padding-left: 0px !important;}&#8221; el_class=&#8221;ver-align hidden-sm hidden-xs&#8221;][vc_column width=&#8221;1\/12&#8243;][\/vc_column][vc_column width=&#8221;5\/12&#8243; css=&#8221;.vc_custom_1613645913688{padding-top: 3% !important;padding-right: 0px !important;padding-bottom: 3% !important;padding-left: 0px !important;background-position: center !important;background-repeat: no-repeat !important;background-size: contain !important;}&#8221;][vc_empty_space height=&#8221;55px&#8221;][vc_column_text]<\/p>\n<h3>Mide los flujos de los Asistentes Virtuales<\/h3>\n<p>Mide la capacidad de conversaci\u00f3n y la tasa de engagement con datos e informaci\u00f3n detallada. Consulta los dashboards para visualizar el rendimiento de los Asistentes Virtuales y monitorea la calidad de las conversaciones. Crea comunicaciones espec\u00edficas y personalizadas identificando los temas de conversaci\u00f3n m\u00e1s discutidos y buscados.[\/vc_column_text][vc_btn title=&#8221;Reg\u00edstrate GRATIS&#8221; style=&#8221;custom&#8221; custom_background=&#8221;#9c495d&#8221; custom_text=&#8221;#ffffff&#8221; shape=&#8221;round&#8221; size=&#8221;lg&#8221; align=&#8221;left&#8221; css_animation=&#8221;fadeInUp&#8221; link=&#8221;url:https%3A%2F%2Ffreetrial.adaoncloud.com%2FadaxFree%2Fes|title:Reg%C3%ADstrate%20GRATIS&#8221;][\/vc_column][vc_column width=&#8221;5\/12&#8243;][vc_empty_space height=&#8221;65px&#8221;][vc_single_image image=&#8221;8443&#8243; img_size=&#8221;full&#8221;][\/vc_column][vc_column width=&#8221;1\/12&#8243;][\/vc_column][\/vc_row][vc_row full_width=&#8221;stretch_row&#8221; equal_height=&#8221;yes&#8221; content_placement=&#8221;middle&#8221; css=&#8221;.vc_custom_1646232132085{padding-top: 3% !important;padding-right: 0px !important;padding-bottom: 3% !important;padding-left: 0px !important;}&#8221; el_class=&#8221;ver-align hidden-md hidden-lg&#8221;][vc_column width=&#8221;1\/12&#8243;][\/vc_column][vc_column width=&#8221;5\/12&#8243;][vc_empty_space height=&#8221;65px&#8221;][vc_single_image image=&#8221;8443&#8243; img_size=&#8221;full&#8221;][\/vc_column][vc_column width=&#8221;5\/12&#8243; css=&#8221;.vc_custom_1613645913688{padding-top: 3% !important;padding-right: 0px !important;padding-bottom: 3% !important;padding-left: 0px !important;background-position: center !important;background-repeat: no-repeat !important;background-size: contain !important;}&#8221;][vc_empty_space height=&#8221;55px&#8221;][vc_column_text]<\/p>\n<h3>Mide los flujos de los Asistentes Virtuales<\/h3>\n<p>Mide la capacidad de conversaci\u00f3n y la tasa de engagement con datos e informaci\u00f3n detallada. Consulta los dashboards para visualizar el rendimiento de los Asistentes Virtuales y monitorea la calidad de las conversaciones. Crea comunicaciones espec\u00edficas y personalizadas identificando los temas de conversaci\u00f3n m\u00e1s discutidos y buscados.[\/vc_column_text][vc_btn title=&#8221;Reg\u00edstrate GRATIS&#8221; style=&#8221;custom&#8221; custom_background=&#8221;#9c495d&#8221; custom_text=&#8221;#ffffff&#8221; shape=&#8221;round&#8221; size=&#8221;lg&#8221; align=&#8221;left&#8221; css_animation=&#8221;fadeInUp&#8221; link=&#8221;url:https%3A%2F%2Ffreetrial.adaoncloud.com%2FadaxFree%2Fes|title:Reg%C3%ADstrate%20GRATIS&#8221;][\/vc_column][vc_column width=&#8221;1\/12&#8243;][\/vc_column][\/vc_row][vc_row el_class=&#8221;bottomMenu&#8221;][vc_column width=&#8221;1\/3&#8243;][vc_btn title=&#8221;Live webinar | Inscr\u00edbete gratis&#8221; style=&#8221;custom&#8221; custom_background=&#8221;#9c495d&#8221; custom_text=&#8221;#ffffff&#8221; shape=&#8221;round&#8221; size=&#8221;xs&#8221; align=&#8221;left&#8221; i_icon_fontawesome=&#8221;fas fa-circle&#8221; add_icon=&#8221;true&#8221; link=&#8221;url:http%3A%2F%2Fes%2Fwebinars%2F|title:webinars&#8221;][\/vc_column][vc_column width=&#8221;1\/3&#8243;][\/vc_column][vc_column width=&#8221;1\/3&#8243;][\/vc_column][\/vc_row]<\/p>\n","protected":false},"excerpt":{"rendered":"<p>[vc_row full_width=&#8221;stretch_row_content_no_spaces&#8221; equal_height=&#8221;yes&#8221; rtl_reverse=&#8221;yes&#8221; content_placement=&#8221;top&#8221; css=&#8221;.vc_custom_1613661852478{margin-bottom: 0px !important;padding-bottom: 0px !important;}&#8221;][vc_column width=&#8221;1\/3&#8243;][vc_custom_heading text=&#8221;Descubre Mide Mejora&#8221; font_container=&#8221;tag:h1|font_size:55px|text_align:left|color:%23083944&#8243; use_theme_fonts=&#8221;yes&#8221; css_animation=&#8221;fadeInDown&#8221;][vc_column_text css_animation=&#8221;fadeInUp&#8221; el_class=&#8221;paragrafo padding10 font15&#8243;] Mide el retorno de tus campa\u00f1as Conocer el comportamiento de tus clientes te ayuda a crear campa\u00f1as de marketing m\u00e1s eficaces y a garantizar unos resultados seguros para tus inversiones publicitarias. El m\u00f3dulo Measure [&hellip;]<\/p>\n","protected":false},"author":1,"featured_media":0,"parent":0,"menu_order":0,"comment_status":"closed","ping_status":"closed","template":"","meta":{"om_disable_all_campaigns":false},"_links":{"self":[{"href":"https:\/\/www.adaoncloud.com\/cl\/wp-json\/wp\/v2\/pages\/8432"}],"collection":[{"href":"https:\/\/www.adaoncloud.com\/cl\/wp-json\/wp\/v2\/pages"}],"about":[{"href":"https:\/\/www.adaoncloud.com\/cl\/wp-json\/wp\/v2\/types\/page"}],"author":[{"embeddable":true,"href":"https:\/\/www.adaoncloud.com\/cl\/wp-json\/wp\/v2\/users\/1"}],"replies":[{"embeddable":true,"href":"https:\/\/www.adaoncloud.com\/cl\/wp-json\/wp\/v2\/comments?post=8432"}],"version-history":[{"count":4,"href":"https:\/\/www.adaoncloud.com\/cl\/wp-json\/wp\/v2\/pages\/8432\/revisions"}],"predecessor-version":[{"id":8435,"href":"https:\/\/www.adaoncloud.com\/cl\/wp-json\/wp\/v2\/pages\/8432\/revisions\/8435"}],"wp:attachment":[{"href":"https:\/\/www.adaoncloud.com\/cl\/wp-json\/wp\/v2\/media?parent=8432"}],"curies":[{"name":"wp","href":"https:\/\/api.w.org\/{rel}","templated":true}]}}