{"id":925,"date":"2020-12-09T16:56:29","date_gmt":"2020-12-09T15:56:29","guid":{"rendered":"https:\/\/newadaoncloud.staging.thedigitalbox.com\/es\/?page_id=925"},"modified":"2022-10-04T12:21:54","modified_gmt":"2022-10-04T10:21:54","slug":"customer-data-platform-cdp","status":"publish","type":"page","link":"https:\/\/www.adaoncloud.com\/cl\/customer-data-platform-cdp\/","title":{"rendered":"Customer Data Platform (CDP)"},"content":{"rendered":"<p>[vc_row full_width=&#8221;stretch_row_content_no_spaces&#8221; equal_height=&#8221;yes&#8221; rtl_reverse=&#8221;yes&#8221; content_placement=&#8221;top&#8221;][vc_column width=&#8221;1\/3&#8243;][vc_custom_heading text=&#8221;Gestiona<br \/>\nControla<br \/>\nPerfila&#8221; font_container=&#8221;tag:h1|font_size:70px|text_align:left|color:%23083944&#8243; use_theme_fonts=&#8221;yes&#8221; css_animation=&#8221;fadeInDown&#8221;][vc_column_text css_animation=&#8221;fadeInUp&#8221; el_class=&#8221;paragrafo padding10 font15&#8243;]<\/p>\n<h4>Customer Data Plataform (CDP)<\/h4>\n<p>Gracias a la CDP de ADA podr\u00e1s a\u00f1adir tu base de datos en un entorno profesional, dividirlo en grupos y creando segmentaci\u00f3n para entender todas las necesidades del client.[\/vc_column_text][vc_btn title=&#8221;Reg\u00edstrate GRATIS&#8221; style=&#8221;custom&#8221; custom_background=&#8221;#9c495d&#8221; custom_text=&#8221;#ffffff&#8221; shape=&#8221;round&#8221; size=&#8221;lg&#8221; align=&#8221;left&#8221; css_animation=&#8221;fadeInUp&#8221; link=&#8221;url:https%3A%2F%2Ffreetrial.adaoncloud.com%2FadaxFreeExperience%2Fcl&#8221;][\/vc_column][vc_column width=&#8221;2\/3&#8243; css=&#8221;.vc_custom_1632221457124{background-image: url(https:\/\/www.adaoncloud.com\/cl\/wp-content\/uploads\/sites\/14\/2021\/09\/cdp-testimonial.png?id=8148) !important;background-position: center !important;background-repeat: no-repeat !important;background-size: contain !important;}&#8221;][vc_single_image image=&#8221;8148&#8243; img_size=&#8221;full&#8221; alignment=&#8221;right&#8221; el_class=&#8221;visible-hidden&#8221;][\/vc_column][\/vc_row][vc_section full_width=&#8221;stretch_row&#8221; css=&#8221;.vc_custom_1605103445882{margin-bottom: 0px !important;padding-bottom: 0px !important;background-color: #ffffff !important;}&#8221;][vc_row full_width=&#8221;stretch_row&#8221; css=&#8221;.vc_custom_1664878350438{padding-top: 3% !important;padding-right: 0px !important;padding-bottom: 3% !important;padding-left: 0px !important;background-color: #f8f8f8 !important;}&#8221; el_class=&#8221; hidden-sm hidden-xs&#8221;][vc_column width=&#8221;1\/12&#8243; css=&#8221;.vc_custom_1605084525184{padding-right: 5% !important;padding-left: 5% !important;}&#8221;][\/vc_column][vc_column width=&#8221;4\/12&#8243; css=&#8221;.vc_custom_1610560406269{padding-right: 3% !important;}&#8221;][vc_empty_space height=&#8221;35px&#8221;][vc_column_text el_class=&#8221;listado&#8221;]<\/p>\n<h3>Un panel de control <i>sencillo<\/i> donde gestionar tu base de datos<\/h3>\n<p>[\/vc_column_text][vc_column_text el_class=&#8221;listado&#8221;]El ordenar la base de datos correctamente es fundamental. En el panel de control de ADA, podr\u00e1s ver de una pincelada cuantos pefiles tienes, cuantos con email y con n\u00famero de m\u00f3vil. Podr\u00e1s ordenarlos por grupos, crear segmentos y hasta tendr\u00e1s alertas de emails no verificados, bajas y en referencia a la RGPD te avisar\u00e1 de qu\u00e9 contactos no te han dado el consentimiento de marketing y el de perfilar.[\/vc_column_text][vc_btn title=&#8221;Reg\u00edstrate GRATIS&#8221; style=&#8221;custom&#8221; custom_background=&#8221;#9c495d&#8221; custom_text=&#8221;#ffffff&#8221; shape=&#8221;round&#8221; size=&#8221;lg&#8221; align=&#8221;left&#8221; link=&#8221;url:https%3A%2F%2Ffreetrial.adaoncloud.com%2FadaxFreeExperience%2Fcl&#8221; el_class=&#8221;land-btn&#8221;][\/vc_column][vc_column width=&#8221;1\/12&#8243;][\/vc_column][vc_column width=&#8221;5\/12&#8243; css=&#8221;.vc_custom_1632220984826{background-position: center !important;background-repeat: no-repeat !important;background-size: contain !important;}&#8221;][vc_single_image image=&#8221;8146&#8243; img_size=&#8221;full&#8221;][\/vc_column][vc_column width=&#8221;1\/12&#8243;][\/vc_column][\/vc_row][vc_row full_width=&#8221;stretch_row&#8221; css=&#8221;.vc_custom_1664878359221{padding-top: 3% !important;padding-right: 0px !important;padding-bottom: 3% !important;padding-left: 0px !important;background-color: #f8f8f8 !important;}&#8221; el_class=&#8221;hidden-lg hidden-md&#8221;][vc_column width=&#8221;1\/12&#8243; css=&#8221;.vc_custom_1605084525184{padding-right: 5% !important;padding-left: 5% !important;}&#8221;][\/vc_column][vc_column width=&#8221;5\/12&#8243; css=&#8221;.vc_custom_1632221403114{background-position: center !important;background-repeat: no-repeat !important;background-size: contain !important;}&#8221;][vc_single_image image=&#8221;8146&#8243; img_size=&#8221;full&#8221;][\/vc_column][vc_column width=&#8221;1\/12&#8243;][\/vc_column][vc_column width=&#8221;4\/12&#8243; css=&#8221;.vc_custom_1610560406269{padding-right: 3% !important;}&#8221;][vc_empty_space height=&#8221;35px&#8221;][vc_column_text el_class=&#8221;listado&#8221;]<\/p>\n<h3>Un panel de control <i>sencillo<\/i> donde gestionar tu base de datos<\/h3>\n<p>[\/vc_column_text][vc_column_text el_class=&#8221;listado&#8221;]El ordenar la base de datos correctamente es fundamental. En el panel de control de ADA, podr\u00e1s ver de una pincelada cuantos pefiles tienes, cuantos con email y con n\u00famero de m\u00f3vil. Podr\u00e1s ordenarlos por grupos, crear segmentos y hasta tendr\u00e1s alertas de emails no verificados, bajas y en referencia a la RGPD te avisar\u00e1 de qu\u00e9 contactos no te han dado el consentimiento de marketing y el de perfilar.[\/vc_column_text][vc_btn title=&#8221;Reg\u00edstrate GRATIS&#8221; style=&#8221;custom&#8221; custom_background=&#8221;#9c495d&#8221; custom_text=&#8221;#ffffff&#8221; shape=&#8221;round&#8221; size=&#8221;lg&#8221; align=&#8221;left&#8221; link=&#8221;url:https%3A%2F%2Ffreetrial.adaoncloud.com%2FadaxFreeExperience%2Fcl|title:Reg%C3%ADstrate%20GRATIS&#8221; el_class=&#8221;land-btn&#8221;][\/vc_column][vc_column width=&#8221;1\/12&#8243;][\/vc_column][\/vc_row][vc_row full_width=&#8221;stretch_row&#8221; equal_height=&#8221;yes&#8221; content_placement=&#8221;top&#8221; css=&#8221;.vc_custom_1664878367174{margin-right: 0px !important;margin-left: 0px !important;padding-top: 3% !important;padding-right: 0px !important;padding-bottom: 3% !important;padding-left: 0px !important;}&#8221;][vc_column width=&#8221;1\/12&#8243;][\/vc_column][vc_column width=&#8221;5\/12&#8243; css=&#8221;.vc_custom_1632221639349{padding-right: 0px !important;padding-left: 0px !important;background-image: url(https:\/\/www.adaoncloud.com\/cl\/wp-content\/uploads\/sites\/14\/2021\/09\/customerdata-2.png?id=8152) !important;background-position: center !important;background-repeat: no-repeat !important;background-size: contain !important;}&#8221;][vc_single_image image=&#8221;8152&#8243; img_size=&#8221;full&#8221; alignment=&#8221;center&#8221; el_class=&#8221;visible-hidden&#8221;][\/vc_column][vc_column width=&#8221;1\/12&#8243;][\/vc_column][vc_column width=&#8221;4\/12&#8243;][vc_empty_space height=&#8221;35px&#8221;][vc_column_text]De una manera muy sencilla podr\u00e1s desde los botones superiores:<\/p>\n<ul>\n<li>Crear perfiles manualmente<\/li>\n<li>Importarlos desde un excel<\/li>\n<li>Ordenarlos por Grupos<\/li>\n<li>Crear segmentos en funci\u00f3n de sus gustos<\/li>\n<li>Crear nuevos campos para poder segmentar con m\u00e1s precisi\u00f3n<\/li>\n<li>Verificar los emails para evitar rebotes en las campa\u00f1as de mailing<\/li>\n<li>Perfilar para crear grupos y segmentos<\/li>\n<\/ul>\n<p>[\/vc_column_text][vc_btn title=&#8221;Reg\u00edstrate GRATIS&#8221; style=&#8221;custom&#8221; custom_background=&#8221;#9c495d&#8221; custom_text=&#8221;#ffffff&#8221; shape=&#8221;round&#8221; size=&#8221;lg&#8221; align=&#8221;left&#8221; link=&#8221;url:https%3A%2F%2Ffreetrial.adaoncloud.com%2FadaxFreeExperience%2Fcl|title:Reg%C3%ADstrate%20GRATIS&#8221; el_class=&#8221;land-btn&#8221;][\/vc_column][vc_column width=&#8221;1\/12&#8243;][\/vc_column][\/vc_row][vc_row full_width=&#8221;stretch_row_content&#8221; css=&#8221;.vc_custom_1615390778028{padding-top: 30px !important;background-color: #1f9f97 !important;}&#8221;][vc_column][vc_row_inner css=&#8221;.vc_custom_1615390527374{padding-bottom: -20px !important;}&#8221;][vc_column_inner width=&#8221;1\/2&#8243;][vc_empty_space height=&#8221;35px&#8221;][vc_single_image image=&#8221;1607&#8243; img_size=&#8221;medium&#8221; css_animation=&#8221;flipInY&#8221;][vc_column_text]<\/p>\n<h4 style=\"color: #ffffff!important;\">Con el Customer Data Platform (CDP) podemos gestionar nuestra base de datos y las de nuestros clientes de una manera, Sencilla y Eficaz, obteniendo grandes resultados.<\/h4>\n<p><sub class=\"citado\" style=\"color: #ffffff!important;\"><strong>Francisco Garc\u00eda<\/strong> | <em>CEO Good Social Media<\/em><\/sub>[\/vc_column_text][\/vc_column_inner][vc_column_inner width=&#8221;1\/2&#8243; css=&#8221;.vc_custom_1615390551314{padding-bottom: -20px !important;}&#8221;][vc_single_image image=&#8221;1818&#8243; img_size=&#8221;full&#8221;][\/vc_column_inner][\/vc_row_inner][\/vc_column][\/vc_row][vc_row full_width=&#8221;stretch_row&#8221; css=&#8221;.vc_custom_1664878499406{padding-top: 3% !important;padding-right: 0px !important;padding-bottom: 3% !important;padding-left: 0px !important;background-color: #f8f8f8 !important;}&#8221; el_class=&#8221;hidden-sm hidden-xs&#8221;][vc_column width=&#8221;1\/12&#8243; css=&#8221;.vc_custom_1605084525184{padding-right: 5% !important;padding-left: 5% !important;}&#8221;][\/vc_column][vc_column width=&#8221;4\/12&#8243; css=&#8221;.vc_custom_1610560406269{padding-right: 3% !important;}&#8221;][vc_empty_space height=&#8221;35px&#8221;][vc_column_text el_class=&#8221;listado&#8221;]<\/p>\n<h3>Controla tus perfiles<\/h3>\n<p>[\/vc_column_text][vc_column_text]De una forma muy visual el Customer Data Platform te avisar\u00e1 de los perfiles que por alg\u00fan motivo no puedas comunicar con ellos, ya sea por:<\/p>\n<ul>\n<li>Correos electr\u00f3nicos No verificados<\/li>\n<li>Perfiles sin consentimiento de marketing<\/li>\n<li>Perfiles sin consentimiento para perfilar<\/li>\n<li>Perfiles que se han dado de baja de email<\/li>\n<\/ul>\n<p>Haciendo clic en cada opci\u00f3n te llevar\u00e1 a una ventana descriptiva de los perfiles que est\u00e1n incluidos en esa acci\u00f3n, pudiendo editarlos, borrarlos, exportarlos y asociar o separar de otros grupos.<\/p>\n<p>Es muy importante saber que los perfiles que tienes en ADA cumplen todos los requisitos para poder comunicar con ellos.[\/vc_column_text][vc_btn title=&#8221;Reg\u00edstrate GRATIS&#8221; style=&#8221;custom&#8221; custom_background=&#8221;#9c495d&#8221; custom_text=&#8221;#ffffff&#8221; shape=&#8221;round&#8221; size=&#8221;lg&#8221; align=&#8221;left&#8221; link=&#8221;url:https%3A%2F%2Ffreetrial.adaoncloud.com%2FadaxFreeExperience%2Fcl|title:PRU%C3%89BALO%20GRATIS&#8221; el_class=&#8221;land-btn&#8221;][\/vc_column][vc_column width=&#8221;1\/12&#8243;][\/vc_column][vc_column width=&#8221;6\/12&#8243; css=&#8221;.vc_custom_1632226527384{background-image: url(https:\/\/www.adaoncloud.com\/cl\/wp-content\/uploads\/sites\/14\/2021\/09\/Customer-Data-profilo-2-1.png?id=8153) !important;background-position: center !important;background-repeat: no-repeat !important;background-size: contain !important;}&#8221;][vc_single_image image=&#8221;8153&#8243; img_size=&#8221;full&#8221;][\/vc_column][\/vc_row][vc_row full_width=&#8221;stretch_row&#8221; css=&#8221;.vc_custom_1664878839568{padding-top: 3% !important;padding-right: 0px !important;padding-bottom: 3% !important;padding-left: 0px !important;background-color: #f8f8f8 !important;}&#8221; el_class=&#8221; hidden-lg hidden-md&#8221;][vc_column width=&#8221;1\/12&#8243; css=&#8221;.vc_custom_1605084525184{padding-right: 5% !important;padding-left: 5% !important;}&#8221;][\/vc_column][vc_column width=&#8221;5\/12&#8243; css=&#8221;.vc_custom_1632221936273{background-position: center !important;background-repeat: no-repeat !important;background-size: contain !important;}&#8221;][vc_single_image image=&#8221;8153&#8243; img_size=&#8221;full&#8221;][\/vc_column][vc_column width=&#8221;1\/12&#8243;][\/vc_column][vc_column width=&#8221;4\/12&#8243; css=&#8221;.vc_custom_1610560406269{padding-right: 3% !important;}&#8221;][vc_empty_space height=&#8221;35px&#8221;][vc_column_text el_class=&#8221;listado&#8221;]<\/p>\n<h3>Controla tus perfiles<\/h3>\n<p>[\/vc_column_text][vc_column_text]De una forma muy visual el Customer Data Platform te avisar\u00e1 de los perfiles que por alg\u00fan motivo no puedas comunicar con ellos, ya sea por:<\/p>\n<ul>\n<li>Correos electr\u00f3nicos No verificados<\/li>\n<li>Perfiles sin consentimiento de marketing<\/li>\n<li>Perfiles sin consentimiento para perfilar<\/li>\n<li>Perfiles que se han dado de baja de email<\/li>\n<\/ul>\n<p>Haciendo clic en cada opci\u00f3n te llevar\u00e1 a una ventana descriptiva de los perfiles que est\u00e1n incluidos en esa acci\u00f3n, pudiendo editarlos, borrarlos, exportarlos y asociar o separar de otros grupos.<\/p>\n<p>Es muy importante saber que los perfiles que tienes en ADA cumplen todos los requisitos para poder comunicar con ellos.[\/vc_column_text][vc_btn title=&#8221;Reg\u00edstrate GRATIS&#8221; style=&#8221;custom&#8221; custom_background=&#8221;#9c495d&#8221; custom_text=&#8221;#ffffff&#8221; shape=&#8221;round&#8221; size=&#8221;lg&#8221; align=&#8221;left&#8221; link=&#8221;url:https%3A%2F%2Ffreetrial.adaoncloud.com%2FadaxFreeExperience%2Fcl&#8221; el_class=&#8221;land-btn&#8221;][\/vc_column][vc_column width=&#8221;1\/12&#8243;][\/vc_column][\/vc_row][vc_row full_width=&#8221;stretch_row&#8221; equal_height=&#8221;yes&#8221; content_placement=&#8221;middle&#8221; css=&#8221;.vc_custom_1664878892411{margin-right: 0px !important;margin-left: 0px !important;padding-top: 3% !important;padding-right: 0px !important;padding-bottom: 3% !important;padding-left: 0px !important;}&#8221;][vc_column width=&#8221;1\/12&#8243; css=&#8221;.vc_custom_1605002971813{padding-right: 5% !important;padding-left: 5% !important;}&#8221;][\/vc_column][vc_column width=&#8221;5\/12&#8243; css=&#8221;.vc_custom_1632226636805{padding-right: 0px !important;padding-left: 0px !important;background-image: url(https:\/\/www.adaoncloud.com\/cl\/wp-content\/uploads\/sites\/14\/2021\/09\/customerdata-4.png?id=8158) !important;background-position: center !important;background-repeat: no-repeat !important;background-size: cover !important;}&#8221;][vc_single_image image=&#8221;8158&#8243; img_size=&#8221;full&#8221; el_class=&#8221;visible-hidden&#8221;][\/vc_column][vc_column width=&#8221;1\/12&#8243;][\/vc_column][vc_column width=&#8221;4\/12&#8243;][vc_empty_space height=&#8221;35px&#8221;][vc_column_text]<\/p>\n<h3>Ord\u00e9nalos en <i>grupos<\/i><\/h3>\n<div>\n<p>Ordena en grupos a tus perfiles en funci\u00f3n de tus objetivos. De una manera muy sencilla podr\u00e1s saber a cu\u00e1ntos grupos pertenece un perfil, cu\u00e1ntos perfiles est\u00e1n en un grupo y su procedencia. Adem\u00e1s podr\u00e1s accecder a la ficha de cada perfil conocer su hist\u00f3rico.<\/p>\n<p>Modifica, Elimina, Convierte tu grupo en p\u00fablico de Facebook. Las herramientas ideales para hacer tus objetivos m\u00e1s f\u00e1ciles.<\/p><\/div>\n<p>[\/vc_column_text][vc_btn title=&#8221;Reg\u00edstrate GRATIS&#8221; style=&#8221;custom&#8221; custom_background=&#8221;#9c495d&#8221; custom_text=&#8221;#ffffff&#8221; shape=&#8221;round&#8221; size=&#8221;lg&#8221; align=&#8221;left&#8221; link=&#8221;url:https%3A%2F%2Ffreetrial.adaoncloud.com%2FadaxFreeExperience%2Fcl&#8221; el_class=&#8221;land-btn&#8221;][vc_empty_space height=&#8221;35px&#8221;][\/vc_column][vc_column width=&#8221;1\/12&#8243;][\/vc_column][\/vc_row][vc_row full_width=&#8221;stretch_row&#8221; css=&#8221;.vc_custom_1664878901450{padding-top: 3% !important;padding-right: 0px !important;padding-bottom: 3% !important;padding-left: 0px !important;background-color: #f8f8f8 !important;}&#8221; el_class=&#8221; hidden-sm hidden-xs&#8221;][vc_column width=&#8221;1\/12&#8243; css=&#8221;.vc_custom_1605084525184{padding-right: 5% !important;padding-left: 5% !important;}&#8221;][\/vc_column][vc_column width=&#8221;4\/12&#8243; css=&#8221;.vc_custom_1610560406269{padding-right: 3% !important;}&#8221;][vc_empty_space height=&#8221;35px&#8221;][vc_column_text el_class=&#8221;listado&#8221;]<\/p>\n<h3>Campa\u00f1as <i>precisas <\/i>a p\u00fablicos <i>espec\u00edficos<\/i><\/h3>\n<p>Cuanto m\u00e1s conozcas a tus perfiles, mejores campa\u00f1as realizaras. Es muy f\u00e1cil conseguir conversiones sabiendo las preferencias y gustos de tus clientes.<\/p>\n<p>Con ADA puedes crear segmentos de p\u00fablico afines al producto o servicio que vayas a promocionar. Crea tantos segmentos como datos obtengas de ellos y aseg\u00farate una campa\u00f1a con tasas de apertura y conversi\u00f3n altas.[\/vc_column_text][vc_btn title=&#8221;Reg\u00edstrate GRATIS&#8221; style=&#8221;custom&#8221; custom_background=&#8221;#9c495d&#8221; custom_text=&#8221;#ffffff&#8221; shape=&#8221;round&#8221; size=&#8221;lg&#8221; align=&#8221;left&#8221; link=&#8221;url:https%3A%2F%2Ffreetrial.adaoncloud.com%2FadaxFreeExperience%2Fcl&#8221; el_class=&#8221;land-btn&#8221;][\/vc_column][vc_column width=&#8221;1\/12&#8243;][\/vc_column][vc_column width=&#8221;6\/12&#8243; css=&#8221;.vc_custom_1610623080658{background-image: url(https:\/\/www.www.adaoncloud.com\/cl\/wp-content\/uploads\/sites\/14\/2021\/01\/segmentacion.jpg?id=1207) !important;}&#8221;][vc_single_image image=&#8221;1207&#8243; img_size=&#8221;full&#8221;][\/vc_column][\/vc_row][vc_row full_width=&#8221;stretch_row&#8221; css=&#8221;.vc_custom_1664878910221{padding-top: 3% !important;padding-right: 0px !important;padding-bottom: 3% !important;padding-left: 0px !important;background-color: #f8f8f8 !important;}&#8221; el_class=&#8221; hidden-lg hidden-md&#8221;][vc_column width=&#8221;1\/12&#8243; css=&#8221;.vc_custom_1605084525184{padding-right: 5% !important;padding-left: 5% !important;}&#8221;][\/vc_column][vc_column width=&#8221;6\/12&#8243; css=&#8221;.vc_custom_1610623080658{background-image: url(https:\/\/www.www.adaoncloud.com\/cl\/wp-content\/uploads\/sites\/14\/2021\/01\/segmentacion.jpg?id=1207) !important;}&#8221;][vc_single_image image=&#8221;1207&#8243; img_size=&#8221;full&#8221;][\/vc_column][vc_column width=&#8221;1\/12&#8243;][\/vc_column][vc_column width=&#8221;4\/12&#8243; css=&#8221;.vc_custom_1610560406269{padding-right: 3% !important;}&#8221;][vc_empty_space height=&#8221;35px&#8221;][vc_column_text el_class=&#8221;listado&#8221;]<\/p>\n<h3>Campa\u00f1as <i>precisas <\/i>a p\u00fablicos <i>espec\u00edficos<\/i><\/h3>\n<p>Cuanto m\u00e1s conozcas a tus perfiles, mejores campa\u00f1as realizaras. Es muy f\u00e1cil conseguir conversiones sabiendo las preferencias y gustos de tus clientes.<\/p>\n<p>Con ADA puedes crear segmentos de p\u00fablico afines al producto o servicio que vayas a promocionar. Crea tantos segmentos como datos obtengas de ellos y aseg\u00farate una campa\u00f1a con tasas de apertura y conversi\u00f3n altas.[\/vc_column_text][vc_btn title=&#8221;Reg\u00edstrate GRATIS&#8221; style=&#8221;custom&#8221; custom_background=&#8221;#9c495d&#8221; custom_text=&#8221;#ffffff&#8221; shape=&#8221;round&#8221; size=&#8221;lg&#8221; align=&#8221;left&#8221; link=&#8221;url:https%3A%2F%2Ffreetrial.adaoncloud.com%2FadaxFreeExperience%2Fcl&#8221; el_class=&#8221;land-btn&#8221;][\/vc_column][\/vc_row][\/vc_section][vc_row el_class=&#8221;bottomMenu&#8221;][vc_column width=&#8221;1\/3&#8243;][vc_btn title=&#8221;Live webinar | Inscr\u00edbete gratis&#8221; style=&#8221;custom&#8221; custom_background=&#8221;#9c495d&#8221; custom_text=&#8221;#ffffff&#8221; shape=&#8221;round&#8221; size=&#8221;xs&#8221; align=&#8221;left&#8221; i_icon_fontawesome=&#8221;fas fa-circle&#8221; add_icon=&#8221;true&#8221; link=&#8221;url:%2Fcl%2Fwebinars%2F|title:webinars&#8221; el_id=&#8221;webinar-btn&#8221;][\/vc_column][vc_column width=&#8221;1\/3&#8243;][\/vc_column][vc_column width=&#8221;1\/3&#8243;][\/vc_column][\/vc_row]<\/p>\n","protected":false},"excerpt":{"rendered":"<p>[vc_row full_width=&#8221;stretch_row_content_no_spaces&#8221; equal_height=&#8221;yes&#8221; rtl_reverse=&#8221;yes&#8221; content_placement=&#8221;top&#8221;][vc_column width=&#8221;1\/3&#8243;][vc_custom_heading text=&#8221;Gestiona Controla Perfila&#8221; font_container=&#8221;tag:h1|font_size:70px|text_align:left|color:%23083944&#8243; use_theme_fonts=&#8221;yes&#8221; css_animation=&#8221;fadeInDown&#8221;][vc_column_text css_animation=&#8221;fadeInUp&#8221; el_class=&#8221;paragrafo padding10 font15&#8243;] Customer Data Plataform (CDP) Gracias a la CDP de ADA podr\u00e1s a\u00f1adir tu base de datos en un entorno profesional, dividirlo en grupos y creando segmentaci\u00f3n para entender todas las necesidades del client.[\/vc_column_text][vc_btn title=&#8221;Reg\u00edstrate GRATIS&#8221; style=&#8221;custom&#8221; custom_background=&#8221;#9c495d&#8221; custom_text=&#8221;#ffffff&#8221; shape=&#8221;round&#8221; [&hellip;]<\/p>\n","protected":false},"author":1,"featured_media":0,"parent":0,"menu_order":0,"comment_status":"closed","ping_status":"closed","template":"","meta":{"om_disable_all_campaigns":false},"_links":{"self":[{"href":"https:\/\/www.adaoncloud.com\/cl\/wp-json\/wp\/v2\/pages\/925"}],"collection":[{"href":"https:\/\/www.adaoncloud.com\/cl\/wp-json\/wp\/v2\/pages"}],"about":[{"href":"https:\/\/www.adaoncloud.com\/cl\/wp-json\/wp\/v2\/types\/page"}],"author":[{"embeddable":true,"href":"https:\/\/www.adaoncloud.com\/cl\/wp-json\/wp\/v2\/users\/1"}],"replies":[{"embeddable":true,"href":"https:\/\/www.adaoncloud.com\/cl\/wp-json\/wp\/v2\/comments?post=925"}],"version-history":[{"count":107,"href":"https:\/\/www.adaoncloud.com\/cl\/wp-json\/wp\/v2\/pages\/925\/revisions"}],"predecessor-version":[{"id":8385,"href":"https:\/\/www.adaoncloud.com\/cl\/wp-json\/wp\/v2\/pages\/925\/revisions\/8385"}],"wp:attachment":[{"href":"https:\/\/www.adaoncloud.com\/cl\/wp-json\/wp\/v2\/media?parent=925"}],"curies":[{"name":"wp","href":"https:\/\/api.w.org\/{rel}","templated":true}]}}