{"id":139,"date":"2020-11-04T15:20:14","date_gmt":"2020-11-04T14:20:14","guid":{"rendered":"https:\/\/newadaoncloud.staging.thedigitalbox.com\/es\/?page_id=139"},"modified":"2021-12-15T15:29:50","modified_gmt":"2021-12-15T14:29:50","slug":"conectividad-por-api","status":"publish","type":"page","link":"https:\/\/www.adaoncloud.com\/es\/conectividad-por-api\/","title":{"rendered":"conectividad por API"},"content":{"rendered":"<p>[vc_section css=\u00bb.vc_custom_1605868152085{margin-top: 0px !important;margin-bottom: 0px !important;background-image: url(https:\/\/www.www.adaoncloud.com\/es\/wp-content\/uploads\/sites\/2\/2020\/11\/Ellipse.png?id=191) !important;background-position: center !important;background-repeat: no-repeat !important;background-size: cover !important;}\u00bb][vc_row css=\u00bb.vc_custom_1604939696796{margin-bottom: 20px !important;background-position: center !important;background-repeat: no-repeat !important;background-size: contain !important;}\u00bb][vc_column][vc_custom_heading text=\u00bbIntegraci\u00f3n con <i>Zapier<\/i>\u00bb font_container=\u00bbtag:h1|text_align:center|color:%23004d58&#8243; use_theme_fonts=\u00bbyes\u00bb el_class=\u00bbtituloprincipal\u00bb][vc_empty_space height=\u00bb50px\u00bb][\/vc_column][\/vc_row][vc_row full_width=\u00bbstretch_row_content\u00bb content_placement=\u00bbtop\u00bb][vc_column width=\u00bb1\/2&#8243; css=\u00bb.vc_custom_1604939591857{padding-right: 5% !important;padding-left: 5% !important;}\u00bb][vc_column_text]La optimizaci\u00f3n del trabajo diario a menudo depende de la capacidad de gestionar diferentes actividades de forma simult\u00e1nea e integrar cualquier software para poder llevarlas a cabo.<\/p>\n<p>Gracias a la integraci\u00f3n de Zapier, ahora puedes conectar tu cuenta ADA con m\u00e1s de 1,000 aplicaciones empresariales y automatizar el intercambio de datos. Optimiza tu tiempo e invi\u00e9rtelo en actividades m\u00e1s importantes, dejando que ADA trabaje con tu software CRM principal y el resto de aplicaciones que utilizas normalmente.[\/vc_column_text][\/vc_column][vc_column width=\u00bb1\/2&#8243; css=\u00bb.vc_custom_1604939602897{padding-right: 0px !important;padding-left: 0px !important;}\u00bb][vc_single_image image=\u00bb489&#8243; img_size=\u00bbfull\u00bb][\/vc_column][\/vc_row][\/vc_section][vc_section full_width=\u00bbstretch_row_content\u00bb el_class=\u00bbsinpading\u00bb][vc_row full_width=\u00bbstretch_row_content\u00bb content_placement=\u00bbmiddle\u00bb][vc_column][vc_row_inner css=\u00bb.vc_custom_1606743285711{margin-top: 0px !important;margin-bottom: 0px !important;padding-top: 5% !important;padding-bottom: 2% !important;background-color: #1f9f97 !important;}\u00bb][vc_column_inner][vc_custom_heading text=\u00bbVentajas de una integraci\u00f3n perfecta\u00bb font_container=\u00bbtag:h2|text_align:center|color:%23ffffff\u00bb use_theme_fonts=\u00bbyes\u00bb][\/vc_column_inner][\/vc_row_inner][vc_row_inner css=\u00bb.vc_custom_1606743299624{padding-right: 30px !important;padding-bottom: 5% !important;padding-left: 30px !important;background-color: #1f9f97 !important;}\u00bb][vc_column_inner width=\u00bb1\/3&#8243;][vc_single_image image=\u00bb504&#8243; img_size=\u00bbfull\u00bb alignment=\u00bbcenter\u00bb css=\u00bb.vc_custom_1606742979765{margin-top: 2% !important;margin-bottom: 2% !important;}\u00bb][vc_empty_space height=\u00bb20px\u00bb][vc_column_text]<\/p>\n<h4 style=\"text-align: center; color: #fff;\">MAYOR PRODUCTIVIDAD<\/h4>\n<p style=\"text-align: center; color: #fff;\">Ahora, conectar ADA a un CRM u otra aplicaci\u00f3n es muy f\u00e1cil. Gracias a la integraci\u00f3n de Zapier, puedes solucionar las necesidades de los clientes y aumentar la eficiencia de tu trabajo en sencillos pasos.<\/p>\n<p>[\/vc_column_text][\/vc_column_inner][vc_column_inner width=\u00bb1\/3&#8243;][vc_single_image image=\u00bb518&#8243; img_size=\u00bbfull\u00bb alignment=\u00bbcenter\u00bb css=\u00bb.vc_custom_1606742987057{margin-top: 2% !important;margin-bottom: 2% !important;}\u00bb][vc_empty_space height=\u00bb20px\u00bb][vc_column_text]<\/p>\n<h4 style=\"text-align: center; color: #fff;\">AHORRO EN TIEMPO<\/h4>\n<p style=\"text-align: center; color: #fff;\">Conecta autom\u00e1ticamente con m\u00e1s de 1,000 aplicaciones diferentes. Todos los contactos conseguidos a trav\u00e9s de HubSpot, Facebook, etc, se importan autom\u00e1ticamente a nuestra plataforma ADA para ser utilizados.<\/p>\n<p>[\/vc_column_text][\/vc_column_inner][vc_column_inner width=\u00bb1\/3&#8243;][vc_single_image image=\u00bb519&#8243; img_size=\u00bbfull\u00bb alignment=\u00bbcenter\u00bb css=\u00bb.vc_custom_1606743000645{margin-top: 2% !important;margin-bottom: 2% !important;}\u00bb][vc_empty_space height=\u00bb20px\u00bb][vc_column_text]<\/p>\n<h4 style=\"text-align: center; color: #fff;\">GESTI\u00d3N SENCILLA<\/h4>\n<p style=\"text-align: center; color: #fff;\">Para conectar ADA con un CRM externo, simplemente necesitas a\u00f1adir una cuenta de Zapier a su cuenta ADA. Inicia sesi\u00f3n en el directorio de Zapier, selecciona la aplicaci\u00f3n que deseas comunicar con ADA y crea un \u00abZap\u00bb, es decir, un flujo de datos autom\u00e1tico entre los dos programas.<\/p>\n<p>[\/vc_column_text][\/vc_column_inner][\/vc_row_inner][\/vc_column][\/vc_row][\/vc_section][vc_section css=\u00bb.vc_custom_1606741343056{padding-top: 5% !important;padding-bottom: 5% !important;background-color: #eeeceb !important;}\u00bb][vc_row][vc_column width=\u00bb5\/12&#8243;][vc_custom_heading text=\u00bbAbrir ADA <em>al mundo<\/em>\u00bb use_theme_fonts=\u00bbyes\u00bb][vc_column_text]Optimiza tu trabajo teniendo ADA conectada a otro software. Hay m\u00e1s de 1,000 aplicaciones para conectarse a tu cuenta, estas son s\u00f3lo algunos de los CRM m\u00e1s populares, listos para la integraci\u00f3n.[\/vc_column_text][\/vc_column][vc_column width=\u00bb7\/12&#8243;][vc_single_image image=\u00bb679&#8243; img_size=\u00bbfull\u00bb][\/vc_column][\/vc_row][\/vc_section][vc_row css=\u00bb.vc_custom_1606741371280{padding-top: 5% !important;padding-bottom: 3% !important;}\u00bb][vc_column][vc_custom_heading text=\u00bbAprovecha ahora la oportunidad\u00bb font_container=\u00bbtag:h1|font_size:43px|text_align:center|color:%23083944|line_height:60px\u00bb use_theme_fonts=\u00bbyes\u00bb css_animation=\u00bbfadeInDown\u00bb][vc_column_text css_animation=\u00bbfadeInDown\u00bb]<\/p>\n<p style=\"text-align: center;\">Comienza a revolucionar tu negocio con la orientaci\u00f3n de uno de nuestros expertos.<\/p>\n<p>[\/vc_column_text][vc_btn title=\u00bbReg\u00edstrate GRATIS\u00bb style=\u00bbcustom\u00bb custom_background=\u00bb#9c495d\u00bb custom_text=\u00bb#ffffff\u00bb shape=\u00bbround\u00bb size=\u00bblg\u00bb align=\u00bbcenter\u00bb css_animation=\u00bbfadeInUp\u00bb link=\u00bburl:https%3A%2F%2Ffreetrial.adaoncloud.com%2FadaxFree%2Fes|title:PRU%C3%89BALO%20GRATIS\u00bb el_class=\u00bbland-btn\u00bb][\/vc_column][\/vc_row][vc_row el_class=\u00bbbottomMenu\u00bb][vc_column width=\u00bb1\/3&#8243;][vc_btn title=\u00bbLive webinar | Inscr\u00edbete gratis\u00bb style=\u00bbcustom\u00bb custom_background=\u00bb#9c495d\u00bb custom_text=\u00bb#ffffff\u00bb shape=\u00bbround\u00bb size=\u00bbxs\u00bb align=\u00bbleft\u00bb i_icon_fontawesome=\u00bbfas fa-circle\u00bb css_animation=\u00bbnone\u00bb add_icon=\u00bbtrue\u00bb css=\u00bb.vc_custom_1606733994650{margin-top: 1% !important;padding-right: 2% !important;padding-left: 2% !important;}\u00bb el_id=\u00bbwebinar-btn\u00bb][\/vc_column][vc_column width=\u00bb1\/3&#8243;][\/vc_column][vc_column width=\u00bb1\/3&#8243;][\/vc_column][\/vc_row]<\/p>\n","protected":false},"excerpt":{"rendered":"<p>[vc_section css=\u00bb.vc_custom_1605868152085{margin-top: 0px !important;margin-bottom: 0px !important;background-image: url(https:\/\/www.www.adaoncloud.com\/es\/wp-content\/uploads\/sites\/2\/2020\/11\/Ellipse.png?id=191) !important;background-position: center !important;background-repeat: no-repeat !important;background-size: cover !important;}\u00bb][vc_row css=\u00bb.vc_custom_1604939696796{margin-bottom: 20px !important;background-position: center !important;background-repeat: no-repeat !important;background-size: contain !important;}\u00bb][vc_column][vc_custom_heading text=\u00bbIntegraci\u00f3n con Zapier\u00bb font_container=\u00bbtag:h1|text_align:center|color:%23004d58&#8243; use_theme_fonts=\u00bbyes\u00bb el_class=\u00bbtituloprincipal\u00bb][vc_empty_space height=\u00bb50px\u00bb][\/vc_column][\/vc_row][vc_row full_width=\u00bbstretch_row_content\u00bb content_placement=\u00bbtop\u00bb][vc_column width=\u00bb1\/2&#8243; css=\u00bb.vc_custom_1604939591857{padding-right: 5% !important;padding-left: 5% !important;}\u00bb][vc_column_text]La optimizaci\u00f3n del trabajo diario a menudo depende de la capacidad de gestionar diferentes actividades de forma simult\u00e1nea [&hellip;]<\/p>\n","protected":false},"author":1,"featured_media":0,"parent":0,"menu_order":0,"comment_status":"closed","ping_status":"closed","template":"","meta":{"om_disable_all_campaigns":false},"_links":{"self":[{"href":"https:\/\/www.adaoncloud.com\/es\/wp-json\/wp\/v2\/pages\/139"}],"collection":[{"href":"https:\/\/www.adaoncloud.com\/es\/wp-json\/wp\/v2\/pages"}],"about":[{"href":"https:\/\/www.adaoncloud.com\/es\/wp-json\/wp\/v2\/types\/page"}],"author":[{"embeddable":true,"href":"https:\/\/www.adaoncloud.com\/es\/wp-json\/wp\/v2\/users\/1"}],"replies":[{"embeddable":true,"href":"https:\/\/www.adaoncloud.com\/es\/wp-json\/wp\/v2\/comments?post=139"}],"version-history":[{"count":47,"href":"https:\/\/www.adaoncloud.com\/es\/wp-json\/wp\/v2\/pages\/139\/revisions"}],"predecessor-version":[{"id":8293,"href":"https:\/\/www.adaoncloud.com\/es\/wp-json\/wp\/v2\/pages\/139\/revisions\/8293"}],"wp:attachment":[{"href":"https:\/\/www.adaoncloud.com\/es\/wp-json\/wp\/v2\/media?parent=139"}],"curies":[{"name":"wp","href":"https:\/\/api.w.org\/{rel}","templated":true}]}}