{"id":26,"date":"2020-10-26T17:12:40","date_gmt":"2020-10-26T16:12:40","guid":{"rendered":"https:\/\/newadaoncloud.staging.thedigitalbox.com\/es\/?page_id=26"},"modified":"2021-10-13T14:57:15","modified_gmt":"2021-10-13T12:57:15","slug":"porque-ada","status":"publish","type":"page","link":"https:\/\/www.adaoncloud.com\/es\/porque-ada\/","title":{"rendered":"Porqu\u00e9 ADA"},"content":{"rendered":"<p>[vc_row full_width=\u00bbstretch_row_content_no_spaces\u00bb equal_height=\u00bbyes\u00bb rtl_reverse=\u00bbyes\u00bb content_placement=\u00bbtop\u00bb][vc_column width=\u00bb1\/3&#8243;][vc_custom_heading text=\u00bbVen<br \/>\nConf\u00eda<br \/>\nGana\u00bb font_container=\u00bbtag:h1|font_size:70px|text_align:left|color:%23083944&#8243; use_theme_fonts=\u00bbyes\u00bb css_animation=\u00bbfadeInDown\u00bb][vc_column_text css_animation=\u00bbfadeInUp\u00bb el_class=\u00bbparagrafo padding10 font15&#8243;]<\/p>\n<h4>Nuestra raz\u00f3n de ser<\/h4>\n<p>Ayudamos a los marketeros, de forma r\u00e1pida y eficaz, a conseguir el mejor Marketing para para sus nuevos clientes.[\/vc_column_text][vc_btn title=\u00bbReg\u00edstrate GRATIS\u00bb style=\u00bbcustom\u00bb custom_background=\u00bb#9c495d\u00bb custom_text=\u00bb#ffffff\u00bb shape=\u00bbround\u00bb size=\u00bblg\u00bb align=\u00bbleft\u00bb css_animation=\u00bbfadeInUp\u00bb link=\u00bburl:https%3A%2F%2Ffreetrial.adaoncloud.com%2FadaxFree%2Fes\u00bb][\/vc_column][vc_column width=\u00bb2\/3&#8243; css=\u00bb.vc_custom_1613127373738{background-image: url(https:\/\/www.www.adaoncloud.com\/es\/wp-content\/uploads\/sites\/2\/2021\/02\/ada-man-pc.png?id=1542) !important;background-position: center !important;background-repeat: no-repeat !important;background-size: contain !important;}\u00bb][vc_single_image image=\u00bb1542&#8243; img_size=\u00bbfull\u00bb alignment=\u00bbright\u00bb][\/vc_column][\/vc_row][vc_row content_placement=\u00bbbottom\u00bb css=\u00bb.vc_custom_1607332715541{margin-top: 0px !important;margin-bottom: 0px !important;}\u00bb el_class=\u00bbcabecera\u00bb][vc_column][vc_row_inner content_placement=\u00bbbottom\u00bb][vc_column_inner width=\u00bb2\/6&#8243;][vc_column_text]<\/p>\n<div style=\"display: none;\">\n<p><strong>Esto el es motivo por el cual ha nacido\u00a0ADAonCloud, ayudar a los\u00a0marketeros\u00a0de forma r\u00e1pida y eficaz de hacer el mejor Marketing para conseguir nuevos clientes.<\/strong><\/p>\n<p>Hemos creado e integrado todas <b>las herramientas mas potente<\/b> del mercado, las hemos <b>metido en un \u00fanica plataforma<\/b>, y hemos dado importancia a <b>la sencillez de uso,<\/b> para que trabajando pueda optimizar los tiempos, aumentar la productividad de tus campa\u00f1as,\u00a0diminuir\u00a0costes y transformar los clientes en clientes fidelizados.<\/div>\n<p>[\/vc_column_text][vc_custom_heading text=\u00bb\u00a1Bienvenidos Marketeros!\u00bb font_container=\u00bbtag:h1|text_align:center|color:%23083944&#8243; use_theme_fonts=\u00bbyes\u00bb][\/vc_column_inner][vc_column_inner width=\u00bb1\/6&#8243;][\/vc_column_inner][vc_column_inner width=\u00bb3\/6&#8243;][vc_empty_space height=\u00bb60px\u00bb][vc_column_text]<\/p>\n<p style=\"text-align: left;\">En estos tiempos tan competitivos, el consumidor es cada vez m\u00e1s exigente y activo. Es por ello que ante la necesidad de adquirir herramientas m\u00e1s asequibles y adaptables a las distintas estrategias de marketing<strong> ADAonCloud ha creado e integrado todas las herramientas m\u00e1s potentes del mercado en una sola plataforma<\/strong>.<\/p>\n<p style=\"text-align: left;\">Su sencillez de uso consigue optimizar los tiempos de producci\u00f3n, aumentando y mejorando el resultado de tus campa\u00f1as mientras disminuyes los costes generales<br \/>\n<span style=\"display: none;\"> \u00a0 En estos tiempos donde el consumidor es cada vez m\u00e1s exigente y esta siempre activo, se ha creado la necesidad de tener herramientas mas performantes que ayuden el trabajo del marketero en individuar y comunicar constantemente con el cliente. Crear contenidos ideales para ellos, distribuirlo en una forma r\u00e1pida y efectiva a trav\u00e9s de varios canales y convertirlo desde curiosos en clientes fidelizados a trav\u00e9s acciones de nutrimiento usando todos los procesos de Marketing\u00a0Automation\u00a0de manera a fomentar las conversaciones digitales entre empresa y cliente. <\/span><\/p>\n<p>[\/vc_column_text][\/vc_column_inner][\/vc_row_inner][vc_row_inner][vc_column_inner width=\u00bb2\/6&#8243;][vc_single_image image=\u00bb1783&#8243; img_size=\u00bbmedium\u00bb alignment=\u00bbright\u00bb css_animation=\u00bbslideInLeft\u00bb][\/vc_column_inner][vc_column_inner width=\u00bb1\/6&#8243;][vc_empty_space height=\u00bb50px\u00bb][vc_column_text css_animation=\u00bbfadeInUp\u00bb]<\/p>\n<h5 style=\"margin-bottom: 0px; text-transform: none; color: #9c495d;\"><strong>Massimiliano Brigida<\/strong><\/h5>\n<p><sup>CEO &amp; Co-Founder<\/sup>[\/vc_column_text][\/vc_column_inner][vc_column_inner width=\u00bb3\/6&#8243;][vc_column_text]<\/p>\n<p style=\"text-align: left;\">Con ADA puedes <strong>crear contenidos Mobile<\/strong>, <strong>distribuirlos<\/strong> a trav\u00e9s de todos los canales y <strong>medir los resultados<\/strong> de tus campa\u00f1as todo optimizado por procesos de <strong>Inteligencia Artificial<\/strong>.<\/p>\n<p>[\/vc_column_text][\/vc_column_inner][\/vc_row_inner][\/vc_column][\/vc_row][vc_section full_width=\u00bbstretch_row\u00bb css=\u00bb.vc_custom_1615389840636{padding-top: 40px !important;background-color: #03a69e !important;}\u00bb][vc_row][vc_column][vc_single_image image=\u00bb1607&#8243; img_size=\u00bbmedium\u00bb css_animation=\u00bbflipInY\u00bb][vc_column_text el_class=\u00bbblanco\u00bb]<\/p>\n<h4 style=\"color: #ffffff!important;\">ADA es genial para los eventos y promociones que hacemos. Generamos Leads usando las Landings AMP y los C\u00f3digos QR. Una vez que llegan a la Customer Data platform procedemos al env\u00edo de Newlettes y procesos de Marketing Automation. Todo esto es posible gracias a ADA en manera sencilla, r\u00e1pida y en un \u00fanica soluci\u00f3n.<\/h4>\n<p><sub class=\"citado\" style=\"color: #ffffff!important;\"><strong>Anne Scheel<\/strong> | <em>Marketing Bridgestone<\/em><\/sub>[\/vc_column_text][\/vc_column][\/vc_row][\/vc_section][vc_row][vc_column][vc_empty_space][vc_separator][\/vc_column][\/vc_row][vc_row][vc_column][vc_custom_heading text=\u00bb\u00danete a Nosotros\u00bb font_container=\u00bbtag:h1|font_size:43px|text_align:center|color:%23083944|line_height:60px\u00bb use_theme_fonts=\u00bbyes\u00bb css_animation=\u00bbfadeInDown\u00bb css=\u00bb.vc_custom_1615389234427{margin-top: 4% !important;}\u00bb][vc_column_text css_animation=\u00bbfadeInDown\u00bb css=\u00bb.vc_custom_1601962168489{margin-bottom: 2% !important;}\u00bb]<\/p>\n<p style=\"text-align: center;\">Comienza a revolucionar tu negocio con la orientaci\u00f3n de uno de nuestros expertos.<\/p>\n<p>[\/vc_column_text][vc_btn title=\u00bbReg\u00edstrate GRATIS\u00bb style=\u00bbcustom\u00bb custom_background=\u00bb#9c495d\u00bb custom_text=\u00bb#ffffff\u00bb shape=\u00bbround\u00bb size=\u00bblg\u00bb align=\u00bbcenter\u00bb css_animation=\u00bbfadeInUp\u00bb link=\u00bburl:https%3A%2F%2Ffreetrial.adaoncloud.com%2FadaxFree%2Fes\u00bb][\/vc_column][\/vc_row][vc_row][vc_column][vc_separator][\/vc_column][\/vc_row][vc_row el_class=\u00bbbottomMenu\u00bb][vc_column width=\u00bb1\/3&#8243; el_class=\u00bbbottomMenu\u00bb][vc_btn title=\u00bbLive webinar | Inscr\u00edbete gratis\u00bb style=\u00bbcustom\u00bb custom_background=\u00bb#9c495d\u00bb custom_text=\u00bb#ffffff\u00bb shape=\u00bbround\u00bb size=\u00bbxs\u00bb align=\u00bbleft\u00bb i_icon_fontawesome=\u00bbfas fa-circle\u00bb css_animation=\u00bbnone\u00bb add_icon=\u00bbtrue\u00bb css=\u00bb.vc_custom_1616062879457{margin-top: 2% !important;}\u00bb el_id=\u00bbwebinar-btn\u00bb link=\u00bburl:%2Fes%2Fwebinars%2F\u00bb][\/vc_column][vc_column width=\u00bb1\/3&#8243;][\/vc_column][vc_column width=\u00bb1\/3&#8243;][\/vc_column][\/vc_row]<\/p>\n","protected":false},"excerpt":{"rendered":"<p>[vc_row full_width=\u00bbstretch_row_content_no_spaces\u00bb equal_height=\u00bbyes\u00bb rtl_reverse=\u00bbyes\u00bb content_placement=\u00bbtop\u00bb][vc_column width=\u00bb1\/3&#8243;][vc_custom_heading text=\u00bbVen Conf\u00eda Gana\u00bb font_container=\u00bbtag:h1|font_size:70px|text_align:left|color:%23083944&#8243; use_theme_fonts=\u00bbyes\u00bb css_animation=\u00bbfadeInDown\u00bb][vc_column_text css_animation=\u00bbfadeInUp\u00bb el_class=\u00bbparagrafo padding10 font15&#8243;] Nuestra raz\u00f3n de ser Ayudamos a los marketeros, de forma r\u00e1pida y eficaz, a conseguir el mejor Marketing para para sus nuevos clientes.[\/vc_column_text][vc_btn title=\u00bbReg\u00edstrate GRATIS\u00bb style=\u00bbcustom\u00bb custom_background=\u00bb#9c495d\u00bb custom_text=\u00bb#ffffff\u00bb shape=\u00bbround\u00bb size=\u00bblg\u00bb align=\u00bbleft\u00bb css_animation=\u00bbfadeInUp\u00bb link=\u00bburl:https%3A%2F%2Ffreetrial.adaoncloud.com%2FadaxFree%2Fes\u00bb][\/vc_column][vc_column width=\u00bb2\/3&#8243; css=\u00bb.vc_custom_1613127373738{background-image: url(https:\/\/www.www.adaoncloud.com\/es\/wp-content\/uploads\/sites\/2\/2021\/02\/ada-man-pc.png?id=1542) !important;background-position: center !important;background-repeat: [&hellip;]<\/p>\n","protected":false},"author":1,"featured_media":0,"parent":0,"menu_order":0,"comment_status":"closed","ping_status":"closed","template":"","meta":{"om_disable_all_campaigns":false},"_links":{"self":[{"href":"https:\/\/www.adaoncloud.com\/es\/wp-json\/wp\/v2\/pages\/26"}],"collection":[{"href":"https:\/\/www.adaoncloud.com\/es\/wp-json\/wp\/v2\/pages"}],"about":[{"href":"https:\/\/www.adaoncloud.com\/es\/wp-json\/wp\/v2\/types\/page"}],"author":[{"embeddable":true,"href":"https:\/\/www.adaoncloud.com\/es\/wp-json\/wp\/v2\/users\/1"}],"replies":[{"embeddable":true,"href":"https:\/\/www.adaoncloud.com\/es\/wp-json\/wp\/v2\/comments?post=26"}],"version-history":[{"count":79,"href":"https:\/\/www.adaoncloud.com\/es\/wp-json\/wp\/v2\/pages\/26\/revisions"}],"predecessor-version":[{"id":8205,"href":"https:\/\/www.adaoncloud.com\/es\/wp-json\/wp\/v2\/pages\/26\/revisions\/8205"}],"wp:attachment":[{"href":"https:\/\/www.adaoncloud.com\/es\/wp-json\/wp\/v2\/media?parent=26"}],"curies":[{"name":"wp","href":"https:\/\/api.w.org\/{rel}","templated":true}]}}