{"id":286,"date":"2020-11-11T17:10:14","date_gmt":"2020-11-11T16:10:14","guid":{"rendered":"https:\/\/newadaoncloud.staging.thedigitalbox.com\/es\/?page_id=286"},"modified":"2021-03-19T10:41:23","modified_gmt":"2021-03-19T09:41:23","slug":"chatbot","status":"publish","type":"page","link":"https:\/\/www.adaoncloud.com\/es\/chatbot\/","title":{"rendered":"Chatbot"},"content":{"rendered":"<p>[vc_row full_width=\u00bbstretch_row_content_no_spaces\u00bb equal_height=\u00bbyes\u00bb rtl_reverse=\u00bbyes\u00bb content_placement=\u00bbtop\u00bb css=\u00bb.vc_custom_1614872269840{margin-bottom: -32px !important;}\u00bb][vc_column width=\u00bb1\/3&#8243;][vc_custom_heading text=\u00bbConversa<br \/>\nSugiere<br \/>\nConvierte\u00bb font_container=\u00bbtag:h1|font_size:70px|text_align:left|color:%23083944&#8243; use_theme_fonts=\u00bbyes\u00bb css_animation=\u00bbfadeInDown\u00bb][vc_column_text css_animation=\u00bbfadeInUp\u00bb el_class=\u00bbparagrafo padding10 font15&#8243;]<\/p>\n<h4>ChatBot ADA<\/h4>\n<p>Los Asistentes virtuales que usan lenguaje natural y conversan de forma autom\u00e1tica e inteligente con los clientes sirven como un medio innovador para promocionar productos y servicios, distribuir premios y publicitar ofertas.[\/vc_column_text][vc_btn title=\u00bbPRUEBA GRATIS\u00bb style=\u00bbcustom\u00bb custom_background=\u00bb#9c495d\u00bb custom_text=\u00bb#ffffff\u00bb shape=\u00bbround\u00bb size=\u00bblg\u00bb align=\u00bbleft\u00bb css_animation=\u00bbfadeInUp\u00bb link=\u00bburl:%2Fes%2Fpricing%2F\u00bb][\/vc_column][vc_column width=\u00bb2\/3&#8243; css=\u00bb.vc_custom_1614872198194{background-image: url(https:\/\/www.www.adaoncloud.com\/es\/wp-content\/uploads\/sites\/2\/2021\/03\/testimonial-chatbot.png?id=1759) !important;background-position: center !important;background-repeat: no-repeat !important;background-size: contain !important;}\u00bb][vc_single_image image=\u00bb1759&#8243; img_size=\u00bbfull\u00bb alignment=\u00bbright\u00bb el_class=\u00bbvisible-hidden\u00bb][\/vc_column][\/vc_row][vc_row full_width=\u00bbstretch_row_content\u00bb css=\u00bb.vc_custom_1611831652012{padding-top: 2% !important;padding-bottom: 2% !important;background-color: #1f9f97 !important;}\u00bb][vc_column][vc_row_inner][vc_column_inner width=\u00bb1\/2&#8243;][vc_empty_space height=\u00bb35px\u00bb][vc_single_image image=\u00bb1757&#8243; img_size=\u00bbfull\u00bb css_animation=\u00bbflipInY\u00bb][\/vc_column_inner][vc_column_inner width=\u00bb1\/2&#8243;][vc_empty_space height=\u00bb85px\u00bb][vc_custom_heading text=\u00bbChatBot\u00bb font_container=\u00bbtag:h2|text_align:left|color:%23ffffff\u00bb use_theme_fonts=\u00bbyes\u00bb css_animation=\u00bbfadeInDown\u00bb][vc_column_text]<\/p>\n<p style=\"text-align: left;\"><strong style=\"color: #fff; font-size: 1.6rem; font-family: 'montserrat';\">Los chatbots de ADA aprovechan sistemas de inteligencia artificial altamente avanzados y est\u00e1n dise\u00f1ados para generar nuevas conversiones a partir de la participaci\u00f3n de los usuarios en las conversaciones.<\/strong><\/p>\n<p>[\/vc_column_text][\/vc_column_inner][\/vc_row_inner][\/vc_column][\/vc_row][vc_section full_width=\u00bbstretch_row\u00bb css=\u00bb.vc_custom_1605103445882{margin-bottom: 0px !important;padding-bottom: 0px !important;background-color: #ffffff !important;}\u00bb][vc_row full_width=\u00bbstretch_row\u00bb css=\u00bb.vc_custom_1616146644316{padding-top: 3% !important;padding-right: 0px !important;padding-bottom: 3% !important;padding-left: 0px !important;background-color: #f8f8f8 !important;}\u00bb el_class=\u00bbpadd-xs-15 reverse hidden-sm hidden-xs\u00bb][vc_column width=\u00bb1\/12&#8243; css=\u00bb.vc_custom_1605084525184{padding-right: 5% !important;padding-left: 5% !important;}\u00bb][\/vc_column][vc_column width=\u00bb4\/12&#8243; css=\u00bb.vc_custom_1610560406269{padding-right: 3% !important;}\u00bb][vc_empty_space height=\u00bb35px\u00bb][vc_column_text el_class=\u00bblistado\u00bb]Empieza corporativizando tu ChatBot, desde \u201cConfigurar\u201d podr\u00e1s personalizar la interfaz por completo:<\/p>\n<ul>\n<li>Mensaje de bienvenida<\/li>\n<li>Color<\/li>\n<li>Logotipo<\/li>\n<li>Avatar<\/li>\n<li>Open Graph<\/li>\n<li>Privacidad y Cookies<\/li>\n<li>Call To Action<\/li>\n<\/ul>\n<p>[\/vc_column_text][vc_btn title=\u00bbPRUEBA GRATIS\u00bb style=\u00bbcustom\u00bb custom_background=\u00bb#9c495d\u00bb custom_text=\u00bb#ffffff\u00bb shape=\u00bbround\u00bb size=\u00bblg\u00bb align=\u00bbleft\u00bb link=\u00bburl:%2Fes%2Fpricing%2F|title:PRU%C3%89BALO%20GRATIS\u00bb el_class=\u00bbland-btn\u00bb][\/vc_column][vc_column width=\u00bb1\/12&#8243;][\/vc_column][vc_column width=\u00bb6\/12&#8243; css=\u00bb.vc_custom_1614869278345{background-image: url(https:\/\/www.www.adaoncloud.com\/es\/wp-content\/uploads\/sites\/2\/2021\/03\/chatbot-1.png?id=1743) !important;background-position: center !important;background-repeat: no-repeat !important;background-size: contain !important;}\u00bb][vc_single_image image=\u00bb1743&#8243; img_size=\u00bbfull\u00bb][\/vc_column][\/vc_row][vc_row full_width=\u00bbstretch_row\u00bb css=\u00bb.vc_custom_1616146806530{padding-top: 3% !important;padding-right: 0px !important;padding-bottom: 3% !important;padding-left: 0px !important;background-color: #f8f8f8 !important;}\u00bb el_class=\u00bbpadd-xs-15 reverse hidden-lg hidden-md\u00bb][vc_column width=\u00bb1\/12&#8243; css=\u00bb.vc_custom_1605084525184{padding-right: 5% !important;padding-left: 5% !important;}\u00bb][\/vc_column][vc_column width=\u00bb6\/12&#8243; css=\u00bb.vc_custom_1614869278345{background-image: url(https:\/\/www.www.adaoncloud.com\/es\/wp-content\/uploads\/sites\/2\/2021\/03\/chatbot-1.png?id=1743) !important;background-position: center !important;background-repeat: no-repeat !important;background-size: contain !important;}\u00bb][vc_single_image image=\u00bb1743&#8243; img_size=\u00bbfull\u00bb][\/vc_column][vc_column width=\u00bb1\/12&#8243;][\/vc_column][vc_column width=\u00bb4\/12&#8243; css=\u00bb.vc_custom_1610560406269{padding-right: 3% !important;}\u00bb][vc_empty_space height=\u00bb35px\u00bb][vc_column_text el_class=\u00bblistado\u00bb]Empieza corporativizando tu ChatBot, desde \u201cConfigurar\u201d podr\u00e1s personalizar la interfaz por completo:<\/p>\n<ul>\n<li>Mensaje de bienvenida<\/li>\n<li>Color<\/li>\n<li>Logotipo<\/li>\n<li>Avatar<\/li>\n<li>Open Graph<\/li>\n<li>Privacidad y Cookies<\/li>\n<li>Call To Action<\/li>\n<\/ul>\n<p>[\/vc_column_text][vc_btn title=\u00bbPRUEBA GRATIS\u00bb style=\u00bbcustom\u00bb custom_background=\u00bb#9c495d\u00bb custom_text=\u00bb#ffffff\u00bb shape=\u00bbround\u00bb size=\u00bblg\u00bb align=\u00bbleft\u00bb link=\u00bburl:%2Fes%2Fpricing%2F|title:PRU%C3%89BALO%20GRATIS\u00bb el_class=\u00bbland-btn\u00bb][\/vc_column][\/vc_row][vc_row full_width=\u00bbstretch_row\u00bb equal_height=\u00bbyes\u00bb content_placement=\u00bbtop\u00bb el_class=\u00bbpadd-xs-15&#8243; css=\u00bb.vc_custom_1611770516329{margin-right: 0px !important;margin-left: 0px !important;padding-top: 3% !important;padding-right: 0px !important;padding-bottom: 3% !important;padding-left: 0px !important;}\u00bb][vc_column width=\u00bb6\/12&#8243; css=\u00bb.vc_custom_1614870055645{padding-right: 0px !important;padding-left: 0px !important;background-image: url(https:\/\/www.www.adaoncloud.com\/es\/wp-content\/uploads\/sites\/2\/2021\/03\/chatbot-2.png?id=1746) !important;background-position: center !important;background-repeat: no-repeat !important;background-size: contain !important;}\u00bb][vc_single_image image=\u00bb1746&#8243; img_size=\u00bbfull\u00bb alignment=\u00bbcenter\u00bb el_class=\u00bbvisible-hidden\u00bb][\/vc_column][vc_column width=\u00bb1\/12&#8243;][\/vc_column][vc_column width=\u00bb4\/12&#8243;][vc_empty_space height=\u00bb35px\u00bb][vc_column_text]Al crear una pregunta lo primero ser\u00e1 indicar el nombre de la pregunta. Seguidamente en ADA podr\u00e1s convertir esa pregunta en sugerencia (el chatbot aleatoriamente la ir\u00e1 sugiriendo), podr\u00e1s definirla como una sugerencia que salga tras el mensaje de bienvenida, (cuando un usuario inicie conversaci\u00f3n) o podr\u00e1s indicar una fecha de caducidad si es una sugerencia temporal (ej: Celebraci\u00f3n San Valent\u00edn).[\/vc_column_text][vc_btn title=\u00bbPRUEBA GRATIS\u00bb style=\u00bbcustom\u00bb custom_background=\u00bb#9c495d\u00bb custom_text=\u00bb#ffffff\u00bb shape=\u00bbround\u00bb size=\u00bblg\u00bb align=\u00bbleft\u00bb link=\u00bburl:%2Fes%2Fpricing%2F|title:PRU%C3%89BALO%20GRATIS\u00bb el_class=\u00bbland-btn\u00bb][\/vc_column][vc_column width=\u00bb1\/12&#8243;][\/vc_column][\/vc_row][vc_row full_width=\u00bbstretch_row_content\u00bb css=\u00bb.vc_custom_1615393132239{padding-top: 30px !important;background-color: #1f9f97 !important;}\u00bb][vc_column][vc_row_inner][vc_column_inner width=\u00bb1\/2&#8243;][vc_single_image image=\u00bb1607&#8243; img_size=\u00bbmedium\u00bb css_animation=\u00bbflipInY\u00bb][vc_empty_space height=\u00bb20px\u00bb][vc_column_text]<\/p>\n<h4 style=\"color: #ffffff!important;\">Buscamos constantemente ese WOW que pocos consiguen, y la conseguimos gracias a ADA y al uso de su Chatbot. Ahora no imaginamos crear y aplicar estrategias sin ADA, es para nosotros la plataforma perfecta para captar y fidelizar al cliente digital a trav\u00e9s del Marketing Mobile.<\/h4>\n<p><sub class=\"citado\" style=\"color: #ffffff!important;\"><strong>Marcia Rodr\u00edguez<\/strong> | <em>CEO HOLA MARKETING<\/em><\/sub>[\/vc_column_text][\/vc_column_inner][vc_column_inner width=\u00bb1\/2&#8243;][vc_empty_space height=\u00bb35px\u00bb][vc_single_image image=\u00bb1838&#8243; img_size=\u00bbfull\u00bb][\/vc_column_inner][\/vc_row_inner][\/vc_column][\/vc_row][vc_row full_width=\u00bbstretch_row\u00bb css=\u00bb.vc_custom_1616146816984{padding-top: 3% !important;padding-right: 0px !important;padding-bottom: 3% !important;padding-left: 0px !important;background-color: #f8f8f8 !important;}\u00bb el_class=\u00bbpadd-xs-15 reverse hidden-sm hidden-xs\u00bb][vc_column width=\u00bb1\/12&#8243; css=\u00bb.vc_custom_1605084525184{padding-right: 5% !important;padding-left: 5% !important;}\u00bb][\/vc_column][vc_column width=\u00bb4\/12&#8243; css=\u00bb.vc_custom_1610560406269{padding-right: 3% !important;}\u00bb][vc_empty_space height=\u00bb35px\u00bb][vc_column_text el_class=\u00bblistado\u00bb]Tendremos un editor de textos donde poder dar respuesta a la pregunta y adem\u00e1s podremos complementarla, bien con un contenido de ADA (MovieTelling, StoryTelling, Landings Page, Landing Google AMP), o bien adjuntado una acci\u00f3n multimedia, tipo Imagen, V\u00eddeo o Link.<\/p>\n<p>Es ideal para crear conversiones.[\/vc_column_text][vc_btn title=\u00bbPRUEBA GRATIS\u00bb style=\u00bbcustom\u00bb custom_background=\u00bb#9c495d\u00bb custom_text=\u00bb#ffffff\u00bb shape=\u00bbround\u00bb size=\u00bblg\u00bb align=\u00bbleft\u00bb link=\u00bburl:%2Fes%2Fpricing%2F|title:PRU%C3%89BALO%20GRATIS\u00bb el_class=\u00bbland-btn\u00bb][\/vc_column][vc_column width=\u00bb1\/12&#8243;][\/vc_column][vc_column width=\u00bb6\/12&#8243; css=\u00bb.vc_custom_1614870193280{background-image: url(https:\/\/www.www.adaoncloud.com\/es\/wp-content\/uploads\/sites\/2\/2021\/03\/chatbot-3.png?id=1747) !important;background-position: center !important;background-repeat: no-repeat !important;background-size: contain !important;}\u00bb][vc_single_image image=\u00bb1747&#8243; img_size=\u00bbfull\u00bb el_class=\u00bbvisible-hidden\u00bb][\/vc_column][\/vc_row][vc_row full_width=\u00bbstretch_row\u00bb css=\u00bb.vc_custom_1616146824468{padding-top: 3% !important;padding-right: 0px !important;padding-bottom: 3% !important;padding-left: 0px !important;background-color: #f8f8f8 !important;}\u00bb el_class=\u00bbpadd-xs-15 reverse hidden-lg hidden-md\u00bb][vc_column width=\u00bb1\/12&#8243; css=\u00bb.vc_custom_1605084525184{padding-right: 5% !important;padding-left: 5% !important;}\u00bb][\/vc_column][vc_column width=\u00bb6\/12&#8243; css=\u00bb.vc_custom_1614870193280{background-image: url(https:\/\/www.www.adaoncloud.com\/es\/wp-content\/uploads\/sites\/2\/2021\/03\/chatbot-3.png?id=1747) !important;background-position: center !important;background-repeat: no-repeat !important;background-size: contain !important;}\u00bb][vc_single_image image=\u00bb1747&#8243; img_size=\u00bbfull\u00bb el_class=\u00bbvisible-hidden\u00bb][\/vc_column][vc_column width=\u00bb1\/12&#8243;][\/vc_column][vc_column width=\u00bb4\/12&#8243; css=\u00bb.vc_custom_1610560406269{padding-right: 3% !important;}\u00bb][vc_empty_space height=\u00bb35px\u00bb][vc_column_text el_class=\u00bblistado\u00bb]Tendremos un editor de textos donde poder dar respuesta a la pregunta y adem\u00e1s podremos complementarla, bien con un contenido de ADA (MovieTelling, StoryTelling, Landings Page, Landing Google AMP), o bien adjuntado una acci\u00f3n multimedia, tipo Imagen, V\u00eddeo o Link.<\/p>\n<p>Es ideal para crear conversiones.[\/vc_column_text][vc_btn title=\u00bbPRUEBA GRATIS\u00bb style=\u00bbcustom\u00bb custom_background=\u00bb#9c495d\u00bb custom_text=\u00bb#ffffff\u00bb shape=\u00bbround\u00bb size=\u00bblg\u00bb align=\u00bbleft\u00bb link=\u00bburl:%2Fes%2Fpricing%2F|title:PRU%C3%89BALO%20GRATIS\u00bb el_class=\u00bbland-btn\u00bb][\/vc_column][\/vc_row][vc_row full_width=\u00bbstretch_row\u00bb equal_height=\u00bbyes\u00bb content_placement=\u00bbmiddle\u00bb el_class=\u00bbpadd-xs-15&#8243; css=\u00bb.vc_custom_1611770549019{margin-right: 0px !important;margin-left: 0px !important;padding-top: 3% !important;padding-right: 0px !important;padding-bottom: 3% !important;padding-left: 0px !important;}\u00bb][vc_column width=\u00bb6\/12&#8243; css=\u00bb.vc_custom_1614870265877{padding-right: 0px !important;padding-left: 0px !important;background-image: url(https:\/\/www.www.adaoncloud.com\/es\/wp-content\/uploads\/sites\/2\/2021\/03\/chatbot-4.png?id=1748) !important;background-position: center !important;background-repeat: no-repeat !important;background-size: cover !important;}\u00bb][vc_single_image image=\u00bb1748&#8243; img_size=\u00bbfull\u00bb el_class=\u00bbvisible-hidden\u00bb][\/vc_column][vc_column width=\u00bb1\/12&#8243; css=\u00bb.vc_custom_1605002971813{padding-right: 5% !important;padding-left: 5% !important;}\u00bb][\/vc_column][vc_column width=\u00bb4\/12&#8243;][vc_empty_space height=\u00bb35px\u00bb][vc_column_text]Finalmente, despu\u00e9s de dar debida respuesta complementada por alguna acci\u00f3n, Podremos realizar sugerencias espec\u00edficas para esa pregunta,<br \/>\n(ej: alguien que pregunte por landing page, al obtener la respuesta poder hacer que el chatbot le ense\u00f1e a modo de sugerencia: StoryTelling, MovieTelling, ChatBot) lo \u00fanico que necesitar\u00e1s es que estas preguntas ya existan en el ChatBot.<\/p>\n<p>Tambi\u00e9n podr\u00e1s adjuntar un formulario conversacional para conseguir conversiones.[\/vc_column_text][vc_btn title=\u00bbPRUEBA GRATIS\u00bb style=\u00bbcustom\u00bb custom_background=\u00bb#9c495d\u00bb custom_text=\u00bb#ffffff\u00bb shape=\u00bbround\u00bb size=\u00bblg\u00bb align=\u00bbleft\u00bb link=\u00bburl:%2Fes%2Fpricing%2F|title:PRU%C3%89BALO%20GRATIS\u00bb el_class=\u00bbland-btn\u00bb][vc_empty_space height=\u00bb35px\u00bb][\/vc_column][vc_column width=\u00bb1\/12&#8243;][\/vc_column][\/vc_row][vc_row full_width=\u00bbstretch_row\u00bb css=\u00bb.vc_custom_1616146846492{padding-top: 3% !important;padding-right: 0px !important;padding-bottom: 3% !important;padding-left: 0px !important;background-color: #f8f8f8 !important;}\u00bb el_class=\u00bbpadd-xs-15 reverse hidden-sm hidden-xs\u00bb][vc_column width=\u00bb1\/12&#8243; css=\u00bb.vc_custom_1605084525184{padding-right: 5% !important;padding-left: 5% !important;}\u00bb][\/vc_column][vc_column width=\u00bb4\/12&#8243; css=\u00bb.vc_custom_1610560406269{padding-right: 3% !important;}\u00bb][vc_empty_space height=\u00bb35px\u00bb][vc_column_text el_class=\u00bblistado\u00bb]Una vez creadas las preguntas, podr\u00e1s configurar el \u201cQuibble\u201d respuesta cuando el chatbot no sabe responder, \u201cReintervenci\u00f3n\u201d para dar toques de atenci\u00f3n cuando alguien deja de chatear y \u201cFormulario\u201d d\u00f3nde crearemos los formularios conversacionales que precisemos para adjuntar a preguntas que queramos tener una interacci\u00f3n a modo de formulario.[\/vc_column_text][vc_btn title=\u00bbPRUEBA GRATIS\u00bb style=\u00bbcustom\u00bb custom_background=\u00bb#9c495d\u00bb custom_text=\u00bb#ffffff\u00bb shape=\u00bbround\u00bb size=\u00bblg\u00bb align=\u00bbleft\u00bb link=\u00bburl:%2Fes%2Fpricing%2F|title:PRU%C3%89BALO%20GRATIS\u00bb el_class=\u00bbland-btn\u00bb][\/vc_column][vc_column width=\u00bb1\/12&#8243;][\/vc_column][vc_column width=\u00bb6\/12&#8243; css=\u00bb.vc_custom_1614870304685{background-image: url(https:\/\/www.www.adaoncloud.com\/es\/wp-content\/uploads\/sites\/2\/2021\/03\/chatbot-5.png?id=1749) !important;}\u00bb][vc_single_image image=\u00bb1749&#8243; img_size=\u00bbfull\u00bb][\/vc_column][\/vc_row][vc_row full_width=\u00bbstretch_row\u00bb css=\u00bb.vc_custom_1616146853718{padding-top: 3% !important;padding-right: 0px !important;padding-bottom: 3% !important;padding-left: 0px !important;background-color: #f8f8f8 !important;}\u00bb el_class=\u00bbpadd-xs-15 reverse hidden-lg hidden-md\u00bb][vc_column width=\u00bb1\/12&#8243; css=\u00bb.vc_custom_1605084525184{padding-right: 5% !important;padding-left: 5% !important;}\u00bb][\/vc_column][vc_column width=\u00bb6\/12&#8243; css=\u00bb.vc_custom_1614870304685{background-image: url(https:\/\/www.www.adaoncloud.com\/es\/wp-content\/uploads\/sites\/2\/2021\/03\/chatbot-5.png?id=1749) !important;}\u00bb][vc_single_image image=\u00bb1749&#8243; img_size=\u00bbfull\u00bb][\/vc_column][vc_column width=\u00bb1\/12&#8243;][\/vc_column][vc_column width=\u00bb4\/12&#8243; css=\u00bb.vc_custom_1610560406269{padding-right: 3% !important;}\u00bb][vc_empty_space height=\u00bb35px\u00bb][vc_column_text el_class=\u00bblistado\u00bb]Una vez creadas las preguntas, podr\u00e1s configurar el \u201cQuibble\u201d respuesta cuando el chatbot no sabe responder, \u201cReintervenci\u00f3n\u201d para dar toques de atenci\u00f3n cuando alguien deja de chatear y \u201cFormulario\u201d d\u00f3nde crearemos los formularios conversacionales que precisemos para adjuntar a preguntas que queramos tener una interacci\u00f3n a modo de formulario.[\/vc_column_text][vc_btn title=\u00bbPRUEBA GRATIS\u00bb style=\u00bbcustom\u00bb custom_background=\u00bb#9c495d\u00bb custom_text=\u00bb#ffffff\u00bb shape=\u00bbround\u00bb size=\u00bblg\u00bb align=\u00bbleft\u00bb link=\u00bburl:%2Fes%2Fpricing%2F|title:PRU%C3%89BALO%20GRATIS\u00bb el_class=\u00bbland-btn\u00bb][\/vc_column][\/vc_row][\/vc_section][vc_row el_class=\u00bbbottomMenu\u00bb][vc_column width=\u00bb1\/3&#8243;][vc_btn title=\u00bbLive webinar | Inscr\u00edbete gratis\u00bb style=\u00bbcustom\u00bb custom_background=\u00bb#9c495d\u00bb custom_text=\u00bb#ffffff\u00bb shape=\u00bbround\u00bb size=\u00bbxs\u00bb align=\u00bbleft\u00bb i_icon_fontawesome=\u00bbfas fa-circle\u00bb add_icon=\u00bbtrue\u00bb link=\u00bburl:%2Fes%2Fwebinars%2F|title:webinars\u00bb][\/vc_column][vc_column width=\u00bb1\/3&#8243;][\/vc_column][vc_column width=\u00bb1\/3&#8243;][\/vc_column][\/vc_row]<\/p>\n","protected":false},"excerpt":{"rendered":"<p>[vc_row full_width=\u00bbstretch_row_content_no_spaces\u00bb equal_height=\u00bbyes\u00bb rtl_reverse=\u00bbyes\u00bb content_placement=\u00bbtop\u00bb css=\u00bb.vc_custom_1614872269840{margin-bottom: -32px !important;}\u00bb][vc_column width=\u00bb1\/3&#8243;][vc_custom_heading text=\u00bbConversa Sugiere Convierte\u00bb font_container=\u00bbtag:h1|font_size:70px|text_align:left|color:%23083944&#8243; use_theme_fonts=\u00bbyes\u00bb css_animation=\u00bbfadeInDown\u00bb][vc_column_text css_animation=\u00bbfadeInUp\u00bb el_class=\u00bbparagrafo padding10 font15&#8243;] ChatBot ADA Los Asistentes virtuales que usan lenguaje natural y conversan de forma autom\u00e1tica e inteligente con los clientes sirven como un medio innovador para promocionar productos y servicios, distribuir premios y publicitar ofertas.[\/vc_column_text][vc_btn title=\u00bbPRUEBA GRATIS\u00bb [&hellip;]<\/p>\n","protected":false},"author":1,"featured_media":0,"parent":0,"menu_order":0,"comment_status":"closed","ping_status":"closed","template":"","meta":{"om_disable_all_campaigns":false},"_links":{"self":[{"href":"https:\/\/www.adaoncloud.com\/es\/wp-json\/wp\/v2\/pages\/286"}],"collection":[{"href":"https:\/\/www.adaoncloud.com\/es\/wp-json\/wp\/v2\/pages"}],"about":[{"href":"https:\/\/www.adaoncloud.com\/es\/wp-json\/wp\/v2\/types\/page"}],"author":[{"embeddable":true,"href":"https:\/\/www.adaoncloud.com\/es\/wp-json\/wp\/v2\/users\/1"}],"replies":[{"embeddable":true,"href":"https:\/\/www.adaoncloud.com\/es\/wp-json\/wp\/v2\/comments?post=286"}],"version-history":[{"count":33,"href":"https:\/\/www.adaoncloud.com\/es\/wp-json\/wp\/v2\/pages\/286\/revisions"}],"predecessor-version":[{"id":2105,"href":"https:\/\/www.adaoncloud.com\/es\/wp-json\/wp\/v2\/pages\/286\/revisions\/2105"}],"wp:attachment":[{"href":"https:\/\/www.adaoncloud.com\/es\/wp-json\/wp\/v2\/media?parent=286"}],"curies":[{"name":"wp","href":"https:\/\/api.w.org\/{rel}","templated":true}]}}