{"id":367,"date":"2020-11-13T17:29:54","date_gmt":"2020-11-13T16:29:54","guid":{"rendered":"https:\/\/newadaoncloud.staging.thedigitalbox.com\/es\/?page_id=367"},"modified":"2022-10-04T09:24:34","modified_gmt":"2022-10-04T07:24:34","slug":"sms","status":"publish","type":"page","link":"https:\/\/www.adaoncloud.com\/es\/sms\/","title":{"rendered":"SMS"},"content":{"rendered":"<p>[vc_row full_width=\u00bbstretch_row_content_no_spaces\u00bb equal_height=\u00bbyes\u00bb rtl_reverse=\u00bbyes\u00bb content_placement=\u00bbtop\u00bb css=\u00bb.vc_custom_1615475394020{padding-bottom: 0px !important;}\u00bb][vc_column width=\u00bb1\/3&#8243;][vc_empty_space height=\u00bb35px\u00bb][vc_custom_heading text=\u00bbDirecto<br \/>\nInmediato<br \/>\nEfectivo\u00bb font_container=\u00bbtag:h1|font_size:70px|text_align:left|color:%23083944&#8243; use_theme_fonts=\u00bbyes\u00bb css_animation=\u00bbfadeInDown\u00bb][vc_column_text css_animation=\u00bbfadeInUp\u00bb el_class=\u00bbparagrafo padding10 font15&#8243;]<\/p>\n<h4>Env\u00edos SMS<\/h4>\n<p>Elige la mejor soluci\u00f3n de SMS para tus campa\u00f1as. Tambi\u00e9n puedes buscar nuevos clientes a trav\u00e9s del env\u00edo a un target perfilado de usuarios.<\/p>\n<p>[\/vc_column_text][vc_btn title=\u00bbReg\u00edstrate GRATIS\u00bb style=\u00bbcustom\u00bb custom_background=\u00bb#9c495d\u00bb custom_text=\u00bb#ffffff\u00bb shape=\u00bbround\u00bb size=\u00bblg\u00bb align=\u00bbleft\u00bb css_animation=\u00bbfadeInUp\u00bb link=\u00bburl:https%3A%2F%2Ffreetrial.adaoncloud.com%2FadaxFree%2Fes\u00bb][\/vc_column][vc_column width=\u00bb2\/3&#8243; css=\u00bb.vc_custom_1615475281805{padding-bottom: -30px !important;background-image: url(https:\/\/www.www.adaoncloud.com\/es\/wp-content\/uploads\/sites\/2\/2021\/03\/SMS-testimonial-1.png?id=1860) !important;background-position: center !important;background-repeat: no-repeat !important;background-size: contain !important;}\u00bb][vc_single_image image=\u00bb1860&#8243; img_size=\u00bbfull\u00bb alignment=\u00bbright\u00bb][\/vc_column][\/vc_row][vc_row full_width=\u00bbstretch_row_content\u00bb css=\u00bb.vc_custom_1615475301529{padding-top: 2% !important;padding-bottom: 2% !important;background-color: #1f9f97 !important;}\u00bb][vc_column][vc_row_inner][vc_column_inner width=\u00bb1\/2&#8243;][vc_empty_space height=\u00bb35px\u00bb][vc_single_image image=\u00bb1844&#8243; img_size=\u00bbfull\u00bb css_animation=\u00bbflipInY\u00bb][\/vc_column_inner][vc_column_inner width=\u00bb1\/2&#8243;][vc_empty_space height=\u00bb85px\u00bb][vc_custom_heading text=\u00bbEnv\u00edos SMS\u00bb font_container=\u00bbtag:h2|text_align:left|color:%23ffffff\u00bb use_theme_fonts=\u00bbyes\u00bb css_animation=\u00bbfadeInDown\u00bb][vc_column_text]<\/p>\n<p style=\"text-align: left;\"><strong style=\"color: #fff; font-size: 1.6rem; font-family: 'montserrat';\">La mejor calidad de SMS conectados directamente con los operadores telef\u00f3nicos. Proporciona informe de los SMS enviados, garantiza la entrega y notifica la recepci\u00f3n. Incluye la personalizaci\u00f3n del remitente.<\/strong><\/p>\n<p>[\/vc_column_text][\/vc_column_inner][\/vc_row_inner][\/vc_column][\/vc_row][vc_section full_width=\u00bbstretch_row\u00bb css=\u00bb.vc_custom_1605103445882{margin-bottom: 0px !important;padding-bottom: 0px !important;background-color: #ffffff !important;}\u00bb][vc_row full_width=\u00bbstretch_row\u00bb css=\u00bb.vc_custom_1664868100352{padding-top: 3% !important;padding-right: 0px !important;padding-bottom: 3% !important;padding-left: 0px !important;background-color: #f8f8f8 !important;}\u00bb el_class=\u00bbhidden-sm hidden-xs\u00bb][vc_column width=\u00bb1\/12&#8243; css=\u00bb.vc_custom_1605084525184{padding-right: 5% !important;padding-left: 5% !important;}\u00bb][\/vc_column][vc_column width=\u00bb4\/12&#8243;][vc_empty_space height=\u00bb35px\u00bb][vc_column_text el_class=\u00bblistado\u00bb]Para llevar a cabo un env\u00edo de sms tendr\u00e1s que dirigirte al m\u00f3dulo DISTRIBUIR\/SMS y acceder\u00e1s a la interfaz que aparece a la izquierda.<\/p>\n<p>Lo primero que ver\u00e1s ser\u00e1 el nombre del remitente, que previamente lo habr\u00e1s registrado en el Perfil de la plataforma, pero que podr\u00e1n cambiar manualmente en cada env\u00edo que vayas a llevar a cabo.<\/p>\n<p>Luego para decidir a qui\u00e9n vas a enviarle el SMS tendr\u00e1s dos v\u00edas: Acceder a la lista de contactos, que podr\u00e1s escoger indivualmente, por grupos o segmentos. O introducirlos manualmente en la casilla \u201cDestinatarios\u201d te recormados que siempre incluyas el prefijo del pais al cual est\u00e9 vinculado el n\u00famero al que quieres hacer llegar el SMS.[\/vc_column_text][vc_btn title=\u00bbReg\u00edstrate GRATIS\u00bb style=\u00bbcustom\u00bb custom_background=\u00bb#9c495d\u00bb custom_text=\u00bb#ffffff\u00bb shape=\u00bbround\u00bb size=\u00bblg\u00bb align=\u00bbleft\u00bb css_animation=\u00bbfadeInUp\u00bb link=\u00bburl:https%3A%2F%2Ffreetrial.adaoncloud.com%2FadaxFree%2Fes\u00bb][\/vc_column][vc_column width=\u00bb1\/12&#8243;][\/vc_column][vc_column width=\u00bb5\/12&#8243;][vc_single_image image=\u00bb1850&#8243; img_size=\u00bbfull\u00bb][\/vc_column][vc_column width=\u00bb1\/12&#8243;][\/vc_column][\/vc_row][vc_row full_width=\u00bbstretch_row\u00bb css=\u00bb.vc_custom_1664868090886{padding-top: 3% !important;padding-right: 0px !important;padding-bottom: 3% !important;padding-left: 0px !important;background-color: #f8f8f8 !important;}\u00bb el_class=\u00bbhidden-lg hidden-md\u00bb][vc_column width=\u00bb1\/12&#8243; css=\u00bb.vc_custom_1605084525184{padding-right: 5% !important;padding-left: 5% !important;}\u00bb][\/vc_column][vc_column width=\u00bb5\/12&#8243;][vc_single_image image=\u00bb1850&#8243; img_size=\u00bbfull\u00bb][\/vc_column][vc_column width=\u00bb1\/12&#8243;][\/vc_column][vc_column width=\u00bb4\/12&#8243;][vc_empty_space height=\u00bb35px\u00bb][vc_column_text el_class=\u00bblistado\u00bb]Para llevar a cabo un env\u00edo de sms tendr\u00e1s que dirigirte al m\u00f3dulo DISTRIBUIR\/SMS y acceder\u00e1s a la interfaz que aparece a la izquierda.<\/p>\n<p>Lo primero que ver\u00e1s ser\u00e1 el nombre del remitente, que previamente lo habr\u00e1s registrado en el Perfil de la plataforma, pero que podr\u00e1n cambiar manualmente en cada env\u00edo que vayas a llevar a cabo.<\/p>\n<p>Luego para decidir a qui\u00e9n vas a enviarle el SMS tendr\u00e1s dos v\u00edas: Acceder a la lista de contactos, que podr\u00e1s escoger indivualmente, por grupos o segmentos. O introducirlos manualmente en la casilla \u201cDestinatarios\u201d te recormados que siempre incluyas el prefijo del pais al cual est\u00e9 vinculado el n\u00famero al que quieres hacer llegar el SMS.[\/vc_column_text][vc_btn title=\u00bbReg\u00edstrate GRATIS\u00bb style=\u00bbcustom\u00bb custom_background=\u00bb#9c495d\u00bb custom_text=\u00bb#ffffff\u00bb shape=\u00bbround\u00bb size=\u00bblg\u00bb align=\u00bbleft\u00bb css_animation=\u00bbfadeInUp\u00bb link=\u00bburl:https%3A%2F%2Ffreetrial.adaoncloud.com%2FadaxFree%2Fes\u00bb][\/vc_column][vc_column width=\u00bb1\/12&#8243;][\/vc_column][\/vc_row][vc_row full_width=\u00bbstretch_row\u00bb equal_height=\u00bbyes\u00bb content_placement=\u00bbtop\u00bb css=\u00bb.vc_custom_1664868081666{margin-right: 0px !important;margin-left: 0px !important;padding-top: 3% !important;padding-right: 0px !important;padding-bottom: 3% !important;padding-left: 0px !important;}\u00bb][vc_column width=\u00bb1\/12&#8243; css=\u00bb.vc_custom_1616077900363{padding-right: 0px !important;padding-left: 0px !important;background-position: center !important;background-repeat: no-repeat !important;background-size: contain !important;}\u00bb][\/vc_column][vc_column width=\u00bb5\/12&#8243;][vc_single_image image=\u00bb1849&#8243; img_size=\u00bbfull\u00bb alignment=\u00bbcenter\u00bb][\/vc_column][vc_column width=\u00bb1\/12&#8243;][\/vc_column][vc_column width=\u00bb4\/12&#8243;][vc_empty_space height=\u00bb35px\u00bb][vc_column_text]<\/p>\n<div>\n<p>Al acceder a la lista de contactos nos aparecer\u00e1n nuestros perfiles ordenados por Grupos y Segmentos.Dentro de grupos tendremos creado autom\u00e1ticamente un grupo que incluye \u201cTodos los Perfiles\u201d y otro que nos indicar\u00e1 los \u201cPerfiles sin grupo\u201d Los ver\u00e1s remarcados en colo gris.<\/p>\n<p>Seguidamente te aparecer\u00e1n todos los que hayas creado seg\u00fan tus intereses.<\/p>\n<p>En cada grupo segmento ver\u00e1s cuantos perfiles hay en ellos con n\u00famero de m\u00f3vil, los cuales podr\u00e1s seleccionar al completo o acceder a trav\u00e9s de la lupa y poder seleccionar los que desees de ese grupo o segmento. Finalmente le dar\u00e1s a enviar y ADA te dar\u00e1 la opci\u00f3n de poder guardarlo como nuevo grupo, si fuera el caso de que hubieras hecho una selecci\u00f3n que comprendiera varios grupos o segmentos.<\/p><\/div>\n<p>[\/vc_column_text][vc_btn title=\u00bbReg\u00edstrate GRATIS\u00bb style=\u00bbcustom\u00bb custom_background=\u00bb#9c495d\u00bb custom_text=\u00bb#ffffff\u00bb shape=\u00bbround\u00bb size=\u00bblg\u00bb align=\u00bbleft\u00bb css_animation=\u00bbfadeInUp\u00bb link=\u00bburl:https%3A%2F%2Ffreetrial.adaoncloud.com%2FadaxFree%2Fes\u00bb][\/vc_column][vc_column width=\u00bb1\/12&#8243;][\/vc_column][\/vc_row][vc_row full_width=\u00bbstretch_row\u00bb css=\u00bb.vc_custom_1664868073882{padding-top: 3% !important;padding-right: 0px !important;padding-bottom: 3% !important;padding-left: 0px !important;background-color: #f8f8f8 !important;}\u00bb el_class=\u00bbhidden-sm hidden-xs\u00bb][vc_column width=\u00bb1\/12&#8243; css=\u00bb.vc_custom_1605084525184{padding-right: 5% !important;padding-left: 5% !important;}\u00bb][\/vc_column][vc_column width=\u00bb4\/12&#8243; css=\u00bb.vc_custom_1610560406269{padding-right: 3% !important;}\u00bb][vc_empty_space height=\u00bb35px\u00bb][vc_column_text el_class=\u00bblistado\u00bb]Ahora toca redactar el mensaje, cosas a tener en cuenta. Un sms permite un m\u00e1ximo de 160 caracteres. En en un mismo env\u00edo puedes acumular hasta un m\u00e1ximo de 3.<\/p>\n<p>Puedes personalizar el texto con la casilla desplegable de \u201cValor personalizado\u201d.<\/p>\n<p>Podr\u00e1s incluir en el texto cualquier contenido que hayas creado en ADA (Landing, StoryTellig, MovieTelling, &#8230;)<\/p>\n<p>Hasta la posibilidad de insertar un c\u00f3digo cup\u00f3n en el mismo mensaje.[\/vc_column_text][vc_btn title=\u00bbReg\u00edstrate GRATIS\u00bb style=\u00bbcustom\u00bb custom_background=\u00bb#9c495d\u00bb custom_text=\u00bb#ffffff\u00bb shape=\u00bbround\u00bb size=\u00bblg\u00bb align=\u00bbleft\u00bb css_animation=\u00bbfadeInUp\u00bb link=\u00bburl:https%3A%2F%2Ffreetrial.adaoncloud.com%2FadaxFree%2Fes\u00bb][\/vc_column][vc_column width=\u00bb1\/12&#8243;][\/vc_column][vc_column width=\u00bb5\/12&#8243; css=\u00bb.vc_custom_1615473325726{background-image: url(https:\/\/www.www.adaoncloud.com\/es\/wp-content\/uploads\/sites\/2\/2021\/03\/sms-3.png?id=1848) !important;background-position: center !important;background-repeat: no-repeat !important;background-size: contain !important;}\u00bb][vc_single_image image=\u00bb1848&#8243; img_size=\u00bbfull\u00bb][\/vc_column][vc_column width=\u00bb1\/12&#8243;][\/vc_column][\/vc_row][vc_row full_width=\u00bbstretch_row\u00bb css=\u00bb.vc_custom_1664868038656{padding-top: 3% !important;padding-right: 0px !important;padding-bottom: 3% !important;padding-left: 0px !important;background-color: #f8f8f8 !important;}\u00bb el_class=\u00bbhidden-lg hidden-md\u00bb][vc_column width=\u00bb1\/12&#8243; css=\u00bb.vc_custom_1605084525184{padding-right: 5% !important;padding-left: 5% !important;}\u00bb][\/vc_column][vc_column width=\u00bb5\/12&#8243; css=\u00bb.vc_custom_1615473325726{background-image: url(https:\/\/www.www.adaoncloud.com\/es\/wp-content\/uploads\/sites\/2\/2021\/03\/sms-3.png?id=1848) !important;background-position: center !important;background-repeat: no-repeat !important;background-size: contain !important;}\u00bb][vc_single_image image=\u00bb1848&#8243; img_size=\u00bbfull\u00bb][\/vc_column][vc_column width=\u00bb1\/12&#8243;][\/vc_column][vc_column width=\u00bb4\/12&#8243; css=\u00bb.vc_custom_1610560406269{padding-right: 3% !important;}\u00bb][vc_empty_space height=\u00bb35px\u00bb][vc_column_text el_class=\u00bblistado\u00bb]Ahora toca redactar el mensaje, cosas a tener en cuenta. Un sms permite un m\u00e1ximo de 160 caracteres. En en un mismo env\u00edo puedes acumular hasta un m\u00e1ximo de 3.<\/p>\n<p>Puedes personalizar el texto con la casilla desplegable de \u201cValor personalizado\u201d.<\/p>\n<p>Podr\u00e1s incluir en el texto cualquier contenido que hayas creado en ADA (Landing, StoryTellig, MovieTelling, &#8230;)<\/p>\n<p>Hasta la posibilidad de insertar un c\u00f3digo cup\u00f3n en el mismo mensaje.[\/vc_column_text][vc_btn title=\u00bbReg\u00edstrate GRATIS\u00bb style=\u00bbcustom\u00bb custom_background=\u00bb#9c495d\u00bb custom_text=\u00bb#ffffff\u00bb shape=\u00bbround\u00bb size=\u00bblg\u00bb align=\u00bbleft\u00bb css_animation=\u00bbfadeInUp\u00bb link=\u00bburl:https%3A%2F%2Ffreetrial.adaoncloud.com%2FadaxFree%2Fes\u00bb][\/vc_column][vc_column width=\u00bb1\/12&#8243;][\/vc_column][\/vc_row][vc_row full_width=\u00bbstretch_row\u00bb equal_height=\u00bbyes\u00bb content_placement=\u00bbmiddle\u00bb css=\u00bb.vc_custom_1664868046349{margin-right: 0px !important;margin-left: 0px !important;padding-top: 3% !important;padding-right: 0px !important;padding-bottom: 3% !important;padding-left: 0px !important;}\u00bb][vc_column width=\u00bb1\/12&#8243; css=\u00bb.vc_custom_1616077925227{padding-right: 0px !important;padding-left: 0px !important;background-position: center !important;background-repeat: no-repeat !important;background-size: cover !important;}\u00bb][\/vc_column][vc_column width=\u00bb5\/12&#8243;][vc_single_image image=\u00bb1847&#8243; img_size=\u00bbfull\u00bb][\/vc_column][vc_column width=\u00bb1\/12&#8243;][\/vc_column][vc_column width=\u00bb4\/12&#8243;][vc_empty_space height=\u00bb35px\u00bb][vc_column_text]Con el mensaje bien definido ya s\u00f3lo nos quedar\u00e1 decidir cu\u00e1ndo lo enviamos<\/p>\n<p>Tendr\u00e1s la posibilidad de enviarlo de forma inmediata d\u00e1ndolo directamente al bot\u00f3n \u201cenviar\u201d,<\/p>\n<p>Tambi\u00e9n podr\u00e1s programar la fecha y hora de env\u00edo haciendo clic en el icono de calendario<\/p>\n<p>En ambos casos antes de proceder al env\u00edo, iremos previamente a una pantalla \u201cresumen\u201d para confirmar todos los pasos.[\/vc_column_text][vc_btn title=\u00bbReg\u00edstrate GRATIS\u00bb style=\u00bbcustom\u00bb custom_background=\u00bb#9c495d\u00bb custom_text=\u00bb#ffffff\u00bb shape=\u00bbround\u00bb size=\u00bblg\u00bb align=\u00bbleft\u00bb css_animation=\u00bbfadeInUp\u00bb link=\u00bburl:https%3A%2F%2Ffreetrial.adaoncloud.com%2FadaxFree%2Fes\u00bb][\/vc_column][vc_column width=\u00bb1\/12&#8243;][\/vc_column][\/vc_row][vc_row full_width=\u00bbstretch_row\u00bb css=\u00bb.vc_custom_1664868054365{padding-top: 3% !important;padding-right: 0px !important;padding-bottom: 3% !important;padding-left: 0px !important;background-color: #f8f8f8 !important;}\u00bb el_class=\u00bbhidden-sm hidden-xs\u00bb][vc_column width=\u00bb1\/12&#8243; css=\u00bb.vc_custom_1605084525184{padding-right: 5% !important;padding-left: 5% !important;}\u00bb][\/vc_column][vc_column width=\u00bb4\/12&#8243; css=\u00bb.vc_custom_1610560406269{padding-right: 3% !important;}\u00bb][vc_empty_space height=\u00bb35px\u00bb][vc_column_text el_class=\u00bblistado\u00bb]En el resumen podr\u00e1s repasar lo siguiente:<\/p>\n<ul>\n<li>Remitente<\/li>\n<li>N\u00ba destinatarios<\/li>\n<li>Cr\u00e9ditos Nacionales<\/li>\n<li>N\u00ba destinatarios internacionales<\/li>\n<li>Cr\u00e9ditos Internacionales<\/li>\n<li>Fecha de env\u00edo<\/li>\n<li>N\u00ba SMS encadenados<\/li>\n<li>Cup\u00f3n: SI o NO<\/li>\n<li>Texto del mensaje y una vista previa del contenido incluido en \u00e9l.<\/li>\n<\/ul>\n<p>[\/vc_column_text][vc_btn title=\u00bbReg\u00edstrate GRATIS\u00bb style=\u00bbcustom\u00bb custom_background=\u00bb#9c495d\u00bb custom_text=\u00bb#ffffff\u00bb shape=\u00bbround\u00bb size=\u00bblg\u00bb align=\u00bbleft\u00bb css_animation=\u00bbfadeInUp\u00bb link=\u00bburl:https%3A%2F%2Ffreetrial.adaoncloud.com%2FadaxFree%2Fes\u00bb][\/vc_column][vc_column width=\u00bb1\/12&#8243;][\/vc_column][vc_column width=\u00bb5\/12&#8243; css=\u00bb.vc_custom_1615473363213{background-image: url(https:\/\/www.www.adaoncloud.com\/es\/wp-content\/uploads\/sites\/2\/2021\/03\/sms-5.png?id=1846) !important;}\u00bb][vc_single_image image=\u00bb1846&#8243; img_size=\u00bbfull\u00bb][\/vc_column][vc_column width=\u00bb1\/12&#8243;][\/vc_column][\/vc_row][vc_row full_width=\u00bbstretch_row\u00bb css=\u00bb.vc_custom_1664868063720{padding-top: 3% !important;padding-right: 0px !important;padding-bottom: 3% !important;padding-left: 0px !important;background-color: #f8f8f8 !important;}\u00bb el_class=\u00bbhidden-lg hidden-md\u00bb][vc_column width=\u00bb1\/12&#8243; css=\u00bb.vc_custom_1605084525184{padding-right: 5% !important;padding-left: 5% !important;}\u00bb][\/vc_column][vc_column width=\u00bb5\/12&#8243; css=\u00bb.vc_custom_1615473363213{background-image: url(https:\/\/www.www.adaoncloud.com\/es\/wp-content\/uploads\/sites\/2\/2021\/03\/sms-5.png?id=1846) !important;}\u00bb][vc_single_image image=\u00bb1846&#8243; img_size=\u00bbfull\u00bb][\/vc_column][vc_column width=\u00bb1\/12&#8243;][\/vc_column][vc_column width=\u00bb4\/12&#8243; css=\u00bb.vc_custom_1610560406269{padding-right: 3% !important;}\u00bb][vc_empty_space height=\u00bb35px\u00bb][vc_column_text el_class=\u00bblistado\u00bb]En el resumen podr\u00e1s repasar lo siguiente:<\/p>\n<ul>\n<li>Remitente<\/li>\n<li>N\u00ba destinatarios<\/li>\n<li>Cr\u00e9ditos Nacionales<\/li>\n<li>N\u00ba destinatarios internacionales<\/li>\n<li>Cr\u00e9ditos Internacionales<\/li>\n<li>Fecha de env\u00edo<\/li>\n<li>N\u00ba SMS encadenados<\/li>\n<li>Cup\u00f3n: SI o NO<\/li>\n<li>Texto del mensaje y una vista previa del contenido incluido en \u00e9l.<\/li>\n<\/ul>\n<p>[\/vc_column_text][vc_btn title=\u00bbReg\u00edstrate GRATIS\u00bb style=\u00bbcustom\u00bb custom_background=\u00bb#9c495d\u00bb custom_text=\u00bb#ffffff\u00bb shape=\u00bbround\u00bb size=\u00bblg\u00bb align=\u00bbleft\u00bb css_animation=\u00bbfadeInUp\u00bb link=\u00bburl:https%3A%2F%2Ffreetrial.adaoncloud.com%2FadaxFree%2Fes\u00bb][\/vc_column][vc_column width=\u00bb1\/12&#8243;][\/vc_column][\/vc_row][\/vc_section][vc_row el_class=\u00bbbottomMenu\u00bb][vc_column width=\u00bb1\/3&#8243;][vc_btn title=\u00bbLive webinar | Inscr\u00edbete gratis\u00bb style=\u00bbcustom\u00bb custom_background=\u00bb#9c495d\u00bb custom_text=\u00bb#ffffff\u00bb shape=\u00bbround\u00bb size=\u00bbxs\u00bb align=\u00bbleft\u00bb i_icon_fontawesome=\u00bbfas fa-circle\u00bb add_icon=\u00bbtrue\u00bb link=\u00bburl:%2Fes%2Fwebinars%2F|title:webinars\u00bb][\/vc_column][vc_column width=\u00bb1\/3&#8243;][\/vc_column][vc_column width=\u00bb1\/3&#8243;][\/vc_column][\/vc_row]<\/p>\n","protected":false},"excerpt":{"rendered":"<p>[vc_row full_width=\u00bbstretch_row_content_no_spaces\u00bb equal_height=\u00bbyes\u00bb rtl_reverse=\u00bbyes\u00bb content_placement=\u00bbtop\u00bb css=\u00bb.vc_custom_1615475394020{padding-bottom: 0px !important;}\u00bb][vc_column width=\u00bb1\/3&#8243;][vc_empty_space height=\u00bb35px\u00bb][vc_custom_heading text=\u00bbDirecto Inmediato Efectivo\u00bb font_container=\u00bbtag:h1|font_size:70px|text_align:left|color:%23083944&#8243; use_theme_fonts=\u00bbyes\u00bb css_animation=\u00bbfadeInDown\u00bb][vc_column_text css_animation=\u00bbfadeInUp\u00bb el_class=\u00bbparagrafo padding10 font15&#8243;] Env\u00edos SMS Elige la mejor soluci\u00f3n de SMS para tus campa\u00f1as. Tambi\u00e9n puedes buscar nuevos clientes a trav\u00e9s del env\u00edo a un target perfilado de usuarios. [\/vc_column_text][vc_btn title=\u00bbReg\u00edstrate GRATIS\u00bb style=\u00bbcustom\u00bb custom_background=\u00bb#9c495d\u00bb custom_text=\u00bb#ffffff\u00bb shape=\u00bbround\u00bb size=\u00bblg\u00bb align=\u00bbleft\u00bb [&hellip;]<\/p>\n","protected":false},"author":1,"featured_media":0,"parent":0,"menu_order":0,"comment_status":"closed","ping_status":"closed","template":"","meta":{"om_disable_all_campaigns":false},"_links":{"self":[{"href":"https:\/\/www.adaoncloud.com\/es\/wp-json\/wp\/v2\/pages\/367"}],"collection":[{"href":"https:\/\/www.adaoncloud.com\/es\/wp-json\/wp\/v2\/pages"}],"about":[{"href":"https:\/\/www.adaoncloud.com\/es\/wp-json\/wp\/v2\/types\/page"}],"author":[{"embeddable":true,"href":"https:\/\/www.adaoncloud.com\/es\/wp-json\/wp\/v2\/users\/1"}],"replies":[{"embeddable":true,"href":"https:\/\/www.adaoncloud.com\/es\/wp-json\/wp\/v2\/comments?post=367"}],"version-history":[{"count":45,"href":"https:\/\/www.adaoncloud.com\/es\/wp-json\/wp\/v2\/pages\/367\/revisions"}],"predecessor-version":[{"id":13651,"href":"https:\/\/www.adaoncloud.com\/es\/wp-json\/wp\/v2\/pages\/367\/revisions\/13651"}],"wp:attachment":[{"href":"https:\/\/www.adaoncloud.com\/es\/wp-json\/wp\/v2\/media?parent=367"}],"curies":[{"name":"wp","href":"https:\/\/api.w.org\/{rel}","templated":true}]}}