{"id":395,"date":"2020-11-16T10:29:17","date_gmt":"2020-11-16T09:29:17","guid":{"rendered":"https:\/\/newadaoncloud.staging.thedigitalbox.com\/es\/?page_id=395"},"modified":"2022-10-04T09:26:23","modified_gmt":"2022-10-04T07:26:23","slug":"email-marketing","status":"publish","type":"page","link":"https:\/\/www.adaoncloud.com\/es\/email-marketing\/","title":{"rendered":"Email marketing"},"content":{"rendered":"<p>[vc_row full_width=\u00bbstretch_row_content_no_spaces\u00bb equal_height=\u00bbyes\u00bb rtl_reverse=\u00bbyes\u00bb content_placement=\u00bbtop\u00bb css=\u00bb.vc_custom_1613661852478{margin-bottom: 0px !important;padding-bottom: 0px !important;}\u00bb][vc_column width=\u00bb1\/3&#8243;][vc_custom_heading text=\u00bbComunica<br \/>\nFideliza<br \/>\nConvierte\u00bb font_container=\u00bbtag:h1|font_size:70px|text_align:left|color:%23083944&#8243; use_theme_fonts=\u00bbyes\u00bb css_animation=\u00bbfadeInDown\u00bb][vc_column_text css_animation=\u00bbfadeInUp\u00bb el_class=\u00bbparagrafo padding10 font15&#8243;]<\/p>\n<h4>Env\u00edos UpperMail<\/h4>\n<p>Es el canal ideal para gestionar todo el lead nurturing de tu empresa. La comunicaci\u00f3n recurrente con tus clientes o posibles clientes es sumamente importante y ah\u00ed el email ser\u00e1 tu mejor aliado.<\/p>\n<p>[\/vc_column_text][vc_btn title=\u00bbReg\u00edstrate GRATIS\u00bb style=\u00bbcustom\u00bb custom_background=\u00bb#9c495d\u00bb custom_text=\u00bb#ffffff\u00bb shape=\u00bbround\u00bb size=\u00bblg\u00bb align=\u00bbleft\u00bb css_animation=\u00bbfadeInUp\u00bb link=\u00bburl:https%3A%2F%2Ffreetrial.adaoncloud.com%2FadaxFree%2Fes\u00bb][\/vc_column][vc_column width=\u00bb2\/3&#8243; css=\u00bb.vc_custom_1616068329318{margin-bottom: -30px !important;background-image: url(https:\/\/www.www.adaoncloud.com\/es\/wp-content\/uploads\/sites\/2\/2021\/03\/Uppermail-distribute-testimonial.png?id=2004) !important;background-position: center !important;background-repeat: no-repeat !important;background-size: contain !important;}\u00bb][vc_single_image image=\u00bb2004&#8243; img_size=\u00bbfull\u00bb][\/vc_column][\/vc_row][vc_section full_width=\u00bbstretch_row\u00bb css=\u00bb.vc_custom_1605103445882{margin-bottom: 0px !important;padding-bottom: 0px !important;background-color: #ffffff !important;}\u00bb][vc_row full_width=\u00bbstretch_row_content_no_spaces\u00bb content_placement=\u00bbtop\u00bb css=\u00bb.vc_custom_1613662224239{padding-top: 50px !important;padding-right: 0px !important;padding-left: 0px !important;background-color: #1f9f97 !important;}\u00bb][vc_column css=\u00bb.vc_custom_1604939591857{padding-right: 5% !important;padding-left: 5% !important;}\u00bb][vc_row_inner][vc_column_inner width=\u00bb1\/2&#8243;][vc_single_image image=\u00bb1684&#8243; img_size=\u00bbfull\u00bb css_animation=\u00bbflipInY\u00bb][vc_empty_space height=\u00bb35px\u00bb][\/vc_column_inner][vc_column_inner width=\u00bb1\/2&#8243;][vc_empty_space height=\u00bb55px\u00bb][vc_custom_heading text=\u00bbEnv\u00edos UpperMail\u00bb font_container=\u00bbtag:h2|text_align:left|color:%23ffffff\u00bb use_theme_fonts=\u00bbyes\u00bb css_animation=\u00bbfadeInDown\u00bb][vc_column_text]<\/p>\n<p style=\"text-align: left; color: #fff; font-size: 1.6rem; font-family: 'montserrat';\">UpperMail te permite gestionar una campa\u00f1a de email marketing de forma muy sencilla. Establece tu objetivo, selecciona la lista de destinatarios y personaliza cada mensaje hasta el m\u00e1s m\u00ednimo detalle para maximizar su impacto.<\/p>\n<p>[\/vc_column_text][\/vc_column_inner][\/vc_row_inner][\/vc_column][\/vc_row][vc_row full_width=\u00bbstretch_row\u00bb equal_height=\u00bbyes\u00bb content_placement=\u00bbmiddle\u00bb css=\u00bb.vc_custom_1613645944803{padding-top: 3% !important;padding-right: 0px !important;padding-bottom: 3% !important;padding-left: 0px !important;}\u00bb el_class=\u00bbver-align\u00bb][vc_column width=\u00bb1\/12&#8243;][\/vc_column][vc_column width=\u00bb5\/12&#8243;][vc_single_image image=\u00bb1873&#8243; img_size=\u00bbfull\u00bb][\/vc_column][vc_column width=\u00bb1\/12&#8243; css=\u00bb.vc_custom_1613645913688{padding-top: 3% !important;padding-right: 0px !important;padding-bottom: 3% !important;padding-left: 0px !important;background-position: center !important;background-repeat: no-repeat !important;background-size: contain !important;}\u00bb][\/vc_column][vc_column width=\u00bb4\/12&#8243;][vc_column_text]Lo primero que deber\u00e1s hacer para programar un env\u00edo de UpperMail ser\u00e1 darle un nombre a la campa\u00f1a. Seguidamente tienes la opci\u00f3n de llevar a cabo un test A\/B (lo veremos m\u00e1s adelante).<\/p>\n<p>Y como en todo tipo de env\u00edos a una base de datos, habr\u00e1 que acceder a ella para seleccionar perfiles, grupos o segmentos a los que queramos hacer llegarla campa\u00f1a.[\/vc_column_text][vc_btn title=\u00bbReg\u00edstrate GRATIS\u00bb style=\u00bbcustom\u00bb custom_background=\u00bb#9c495d\u00bb custom_text=\u00bb#ffffff\u00bb shape=\u00bbround\u00bb size=\u00bblg\u00bb align=\u00bbleft\u00bb css_animation=\u00bbfadeInUp\u00bb link=\u00bburl:https%3A%2F%2Ffreetrial.adaoncloud.com%2FadaxFree%2Fes\u00bb][\/vc_column][vc_column width=\u00bb1\/12&#8243;][\/vc_column][\/vc_row][vc_row full_width=\u00bbstretch_row\u00bb equal_height=\u00bbyes\u00bb content_placement=\u00bbmiddle\u00bb css=\u00bb.vc_custom_1616147020916{padding-top: 3% !important;padding-right: 0px !important;padding-bottom: 3% !important;padding-left: 0px !important;background-color: #f8f8f8 !important;}\u00bb el_class=\u00bbver-align hidden-sm hidden-xs\u00bb][vc_column width=\u00bb1\/12&#8243;][\/vc_column][vc_column width=\u00bb4\/12&#8243;][vc_empty_space height=\u00bb55px\u00bb][vc_column_text]La lista de contactos la tendr\u00e1s clasificada por grupos y segmentos que podr\u00e1s activar o desactivar para hacer la b\u00fasqueda m\u00e1s r\u00e1pida.<\/p>\n<p>Dispondr\u00e1s de la opci\u00f3n de marcar todos los perfiles y perfiles sin grupo asociado.<\/p>\n<p>A continuaci\u00f3n ver\u00e1s los grupos y segmentos que hayas creado, viendo en todo momento los perfiles que lo integran.[\/vc_column_text][vc_btn title=\u00bbReg\u00edstrate GRATIS\u00bb style=\u00bbcustom\u00bb custom_background=\u00bb#9c495d\u00bb custom_text=\u00bb#ffffff\u00bb shape=\u00bbround\u00bb size=\u00bblg\u00bb align=\u00bbleft\u00bb css_animation=\u00bbfadeInUp\u00bb link=\u00bburl:https%3A%2F%2Ffreetrial.adaoncloud.com%2FadaxFree%2Fes\u00bb][\/vc_column][vc_column width=\u00bb1\/12&#8243; css=\u00bb.vc_custom_1613645913688{padding-top: 3% !important;padding-right: 0px !important;padding-bottom: 3% !important;padding-left: 0px !important;background-position: center !important;background-repeat: no-repeat !important;background-size: contain !important;}\u00bb][\/vc_column][vc_column width=\u00bb5\/12&#8243;][vc_single_image image=\u00bb1878&#8243; img_size=\u00bbfull\u00bb][\/vc_column][vc_column width=\u00bb1\/12&#8243;][\/vc_column][\/vc_row][vc_row full_width=\u00bbstretch_row\u00bb equal_height=\u00bbyes\u00bb content_placement=\u00bbmiddle\u00bb css=\u00bb.vc_custom_1616147029252{padding-top: 3% !important;padding-right: 0px !important;padding-bottom: 3% !important;padding-left: 0px !important;background-color: #f8f8f8 !important;}\u00bb el_class=\u00bbver-align hidden-lg hidden-md\u00bb][vc_column width=\u00bb1\/12&#8243;][\/vc_column][vc_column width=\u00bb5\/12&#8243;][vc_single_image image=\u00bb1878&#8243; img_size=\u00bbfull\u00bb][\/vc_column][vc_column width=\u00bb1\/12&#8243; css=\u00bb.vc_custom_1613645913688{padding-top: 3% !important;padding-right: 0px !important;padding-bottom: 3% !important;padding-left: 0px !important;background-position: center !important;background-repeat: no-repeat !important;background-size: contain !important;}\u00bb][\/vc_column][vc_column width=\u00bb4\/12&#8243;][vc_empty_space height=\u00bb55px\u00bb][vc_column_text]La lista de contactos la tendr\u00e1s clasificada por grupos y segmentos que podr\u00e1s activar o desactivar para hacer la b\u00fasqueda m\u00e1s r\u00e1pida.<\/p>\n<p>Dispondr\u00e1s de la opci\u00f3n de marcar todos los perfiles y perfiles sin grupo asociado.<\/p>\n<p>A continuaci\u00f3n ver\u00e1s los grupos y segmentos que hayas creado, viendo en todo momento los perfiles que lo integran.[\/vc_column_text][vc_btn title=\u00bbReg\u00edstrate GRATIS\u00bb style=\u00bbcustom\u00bb custom_background=\u00bb#9c495d\u00bb custom_text=\u00bb#ffffff\u00bb shape=\u00bbround\u00bb size=\u00bblg\u00bb align=\u00bbleft\u00bb css_animation=\u00bbfadeInUp\u00bb link=\u00bburl:https%3A%2F%2Ffreetrial.adaoncloud.com%2FadaxFree%2Fes\u00bb][\/vc_column][vc_column width=\u00bb1\/12&#8243;][\/vc_column][\/vc_row][vc_row full_width=\u00bbstretch_row\u00bb equal_height=\u00bbyes\u00bb content_placement=\u00bbmiddle\u00bb css=\u00bb.vc_custom_1613645944803{padding-top: 3% !important;padding-right: 0px !important;padding-bottom: 3% !important;padding-left: 0px !important;}\u00bb el_class=\u00bbver-align\u00bb][vc_column width=\u00bb1\/12&#8243;][\/vc_column][vc_column width=\u00bb5\/12&#8243;][vc_single_image image=\u00bb1877&#8243; img_size=\u00bbfull\u00bb][\/vc_column][vc_column width=\u00bb1\/12&#8243; css=\u00bb.vc_custom_1613645913688{padding-top: 3% !important;padding-right: 0px !important;padding-bottom: 3% !important;padding-left: 0px !important;background-position: center !important;background-repeat: no-repeat !important;background-size: contain !important;}\u00bb][\/vc_column][vc_column width=\u00bb4\/12&#8243;][vc_empty_space height=\u00bb55px\u00bb][vc_column_text]Toda vez que ya tenemos seleccionados los perfiles a lo que enviar la campa\u00f1a s\u00f3lo tenemos que abrir el desplegable \u201cSeleccionar UpperMail\u201d y escoger el email que hayamos creado para la ocasi\u00f3n.<\/p>\n<p>Importe redactar tanto el asunto del correo, como la vista previa del texto del email. Ambas acciones son personalizables a trav\u00e9s de los botones \u201cvalor personalizado\u201d[\/vc_column_text][vc_btn title=\u00bbReg\u00edstrate GRATIS\u00bb style=\u00bbcustom\u00bb custom_background=\u00bb#9c495d\u00bb custom_text=\u00bb#ffffff\u00bb shape=\u00bbround\u00bb size=\u00bblg\u00bb align=\u00bbleft\u00bb css_animation=\u00bbfadeInUp\u00bb link=\u00bburl:https%3A%2F%2Ffreetrial.adaoncloud.com%2FadaxFree%2Fes\u00bb][\/vc_column][vc_column width=\u00bb1\/12&#8243;][\/vc_column][\/vc_row][vc_row full_width=\u00bbstretch_row\u00bb equal_height=\u00bbyes\u00bb content_placement=\u00bbmiddle\u00bb css=\u00bb.vc_custom_1616147044632{padding-top: 3% !important;padding-right: 0px !important;padding-bottom: 3% !important;padding-left: 0px !important;background-color: #f8f8f8 !important;}\u00bb el_class=\u00bbver-align hidden-sm hidden-xs\u00bb][vc_column width=\u00bb1\/12&#8243;][\/vc_column][vc_column width=\u00bb5\/12&#8243;][vc_empty_space height=\u00bb55px\u00bb][vc_column_text]Ya solo te queda indicar el remitente del env\u00edo de la campa\u00f1a y la direcci\u00f3n de correo electr\u00f3nico d\u00f3nde quieres recibir las posibles respuestas.<\/p>\n<p>Por \u00faltimo, programar el env\u00edo, habriendo el desplegable podr\u00e1s escoger el d\u00eda y la hora, aunque sea dentro de un minuto.<\/p>\n<p>As\u00ed de f\u00e1cil.[\/vc_column_text][vc_btn title=\u00bbReg\u00edstrate GRATIS\u00bb style=\u00bbcustom\u00bb custom_background=\u00bb#9c495d\u00bb custom_text=\u00bb#ffffff\u00bb shape=\u00bbround\u00bb size=\u00bblg\u00bb align=\u00bbleft\u00bb css_animation=\u00bbfadeInUp\u00bb link=\u00bburl:https%3A%2F%2Ffreetrial.adaoncloud.com%2FadaxFree%2Fes\u00bb][\/vc_column][vc_column width=\u00bb1\/12&#8243; css=\u00bb.vc_custom_1613645913688{padding-top: 3% !important;padding-right: 0px !important;padding-bottom: 3% !important;padding-left: 0px !important;background-position: center !important;background-repeat: no-repeat !important;background-size: contain !important;}\u00bb][\/vc_column][vc_column width=\u00bb4\/12&#8243;][vc_single_image image=\u00bb1876&#8243; img_size=\u00bbfull\u00bb][\/vc_column][vc_column width=\u00bb1\/12&#8243;][\/vc_column][\/vc_row][vc_row full_width=\u00bbstretch_row\u00bb equal_height=\u00bbyes\u00bb content_placement=\u00bbmiddle\u00bb css=\u00bb.vc_custom_1616147051992{padding-top: 3% !important;padding-right: 0px !important;padding-bottom: 3% !important;padding-left: 0px !important;background-color: #f8f8f8 !important;}\u00bb el_class=\u00bbver-align hidden-lg hidden-md\u00bb][vc_column width=\u00bb1\/12&#8243;][\/vc_column][vc_column width=\u00bb4\/12&#8243;][vc_single_image image=\u00bb1876&#8243; img_size=\u00bbfull\u00bb][\/vc_column][vc_column width=\u00bb1\/12&#8243; css=\u00bb.vc_custom_1613645913688{padding-top: 3% !important;padding-right: 0px !important;padding-bottom: 3% !important;padding-left: 0px !important;background-position: center !important;background-repeat: no-repeat !important;background-size: contain !important;}\u00bb][\/vc_column][vc_column width=\u00bb5\/12&#8243;][vc_empty_space height=\u00bb55px\u00bb][vc_column_text]Ya solo te queda indicar el remitente del env\u00edo de la campa\u00f1a y la direcci\u00f3n de correo electr\u00f3nico d\u00f3nde quieres recibir las posibles respuestas.<\/p>\n<p>Por \u00faltimo, programar el env\u00edo, habriendo el desplegable podr\u00e1s escoger el d\u00eda y la hora, aunque sea dentro de un minuto.<\/p>\n<p>As\u00ed de f\u00e1cil.[\/vc_column_text][vc_btn title=\u00bbReg\u00edstrate GRATIS\u00bb style=\u00bbcustom\u00bb custom_background=\u00bb#9c495d\u00bb custom_text=\u00bb#ffffff\u00bb shape=\u00bbround\u00bb size=\u00bblg\u00bb align=\u00bbleft\u00bb css_animation=\u00bbfadeInUp\u00bb link=\u00bburl:https%3A%2F%2Ffreetrial.adaoncloud.com%2FadaxFree%2Fes\u00bb][\/vc_column][vc_column width=\u00bb1\/12&#8243;][\/vc_column][\/vc_row][vc_row full_width=\u00bbstretch_row\u00bb equal_height=\u00bbyes\u00bb content_placement=\u00bbmiddle\u00bb css=\u00bb.vc_custom_1613645944803{padding-top: 3% !important;padding-right: 0px !important;padding-bottom: 3% !important;padding-left: 0px !important;}\u00bb el_class=\u00bbver-align\u00bb][vc_column width=\u00bb1\/12&#8243;][\/vc_column][vc_column width=\u00bb5\/12&#8243;][vc_single_image image=\u00bb1875&#8243; img_size=\u00bbfull\u00bb][\/vc_column][vc_column width=\u00bb1\/12&#8243; css=\u00bb.vc_custom_1613645913688{padding-top: 3% !important;padding-right: 0px !important;padding-bottom: 3% !important;padding-left: 0px !important;background-position: center !important;background-repeat: no-repeat !important;background-size: contain !important;}\u00bb][\/vc_column][vc_column width=\u00bb4\/12&#8243;][vc_empty_space height=\u00bb55px\u00bb][vc_column_text]Ya definida la fecha y hora de envio, nos aparecer\u00e1 una ventana Resumen para que podamos repasar que todo est\u00e1 correcto<\/p>\n<ul>\n<li>Nombre del remitente<\/li>\n<li>Direcci\u00f3n de respuesta<\/li>\n<li>Nombre de la campa\u00f1a<\/li>\n<li>Asunto del correo electr\u00f3nico<\/li>\n<li>Vista previa del texto del email<\/li>\n<li>Fecha de env\u00edo<\/li>\n<li>UpperMail<\/li>\n<li>N\u00famero de destinatarios<\/li>\n<\/ul>\n<p>Acompa\u00f1ado de una vista previa[\/vc_column_text][vc_btn title=\u00bbReg\u00edstrate GRATIS\u00bb style=\u00bbcustom\u00bb custom_background=\u00bb#9c495d\u00bb custom_text=\u00bb#ffffff\u00bb shape=\u00bbround\u00bb size=\u00bblg\u00bb align=\u00bbleft\u00bb css_animation=\u00bbfadeInUp\u00bb link=\u00bburl:https%3A%2F%2Ffreetrial.adaoncloud.com%2FadaxFree%2Fes\u00bb][\/vc_column][vc_column width=\u00bb1\/12&#8243;][\/vc_column][\/vc_row][vc_row full_width=\u00bbstretch_row\u00bb equal_height=\u00bbyes\u00bb content_placement=\u00bbmiddle\u00bb css=\u00bb.vc_custom_1616147071531{padding-top: 3% !important;padding-right: 0px !important;padding-bottom: 3% !important;padding-left: 0px !important;background-color: #f8f8f8 !important;}\u00bb el_class=\u00bbver-align hidden-sm hidden-xs\u00bb][vc_column width=\u00bb1\/12&#8243;][\/vc_column][vc_column width=\u00bb5\/12&#8243;][vc_empty_space height=\u00bb55px\u00bb][vc_column_text]Una vez hecho clic en el bot\u00f3n \u201cenviar\u201d el env\u00edo quedar\u00e1 programado, desde el mismo men\u00fa DISTRIBUIR\/UPPERMAIL\/CAMPA\u00d1A PROGRAMADA podremos ver en detalle la campa\u00f1a.<\/p>\n<p>Tendr\u00e1s la opci\u00f3n hasta el \u00faltimo segundo del env\u00edo programado de anular dicha programaci\u00f3n desde el bot\u00f3n \u201cfunciones\u201d[\/vc_column_text][vc_btn title=\u00bbReg\u00edstrate GRATIS\u00bb style=\u00bbcustom\u00bb custom_background=\u00bb#9c495d\u00bb custom_text=\u00bb#ffffff\u00bb shape=\u00bbround\u00bb size=\u00bblg\u00bb align=\u00bbleft\u00bb css_animation=\u00bbfadeInUp\u00bb link=\u00bburl:https%3A%2F%2Ffreetrial.adaoncloud.com%2FadaxFree%2Fes\u00bb][\/vc_column][vc_column width=\u00bb1\/12&#8243; css=\u00bb.vc_custom_1613645913688{padding-top: 3% !important;padding-right: 0px !important;padding-bottom: 3% !important;padding-left: 0px !important;background-position: center !important;background-repeat: no-repeat !important;background-size: contain !important;}\u00bb][\/vc_column][vc_column width=\u00bb4\/12&#8243;][vc_single_image image=\u00bb1874&#8243; img_size=\u00bbfull\u00bb][\/vc_column][vc_column width=\u00bb1\/12&#8243;][\/vc_column][\/vc_row][vc_row full_width=\u00bbstretch_row\u00bb equal_height=\u00bbyes\u00bb content_placement=\u00bbmiddle\u00bb css=\u00bb.vc_custom_1616147080679{padding-top: 3% !important;padding-right: 0px !important;padding-bottom: 3% !important;padding-left: 0px !important;background-color: #f8f8f8 !important;}\u00bb el_class=\u00bbver-align hidden-lg hidden-md\u00bb][vc_column width=\u00bb1\/12&#8243;][\/vc_column][vc_column width=\u00bb4\/12&#8243;][vc_single_image image=\u00bb1874&#8243; img_size=\u00bbfull\u00bb][\/vc_column][vc_column width=\u00bb1\/12&#8243; css=\u00bb.vc_custom_1613645913688{padding-top: 3% !important;padding-right: 0px !important;padding-bottom: 3% !important;padding-left: 0px !important;background-position: center !important;background-repeat: no-repeat !important;background-size: contain !important;}\u00bb][\/vc_column][vc_column width=\u00bb5\/12&#8243;][vc_empty_space height=\u00bb55px\u00bb][vc_column_text]Una vez hecho clic en el bot\u00f3n \u201cenviar\u201d el env\u00edo quedar\u00e1 programado, desde el mismo men\u00fa DISTRIBUIR\/UPPERMAIL\/CAMPA\u00d1A PROGRAMADA podremos ver en detalle la campa\u00f1a.<\/p>\n<p>Tendr\u00e1s la opci\u00f3n hasta el \u00faltimo segundo del env\u00edo programado de anular dicha programaci\u00f3n desde el bot\u00f3n \u201cfunciones\u201d[\/vc_column_text][vc_btn title=\u00bbReg\u00edstrate GRATIS\u00bb style=\u00bbcustom\u00bb custom_background=\u00bb#9c495d\u00bb custom_text=\u00bb#ffffff\u00bb shape=\u00bbround\u00bb size=\u00bblg\u00bb align=\u00bbleft\u00bb css_animation=\u00bbfadeInUp\u00bb link=\u00bburl:https%3A%2F%2Ffreetrial.adaoncloud.com%2FadaxFree%2Fes\u00bb][\/vc_column][vc_column width=\u00bb1\/12&#8243;][\/vc_column][\/vc_row][\/vc_section][vc_row el_class=\u00bbbottomMenu\u00bb][vc_column width=\u00bb1\/3&#8243;][vc_btn title=\u00bbLive webinar | Inscr\u00edbete gratis\u00bb style=\u00bbcustom\u00bb custom_background=\u00bb#9c495d\u00bb custom_text=\u00bb#ffffff\u00bb shape=\u00bbround\u00bb size=\u00bbxs\u00bb align=\u00bbleft\u00bb i_icon_fontawesome=\u00bbfas fa-circle\u00bb add_icon=\u00bbtrue\u00bb link=\u00bburl:%2Fes%2Fwebinars%2F|title:webinars\u00bb][\/vc_column][vc_column width=\u00bb1\/3&#8243;][\/vc_column][vc_column width=\u00bb1\/3&#8243;][\/vc_column][\/vc_row]<\/p>\n","protected":false},"excerpt":{"rendered":"<p>[vc_row full_width=\u00bbstretch_row_content_no_spaces\u00bb equal_height=\u00bbyes\u00bb rtl_reverse=\u00bbyes\u00bb content_placement=\u00bbtop\u00bb css=\u00bb.vc_custom_1613661852478{margin-bottom: 0px !important;padding-bottom: 0px !important;}\u00bb][vc_column width=\u00bb1\/3&#8243;][vc_custom_heading text=\u00bbComunica Fideliza Convierte\u00bb font_container=\u00bbtag:h1|font_size:70px|text_align:left|color:%23083944&#8243; use_theme_fonts=\u00bbyes\u00bb css_animation=\u00bbfadeInDown\u00bb][vc_column_text css_animation=\u00bbfadeInUp\u00bb el_class=\u00bbparagrafo padding10 font15&#8243;] Env\u00edos UpperMail Es el canal ideal para gestionar todo el lead nurturing de tu empresa. La comunicaci\u00f3n recurrente con tus clientes o posibles clientes es sumamente importante y ah\u00ed el email ser\u00e1 tu mejor [&hellip;]<\/p>\n","protected":false},"author":1,"featured_media":0,"parent":0,"menu_order":0,"comment_status":"closed","ping_status":"closed","template":"","meta":{"om_disable_all_campaigns":false},"_links":{"self":[{"href":"https:\/\/www.adaoncloud.com\/es\/wp-json\/wp\/v2\/pages\/395"}],"collection":[{"href":"https:\/\/www.adaoncloud.com\/es\/wp-json\/wp\/v2\/pages"}],"about":[{"href":"https:\/\/www.adaoncloud.com\/es\/wp-json\/wp\/v2\/types\/page"}],"author":[{"embeddable":true,"href":"https:\/\/www.adaoncloud.com\/es\/wp-json\/wp\/v2\/users\/1"}],"replies":[{"embeddable":true,"href":"https:\/\/www.adaoncloud.com\/es\/wp-json\/wp\/v2\/comments?post=395"}],"version-history":[{"count":31,"href":"https:\/\/www.adaoncloud.com\/es\/wp-json\/wp\/v2\/pages\/395\/revisions"}],"predecessor-version":[{"id":13653,"href":"https:\/\/www.adaoncloud.com\/es\/wp-json\/wp\/v2\/pages\/395\/revisions\/13653"}],"wp:attachment":[{"href":"https:\/\/www.adaoncloud.com\/es\/wp-json\/wp\/v2\/media?parent=395"}],"curies":[{"name":"wp","href":"https:\/\/api.w.org\/{rel}","templated":true}]}}