{"id":7398,"date":"2021-04-01T16:03:07","date_gmt":"2021-04-01T14:03:07","guid":{"rendered":"https:\/\/adaoncloud.com\/?page_id=7398"},"modified":"2021-12-15T15:21:38","modified_gmt":"2021-12-15T14:21:38","slug":"contenidos","status":"publish","type":"page","link":"https:\/\/www.adaoncloud.com\/es\/contenidos\/","title":{"rendered":"Contenidos"},"content":{"rendered":"<p>[vc_row full_width=\u00bbstretch_row_content_no_spaces\u00bb equal_height=\u00bbyes\u00bb rtl_reverse=\u00bbyes\u00bb content_placement=\u00bbtop\u00bb css=\u00bb.vc_custom_1613661852478{margin-bottom: 0px !important;padding-bottom: 0px !important;}\u00bb][vc_column width=\u00bb1\/3&#8243;][vc_custom_heading text=\u00bbDirecto<br \/>\nIncansable<br \/>\nEmp\u00e1tico\u00bb font_container=\u00bbtag:h1|font_size:70px|text_align:left|color:%23083944&#8243; use_theme_fonts=\u00bbyes\u00bb css_animation=\u00bbfadeInDown\u00bb][vc_column_text css_animation=\u00bbfadeInUp\u00bb el_class=\u00bbparagrafo padding10 font15&#8243;]<\/p>\n<h4>Lead Generation<\/h4>\n<p>Env\u00eda un mensaje de agradecimient0 por sms o email al conseguir una compilaci\u00f3n en alguna Landing o StoryTelling que capten datos.[\/vc_column_text][vc_btn title=\u00bbReg\u00edstrate GRATIS\u00bb style=\u00bbcustom\u00bb custom_background=\u00bb#9c495d\u00bb custom_text=\u00bb#ffffff\u00bb shape=\u00bbround\u00bb size=\u00bblg\u00bb align=\u00bbleft\u00bb css_animation=\u00bbfadeInUp\u00bb link=\u00bburl:https%3A%2F%2Ffreetrial.adaoncloud.com%2FadaxFree%2Fes\u00bb][\/vc_column][vc_column width=\u00bb2\/3&#8243; css=\u00bb.vc_custom_1617287429287{margin-bottom: -30px !important;background-image: url(https:\/\/www.www.adaoncloud.com\/wp-content\/uploads\/2021\/04\/contenido-testimonial.png?id=7410) !important;background-position: center !important;background-repeat: no-repeat !important;background-size: contain !important;}\u00bb][vc_single_image image=\u00bb7410&#8243; img_size=\u00bbfull\u00bb][\/vc_column][\/vc_row][vc_section full_width=\u00bbstretch_row\u00bb css=\u00bb.vc_custom_1605103445882{margin-bottom: 0px !important;padding-bottom: 0px !important;background-color: #ffffff !important;}\u00bb][vc_row full_width=\u00bbstretch_row_content_no_spaces\u00bb content_placement=\u00bbtop\u00bb css=\u00bb.vc_custom_1613662224239{padding-top: 50px !important;padding-right: 0px !important;padding-left: 0px !important;background-color: #1f9f97 !important;}\u00bb][vc_column css=\u00bb.vc_custom_1604939591857{padding-right: 5% !important;padding-left: 5% !important;}\u00bb][vc_row_inner][vc_column_inner width=\u00bb1\/2&#8243;][vc_single_image image=\u00bb7310&#8243; img_size=\u00bbfull\u00bb css_animation=\u00bbflipInY\u00bb][vc_empty_space height=\u00bb35px\u00bb][\/vc_column_inner][vc_column_inner width=\u00bb1\/2&#8243;][vc_empty_space height=\u00bb55px\u00bb][vc_custom_heading text=\u00bbAutomatiza Conversiones\u00bb font_container=\u00bbtag:h2|text_align:left|color:%23ffffff\u00bb use_theme_fonts=\u00bbyes\u00bb css_animation=\u00bbfadeInDown\u00bb][vc_column_text]<\/p>\n<p style=\"text-align: left; color: #fff; font-size: 1.6rem; font-family: 'montserrat';\">Escoge cualquier Landing o StoryTelling que capten datos y crea una acci\u00f3n automatizada al conseguir una compilaci\u00f3n.<\/p>\n<p>[\/vc_column_text][\/vc_column_inner][\/vc_row_inner][\/vc_column][\/vc_row][vc_row full_width=\u00bbstretch_row\u00bb equal_height=\u00bbyes\u00bb content_placement=\u00bbmiddle\u00bb css=\u00bb.vc_custom_1613645944803{padding-top: 3% !important;padding-right: 0px !important;padding-bottom: 3% !important;padding-left: 0px !important;}\u00bb el_class=\u00bbver-align\u00bb][vc_column width=\u00bb1\/12&#8243;][\/vc_column][vc_column width=\u00bb5\/12&#8243;][vc_single_image image=\u00bb7413&#8243; img_size=\u00bbfull\u00bb][\/vc_column][vc_column width=\u00bb1\/12&#8243; css=\u00bb.vc_custom_1613645913688{padding-top: 3% !important;padding-right: 0px !important;padding-bottom: 3% !important;padding-left: 0px !important;background-position: center !important;background-repeat: no-repeat !important;background-size: contain !important;}\u00bb][\/vc_column][vc_column width=\u00bb4\/12&#8243;][vc_column_text]Empezaremos definiendo sobre que Landing o StoryTelling queramos llevar a cabo la acci\u00f3n, marc\u00e1ndolos desde el desplegable \u201cIntroduce Landing\/StoryTelling\u201d.<\/p>\n<p>Seguidamente tienes dos campos para definir lo que vas a llevar a cabo \u201cnombre\u201d y \u201cdescripci\u00f3n\u201d.<\/p>\n<p>Finalmente como podr\u00e1s enviar SMS o Email en el workflow, te pediremos que indiques el remitente de la acci\u00f3n en ambos casos.[\/vc_column_text][vc_btn title=\u00bbReg\u00edstrate GRATIS\u00bb style=\u00bbcustom\u00bb custom_background=\u00bb#9c495d\u00bb custom_text=\u00bb#ffffff\u00bb shape=\u00bbround\u00bb size=\u00bblg\u00bb align=\u00bbleft\u00bb css_animation=\u00bbfadeInUp\u00bb link=\u00bburl:https%3A%2F%2Ffreetrial.adaoncloud.com%2FadaxFree%2Fes\u00bb][\/vc_column][vc_column width=\u00bb1\/12&#8243;][\/vc_column][\/vc_row][vc_row full_width=\u00bbstretch_row\u00bb equal_height=\u00bbyes\u00bb content_placement=\u00bbmiddle\u00bb css=\u00bb.vc_custom_1616147713423{padding-top: 3% !important;padding-right: 0px !important;padding-bottom: 3% !important;padding-left: 0px !important;background-color: #f8f8f8 !important;}\u00bb el_class=\u00bbver-align hidden-sm hidden-xs\u00bb][vc_column width=\u00bb1\/12&#8243;][\/vc_column][vc_column width=\u00bb4\/12&#8243;][vc_empty_space height=\u00bb55px\u00bb][vc_column_text]El Step1 nos solicitar\u00e1 \u201cA\u00d1ADIR EVENTO\u201d y en este caso s\u00f3lo puede haber una opci\u00f3n \u201cCompilaciones \u00fanicas\u201d.<\/p>\n<p>Seguidamente tendremos que indicar si queremos fijar un tiempo de observaci\u00f3n durante el cual ADA vigile que suceda la acci\u00f3n. (Es opcional). Pero en acciones positivas como esta no se aconseja ya que s\u00f3lo actuar\u00eda en ese espacio de tiempo (horas\/dias\/semanas).[\/vc_column_text][vc_btn title=\u00bbReg\u00edstrate GRATIS\u00bb style=\u00bbcustom\u00bb custom_background=\u00bb#9c495d\u00bb custom_text=\u00bb#ffffff\u00bb shape=\u00bbround\u00bb size=\u00bblg\u00bb align=\u00bbleft\u00bb css_animation=\u00bbfadeInUp\u00bb link=\u00bburl:https%3A%2F%2Ffreetrial.adaoncloud.com%2FadaxFree%2Fes\u00bb][\/vc_column][vc_column width=\u00bb1\/12&#8243; css=\u00bb.vc_custom_1613645913688{padding-top: 3% !important;padding-right: 0px !important;padding-bottom: 3% !important;padding-left: 0px !important;background-position: center !important;background-repeat: no-repeat !important;background-size: contain !important;}\u00bb][\/vc_column][vc_column width=\u00bb5\/12&#8243;][vc_single_image image=\u00bb7415&#8243; img_size=\u00bbfull\u00bb][\/vc_column][vc_column width=\u00bb1\/12&#8243;][\/vc_column][\/vc_row][vc_row full_width=\u00bbstretch_row\u00bb equal_height=\u00bbyes\u00bb content_placement=\u00bbmiddle\u00bb css=\u00bb.vc_custom_1616147723527{padding-top: 3% !important;padding-right: 0px !important;padding-bottom: 3% !important;padding-left: 0px !important;background-color: #f8f8f8 !important;}\u00bb el_class=\u00bbver-align hidden-lg hidden-md\u00bb][vc_column width=\u00bb1\/12&#8243;][\/vc_column][vc_column width=\u00bb5\/12&#8243;][vc_single_image image=\u00bb7415&#8243; img_size=\u00bbfull\u00bb][\/vc_column][vc_column width=\u00bb1\/12&#8243; css=\u00bb.vc_custom_1613645913688{padding-top: 3% !important;padding-right: 0px !important;padding-bottom: 3% !important;padding-left: 0px !important;background-position: center !important;background-repeat: no-repeat !important;background-size: contain !important;}\u00bb][\/vc_column][vc_column width=\u00bb4\/12&#8243;][vc_empty_space height=\u00bb55px\u00bb][vc_column_text]El Step1 nos solicitar\u00e1 \u201cA\u00d1ADIR EVENTO\u201d y en este caso s\u00f3lo puede haber una opci\u00f3n \u201cCompilaciones \u00fanicas\u201d.<\/p>\n<p>Seguidamente tendremos que indicar si queremos fijar un tiempo de observaci\u00f3n durante el cual ADA vigile que suceda la acci\u00f3n. (Es opcional). Pero en acciones positivas como esta no se aconseja ya que s\u00f3lo actuar\u00eda en ese espacio de tiempo (horas\/dias\/semanas).[\/vc_column_text][vc_btn title=\u00bbReg\u00edstrate GRATIS\u00bb style=\u00bbcustom\u00bb custom_background=\u00bb#9c495d\u00bb custom_text=\u00bb#ffffff\u00bb shape=\u00bbround\u00bb size=\u00bblg\u00bb align=\u00bbleft\u00bb css_animation=\u00bbfadeInUp\u00bb link=\u00bburl:https%3A%2F%2Ffreetrial.adaoncloud.com%2FadaxFree%2Fes\u00bb][\/vc_column][vc_column width=\u00bb1\/12&#8243;][\/vc_column][\/vc_row][vc_row full_width=\u00bbstretch_row\u00bb equal_height=\u00bbyes\u00bb content_placement=\u00bbmiddle\u00bb css=\u00bb.vc_custom_1613645944803{padding-top: 3% !important;padding-right: 0px !important;padding-bottom: 3% !important;padding-left: 0px !important;}\u00bb el_class=\u00bbver-align\u00bb][vc_column width=\u00bb1\/12&#8243;][\/vc_column][vc_column width=\u00bb5\/12&#8243;][vc_single_image image=\u00bb7417&#8243; img_size=\u00bbfull\u00bb][\/vc_column][vc_column width=\u00bb1\/12&#8243; css=\u00bb.vc_custom_1613645913688{padding-top: 3% !important;padding-right: 0px !important;padding-bottom: 3% !important;padding-left: 0px !important;background-position: center !important;background-repeat: no-repeat !important;background-size: contain !important;}\u00bb][\/vc_column][vc_column width=\u00bb4\/12&#8243;][vc_empty_space height=\u00bb55px\u00bb][vc_column_text]Una vez definido el step 1, el siguiente paso ser\u00e1 decidir si queremos enviar un sms o email de forma inmediata o dejamos un tiempo de espera.<\/p>\n<p>En este \u00faltimo caso, nos aparecer\u00e1 un campo en el que podremos marcar la cantidad y el tipo de tiempo a transcurrir (segundos\/minutos\/horas\/d\u00edas\/semanas)[\/vc_column_text][vc_btn title=\u00bbReg\u00edstrate GRATIS\u00bb style=\u00bbcustom\u00bb custom_background=\u00bb#9c495d\u00bb custom_text=\u00bb#ffffff\u00bb shape=\u00bbround\u00bb size=\u00bblg\u00bb align=\u00bbleft\u00bb css_animation=\u00bbfadeInUp\u00bb link=\u00bburl:https%3A%2F%2Ffreetrial.adaoncloud.com%2FadaxFree%2Fes\u00bb][\/vc_column][vc_column width=\u00bb1\/12&#8243;][\/vc_column][\/vc_row][\/vc_section][vc_row full_width=\u00bbstretch_row\u00bb equal_height=\u00bbyes\u00bb content_placement=\u00bbmiddle\u00bb css=\u00bb.vc_custom_1616147713423{padding-top: 3% !important;padding-right: 0px !important;padding-bottom: 3% !important;padding-left: 0px !important;background-color: #f8f8f8 !important;}\u00bb el_class=\u00bbver-align hidden-sm hidden-xs\u00bb][vc_column width=\u00bb1\/12&#8243;][\/vc_column][vc_column width=\u00bb4\/12&#8243;][vc_empty_space height=\u00bb55px\u00bb][vc_column_text]Si en el Step 3, tu decisi\u00f3n es enviar un SMS, s\u00f3lo tendr\u00e1s que redactar el mensaje, que podr\u00e1s personalizar con la pesta\u00f1a \u201cvalor personalizado\u201d<\/p>\n<p>Adem\u00e1s podr\u00e1s adjuntar al texto un enlace de contenido de ADA (landing, storytelling, &#8230;)<\/p>\n<p>Incluso tendr\u00e1s la opci\u00f3n de incluir en el mismo mensaje un cup\u00f3n.<\/p>\n<p>Recuerda que dispones de 160 caracteres. No deber\u00e1s excederte.[\/vc_column_text][vc_btn title=\u00bbReg\u00edstrate GRATIS\u00bb style=\u00bbcustom\u00bb custom_background=\u00bb#9c495d\u00bb custom_text=\u00bb#ffffff\u00bb shape=\u00bbround\u00bb size=\u00bblg\u00bb align=\u00bbleft\u00bb css_animation=\u00bbfadeInUp\u00bb link=\u00bburl:https%3A%2F%2Ffreetrial.adaoncloud.com%2FadaxFree%2Fes\u00bb][\/vc_column][vc_column width=\u00bb1\/12&#8243; css=\u00bb.vc_custom_1613645913688{padding-top: 3% !important;padding-right: 0px !important;padding-bottom: 3% !important;padding-left: 0px !important;background-position: center !important;background-repeat: no-repeat !important;background-size: contain !important;}\u00bb][\/vc_column][vc_column width=\u00bb5\/12&#8243;][vc_single_image image=\u00bb7418&#8243; img_size=\u00bbfull\u00bb][\/vc_column][vc_column width=\u00bb1\/12&#8243;][\/vc_column][\/vc_row][vc_row full_width=\u00bbstretch_row\u00bb equal_height=\u00bbyes\u00bb content_placement=\u00bbmiddle\u00bb css=\u00bb.vc_custom_1616147723527{padding-top: 3% !important;padding-right: 0px !important;padding-bottom: 3% !important;padding-left: 0px !important;background-color: #f8f8f8 !important;}\u00bb el_class=\u00bbver-align hidden-lg hidden-md\u00bb][vc_column width=\u00bb1\/12&#8243;][\/vc_column][vc_column width=\u00bb5\/12&#8243;][vc_single_image image=\u00bb7418&#8243; img_size=\u00bbfull\u00bb][\/vc_column][vc_column width=\u00bb1\/12&#8243; css=\u00bb.vc_custom_1613645913688{padding-top: 3% !important;padding-right: 0px !important;padding-bottom: 3% !important;padding-left: 0px !important;background-position: center !important;background-repeat: no-repeat !important;background-size: contain !important;}\u00bb][\/vc_column][vc_column width=\u00bb4\/12&#8243;][vc_empty_space height=\u00bb55px\u00bb][vc_column_text]Si en el Step 3, tu decisi\u00f3n es enviar un SMS, s\u00f3lo tendr\u00e1s que redactar el mensaje, que podr\u00e1s personalizar con la pesta\u00f1a \u201cvalor personalizado\u201d<\/p>\n<p>Adem\u00e1s podr\u00e1s adjuntar al texto un enlace de contenido de ADA (landing, storytelling, &#8230;)<\/p>\n<p>Incluso tendr\u00e1s la opci\u00f3n de incluir en el mismo mensaje un cup\u00f3n.<\/p>\n<p>Recuerda que dispones de 160 caracteres. No deber\u00e1s excederte.[\/vc_column_text][vc_btn title=\u00bbReg\u00edstrate GRATIS\u00bb style=\u00bbcustom\u00bb custom_background=\u00bb#9c495d\u00bb custom_text=\u00bb#ffffff\u00bb shape=\u00bbround\u00bb size=\u00bblg\u00bb align=\u00bbleft\u00bb css_animation=\u00bbfadeInUp\u00bb link=\u00bburl:https%3A%2F%2Ffreetrial.adaoncloud.com%2FadaxFree%2Fes\u00bb][\/vc_column][vc_column width=\u00bb1\/12&#8243;][\/vc_column][\/vc_row][vc_row full_width=\u00bbstretch_row\u00bb equal_height=\u00bbyes\u00bb content_placement=\u00bbmiddle\u00bb css=\u00bb.vc_custom_1613645944803{padding-top: 3% !important;padding-right: 0px !important;padding-bottom: 3% !important;padding-left: 0px !important;}\u00bb el_class=\u00bbver-align\u00bb][vc_column width=\u00bb1\/12&#8243;][\/vc_column][vc_column width=\u00bb5\/12&#8243;][vc_single_image image=\u00bb7316&#8243; img_size=\u00bbfull\u00bb][\/vc_column][vc_column width=\u00bb1\/12&#8243; css=\u00bb.vc_custom_1613645913688{padding-top: 3% !important;padding-right: 0px !important;padding-bottom: 3% !important;padding-left: 0px !important;background-position: center !important;background-repeat: no-repeat !important;background-size: contain !important;}\u00bb][\/vc_column][vc_column width=\u00bb4\/12&#8243;][vc_empty_space height=\u00bb55px\u00bb][vc_column_text]Si en el Step 3, tu decisi\u00f3n es enviar un email, s\u00f3lo tendr\u00e1s que dar nombre a la cama\u00f1a.<\/p>\n<p>Seleccionar el UpperMail que hayas creado.<\/p>\n<p>Redactar el asunto del email, el cual podr\u00e1s personalizar a trav\u00e9s del bot\u00f3n \u201cvalor personalizado\u201d.<\/p>\n<p>Por \u00faltimo indicar la direcci\u00f3n de respuesta para qui\u00e9n decida llevar a cabo esa acci\u00f3n.[\/vc_column_text][vc_btn title=\u00bbReg\u00edstrate GRATIS\u00bb style=\u00bbcustom\u00bb custom_background=\u00bb#9c495d\u00bb custom_text=\u00bb#ffffff\u00bb shape=\u00bbround\u00bb size=\u00bblg\u00bb align=\u00bbleft\u00bb css_animation=\u00bbfadeInUp\u00bb link=\u00bburl:https%3A%2F%2Ffreetrial.adaoncloud.com%2FadaxFree%2Fes\u00bb][\/vc_column][vc_column width=\u00bb1\/12&#8243;][\/vc_column][\/vc_row][vc_row full_width=\u00bbstretch_row\u00bb equal_height=\u00bbyes\u00bb content_placement=\u00bbmiddle\u00bb css=\u00bb.vc_custom_1616147713423{padding-top: 3% !important;padding-right: 0px !important;padding-bottom: 3% !important;padding-left: 0px !important;background-color: #f8f8f8 !important;}\u00bb el_class=\u00bbver-align hidden-sm hidden-xs\u00bb][vc_column width=\u00bb1\/12&#8243;][\/vc_column][vc_column width=\u00bb4\/12&#8243;][vc_empty_space height=\u00bb55px\u00bb][vc_column_text]Con estos tres Steps, ya tendr\u00edas lo imprescindible para crear un proceso automatizado sobre una Landing o StoryTelling<\/p>\n<p>No cabe decir que podr\u00edas seguir ampliando los steps con m\u00e1s acciones, pero con las detalladas ya has cumplido con lo m\u00ednimo necesario.<\/p>\n<p>Solo te quedar\u00e1 darle al bot\u00f3n \u201cGuardar\u201d para que se active el proceso.[\/vc_column_text][vc_btn title=\u00bbReg\u00edstrate GRATIS\u00bb style=\u00bbcustom\u00bb custom_background=\u00bb#9c495d\u00bb custom_text=\u00bb#ffffff\u00bb shape=\u00bbround\u00bb size=\u00bblg\u00bb align=\u00bbleft\u00bb css_animation=\u00bbfadeInUp\u00bb link=\u00bburl:https%3A%2F%2Ffreetrial.adaoncloud.com%2FadaxFree%2Fes\u00bb][\/vc_column][vc_column width=\u00bb1\/12&#8243; css=\u00bb.vc_custom_1613645913688{padding-top: 3% !important;padding-right: 0px !important;padding-bottom: 3% !important;padding-left: 0px !important;background-position: center !important;background-repeat: no-repeat !important;background-size: contain !important;}\u00bb][\/vc_column][vc_column width=\u00bb5\/12&#8243;][vc_single_image image=\u00bb7315&#8243; img_size=\u00bbfull\u00bb][\/vc_column][vc_column width=\u00bb1\/12&#8243;][\/vc_column][\/vc_row][vc_row full_width=\u00bbstretch_row\u00bb equal_height=\u00bbyes\u00bb content_placement=\u00bbmiddle\u00bb css=\u00bb.vc_custom_1616147723527{padding-top: 3% !important;padding-right: 0px !important;padding-bottom: 3% !important;padding-left: 0px !important;background-color: #f8f8f8 !important;}\u00bb el_class=\u00bbver-align hidden-lg hidden-md\u00bb][vc_column width=\u00bb1\/12&#8243;][\/vc_column][vc_column width=\u00bb5\/12&#8243;][vc_single_image image=\u00bb7315&#8243; img_size=\u00bbfull\u00bb][\/vc_column][vc_column width=\u00bb1\/12&#8243; css=\u00bb.vc_custom_1613645913688{padding-top: 3% !important;padding-right: 0px !important;padding-bottom: 3% !important;padding-left: 0px !important;background-position: center !important;background-repeat: no-repeat !important;background-size: contain !important;}\u00bb][\/vc_column][vc_column width=\u00bb4\/12&#8243;][vc_empty_space height=\u00bb55px\u00bb][vc_column_text]Con estos tres Steps, ya tendr\u00edas lo imprescindible para crear un proceso automatizado sobre una Landing o StoryTelling<\/p>\n<p>No cabe decir que podr\u00edas seguir ampliando los steps con m\u00e1s acciones, pero con las detalladas ya has cumplido con lo m\u00ednimo necesario.<\/p>\n<p>Solo te quedar\u00e1 darle al bot\u00f3n \u201cGuardar\u201d para que se active el proceso.[\/vc_column_text][vc_btn title=\u00bbReg\u00edstrate GRATIS\u00bb style=\u00bbcustom\u00bb custom_background=\u00bb#9c495d\u00bb custom_text=\u00bb#ffffff\u00bb shape=\u00bbround\u00bb size=\u00bblg\u00bb align=\u00bbleft\u00bb css_animation=\u00bbfadeInUp\u00bb link=\u00bburl:https%3A%2F%2Ffreetrial.adaoncloud.com%2FadaxFree%2Fes\u00bb][\/vc_column][vc_column width=\u00bb1\/12&#8243;][\/vc_column][\/vc_row][vc_row el_class=\u00bbbottomMenu\u00bb][vc_column width=\u00bb1\/3&#8243;][vc_btn title=\u00bbLive webinar | Inscr\u00edbete gratis\u00bb style=\u00bbcustom\u00bb custom_background=\u00bb#9c495d\u00bb custom_text=\u00bb#ffffff\u00bb shape=\u00bbround\u00bb size=\u00bbxs\u00bb align=\u00bbleft\u00bb i_icon_fontawesome=\u00bbfas fa-circle\u00bb add_icon=\u00bbtrue\u00bb link=\u00bburl:%2Fes%2Fwebinars%2F|title:webinars\u00bb][\/vc_column][vc_column width=\u00bb1\/3&#8243;][\/vc_column][vc_column width=\u00bb1\/3&#8243;][\/vc_column][\/vc_row]<\/p>\n","protected":false},"excerpt":{"rendered":"<p>[vc_row full_width=\u00bbstretch_row_content_no_spaces\u00bb equal_height=\u00bbyes\u00bb rtl_reverse=\u00bbyes\u00bb content_placement=\u00bbtop\u00bb css=\u00bb.vc_custom_1613661852478{margin-bottom: 0px !important;padding-bottom: 0px !important;}\u00bb][vc_column width=\u00bb1\/3&#8243;][vc_custom_heading text=\u00bbDirecto Incansable Emp\u00e1tico\u00bb font_container=\u00bbtag:h1|font_size:70px|text_align:left|color:%23083944&#8243; use_theme_fonts=\u00bbyes\u00bb css_animation=\u00bbfadeInDown\u00bb][vc_column_text css_animation=\u00bbfadeInUp\u00bb el_class=\u00bbparagrafo padding10 font15&#8243;] Lead Generation Env\u00eda un mensaje de agradecimient0 por sms o email al conseguir una compilaci\u00f3n en alguna Landing o StoryTelling que capten datos.[\/vc_column_text][vc_btn title=\u00bbReg\u00edstrate GRATIS\u00bb style=\u00bbcustom\u00bb custom_background=\u00bb#9c495d\u00bb custom_text=\u00bb#ffffff\u00bb shape=\u00bbround\u00bb size=\u00bblg\u00bb align=\u00bbleft\u00bb css_animation=\u00bbfadeInUp\u00bb link=\u00bburl:https%3A%2F%2Ffreetrial.adaoncloud.com%2FadaxFree%2Fes\u00bb][\/vc_column][vc_column width=\u00bb2\/3&#8243; [&hellip;]<\/p>\n","protected":false},"author":1,"featured_media":0,"parent":0,"menu_order":0,"comment_status":"closed","ping_status":"closed","template":"","meta":{"om_disable_all_campaigns":false},"_links":{"self":[{"href":"https:\/\/www.adaoncloud.com\/es\/wp-json\/wp\/v2\/pages\/7398"}],"collection":[{"href":"https:\/\/www.adaoncloud.com\/es\/wp-json\/wp\/v2\/pages"}],"about":[{"href":"https:\/\/www.adaoncloud.com\/es\/wp-json\/wp\/v2\/types\/page"}],"author":[{"embeddable":true,"href":"https:\/\/www.adaoncloud.com\/es\/wp-json\/wp\/v2\/users\/1"}],"replies":[{"embeddable":true,"href":"https:\/\/www.adaoncloud.com\/es\/wp-json\/wp\/v2\/comments?post=7398"}],"version-history":[{"count":10,"href":"https:\/\/www.adaoncloud.com\/es\/wp-json\/wp\/v2\/pages\/7398\/revisions"}],"predecessor-version":[{"id":8289,"href":"https:\/\/www.adaoncloud.com\/es\/wp-json\/wp\/v2\/pages\/7398\/revisions\/8289"}],"wp:attachment":[{"href":"https:\/\/www.adaoncloud.com\/es\/wp-json\/wp\/v2\/media?parent=7398"}],"curies":[{"name":"wp","href":"https:\/\/api.w.org\/{rel}","templated":true}]}}