{"id":8163,"date":"2021-09-29T14:55:09","date_gmt":"2021-09-29T12:55:09","guid":{"rendered":"https:\/\/www.adaoncloud.com\/es\/?page_id=8163"},"modified":"2022-10-03T17:17:58","modified_gmt":"2022-10-03T15:17:58","slug":"asistente-virtuale","status":"publish","type":"page","link":"https:\/\/www.adaoncloud.com\/es\/asistente-virtuale\/","title":{"rendered":"Asistente virtuale"},"content":{"rendered":"<p>[vc_row full_width=\u00bbstretch_row_content_no_spaces\u00bb equal_height=\u00bbyes\u00bb rtl_reverse=\u00bbyes\u00bb content_placement=\u00bbtop\u00bb css=\u00bb.vc_custom_1614872269840{margin-bottom: -32px !important;}\u00bb][vc_column width=\u00bb1\/3&#8243;][vc_custom_heading text=\u00bbConversa<br \/>\nSorprende<br \/>\nConvierte\u00bb font_container=\u00bbtag:h1|font_size:60px|text_align:left|color:%23083944&#8243; use_theme_fonts=\u00bbyes\u00bb css_animation=\u00bbfadeInDown\u00bb][vc_column_text css_animation=\u00bbfadeInUp\u00bb el_class=\u00bbparagrafo padding10 font15&#8243;]<\/p>\n<h4>Asistentes virtuales 3D<\/h4>\n<p>Accesibles las 24 horas del d\u00eda, aportan empat\u00eda, compromiso y diversidad a la experiencia del usuario con cada interacci\u00f3n. Un canal innovador para promocionar productos y servicios, distribuir incentivos y descubrir ofertas.[\/vc_column_text][vc_btn title=\u00bbReg\u00edstrate GRATIS\u00bb style=\u00bbcustom\u00bb custom_background=\u00bb#9c495d\u00bb custom_text=\u00bb#ffffff\u00bb shape=\u00bbround\u00bb size=\u00bblg\u00bb align=\u00bbleft\u00bb css_animation=\u00bbfadeInUp\u00bb link=\u00bburl:https%3A%2F%2Ffreetrial.adaoncloud.com%2FadaxFree%2Fes\u00bb][\/vc_column][vc_column width=\u00bb2\/3&#8243; css=\u00bb.vc_custom_1614872198194{background-image: url(https:\/\/www.www.adaoncloud.com\/es\/wp-content\/uploads\/sites\/2\/2021\/03\/testimonial-chatbot.png?id=1759) !important;background-position: center !important;background-repeat: no-repeat !important;background-size: contain !important;}\u00bb][vc_single_image image=\u00bb8183&#8243; img_size=\u00bbfull\u00bb alignment=\u00bbright\u00bb][\/vc_column][\/vc_row][vc_row full_width=\u00bbstretch_row_content\u00bb css=\u00bb.vc_custom_1611831652012{padding-top: 2% !important;padding-bottom: 2% !important;background-color: #1f9f97 !important;}\u00bb][vc_column][vc_row_inner][vc_column_inner width=\u00bb1\/2&#8243;][vc_empty_space height=\u00bb35px\u00bb][vc_single_image image=\u00bb1757&#8243; img_size=\u00bbfull\u00bb css_animation=\u00bbflipInY\u00bb][\/vc_column_inner][vc_column_inner width=\u00bb1\/2&#8243;][vc_empty_space height=\u00bb85px\u00bb][vc_custom_heading text=\u00bbLa comunicaci\u00f3n nunca ha sido tan f\u00e1cil\u00bb font_container=\u00bbtag:h2|text_align:left|color:%23ffffff\u00bb use_theme_fonts=\u00bbyes\u00bb css_animation=\u00bbfadeInDown\u00bb][vc_column_text]<\/p>\n<p style=\"text-align: left;\"><strong style=\"color: #fff; font-size: 1.6rem; font-family: 'montserrat';\">Crea tu Asistente sin necesidad de conocimientos t\u00e9cnicos especiales y sin escribir una l\u00ednea de c\u00f3digo. Gracias al constructor intuitivo, puedes crear tu Asistente Virtual en pocos minutos, listo para ser publicado. <\/strong><\/p>\n<p>[\/vc_column_text][\/vc_column_inner][\/vc_row_inner][\/vc_column][\/vc_row][vc_section full_width=\u00bbstretch_row\u00bb css=\u00bb.vc_custom_1605103445882{margin-bottom: 0px !important;padding-bottom: 0px !important;background-color: #ffffff !important;}\u00bb][vc_row full_width=\u00bbstretch_row\u00bb css=\u00bb.vc_custom_1664810197826{padding-top: 3% !important;padding-right: 0px !important;padding-bottom: 3% !important;padding-left: 0px !important;background-color: #f8f8f8 !important;}\u00bb el_class=\u00bbhidden-sm hidden-xs\u00bb][vc_column width=\u00bb1\/12&#8243; css=\u00bb.vc_custom_1605084525184{padding-right: 5% !important;padding-left: 5% !important;}\u00bb][\/vc_column][vc_column width=\u00bb4\/12&#8243; css=\u00bb.vc_custom_1610560406269{padding-right: 3% !important;}\u00bb][vc_empty_space height=\u00bb35px\u00bb][vc_column_text el_class=\u00bblistado\u00bb]<\/p>\n<h3>Elige tu DHI<\/h3>\n<p>Elige la interfaz humana digital y coloca al asistente virtual en un lugar tridimensional que simule tu entorno de trabajo.[\/vc_column_text][vc_btn title=\u00bbReg\u00edstrate GRATIS\u00bb style=\u00bbcustom\u00bb custom_background=\u00bb#9c495d\u00bb custom_text=\u00bb#ffffff\u00bb shape=\u00bbround\u00bb size=\u00bblg\u00bb align=\u00bbleft\u00bb css_animation=\u00bbfadeInUp\u00bb link=\u00bburl:https%3A%2F%2Ffreetrial.adaoncloud.com%2FadaxFree%2Fes\u00bb][\/vc_column][vc_column width=\u00bb1\/12&#8243;][\/vc_column][vc_column width=\u00bb6\/12&#8243; css=\u00bb.vc_custom_1614869278345{background-image: url(https:\/\/www.www.adaoncloud.com\/es\/wp-content\/uploads\/sites\/2\/2021\/03\/chatbot-1.png?id=1743) !important;background-position: center !important;background-repeat: no-repeat !important;background-size: contain !important;}\u00bb][vc_single_image image=\u00bb8175&#8243; img_size=\u00bbfull\u00bb][\/vc_column][\/vc_row][vc_row full_width=\u00bbstretch_row\u00bb css=\u00bb.vc_custom_1664810188231{padding-top: 3% !important;padding-right: 0px !important;padding-bottom: 3% !important;padding-left: 0px !important;background-color: #f8f8f8 !important;}\u00bb el_class=\u00bbhidden-lg hidden-md\u00bb][vc_column width=\u00bb1\/12&#8243; css=\u00bb.vc_custom_1605084525184{padding-right: 5% !important;padding-left: 5% !important;}\u00bb][\/vc_column][vc_column width=\u00bb6\/12&#8243; css=\u00bb.vc_custom_1614869278345{background-image: url(https:\/\/www.www.adaoncloud.com\/es\/wp-content\/uploads\/sites\/2\/2021\/03\/chatbot-1.png?id=1743) !important;background-position: center !important;background-repeat: no-repeat !important;background-size: contain !important;}\u00bb][vc_single_image image=\u00bb8175&#8243; img_size=\u00bbfull\u00bb][\/vc_column][vc_column width=\u00bb1\/12&#8243;][\/vc_column][vc_column width=\u00bb4\/12&#8243; css=\u00bb.vc_custom_1610560406269{padding-right: 3% !important;}\u00bb][vc_empty_space height=\u00bb35px\u00bb][vc_column_text el_class=\u00bblistado\u00bb]<\/p>\n<h3>Elige tu DHI<\/h3>\n<p>Elige la interfaz humana digital y coloca al asistente virtual en un lugar tridimensional que simule tu entorno de trabajo.[\/vc_column_text][vc_btn title=\u00bbReg\u00edstrate GRATIS\u00bb style=\u00bbcustom\u00bb custom_background=\u00bb#9c495d\u00bb custom_text=\u00bb#ffffff\u00bb shape=\u00bbround\u00bb size=\u00bblg\u00bb align=\u00bbleft\u00bb css_animation=\u00bbfadeInUp\u00bb link=\u00bburl:https%3A%2F%2Ffreetrial.adaoncloud.com%2FadaxFree%2Fes\u00bb][\/vc_column][\/vc_row][vc_row full_width=\u00bbstretch_row\u00bb equal_height=\u00bbyes\u00bb content_placement=\u00bbtop\u00bb css=\u00bb.vc_custom_1664810274049{margin-right: 0px !important;margin-left: 0px !important;padding-top: 3% !important;padding-right: 0px !important;padding-bottom: 3% !important;padding-left: 0px !important;}\u00bb][vc_column width=\u00bb6\/12&#8243; css=\u00bb.vc_custom_1614870055645{padding-right: 0px !important;padding-left: 0px !important;background-image: url(https:\/\/www.www.adaoncloud.com\/es\/wp-content\/uploads\/sites\/2\/2021\/03\/chatbot-2.png?id=1746) !important;background-position: center !important;background-repeat: no-repeat !important;background-size: contain !important;}\u00bb][vc_single_image image=\u00bb8171&#8243; img_size=\u00bbfull\u00bb alignment=\u00bbcenter\u00bb][\/vc_column][vc_column width=\u00bb1\/12&#8243;][\/vc_column][vc_column width=\u00bb4\/12&#8243;][vc_empty_space height=\u00bb35px\u00bb][vc_column_text]<\/p>\n<h3>Base de conocimientos<\/h3>\n<p>Enriquece la base de conocimientos de tu asistente, siempre que quieras, con un editor que te permite crear preguntas y respuestas y configurar flujos conversacionales de forma sencilla e intuitiva.[\/vc_column_text][vc_btn title=\u00bbReg\u00edstrate GRATIS\u00bb style=\u00bbcustom\u00bb custom_background=\u00bb#9c495d\u00bb custom_text=\u00bb#ffffff\u00bb shape=\u00bbround\u00bb size=\u00bblg\u00bb align=\u00bbleft\u00bb css_animation=\u00bbfadeInUp\u00bb link=\u00bburl:https%3A%2F%2Ffreetrial.adaoncloud.com%2FadaxFree%2Fes\u00bb][\/vc_column][vc_column width=\u00bb1\/12&#8243;][\/vc_column][\/vc_row][vc_row full_width=\u00bbstretch_row_content\u00bb css=\u00bb.vc_custom_1615393132239{padding-top: 30px !important;background-color: #1f9f97 !important;}\u00bb][vc_column][vc_row_inner][vc_column_inner width=\u00bb1\/2&#8243;][vc_single_image image=\u00bb1607&#8243; img_size=\u00bbmedium\u00bb css_animation=\u00bbflipInY\u00bb][vc_empty_space height=\u00bb20px\u00bb][vc_column_text]<\/p>\n<h4 style=\"color: #ffffff!important;\">Buscamos constantemente ese WOW que pocos consiguen, y la conseguimos gracias a ADA y al uso de su Chatbot. Ahora no imaginamos crear y aplicar estrategias sin ADA, es para nosotros la plataforma perfecta para captar y fidelizar al cliente digital a trav\u00e9s del Marketing Mobile.<\/h4>\n<p><sub class=\"citado\" style=\"color: #ffffff!important;\"><strong>Marcia Rodr\u00edguez<\/strong> | <em>CEO HOLA MARKETING<\/em><\/sub>[\/vc_column_text][\/vc_column_inner][vc_column_inner width=\u00bb1\/2&#8243;][vc_empty_space height=\u00bb35px\u00bb][vc_single_image image=\u00bb1838&#8243; img_size=\u00bbfull\u00bb][\/vc_column_inner][\/vc_row_inner][\/vc_column][\/vc_row][vc_row full_width=\u00bbstretch_row\u00bb css=\u00bb.vc_custom_1664810204606{padding-top: 3% !important;padding-right: 0px !important;padding-bottom: 3% !important;padding-left: 0px !important;background-color: #f8f8f8 !important;}\u00bb el_class=\u00bbhidden-sm hidden-xs\u00bb][vc_column width=\u00bb1\/12&#8243; css=\u00bb.vc_custom_1605084525184{padding-right: 5% !important;padding-left: 5% !important;}\u00bb][\/vc_column][vc_column width=\u00bb4\/12&#8243; css=\u00bb.vc_custom_1610560406269{padding-right: 3% !important;}\u00bb][vc_empty_space height=\u00bb35px\u00bb][vc_column_text el_class=\u00bblistado\u00bb]<\/p>\n<h3>Live chat<\/h3>\n<p>Con la funci\u00f3n de conversaci\u00f3n en tiempo real, conectar\u00e1s a los usuarios con tu equipo de atenci\u00f3n al cliente para satisfacer las solicitudes m\u00e1s complejas. [\/vc_column_text][vc_btn title=\u00bbReg\u00edstrate GRATIS\u00bb style=\u00bbcustom\u00bb custom_background=\u00bb#9c495d\u00bb custom_text=\u00bb#ffffff\u00bb shape=\u00bbround\u00bb size=\u00bblg\u00bb align=\u00bbleft\u00bb css_animation=\u00bbfadeInUp\u00bb link=\u00bburl:https%3A%2F%2Ffreetrial.adaoncloud.com%2FadaxFree%2Fes\u00bb][\/vc_column][vc_column width=\u00bb1\/12&#8243;][\/vc_column][vc_column width=\u00bb6\/12&#8243; css=\u00bb.vc_custom_1614870193280{background-image: url(https:\/\/www.www.adaoncloud.com\/es\/wp-content\/uploads\/sites\/2\/2021\/03\/chatbot-3.png?id=1747) !important;background-position: center !important;background-repeat: no-repeat !important;background-size: contain !important;}\u00bb][vc_single_image image=\u00bb8172&#8243; img_size=\u00bbfull\u00bb][\/vc_column][\/vc_row][vc_row full_width=\u00bbstretch_row\u00bb css=\u00bb.vc_custom_1664810217664{padding-top: 3% !important;padding-right: 0px !important;padding-bottom: 3% !important;padding-left: 0px !important;background-color: #f8f8f8 !important;}\u00bb el_class=\u00bbhidden-lg hidden-md\u00bb][vc_column width=\u00bb1\/12&#8243; css=\u00bb.vc_custom_1605084525184{padding-right: 5% !important;padding-left: 5% !important;}\u00bb][\/vc_column][vc_column width=\u00bb6\/12&#8243; css=\u00bb.vc_custom_1614870193280{background-image: url(https:\/\/www.www.adaoncloud.com\/es\/wp-content\/uploads\/sites\/2\/2021\/03\/chatbot-3.png?id=1747) !important;background-position: center !important;background-repeat: no-repeat !important;background-size: contain !important;}\u00bb][vc_single_image image=\u00bb8172&#8243; img_size=\u00bbfull\u00bb][\/vc_column][vc_column width=\u00bb1\/12&#8243;][\/vc_column][vc_column width=\u00bb4\/12&#8243; css=\u00bb.vc_custom_1610560406269{padding-right: 3% !important;}\u00bb][vc_empty_space height=\u00bb35px\u00bb][vc_column_text el_class=\u00bblistado\u00bb]<\/p>\n<h3>Live chat<\/h3>\n<p>Con la funci\u00f3n de conversaci\u00f3n en tiempo real, conectar\u00e1s a los usuarios con tu equipo de atenci\u00f3n al cliente para satisfacer las solicitudes m\u00e1s complejas.[\/vc_column_text][vc_btn title=\u00bbReg\u00edstrate GRATIS\u00bb style=\u00bbcustom\u00bb custom_background=\u00bb#9c495d\u00bb custom_text=\u00bb#ffffff\u00bb shape=\u00bbround\u00bb size=\u00bblg\u00bb align=\u00bbleft\u00bb css_animation=\u00bbfadeInUp\u00bb link=\u00bburl:https%3A%2F%2Ffreetrial.adaoncloud.com%2FadaxFree%2Fes\u00bb][\/vc_column][\/vc_row][vc_row full_width=\u00bbstretch_row\u00bb equal_height=\u00bbyes\u00bb content_placement=\u00bbmiddle\u00bb css=\u00bb.vc_custom_1664810223598{margin-right: 0px !important;margin-left: 0px !important;padding-top: 3% !important;padding-right: 0px !important;padding-bottom: 3% !important;padding-left: 0px !important;}\u00bb][vc_column width=\u00bb6\/12&#8243; css=\u00bb.vc_custom_1614870265877{padding-right: 0px !important;padding-left: 0px !important;background-image: url(https:\/\/www.www.adaoncloud.com\/es\/wp-content\/uploads\/sites\/2\/2021\/03\/chatbot-4.png?id=1748) !important;background-position: center !important;background-repeat: no-repeat !important;background-size: cover !important;}\u00bb][vc_single_image image=\u00bb8176&#8243; img_size=\u00bbfull\u00bb][\/vc_column][vc_column width=\u00bb1\/12&#8243; css=\u00bb.vc_custom_1605002971813{padding-right: 5% !important;padding-left: 5% !important;}\u00bb][\/vc_column][vc_column width=\u00bb4\/12&#8243;][vc_empty_space height=\u00bb35px\u00bb][vc_column_text]<\/p>\n<h3>Formularios conversacionales<\/h3>\n<p>Crea formularios personalizados para recoger los datos de los usuarios o utiliza las plantillas predefinidas. El asistente virtual extrae la informaci\u00f3n de las respuestas a las peticiones de voz del usuario y la introduce en los campos indicados (nombre, apellidos, correo electr\u00f3nico, empresa, etc.) para agilizar la cumplimentaci\u00f3n del formulario. [\/vc_column_text][vc_btn title=\u00bbReg\u00edstrate GRATIS\u00bb style=\u00bbcustom\u00bb custom_background=\u00bb#9c495d\u00bb custom_text=\u00bb#ffffff\u00bb shape=\u00bbround\u00bb size=\u00bblg\u00bb align=\u00bbleft\u00bb css_animation=\u00bbfadeInUp\u00bb link=\u00bburl:https%3A%2F%2Ffreetrial.adaoncloud.com%2FadaxFree%2Fes\u00bb][vc_empty_space height=\u00bb35px\u00bb][\/vc_column][vc_column width=\u00bb1\/12&#8243;][\/vc_column][\/vc_row][vc_row full_width=\u00bbstretch_row\u00bb css=\u00bb.vc_custom_1664810231414{padding-top: 3% !important;padding-right: 0px !important;padding-bottom: 3% !important;padding-left: 0px !important;background-color: #f8f8f8 !important;}\u00bb el_class=\u00bbhidden-sm hidden-xs\u00bb][vc_column width=\u00bb1\/12&#8243; css=\u00bb.vc_custom_1605084525184{padding-right: 5% !important;padding-left: 5% !important;}\u00bb][\/vc_column][vc_column width=\u00bb4\/12&#8243; css=\u00bb.vc_custom_1610560406269{padding-right: 3% !important;}\u00bb][vc_empty_space height=\u00bb35px\u00bb][vc_column_text el_class=\u00bblistado\u00bb]<\/p>\n<h3>Automatizaci\u00f3n del navegador<\/h3>\n<p>Olvida el rat\u00f3n y el teclado. El asistente virtual navega por las p\u00e1ginas de tu sitio web y aplicaci\u00f3n, llevando al usuario a la secci\u00f3n deseada.[\/vc_column_text][vc_btn title=\u00bbReg\u00edstrate GRATIS\u00bb style=\u00bbcustom\u00bb custom_background=\u00bb#9c495d\u00bb custom_text=\u00bb#ffffff\u00bb shape=\u00bbround\u00bb size=\u00bblg\u00bb align=\u00bbleft\u00bb css_animation=\u00bbfadeInUp\u00bb link=\u00bburl:https%3A%2F%2Ffreetrial.adaoncloud.com%2FadaxFree%2Fes\u00bb][\/vc_column][vc_column width=\u00bb1\/12&#8243;][\/vc_column][vc_column width=\u00bb6\/12&#8243; css=\u00bb.vc_custom_1614870304685{background-image: url(https:\/\/www.www.adaoncloud.com\/es\/wp-content\/uploads\/sites\/2\/2021\/03\/chatbot-5.png?id=1749) !important;}\u00bb][vc_single_image image=\u00bb8174&#8243; img_size=\u00bbfull\u00bb][\/vc_column][\/vc_row][vc_row full_width=\u00bbstretch_row\u00bb css=\u00bb.vc_custom_1664810239047{padding-top: 3% !important;padding-right: 0px !important;padding-bottom: 3% !important;padding-left: 0px !important;background-color: #f8f8f8 !important;}\u00bb el_class=\u00bbhidden-lg hidden-md\u00bb][vc_column width=\u00bb1\/12&#8243; css=\u00bb.vc_custom_1605084525184{padding-right: 5% !important;padding-left: 5% !important;}\u00bb][\/vc_column][vc_column width=\u00bb6\/12&#8243; css=\u00bb.vc_custom_1614870193280{background-image: url(https:\/\/www.www.adaoncloud.com\/es\/wp-content\/uploads\/sites\/2\/2021\/03\/chatbot-3.png?id=1747) !important;background-position: center !important;background-repeat: no-repeat !important;background-size: contain !important;}\u00bb][vc_single_image image=\u00bb8174&#8243; img_size=\u00bbfull\u00bb][\/vc_column][vc_column width=\u00bb1\/12&#8243;][\/vc_column][vc_column width=\u00bb4\/12&#8243; css=\u00bb.vc_custom_1610560406269{padding-right: 3% !important;}\u00bb][vc_empty_space height=\u00bb35px\u00bb][vc_column_text el_class=\u00bblistado\u00bb]<\/p>\n<h3>Automatizaci\u00f3n del navegador<\/h3>\n<p>Olvida el rat\u00f3n y el teclado. El asistente virtual navega por las p\u00e1ginas de tu sitio web y aplicaci\u00f3n, llevando al usuario a la secci\u00f3n deseada.[\/vc_column_text][vc_btn title=\u00bbReg\u00edstrate GRATIS\u00bb style=\u00bbcustom\u00bb custom_background=\u00bb#9c495d\u00bb custom_text=\u00bb#ffffff\u00bb shape=\u00bbround\u00bb size=\u00bblg\u00bb align=\u00bbleft\u00bb css_animation=\u00bbfadeInUp\u00bb link=\u00bburl:https%3A%2F%2Ffreetrial.adaoncloud.com%2FadaxFree%2Fes\u00bb][\/vc_column][\/vc_row][vc_row full_width=\u00bbstretch_row\u00bb css=\u00bb.vc_custom_1632923022593{padding-top: 3% !important;padding-right: 0px !important;padding-bottom: 3% !important;padding-left: 0px !important;background-color: #1f9f97 !important;}\u00bb][vc_column css=\u00bb.vc_custom_1605084525184{padding-right: 5% !important;padding-left: 5% !important;}\u00bb][vc_column_text el_class=\u00bblistado\u00bb]<\/p>\n<h3 style=\"text-align: center; color: #ffffff;\">Interfaces de los asistentes virtuales<\/h3>\n<p style=\"text-align: center; color: #ffffff;\">Elige el tipo de interacci\u00f3n entre el usuario y el asistente<\/p>\n<p>[\/vc_column_text][vc_row_inner][vc_column_inner width=\u00bb1\/3&#8243;][vc_single_image image=\u00bb8177&#8243; img_size=\u00bbfull\u00bb alignment=\u00bbcenter\u00bb][vc_column_text]<\/p>\n<h3 style=\"text-align: center; color: #ffffff;\"><strong>Chat de texto<\/strong><\/h3>\n<p style=\"text-align: justify; color: #ffffff;\">Un chat de texto en tiempo real siempre activo para hacer \u00fanica la experiencia de conversaci\u00f3n con los usuarios a trav\u00e9s de una comunicaci\u00f3n siempre actualizada.<\/p>\n<p>[\/vc_column_text][\/vc_column_inner][vc_column_inner width=\u00bb1\/3&#8243;][vc_single_image image=\u00bb8178&#8243; img_size=\u00bbfull\u00bb alignment=\u00bbcenter\u00bb][vc_column_text]<\/p>\n<h3 style=\"text-align: center; color: #ffffff;\"><strong>Interfaz de voz<\/strong><\/h3>\n<p style=\"text-align: justify; color: #ffffff;\">Mejora la navegaci\u00f3n de tu sitio web con el asistente de voz. Todo lo que el asistente necesita es tu voz.<\/p>\n<p>[\/vc_column_text][\/vc_column_inner][vc_column_inner width=\u00bb1\/3&#8243;][vc_single_image image=\u00bb8179&#8243; img_size=\u00bbfull\u00bb alignment=\u00bbcenter\u00bb][vc_column_text]<\/p>\n<h3 style=\"text-align: center; color: #ffffff;\"><strong>Interfaz humana digital<\/strong><\/h3>\n<p style=\"text-align: justify; color: #ffffff;\">Capta la atenci\u00f3n de los usuarios con una interfaz 3D que simula el comportamiento humano. Sorpr\u00e9ndelos con un espacio tridimensional interactivo y personalizable, para que la experiencia de navegaci\u00f3n sea a\u00fan m\u00e1s fluida y agradable.<\/p>\n<p>[\/vc_column_text][\/vc_column_inner][\/vc_row_inner][\/vc_column][\/vc_row][\/vc_section][vc_row el_class=\u00bbbottomMenu\u00bb][vc_column width=\u00bb1\/3&#8243;][vc_btn title=\u00bbLive webinar | Inscr\u00edbete gratis\u00bb style=\u00bbcustom\u00bb custom_background=\u00bb#9c495d\u00bb custom_text=\u00bb#ffffff\u00bb shape=\u00bbround\u00bb size=\u00bbxs\u00bb align=\u00bbleft\u00bb i_icon_fontawesome=\u00bbfas fa-circle\u00bb add_icon=\u00bbtrue\u00bb link=\u00bburl:%2Fes%2Fwebinars%2F|title:webinars\u00bb][\/vc_column][vc_column width=\u00bb1\/3&#8243;][\/vc_column][vc_column width=\u00bb1\/3&#8243;][\/vc_column][\/vc_row]<\/p>\n","protected":false},"excerpt":{"rendered":"<p>[vc_row full_width=\u00bbstretch_row_content_no_spaces\u00bb equal_height=\u00bbyes\u00bb rtl_reverse=\u00bbyes\u00bb content_placement=\u00bbtop\u00bb css=\u00bb.vc_custom_1614872269840{margin-bottom: -32px !important;}\u00bb][vc_column width=\u00bb1\/3&#8243;][vc_custom_heading text=\u00bbConversa Sorprende Convierte\u00bb font_container=\u00bbtag:h1|font_size:60px|text_align:left|color:%23083944&#8243; use_theme_fonts=\u00bbyes\u00bb css_animation=\u00bbfadeInDown\u00bb][vc_column_text css_animation=\u00bbfadeInUp\u00bb el_class=\u00bbparagrafo padding10 font15&#8243;] Asistentes virtuales 3D Accesibles las 24 horas del d\u00eda, aportan empat\u00eda, compromiso y diversidad a la experiencia del usuario con cada interacci\u00f3n. Un canal innovador para promocionar productos y servicios, distribuir incentivos y descubrir ofertas.[\/vc_column_text][vc_btn title=\u00bbReg\u00edstrate [&hellip;]<\/p>\n","protected":false},"author":1,"featured_media":0,"parent":0,"menu_order":0,"comment_status":"closed","ping_status":"closed","template":"","meta":{"om_disable_all_campaigns":false},"_links":{"self":[{"href":"https:\/\/www.adaoncloud.com\/es\/wp-json\/wp\/v2\/pages\/8163"}],"collection":[{"href":"https:\/\/www.adaoncloud.com\/es\/wp-json\/wp\/v2\/pages"}],"about":[{"href":"https:\/\/www.adaoncloud.com\/es\/wp-json\/wp\/v2\/types\/page"}],"author":[{"embeddable":true,"href":"https:\/\/www.adaoncloud.com\/es\/wp-json\/wp\/v2\/users\/1"}],"replies":[{"embeddable":true,"href":"https:\/\/www.adaoncloud.com\/es\/wp-json\/wp\/v2\/comments?post=8163"}],"version-history":[{"count":11,"href":"https:\/\/www.adaoncloud.com\/es\/wp-json\/wp\/v2\/pages\/8163\/revisions"}],"predecessor-version":[{"id":13682,"href":"https:\/\/www.adaoncloud.com\/es\/wp-json\/wp\/v2\/pages\/8163\/revisions\/13682"}],"wp:attachment":[{"href":"https:\/\/www.adaoncloud.com\/es\/wp-json\/wp\/v2\/media?parent=8163"}],"curies":[{"name":"wp","href":"https:\/\/api.w.org\/{rel}","templated":true}]}}