{"id":8346,"date":"2022-03-07T11:10:19","date_gmt":"2022-03-07T10:10:19","guid":{"rendered":"https:\/\/www.adaoncloud.com\/es\/?page_id=8346"},"modified":"2022-10-04T14:07:46","modified_gmt":"2022-10-04T12:07:46","slug":"automation","status":"publish","type":"page","link":"https:\/\/www.adaoncloud.com\/es\/automation\/","title":{"rendered":"Automation"},"content":{"rendered":"<p>[vc_row full_width=\u00bbstretch_row_content_no_spaces\u00bb equal_height=\u00bbyes\u00bb rtl_reverse=\u00bbyes\u00bb content_placement=\u00bbtop\u00bb css=\u00bb.vc_custom_1613661852478{margin-bottom: 0px !important;padding-bottom: 0px !important;}\u00bb][vc_column width=\u00bb1\/3&#8243;][vc_custom_heading text=\u00bbSencilla<br \/>\nAutom\u00e1tica<br \/>\nPerformante\u00bb font_container=\u00bbtag:h1|font_size:55px|text_align:left|color:%23083944&#8243; use_theme_fonts=\u00bbyes\u00bb css_animation=\u00bbfadeInDown\u00bb][vc_column_text css_animation=\u00bbfadeInUp\u00bb el_class=\u00bbparagrafo padding10 font15&#8243;]<\/p>\n<h4>ADA Marketing Automation<\/h4>\n<p>Adquirir, convertir y nutrir a los leads es fundamental para crear una base de datos cualificada. Automatiza tus procesos de comunicaci\u00f3n, optimizando el tiempo de interacci\u00f3n con el p\u00fablico y reducir el tiempo dedicado a actividades aburridas y repetitivas.[\/vc_column_text][vc_btn title=\u00bbReg\u00edstrate GRATIS\u00bb style=\u00bbcustom\u00bb custom_background=\u00bb#9c495d\u00bb custom_text=\u00bb#ffffff\u00bb shape=\u00bbround\u00bb size=\u00bblg\u00bb align=\u00bbleft\u00bb css_animation=\u00bbfadeInUp\u00bb link=\u00bburl:https%3A%2F%2Ffreetrial.adaoncloud.com%2FadaxFree%2Fes|title:Reg%C3%ADstrate%20GRATIS\u00bb][\/vc_column][vc_column width=\u00bb2\/3&#8243; css=\u00bb.vc_custom_1646320139705{margin-bottom: -30px !important;background-image: url(https:\/\/www.adaoncloud.com\/it\/wp-content\/uploads\/sites\/10\/2021\/07\/Automation-testimonial.png?id=591) !important;background-position: center !important;background-repeat: no-repeat !important;background-size: contain !important;}\u00bb][vc_single_image image=\u00bb8344&#8243; img_size=\u00bbfull\u00bb el_class=\u00bbvisible-hidden\u00bb][\/vc_column][\/vc_row][vc_section full_width=\u00bbstretch_row\u00bb css=\u00bb.vc_custom_1605103445882{margin-bottom: 0px !important;padding-bottom: 0px !important;background-color: #ffffff !important;}\u00bb][vc_row full_width=\u00bbstretch_row_content_no_spaces\u00bb content_placement=\u00bbtop\u00bb css=\u00bb.vc_custom_1613662224239{padding-top: 50px !important;padding-right: 0px !important;padding-left: 0px !important;background-color: #1f9f97 !important;}\u00bb][vc_column css=\u00bb.vc_custom_1604939591857{padding-right: 5% !important;padding-left: 5% !important;}\u00bb][vc_row_inner][vc_column_inner width=\u00bb1\/2&#8243;][vc_single_image image=\u00bb8345&#8243; img_size=\u00bbfull\u00bb css_animation=\u00bbflipInY\u00bb][vc_empty_space height=\u00bb35px\u00bb][\/vc_column_inner][vc_column_inner width=\u00bb1\/2&#8243;][vc_empty_space height=\u00bb55px\u00bb][vc_custom_heading text=\u00bbConfigura tu workflow\u00bb font_container=\u00bbtag:h2|text_align:left|color:%23ffffff\u00bb use_theme_fonts=\u00bbyes\u00bb css_animation=\u00bbfadeInDown\u00bb][vc_column_text]<\/p>\n<p style=\"text-align: left; color: #fff; font-size: 1.6rem; font-family: 'montserrat';\">En unos sencillos pasos, crear\u00e1s un aut\u00e9ntico funnel de conversi\u00f3n que te permitir\u00e1 enriquecer tu base de datos con contactos cualificados, gracias a comunicaciones espec\u00edficas que se distribuir\u00e1n autom\u00e1ticamente en intervalos de tiempo definidos en funci\u00f3n de tus necesidades.<\/p>\n<p>[\/vc_column_text][vc_empty_space height=\u00bb35px\u00bb][\/vc_column_inner][\/vc_row_inner][\/vc_column][\/vc_row][vc_row full_width=\u00bbstretch_row\u00bb equal_height=\u00bbyes\u00bb content_placement=\u00bbmiddle\u00bb css=\u00bb.vc_custom_1646232022405{padding-top: 5% !important;padding-right: 0px !important;padding-bottom: 3% !important;padding-left: 0px !important;}\u00bb el_class=\u00bbver-align hidden-sm hidden-xs\u00bb][vc_column width=\u00bb1\/12&#8243;][\/vc_column][vc_column width=\u00bb5\/12&#8243;][vc_column_text]<\/p>\n<h3>Trigger, Acciones y Condiciones<\/h3>\n<p>El coraz\u00f3n de la Marketing Automation es el Workflow, o flujo de trabajo inteligente,<br \/>\nque te permite gestionar autom\u00e1ticamente los procesos que se desencadenan de acuerdo con las reglas y condiciones predefinidas.<\/p>\n<p>Un Workflow est\u00e1 compuesto de:<br \/>\n<strong>Trigger<\/strong><br \/>\nLos Trigger son los eventos que inician la automatizaci\u00f3n. Un workflow puede ser activado por el comportamiento de un usuario o de la informaci\u00f3n que tenemos<br \/>\nsobre \u00e9l.<\/p>\n<p><strong>Acciones<\/strong><br \/>\nLas acciones son una serie de procesos que se inician autom\u00e1ticamente. Por ejemplo, puedes utilizar acciones para comunicarte con tus contactos por correo electr\u00f3nico, SMS o para a\u00f1adir un lead a un grupo.<\/p>\n<p><strong>Condiciones<\/strong><br \/>\nLas condiciones permiten insertar tiempos de espera o filtrar grupos de contactos<br \/>\navanzando en tus flujos de trabajo.[\/vc_column_text][vc_btn title=\u00bbReg\u00edstrate GRATIS\u00bb style=\u00bbcustom\u00bb custom_background=\u00bb#9c495d\u00bb custom_text=\u00bb#ffffff\u00bb shape=\u00bbround\u00bb size=\u00bblg\u00bb align=\u00bbleft\u00bb css_animation=\u00bbfadeInUp\u00bb link=\u00bburl:https%3A%2F%2Ffreetrial.adaoncloud.com%2FadaxFree%2Fes|title:Reg%C3%ADstrate%20GRATIS\u00bb][\/vc_column][vc_column width=\u00bb5\/12&#8243;][vc_single_image image=\u00bb8341&#8243; img_size=\u00bbfull\u00bb][\/vc_column][vc_column width=\u00bb1\/12&#8243;][\/vc_column][\/vc_row][vc_row full_width=\u00bbstretch_row\u00bb equal_height=\u00bbyes\u00bb content_placement=\u00bbmiddle\u00bb css=\u00bb.vc_custom_1646232030085{padding-top: 5% !important;padding-right: 0px !important;padding-bottom: 3% !important;padding-left: 0px !important;}\u00bb el_class=\u00bbver-align hidden-md hidden-lg\u00bb][vc_column width=\u00bb1\/12&#8243;][\/vc_column][vc_column width=\u00bb5\/12&#8243;][vc_single_image image=\u00bb8341&#8243; img_size=\u00bbfull\u00bb][\/vc_column][vc_column width=\u00bb5\/12&#8243;][vc_column_text]<\/p>\n<h3>Trigger, Acciones y Condiciones<\/h3>\n<p>El coraz\u00f3n de la Marketing Automation es el Workflow, o flujo de trabajo inteligente,<br \/>\nque te permite gestionar autom\u00e1ticamente los procesos que se desencadenan de acuerdo con las reglas y condiciones predefinidas.<\/p>\n<p>Un Workflow est\u00e1 compuesto de:<br \/>\n<strong>Trigger<\/strong><br \/>\nLos Trigger son los eventos que inician la automatizaci\u00f3n. Un workflow puede ser activado por el comportamiento de un usuario o de la informaci\u00f3n que tenemos<br \/>\nsobre \u00e9l.<\/p>\n<p><strong>Acciones<\/strong><br \/>\nLas acciones son una serie de procesos que se inician autom\u00e1ticamente. Por ejemplo, puedes utilizar acciones para comunicarte con tus contactos por correo electr\u00f3nico, SMS o para a\u00f1adir un lead a un grupo.<\/p>\n<p><strong>Condiciones<\/strong><br \/>\nLas condiciones permiten insertar tiempos de espera o filtrar grupos de contactos<br \/>\navanzando en tus flujos de trabajo.[\/vc_column_text][vc_btn title=\u00bbReg\u00edstrate GRATIS\u00bb style=\u00bbcustom\u00bb custom_background=\u00bb#9c495d\u00bb custom_text=\u00bb#ffffff\u00bb shape=\u00bbround\u00bb size=\u00bblg\u00bb align=\u00bbleft\u00bb css_animation=\u00bbfadeInUp\u00bb link=\u00bburl:https%3A%2F%2Ffreetrial.adaoncloud.com%2FadaxFree%2Fes|title:Reg%C3%ADstrate%20GRATIS\u00bb][\/vc_column][vc_column width=\u00bb1\/12&#8243;][\/vc_column][\/vc_row][vc_row full_width=\u00bbstretch_row\u00bb equal_height=\u00bbyes\u00bb content_placement=\u00bbmiddle\u00bb css=\u00bb.vc_custom_1646232080504{padding-top: 3% !important;padding-right: 0px !important;padding-bottom: 3% !important;padding-left: 0px !important;background-color: #f8f8f8 !important;}\u00bb el_class=\u00bbver-align\u00bb][vc_column width=\u00bb1\/12&#8243;][\/vc_column][vc_column width=\u00bb5\/12&#8243;][vc_single_image image=\u00bb8340&#8243; img_size=\u00bbfull\u00bb][\/vc_column][vc_column width=\u00bb1\/12&#8243;][\/vc_column][vc_column width=\u00bb4\/12&#8243;][vc_empty_space height=\u00bb55px\u00bb][vc_column_text]<\/p>\n<h3>Captura y convierte nuevos leads<\/h3>\n<p>Consigue un mayor engagement enviando mensajes personalizados, contenidos que cambian en funci\u00f3n de las acciones que realicen los usuarios. Una eficaz y precisa segmentaic\u00f3n y perfilaci\u00f3n de contactos ter permitir\u00e1n transformar los leads en clientes, creando un v\u00ednculo duradero y de valor.[\/vc_column_text][vc_btn title=\u00bbReg\u00edstrate GRATIS\u00bb style=\u00bbcustom\u00bb custom_background=\u00bb#9c495d\u00bb custom_text=\u00bb#ffffff\u00bb shape=\u00bbround\u00bb size=\u00bblg\u00bb align=\u00bbleft\u00bb css_animation=\u00bbfadeInUp\u00bb link=\u00bburl:https%3A%2F%2Ffreetrial.adaoncloud.com%2FadaxFree%2Fes|title:Reg%C3%ADstrate%20GRATIS\u00bb][\/vc_column][vc_column width=\u00bb1\/12&#8243;][\/vc_column][\/vc_row][vc_row full_width=\u00bbstretch_row\u00bb equal_height=\u00bbyes\u00bb content_placement=\u00bbmiddle\u00bb css=\u00bb.vc_custom_1625482695819{padding-top: 3% !important;padding-right: 0px !important;padding-bottom: 3% !important;padding-left: 0px !important;}\u00bb el_class=\u00bbver-align hidden-sm hidden-xs\u00bb][vc_column width=\u00bb1\/12&#8243;][\/vc_column][vc_column width=\u00bb5\/12&#8243; css=\u00bb.vc_custom_1613645913688{padding-top: 3% !important;padding-right: 0px !important;padding-bottom: 3% !important;padding-left: 0px !important;background-position: center !important;background-repeat: no-repeat !important;background-size: contain !important;}\u00bb][vc_empty_space height=\u00bb55px\u00bb][vc_column_text]<\/p>\n<h3>Dise\u00f1ar la ruta automatizada del cliente<\/h3>\n<p>Gracias a los flujos de trabajo f\u00e1ciles de configurar, puedes crear flujos que crezcan en funci\u00f3n de los datos y el comportamiento de los usuarios.<br \/>\nPuedes crear un n\u00famero infinito de workflows automatizados, generando resultados concretos y constantes a lo largo del tiempo. No olvides combinar esta estrategia con la Inteligencia Artificial para ofrecer experiencias innovadoras y personalizadas.[\/vc_column_text][vc_btn title=\u00bbReg\u00edstrate GRATIS\u00bb style=\u00bbcustom\u00bb custom_background=\u00bb#9c495d\u00bb custom_text=\u00bb#ffffff\u00bb shape=\u00bbround\u00bb size=\u00bblg\u00bb align=\u00bbleft\u00bb css_animation=\u00bbfadeInUp\u00bb link=\u00bburl:https%3A%2F%2Ffreetrial.adaoncloud.com%2FadaxFree%2Fes|title:Reg%C3%ADstrate%20GRATIS\u00bb][\/vc_column][vc_column width=\u00bb5\/12&#8243;][vc_empty_space height=\u00bb65px\u00bb][vc_single_image image=\u00bb8364&#8243; img_size=\u00bbfull\u00bb][\/vc_column][vc_column width=\u00bb1\/12&#8243;][\/vc_column][\/vc_row][vc_row full_width=\u00bbstretch_row\u00bb equal_height=\u00bbyes\u00bb content_placement=\u00bbmiddle\u00bb css=\u00bb.vc_custom_1646232132085{padding-top: 3% !important;padding-right: 0px !important;padding-bottom: 3% !important;padding-left: 0px !important;}\u00bb el_class=\u00bbver-align hidden-md hidden-lg\u00bb][vc_column width=\u00bb1\/12&#8243;][\/vc_column][vc_column width=\u00bb5\/12&#8243;][vc_empty_space height=\u00bb65px\u00bb][vc_single_image image=\u00bb8364&#8243; img_size=\u00bbfull\u00bb][\/vc_column][vc_column width=\u00bb5\/12&#8243; css=\u00bb.vc_custom_1613645913688{padding-top: 3% !important;padding-right: 0px !important;padding-bottom: 3% !important;padding-left: 0px !important;background-position: center !important;background-repeat: no-repeat !important;background-size: contain !important;}\u00bb][vc_empty_space height=\u00bb55px\u00bb][vc_column_text]<\/p>\n<h3>Dise\u00f1ar la ruta automatizada del cliente<\/h3>\n<p>Gracias a los flujos de trabajo f\u00e1ciles de configurar, puedes crear flujos que crezcan en funci\u00f3n de los datos y el comportamiento de los usuarios.<br \/>\nPuedes crear un n\u00famero infinito de workflows automatizados, generando resultados concretos y constantes a lo largo del tiempo. No olvides combinar esta estrategia con la Inteligencia Artificial para ofrecer experiencias innovadoras y personalizadas.[\/vc_column_text][vc_btn title=\u00bbReg\u00edstrate GRATIS\u00bb style=\u00bbcustom\u00bb custom_background=\u00bb#9c495d\u00bb custom_text=\u00bb#ffffff\u00bb shape=\u00bbround\u00bb size=\u00bblg\u00bb align=\u00bbleft\u00bb css_animation=\u00bbfadeInUp\u00bb link=\u00bburl:https%3A%2F%2Ffreetrial.adaoncloud.com%2FadaxFree%2Fes|title:Reg%C3%ADstrate%20GRATIS\u00bb][\/vc_column][vc_column width=\u00bb1\/12&#8243;][\/vc_column][\/vc_row][\/vc_section][vc_row full_width=\u00bbstretch_row\u00bb equal_height=\u00bbyes\u00bb content_placement=\u00bbmiddle\u00bb css=\u00bb.vc_custom_1646232581672{padding-top: 3% !important;padding-right: 0px !important;padding-bottom: 3% !important;padding-left: 0px !important;background-color: #9c495d !important;}\u00bb el_class=\u00bbver-align\u00bb][vc_column width=\u00bb1\/12&#8243;][\/vc_column][vc_column width=\u00bb5\/12&#8243;][vc_empty_space height=\u00bb55px\u00bb][vc_column_text]<\/p>\n<h3 style=\"color: #ffffff!important;\">La Markting Automation<br \/>\nque trabaja para ti<\/h3>\n<p style=\"color: #ffffff!important;\">Descarga el ebook con ejemplos de flujos de trabajo que puedes crear para tu negocio.<\/p>\n<p>[\/vc_column_text][vc_single_image image=\u00bb8347&#8243; img_size=\u00bbfull\u00bb alignment=\u00bbcenter\u00bb][\/vc_column][vc_column width=\u00bb5\/12&#8243;][vc_empty_space height=\u00bb55px\u00bb]<div role=\"form\" class=\"wpcf7\" id=\"wpcf7-f8337-o1\" lang=\"es-ES\" dir=\"ltr\">\n<div class=\"screen-reader-response\"><p role=\"status\" aria-live=\"polite\" aria-atomic=\"true\"><\/p> <ul><\/ul><\/div>\n<form action=\"\/es\/wp-json\/wp\/v2\/pages\/8346#wpcf7-f8337-o1\" method=\"post\" class=\"wpcf7-form init\" novalidate=\"novalidate\" data-status=\"init\">\n<div style=\"display: none;\">\n<input type=\"hidden\" name=\"_wpcf7\" value=\"8337\" \/>\n<input type=\"hidden\" name=\"_wpcf7_version\" value=\"5.4.1\" \/>\n<input type=\"hidden\" name=\"_wpcf7_locale\" value=\"es_ES\" \/>\n<input type=\"hidden\" name=\"_wpcf7_unit_tag\" value=\"wpcf7-f8337-o1\" \/>\n<input type=\"hidden\" name=\"_wpcf7_container_post\" value=\"0\" \/>\n<input type=\"hidden\" name=\"_wpcf7_posted_data_hash\" value=\"\" \/>\n<input type=\"hidden\" name=\"_wpcf7_recaptcha_response\" value=\"\" \/>\n<\/div>\n<p><label>\n<p style=\"color:#ffffff!important; padding-top:15px;\">Nombre*<\/p>\n<p>    <span class=\"wpcf7-form-control-wrap your-name\"><input type=\"text\" name=\"your-name\" value=\"\" size=\"40\" class=\"wpcf7-form-control wpcf7-text wpcf7-validates-as-required\" aria-required=\"true\" aria-invalid=\"false\" \/><\/span> <\/label><\/p>\n<p><label>\n<p style=\"color:#ffffff!important; padding-top:15px;\">Email*<\/p>\n<p>    <span class=\"wpcf7-form-control-wrap your-email\"><input type=\"email\" name=\"your-email\" value=\"\" size=\"40\" class=\"wpcf7-form-control wpcf7-text wpcf7-email wpcf7-validates-as-required wpcf7-validates-as-email\" aria-required=\"true\" aria-invalid=\"false\" \/><\/span> <\/label><\/p>\n<p><label>\n<p style=\"color:#ffffff!important; padding-top:15px;\">Movil*<\/p>\n<p>    <span class=\"wpcf7-form-control-wrap Cellulare\"><input type=\"text\" name=\"Cellulare\" value=\"\" size=\"40\" class=\"wpcf7-form-control wpcf7-text wpcf7-validates-as-required\" aria-required=\"true\" aria-invalid=\"false\" \/><\/span><\/label><\/p>\n<p><label>\n<p style=\"color:#ffffff!important; padding-top:15px;\">Eres*<\/p>\n<p>    <span class=\"wpcf7-form-control-wrap Eres\"><select name=\"Eres\" class=\"wpcf7-form-control wpcf7-select wpcf7-validates-as-required\" aria-required=\"true\" aria-invalid=\"false\"><option value=\"Una empresa\">Una empresa<\/option><option value=\"Un freelance\">Un freelance<\/option><option value=\"Una agencia\">Una agencia<\/option><option value=\"Un emprendedor\">Un emprendedor<\/option><\/select><\/span><\/label><\/p>\n<p><label>\n<p style=\"color:#ffffff!important; padding-top:15px;\">Sitio web<\/p>\n<p>    <span class=\"wpcf7-form-control-wrap sitoweb\"><input type=\"text\" name=\"sitoweb\" value=\"\" size=\"40\" class=\"wpcf7-form-control wpcf7-text\" aria-invalid=\"false\" \/><\/span><\/label><br \/>\n<br><br \/>\n<label><span class=\"wpcf7-form-control-wrap privacypolicy\"><span class=\"wpcf7-form-control wpcf7-acceptance\"><span class=\"wpcf7-list-item\"><input type=\"checkbox\" name=\"privacypolicy\" value=\"1\" aria-invalid=\"false\" class=\"privacypolicy\" id=\"privacypolicy\" \/><\/span><\/span><\/span>CONFIRMO HABER LE\u00cdDO LA INFORMACI\u00d3N SOBRE EL <a href='https:\/\/www.adaoncloud.com\/es\/privacy-policy\/'>TRATAMIENTO DE DATOS<\/a><\/label><br \/>\n<input type=\"submit\" value=\"ENV\u00cdA\" class=\"wpcf7-form-control wpcf7-submit verde-btn-custom\" \/><\/p>\n<div class=\"wpcf7-response-output\" aria-hidden=\"true\"><\/div><\/form><\/div>[\/vc_column][vc_column width=\u00bb1\/12&#8243;][\/vc_column][\/vc_row][vc_row el_class=\u00bbbottomMenu\u00bb][vc_column width=\u00bb1\/3&#8243;][vc_btn title=\u00bbLive webinar | Inscr\u00edbete gratis\u00bb style=\u00bbcustom\u00bb custom_background=\u00bb#9c495d\u00bb custom_text=\u00bb#ffffff\u00bb shape=\u00bbround\u00bb size=\u00bbxs\u00bb align=\u00bbleft\u00bb i_icon_fontawesome=\u00bbfas fa-circle\u00bb add_icon=\u00bbtrue\u00bb link=\u00bburl:http%3A%2F%2Fes%2Fwebinars%2F|title:webinars\u00bb][\/vc_column][vc_column width=\u00bb1\/3&#8243;][\/vc_column][vc_column width=\u00bb1\/3&#8243;][\/vc_column][\/vc_row]<\/p>\n","protected":false},"excerpt":{"rendered":"<p>[vc_row full_width=\u00bbstretch_row_content_no_spaces\u00bb equal_height=\u00bbyes\u00bb rtl_reverse=\u00bbyes\u00bb content_placement=\u00bbtop\u00bb css=\u00bb.vc_custom_1613661852478{margin-bottom: 0px !important;padding-bottom: 0px !important;}\u00bb][vc_column width=\u00bb1\/3&#8243;][vc_custom_heading text=\u00bbSencilla Autom\u00e1tica Performante\u00bb font_container=\u00bbtag:h1|font_size:55px|text_align:left|color:%23083944&#8243; use_theme_fonts=\u00bbyes\u00bb css_animation=\u00bbfadeInDown\u00bb][vc_column_text css_animation=\u00bbfadeInUp\u00bb el_class=\u00bbparagrafo padding10 font15&#8243;] ADA Marketing Automation Adquirir, convertir y nutrir a los leads es fundamental para crear una base de datos cualificada. Automatiza tus procesos de comunicaci\u00f3n, optimizando el tiempo de interacci\u00f3n con el p\u00fablico y reducir [&hellip;]<\/p>\n","protected":false},"author":1,"featured_media":0,"parent":0,"menu_order":0,"comment_status":"closed","ping_status":"closed","template":"","meta":{"om_disable_all_campaigns":false},"_links":{"self":[{"href":"https:\/\/www.adaoncloud.com\/es\/wp-json\/wp\/v2\/pages\/8346"}],"collection":[{"href":"https:\/\/www.adaoncloud.com\/es\/wp-json\/wp\/v2\/pages"}],"about":[{"href":"https:\/\/www.adaoncloud.com\/es\/wp-json\/wp\/v2\/types\/page"}],"author":[{"embeddable":true,"href":"https:\/\/www.adaoncloud.com\/es\/wp-json\/wp\/v2\/users\/1"}],"replies":[{"embeddable":true,"href":"https:\/\/www.adaoncloud.com\/es\/wp-json\/wp\/v2\/comments?post=8346"}],"version-history":[{"count":17,"href":"https:\/\/www.adaoncloud.com\/es\/wp-json\/wp\/v2\/pages\/8346\/revisions"}],"predecessor-version":[{"id":13671,"href":"https:\/\/www.adaoncloud.com\/es\/wp-json\/wp\/v2\/pages\/8346\/revisions\/13671"}],"wp:attachment":[{"href":"https:\/\/www.adaoncloud.com\/es\/wp-json\/wp\/v2\/media?parent=8346"}],"curies":[{"name":"wp","href":"https:\/\/api.w.org\/{rel}","templated":true}]}}