{"id":923,"date":"2020-12-09T16:55:54","date_gmt":"2020-12-09T15:55:54","guid":{"rendered":"https:\/\/newadaoncloud.staging.thedigitalbox.com\/es\/?page_id=923"},"modified":"2022-10-04T09:30:18","modified_gmt":"2022-10-04T07:30:18","slug":"compartir-qr-embedded","status":"publish","type":"page","link":"https:\/\/www.adaoncloud.com\/es\/compartir-qr-embedded\/","title":{"rendered":"Compartir (QR, Embedded)"},"content":{"rendered":"<p>[vc_row full_width=\u00bbstretch_row_content_no_spaces\u00bb equal_height=\u00bbyes\u00bb rtl_reverse=\u00bbyes\u00bb content_placement=\u00bbtop\u00bb css=\u00bb.vc_custom_1613661852478{margin-bottom: 0px !important;padding-bottom: 0px !important;}\u00bb][vc_column width=\u00bb1\/3&#8243;][vc_custom_heading text=\u00bbViraliza<br \/>\nInteract\u00faa<br \/>\nConvierte\u00bb font_container=\u00bbtag:h1|font_size:70px|text_align:left|color:%23083944&#8243; use_theme_fonts=\u00bbyes\u00bb css_animation=\u00bbfadeInDown\u00bb][vc_column_text css_animation=\u00bbfadeInUp\u00bb el_class=\u00bbparagrafo padding10 font15&#8243;]<\/p>\n<h4>Compartir<\/h4>\n<p>Haz llegar tus creativiades de ADA por cualquier medio, tanto desde el offline (c\u00f3digos QR), como desde el online a trav\u00e9s de tu p\u00e1gina web, blog o compartiendo directamente en Redes Sociales.[\/vc_column_text][vc_btn title=\u00bbReg\u00edstrate GRATIS\u00bb style=\u00bbcustom\u00bb custom_background=\u00bb#9c495d\u00bb custom_text=\u00bb#ffffff\u00bb shape=\u00bbround\u00bb size=\u00bblg\u00bb align=\u00bbleft\u00bb css_animation=\u00bbfadeInUp\u00bb link=\u00bburl:https%3A%2F%2Ffreetrial.adaoncloud.com%2FadaxFree%2Fes\u00bb][\/vc_column][vc_column width=\u00bb2\/3&#8243; css=\u00bb.vc_custom_1615894751105{margin-bottom: -30px !important;background-image: url(https:\/\/www.www.adaoncloud.com\/es\/wp-content\/uploads\/sites\/2\/2021\/03\/Compartir-testimonial.png?id=1934) !important;background-position: center !important;background-repeat: no-repeat !important;background-size: contain !important;}\u00bb][vc_single_image image=\u00bb1934&#8243; img_size=\u00bbfull\u00bb][\/vc_column][\/vc_row][vc_section full_width=\u00bbstretch_row\u00bb css=\u00bb.vc_custom_1605103445882{margin-bottom: 0px !important;padding-bottom: 0px !important;background-color: #ffffff !important;}\u00bb][vc_row full_width=\u00bbstretch_row_content_no_spaces\u00bb content_placement=\u00bbtop\u00bb css=\u00bb.vc_custom_1613662224239{padding-top: 50px !important;padding-right: 0px !important;padding-left: 0px !important;background-color: #1f9f97 !important;}\u00bb][vc_column css=\u00bb.vc_custom_1604939591857{padding-right: 5% !important;padding-left: 5% !important;}\u00bb][vc_row_inner][vc_column_inner width=\u00bb1\/2&#8243;][vc_single_image image=\u00bb1940&#8243; img_size=\u00bbfull\u00bb css_animation=\u00bbflipInY\u00bb][vc_empty_space height=\u00bb35px\u00bb][\/vc_column_inner][vc_column_inner width=\u00bb1\/2&#8243;][vc_empty_space height=\u00bb55px\u00bb][vc_custom_heading text=\u00bbCompartir\u00bb font_container=\u00bbtag:h2|text_align:left|color:%23ffffff\u00bb use_theme_fonts=\u00bbyes\u00bb css_animation=\u00bbfadeInDown\u00bb][vc_column_text]<\/p>\n<p style=\"text-align: left; color: #fff; font-size: 1.6rem; font-family: 'montserrat';\">Desde este apartado es d\u00f3nde ADA copleta sus formas de hacer llegar los contenidos a los usuarios<\/p>\n<p>[\/vc_column_text][\/vc_column_inner][\/vc_row_inner][\/vc_column][\/vc_row][vc_row full_width=\u00bbstretch_row\u00bb equal_height=\u00bbyes\u00bb content_placement=\u00bbmiddle\u00bb css=\u00bb.vc_custom_1613645944803{padding-top: 3% !important;padding-right: 0px !important;padding-bottom: 3% !important;padding-left: 0px !important;}\u00bb el_class=\u00bbver-align\u00bb][vc_column width=\u00bb1\/12&#8243;][\/vc_column][vc_column width=\u00bb5\/12&#8243;][vc_single_image image=\u00bb1938&#8243; img_size=\u00bbfull\u00bb][\/vc_column][vc_column width=\u00bb1\/12&#8243; css=\u00bb.vc_custom_1613645913688{padding-top: 3% !important;padding-right: 0px !important;padding-bottom: 3% !important;padding-left: 0px !important;background-position: center !important;background-repeat: no-repeat !important;background-size: contain !important;}\u00bb][\/vc_column][vc_column width=\u00bb4\/12&#8243;][vc_column_text]Desde DISTRIBUIR\/COMPARTIR accederemos a este m\u00f3dulo d\u00f3nde lo primero que deber\u00e1s hacer es seleccionar el contenido de ADA que quieras compartir.<\/p>\n<ul>\n<li>Landings page<\/li>\n<li>Landing AMP<\/li>\n<li>StoryTelling<\/li>\n<li>MovieTelling<\/li>\n<li>ChatBot<\/li>\n<\/ul>\n<p>[\/vc_column_text][vc_btn title=\u00bbReg\u00edstrate GRATIS\u00bb style=\u00bbcustom\u00bb custom_background=\u00bb#9c495d\u00bb custom_text=\u00bb#ffffff\u00bb shape=\u00bbround\u00bb size=\u00bblg\u00bb align=\u00bbleft\u00bb css_animation=\u00bbfadeInUp\u00bb link=\u00bburl:https%3A%2F%2Ffreetrial.adaoncloud.com%2FadaxFree%2Fes\u00bb][\/vc_column][vc_column width=\u00bb1\/12&#8243;][\/vc_column][\/vc_row][vc_row full_width=\u00bbstretch_row\u00bb equal_height=\u00bbyes\u00bb content_placement=\u00bbmiddle\u00bb css=\u00bb.vc_custom_1616147620921{padding-top: 3% !important;padding-right: 0px !important;padding-bottom: 3% !important;padding-left: 0px !important;background-color: #f8f8f8 !important;}\u00bb el_class=\u00bbver-align hidden-sm hidden-xs\u00bb][vc_column width=\u00bb1\/12&#8243;][\/vc_column][vc_column width=\u00bb4\/12&#8243;][vc_empty_space height=\u00bb55px\u00bb][vc_column_text]Al escoger el tipo de herramienta de ADA (ej: Landing Google AMP) te aparecer\u00e1n todas las creatividades generadas de esa herramienta para que eligas cual en concreto quieres compartir.<\/p>\n<p>Siempre te aparecer\u00e1n por \u00f3rden cronol\u00f3gico de creaci\u00f3n. Al marcar la acci\u00f3n concreta, te aparecer\u00e1 a la derecha una vista previa para confirmar tu elecci\u00f3n.[\/vc_column_text][vc_btn title=\u00bbReg\u00edstrate GRATIS\u00bb style=\u00bbcustom\u00bb custom_background=\u00bb#9c495d\u00bb custom_text=\u00bb#ffffff\u00bb shape=\u00bbround\u00bb size=\u00bblg\u00bb align=\u00bbleft\u00bb css_animation=\u00bbfadeInUp\u00bb link=\u00bburl:https%3A%2F%2Ffreetrial.adaoncloud.com%2FadaxFree%2Fes\u00bb][\/vc_column][vc_column width=\u00bb1\/12&#8243; css=\u00bb.vc_custom_1613645913688{padding-top: 3% !important;padding-right: 0px !important;padding-bottom: 3% !important;padding-left: 0px !important;background-position: center !important;background-repeat: no-repeat !important;background-size: contain !important;}\u00bb][\/vc_column][vc_column width=\u00bb5\/12&#8243;][vc_single_image image=\u00bb1937&#8243; img_size=\u00bbfull\u00bb][\/vc_column][vc_column width=\u00bb1\/12&#8243;][\/vc_column][\/vc_row][vc_row full_width=\u00bbstretch_row\u00bb equal_height=\u00bbyes\u00bb content_placement=\u00bbmiddle\u00bb css=\u00bb.vc_custom_1616147629276{padding-top: 3% !important;padding-right: 0px !important;padding-bottom: 3% !important;padding-left: 0px !important;background-color: #f8f8f8 !important;}\u00bb el_class=\u00bbver-align hidden-lg hidden-md\u00bb][vc_column width=\u00bb1\/12&#8243;][\/vc_column][vc_column width=\u00bb5\/12&#8243;][vc_single_image image=\u00bb1937&#8243; img_size=\u00bbfull\u00bb][\/vc_column][vc_column width=\u00bb1\/12&#8243; css=\u00bb.vc_custom_1613645913688{padding-top: 3% !important;padding-right: 0px !important;padding-bottom: 3% !important;padding-left: 0px !important;background-position: center !important;background-repeat: no-repeat !important;background-size: contain !important;}\u00bb][\/vc_column][vc_column width=\u00bb4\/12&#8243;][vc_empty_space height=\u00bb55px\u00bb][vc_column_text]Al escoger el tipo de herramienta de ADA (ej: Landing Google AMP) te aparecer\u00e1n todas las creatividades generadas de esa herramienta para que eligas cual en concreto quieres compartir.<\/p>\n<p>Siempre te aparecer\u00e1n por \u00f3rden cronol\u00f3gico de creaci\u00f3n. Al marcar la acci\u00f3n concreta, te aparecer\u00e1 a la derecha una vista previa para confirmar tu elecci\u00f3n.[\/vc_column_text][vc_btn title=\u00bbReg\u00edstrate GRATIS\u00bb style=\u00bbcustom\u00bb custom_background=\u00bb#9c495d\u00bb custom_text=\u00bb#ffffff\u00bb shape=\u00bbround\u00bb size=\u00bblg\u00bb align=\u00bbleft\u00bb css_animation=\u00bbfadeInUp\u00bb link=\u00bburl:https%3A%2F%2Ffreetrial.adaoncloud.com%2FadaxFree%2Fes\u00bb][\/vc_column][vc_column width=\u00bb1\/12&#8243;][\/vc_column][\/vc_row][vc_row full_width=\u00bbstretch_row\u00bb equal_height=\u00bbyes\u00bb content_placement=\u00bbmiddle\u00bb css=\u00bb.vc_custom_1613645944803{padding-top: 3% !important;padding-right: 0px !important;padding-bottom: 3% !important;padding-left: 0px !important;}\u00bb el_class=\u00bbver-align\u00bb][vc_column width=\u00bb1\/12&#8243;][\/vc_column][vc_column width=\u00bb5\/12&#8243;][vc_single_image image=\u00bb1936&#8243; img_size=\u00bbfull\u00bb][\/vc_column][vc_column width=\u00bb1\/12&#8243; css=\u00bb.vc_custom_1613645913688{padding-top: 3% !important;padding-right: 0px !important;padding-bottom: 3% !important;padding-left: 0px !important;background-position: center !important;background-repeat: no-repeat !important;background-size: contain !important;}\u00bb][\/vc_column][vc_column width=\u00bb4\/12&#8243;][vc_empty_space height=\u00bb55px\u00bb][vc_column_text]Toda vez que has marcado el contenido que quieres compartir, la primera opci\u00f3n que tienes es obtener un c\u00f3digo QR para que accedan a \u00e9l. Dicho c\u00f3digo lo podr\u00e1s obtener en tres tama\u00f1os posibles.<\/p>\n<ul>\n<li>90&#215;90 px<\/li>\n<li>250&#215;250 px<\/li>\n<li>600&#215;600 px<\/li>\n<\/ul>\n<p>Tambi\u00e9n te ofrecemos el link para que puedas copiarlo y distribuirlo directamente.[\/vc_column_text][vc_btn title=\u00bbReg\u00edstrate GRATIS\u00bb style=\u00bbcustom\u00bb custom_background=\u00bb#9c495d\u00bb custom_text=\u00bb#ffffff\u00bb shape=\u00bbround\u00bb size=\u00bblg\u00bb align=\u00bbleft\u00bb css_animation=\u00bbfadeInUp\u00bb link=\u00bburl:https%3A%2F%2Ffreetrial.adaoncloud.com%2FadaxFree%2Fes\u00bb][\/vc_column][vc_column width=\u00bb1\/12&#8243;][\/vc_column][\/vc_row][vc_row full_width=\u00bbstretch_row\u00bb equal_height=\u00bbyes\u00bb content_placement=\u00bbmiddle\u00bb css=\u00bb.vc_custom_1616147647330{padding-top: 3% !important;padding-right: 0px !important;padding-bottom: 3% !important;padding-left: 0px !important;background-color: #f8f8f8 !important;}\u00bb el_class=\u00bbver-align hidden-sm hidden-xs\u00bb][vc_column width=\u00bb1\/12&#8243;][\/vc_column][vc_column width=\u00bb4\/12&#8243;][vc_empty_space height=\u00bb55px\u00bb][vc_column_text]Tamnbi\u00e9n tendr\u00e1s la posibilidad de compartir directamente el contenido por<\/p>\n<ul>\n<li>Facebook<\/li>\n<li>Twitter<\/li>\n<li>Linkedin<\/li>\n<li>WhatsApp<\/li>\n<\/ul>\n<p>Adem\u00e1s de obtener el c\u00f3digo para poder embeberlo en tu p\u00e1gina web, ofreci\u00e9ndote tambi\u00e9n la posibilidad de hacerlo en tres tama\u00f1os diferentes<\/p>\n<ul>\n<li>300&#215;540 px<\/li>\n<li>400&#215;720 px<\/li>\n<li>500&#215;900 px<\/li>\n<\/ul>\n<p>[\/vc_column_text][vc_btn title=\u00bbReg\u00edstrate GRATIS\u00bb style=\u00bbcustom\u00bb custom_background=\u00bb#9c495d\u00bb custom_text=\u00bb#ffffff\u00bb shape=\u00bbround\u00bb size=\u00bblg\u00bb align=\u00bbleft\u00bb css_animation=\u00bbfadeInUp\u00bb link=\u00bburl:https%3A%2F%2Ffreetrial.adaoncloud.com%2FadaxFree%2Fes\u00bb][\/vc_column][vc_column width=\u00bb1\/12&#8243; css=\u00bb.vc_custom_1613645913688{padding-top: 3% !important;padding-right: 0px !important;padding-bottom: 3% !important;padding-left: 0px !important;background-position: center !important;background-repeat: no-repeat !important;background-size: contain !important;}\u00bb][\/vc_column][vc_column width=\u00bb5\/12&#8243;][vc_single_image image=\u00bb1935&#8243; img_size=\u00bbfull\u00bb][\/vc_column][vc_column width=\u00bb1\/12&#8243;][\/vc_column][\/vc_row][vc_row full_width=\u00bbstretch_row\u00bb equal_height=\u00bbyes\u00bb content_placement=\u00bbmiddle\u00bb css=\u00bb.vc_custom_1616147655272{padding-top: 3% !important;padding-right: 0px !important;padding-bottom: 3% !important;padding-left: 0px !important;background-color: #f8f8f8 !important;}\u00bb el_class=\u00bbver-align hidden-lg hidden-md\u00bb][vc_column width=\u00bb1\/12&#8243;][\/vc_column][vc_column width=\u00bb5\/12&#8243;][vc_single_image image=\u00bb1935&#8243; img_size=\u00bbfull\u00bb][\/vc_column][vc_column width=\u00bb1\/12&#8243; css=\u00bb.vc_custom_1613645913688{padding-top: 3% !important;padding-right: 0px !important;padding-bottom: 3% !important;padding-left: 0px !important;background-position: center !important;background-repeat: no-repeat !important;background-size: contain !important;}\u00bb][\/vc_column][vc_column width=\u00bb4\/12&#8243;][vc_empty_space height=\u00bb55px\u00bb][vc_column_text]Tamnbi\u00e9n tendr\u00e1s la posibilidad de compartir directamente el contenido por<\/p>\n<ul>\n<li>Facebook<\/li>\n<li>Twitter<\/li>\n<li>Linkedin<\/li>\n<li>WhatsApp<\/li>\n<\/ul>\n<p>Adem\u00e1s de obtener el c\u00f3digo para poder embeberlo en tu p\u00e1gina web, ofreci\u00e9ndote tambi\u00e9n la posibilidad de hacerlo en tres tama\u00f1os diferentes<\/p>\n<ul>\n<li>300&#215;540 px<\/li>\n<li>400&#215;720 px<\/li>\n<li>500&#215;900 px<\/li>\n<\/ul>\n<p>[\/vc_column_text][vc_btn title=\u00bbReg\u00edstrate GRATIS\u00bb style=\u00bbcustom\u00bb custom_background=\u00bb#9c495d\u00bb custom_text=\u00bb#ffffff\u00bb shape=\u00bbround\u00bb size=\u00bblg\u00bb align=\u00bbleft\u00bb css_animation=\u00bbfadeInUp\u00bb link=\u00bburl:https%3A%2F%2Ffreetrial.adaoncloud.com%2FadaxFree%2Fes\u00bb][\/vc_column][vc_column width=\u00bb1\/12&#8243;][\/vc_column][\/vc_row][\/vc_section][vc_row el_class=\u00bbbottomMenu\u00bb][vc_column width=\u00bb1\/3&#8243;][vc_btn title=\u00bbLive webinar | Inscr\u00edbete gratis\u00bb style=\u00bbcustom\u00bb custom_background=\u00bb#9c495d\u00bb custom_text=\u00bb#ffffff\u00bb shape=\u00bbround\u00bb size=\u00bbxs\u00bb align=\u00bbleft\u00bb i_icon_fontawesome=\u00bbfas fa-circle\u00bb add_icon=\u00bbtrue\u00bb link=\u00bburl:%2Fes%2Fwebinars%2F|title:webinars\u00bb][\/vc_column][vc_column width=\u00bb1\/3&#8243;][\/vc_column][vc_column width=\u00bb1\/3&#8243;][\/vc_column][\/vc_row]<\/p>\n","protected":false},"excerpt":{"rendered":"<p>[vc_row full_width=\u00bbstretch_row_content_no_spaces\u00bb equal_height=\u00bbyes\u00bb rtl_reverse=\u00bbyes\u00bb content_placement=\u00bbtop\u00bb css=\u00bb.vc_custom_1613661852478{margin-bottom: 0px !important;padding-bottom: 0px !important;}\u00bb][vc_column width=\u00bb1\/3&#8243;][vc_custom_heading text=\u00bbViraliza Interact\u00faa Convierte\u00bb font_container=\u00bbtag:h1|font_size:70px|text_align:left|color:%23083944&#8243; use_theme_fonts=\u00bbyes\u00bb css_animation=\u00bbfadeInDown\u00bb][vc_column_text css_animation=\u00bbfadeInUp\u00bb el_class=\u00bbparagrafo padding10 font15&#8243;] Compartir Haz llegar tus creativiades de ADA por cualquier medio, tanto desde el offline (c\u00f3digos QR), como desde el online a trav\u00e9s de tu p\u00e1gina web, blog o compartiendo directamente en Redes Sociales.[\/vc_column_text][vc_btn title=\u00bbReg\u00edstrate [&hellip;]<\/p>\n","protected":false},"author":1,"featured_media":0,"parent":0,"menu_order":0,"comment_status":"closed","ping_status":"closed","template":"","meta":{"om_disable_all_campaigns":false},"_links":{"self":[{"href":"https:\/\/www.adaoncloud.com\/es\/wp-json\/wp\/v2\/pages\/923"}],"collection":[{"href":"https:\/\/www.adaoncloud.com\/es\/wp-json\/wp\/v2\/pages"}],"about":[{"href":"https:\/\/www.adaoncloud.com\/es\/wp-json\/wp\/v2\/types\/page"}],"author":[{"embeddable":true,"href":"https:\/\/www.adaoncloud.com\/es\/wp-json\/wp\/v2\/users\/1"}],"replies":[{"embeddable":true,"href":"https:\/\/www.adaoncloud.com\/es\/wp-json\/wp\/v2\/comments?post=923"}],"version-history":[{"count":9,"href":"https:\/\/www.adaoncloud.com\/es\/wp-json\/wp\/v2\/pages\/923\/revisions"}],"predecessor-version":[{"id":13662,"href":"https:\/\/www.adaoncloud.com\/es\/wp-json\/wp\/v2\/pages\/923\/revisions\/13662"}],"wp:attachment":[{"href":"https:\/\/www.adaoncloud.com\/es\/wp-json\/wp\/v2\/media?parent=923"}],"curies":[{"name":"wp","href":"https:\/\/api.w.org\/{rel}","templated":true}]}}