{"id":925,"date":"2020-12-09T16:56:29","date_gmt":"2020-12-09T15:56:29","guid":{"rendered":"https:\/\/newadaoncloud.staging.thedigitalbox.com\/es\/?page_id=925"},"modified":"2022-10-03T16:58:46","modified_gmt":"2022-10-03T14:58:46","slug":"customer-data-platform-cdp","status":"publish","type":"page","link":"https:\/\/www.adaoncloud.com\/es\/customer-data-platform-cdp\/","title":{"rendered":"Customer Data Platform (CDP)"},"content":{"rendered":"<p>[vc_row full_width=\u00bbstretch_row_content_no_spaces\u00bb equal_height=\u00bbyes\u00bb rtl_reverse=\u00bbyes\u00bb content_placement=\u00bbtop\u00bb][vc_column width=\u00bb1\/3&#8243;][vc_custom_heading text=\u00bbGestiona<br \/>\nControla<br \/>\nPerfila\u00bb font_container=\u00bbtag:h1|font_size:70px|text_align:left|color:%23083944&#8243; use_theme_fonts=\u00bbyes\u00bb css_animation=\u00bbfadeInDown\u00bb][vc_column_text css_animation=\u00bbfadeInUp\u00bb el_class=\u00bbparagrafo padding10 font15&#8243;]<\/p>\n<h4>Customer Data Plataform (CDP)<\/h4>\n<p>Gracias a la CDP de ADA podr\u00e1s a\u00f1adir tu base de datos en un entorno profesional, dividirlo en grupos y creando segmentaci\u00f3n para entender todas las necesidades del client.[\/vc_column_text][vc_btn title=\u00bbReg\u00edstrate GRATIS\u00bb style=\u00bbcustom\u00bb custom_background=\u00bb#9c495d\u00bb custom_text=\u00bb#ffffff\u00bb shape=\u00bbround\u00bb size=\u00bblg\u00bb align=\u00bbleft\u00bb css_animation=\u00bbfadeInUp\u00bb link=\u00bburl:https%3A%2F%2Ffreetrial.adaoncloud.com%2FadaxFree%2Fes\u00bb][\/vc_column][vc_column width=\u00bb2\/3&#8243; css=\u00bb.vc_custom_1632221457124{background-image: url(https:\/\/www.adaoncloud.com\/es\/wp-content\/uploads\/sites\/2\/2021\/09\/cdp-testimonial.png?id=8148) !important;background-position: center !important;background-repeat: no-repeat !important;background-size: contain !important;}\u00bb][vc_single_image image=\u00bb8148&#8243; img_size=\u00bbfull\u00bb alignment=\u00bbright\u00bb el_class=\u00bbvisible-hidden\u00bb][\/vc_column][\/vc_row][vc_section full_width=\u00bbstretch_row\u00bb css=\u00bb.vc_custom_1605103445882{margin-bottom: 0px !important;padding-bottom: 0px !important;background-color: #ffffff !important;}\u00bb][vc_row full_width=\u00bbstretch_row\u00bb css=\u00bb.vc_custom_1616145222729{padding-top: 3% !important;padding-right: 0px !important;padding-bottom: 3% !important;padding-left: 0px !important;background-color: #f8f8f8 !important;}\u00bb el_class=\u00bbpadd-xs-15 reverse hidden-sm hidden-xs\u00bb][vc_column width=\u00bb1\/12&#8243; css=\u00bb.vc_custom_1605084525184{padding-right: 5% !important;padding-left: 5% !important;}\u00bb][\/vc_column][vc_column width=\u00bb4\/12&#8243; css=\u00bb.vc_custom_1610560406269{padding-right: 3% !important;}\u00bb][vc_empty_space height=\u00bb35px\u00bb][vc_column_text el_class=\u00bblistado\u00bb]<\/p>\n<h3>Un panel de control <i>sencillo<\/i> donde gestionar tu base de datos<\/h3>\n<p>[\/vc_column_text][vc_column_text el_class=\u00bblistado\u00bb]El ordenar la base de datos correctamente es fundamental. En el panel de control de ADA, podr\u00e1s ver de una pincelada cuantos perfiles tienes, cuantos con email y con n\u00famero de m\u00f3vil. Podr\u00e1s ordenarlos por grupos, crear segmentos y hasta tendr\u00e1s alertas de emails no verificados, bajas y en referencia a la RGPD te avisar\u00e1 de qu\u00e9 contactos no te han dado el consentimiento de marketing y el de perfilar.[\/vc_column_text][vc_btn title=\u00bbReg\u00edstrate GRATIS\u00bb style=\u00bbcustom\u00bb custom_background=\u00bb#9c495d\u00bb custom_text=\u00bb#ffffff\u00bb shape=\u00bbround\u00bb size=\u00bblg\u00bb align=\u00bbleft\u00bb link=\u00bburl:https%3A%2F%2Ffreetrial.adaoncloud.com%2FadaxFree%2Fes\u00bb el_class=\u00bbland-btn\u00bb][\/vc_column][vc_column width=\u00bb1\/12&#8243;][\/vc_column][vc_column width=\u00bb5\/12&#8243; css=\u00bb.vc_custom_1632220984826{background-position: center !important;background-repeat: no-repeat !important;background-size: contain !important;}\u00bb][vc_single_image image=\u00bb8146&#8243; img_size=\u00bbfull\u00bb][\/vc_column][vc_column width=\u00bb1\/12&#8243;][\/vc_column][\/vc_row][vc_row full_width=\u00bbstretch_row\u00bb css=\u00bb.vc_custom_1664809068836{padding-top: 3% !important;padding-right: 0px !important;padding-bottom: 3% !important;padding-left: 0px !important;background-color: #f8f8f8 !important;}\u00bb el_class=\u00bbhidden-lg hidden-md\u00bb][vc_column width=\u00bb1\/12&#8243; css=\u00bb.vc_custom_1605084525184{padding-right: 5% !important;padding-left: 5% !important;}\u00bb][\/vc_column][vc_column width=\u00bb5\/12&#8243; css=\u00bb.vc_custom_1632221403114{background-position: center !important;background-repeat: no-repeat !important;background-size: contain !important;}\u00bb][vc_single_image image=\u00bb8146&#8243; img_size=\u00bbfull\u00bb][\/vc_column][vc_column width=\u00bb1\/12&#8243;][\/vc_column][vc_column width=\u00bb4\/12&#8243; css=\u00bb.vc_custom_1610560406269{padding-right: 3% !important;}\u00bb][vc_empty_space height=\u00bb35px\u00bb][vc_column_text el_class=\u00bblistado\u00bb]<\/p>\n<h3>Un panel de control <i>sencillo<\/i> donde gestionar tu base de datos<\/h3>\n<p>[\/vc_column_text][vc_column_text el_class=\u00bblistado\u00bb]El ordenar la base de datos correctamente es fundamental. En el panel de control de ADA, podr\u00e1s ver de una pincelada cuantos pefiles tienes, cuantos con email y con n\u00famero de m\u00f3vil. Podr\u00e1s ordenarlos por grupos, crear segmentos y hasta tendr\u00e1s alertas de emails no verificados, bajas y en referencia a la RGPD te avisar\u00e1 de qu\u00e9 contactos no te han dado el consentimiento de marketing y el de perfilar.[\/vc_column_text][vc_btn title=\u00bbReg\u00edstrate GRATIS\u00bb style=\u00bbcustom\u00bb custom_background=\u00bb#9c495d\u00bb custom_text=\u00bb#ffffff\u00bb shape=\u00bbround\u00bb size=\u00bblg\u00bb align=\u00bbleft\u00bb link=\u00bburl:https%3A%2F%2Ffreetrial.adaoncloud.com%2FadaxFree%2Fes|title:Reg%C3%ADstrate%20GRATIS\u00bb el_class=\u00bbland-btn\u00bb][\/vc_column][vc_column width=\u00bb1\/12&#8243;][\/vc_column][\/vc_row][vc_row full_width=\u00bbstretch_row\u00bb equal_height=\u00bbyes\u00bb content_placement=\u00bbtop\u00bb css=\u00bb.vc_custom_1664809075478{margin-right: 0px !important;margin-left: 0px !important;padding-top: 3% !important;padding-right: 0px !important;padding-bottom: 3% !important;padding-left: 0px !important;}\u00bb][vc_column width=\u00bb1\/12&#8243;][\/vc_column][vc_column width=\u00bb5\/12&#8243; css=\u00bb.vc_custom_1632221639349{padding-right: 0px !important;padding-left: 0px !important;background-image: url(https:\/\/www.adaoncloud.com\/es\/wp-content\/uploads\/sites\/2\/2021\/09\/customerdata-2.png?id=8152) !important;background-position: center !important;background-repeat: no-repeat !important;background-size: contain !important;}\u00bb][vc_single_image image=\u00bb8152&#8243; img_size=\u00bbfull\u00bb alignment=\u00bbcenter\u00bb el_class=\u00bbvisible-hidden\u00bb][\/vc_column][vc_column width=\u00bb1\/12&#8243;][\/vc_column][vc_column width=\u00bb4\/12&#8243;][vc_empty_space height=\u00bb35px\u00bb][vc_column_text]De una manera muy sencilla podr\u00e1s desde los botones superiores:<\/p>\n<ul>\n<li>Crear perfiles manualmente<\/li>\n<li>Importarlos desde un excel<\/li>\n<li>Ordenarlos por Grupos<\/li>\n<li>Crear segmentos en funci\u00f3n de sus gustos<\/li>\n<li>Crear nuevos campos para poder segmentar con m\u00e1s precisi\u00f3n<\/li>\n<li>Verificar los emails para evitar rebotes en las campa\u00f1as de mailing<\/li>\n<li>Perfilar para crear grupos y segmentos<\/li>\n<\/ul>\n<p>[\/vc_column_text][vc_btn title=\u00bbReg\u00edstrate GRATIS\u00bb style=\u00bbcustom\u00bb custom_background=\u00bb#9c495d\u00bb custom_text=\u00bb#ffffff\u00bb shape=\u00bbround\u00bb size=\u00bblg\u00bb align=\u00bbleft\u00bb link=\u00bburl:https%3A%2F%2Ffreetrial.adaoncloud.com%2FadaxFree%2Fes|title:Reg%C3%ADstrate%20GRATIS\u00bb el_class=\u00bbland-btn\u00bb][\/vc_column][vc_column width=\u00bb1\/12&#8243;][\/vc_column][\/vc_row][vc_row full_width=\u00bbstretch_row_content\u00bb css=\u00bb.vc_custom_1615390778028{padding-top: 30px !important;background-color: #1f9f97 !important;}\u00bb][vc_column][vc_row_inner css=\u00bb.vc_custom_1615390527374{padding-bottom: -20px !important;}\u00bb][vc_column_inner width=\u00bb1\/2&#8243;][vc_empty_space height=\u00bb35px\u00bb][vc_single_image image=\u00bb1607&#8243; img_size=\u00bbmedium\u00bb css_animation=\u00bbflipInY\u00bb][vc_column_text]<\/p>\n<h4 style=\"color: #ffffff!important;\">Con el Customer Data Platform (CDP) podemos gestionar nuestra base de datos y las de nuestros clientes de una manera, Sencilla y Eficaz, obteniendo grandes resultados.<\/h4>\n<p><sub class=\"citado\" style=\"color: #ffffff!important;\"><strong>Francisco Garc\u00eda<\/strong> | <em>CEO Good Social Media<\/em><\/sub>[\/vc_column_text][\/vc_column_inner][vc_column_inner width=\u00bb1\/2&#8243; css=\u00bb.vc_custom_1615390551314{padding-bottom: -20px !important;}\u00bb][vc_single_image image=\u00bb1818&#8243; img_size=\u00bbfull\u00bb][\/vc_column_inner][\/vc_row_inner][\/vc_column][\/vc_row][vc_row full_width=\u00bbstretch_row\u00bb css=\u00bb.vc_custom_1664809085301{padding-top: 3% !important;padding-right: 0px !important;padding-bottom: 3% !important;padding-left: 0px !important;background-color: #f8f8f8 !important;}\u00bb el_class=\u00bb hidden-sm hidden-xs\u00bb][vc_column width=\u00bb1\/12&#8243; css=\u00bb.vc_custom_1605084525184{padding-right: 5% !important;padding-left: 5% !important;}\u00bb][\/vc_column][vc_column width=\u00bb4\/12&#8243; css=\u00bb.vc_custom_1610560406269{padding-right: 3% !important;}\u00bb][vc_empty_space height=\u00bb35px\u00bb][vc_column_text el_class=\u00bblistado\u00bb]<\/p>\n<h3>Controla tus perfiles<\/h3>\n<p>[\/vc_column_text][vc_column_text]De una forma muy visual el Customer Data Platform te avisar\u00e1 de los perfiles que por alg\u00fan motivo no puedas comunicar con ellos, ya sea por:<\/p>\n<ul>\n<li>Correos electr\u00f3nicos No verificados<\/li>\n<li>Perfiles sin consentimiento de marketing<\/li>\n<li>Perfiles sin consentimiento para perfilar<\/li>\n<li>Perfiles que se han dado de baja de email<\/li>\n<\/ul>\n<p>Haciendo clic en cada opci\u00f3n te llevar\u00e1 a una ventana descriptiva de los perfiles que est\u00e1n incluidos en esa acci\u00f3n, pudiendo editarlos, borrarlos, exportarlos y asociar o separar de otros grupos.<\/p>\n<p>Es muy importante saber que los perfiles que tienes en ADA cumplen todos los requisitos para poder comunicar con ellos.[\/vc_column_text][vc_btn title=\u00bbReg\u00edstrate GRATIS\u00bb style=\u00bbcustom\u00bb custom_background=\u00bb#9c495d\u00bb custom_text=\u00bb#ffffff\u00bb shape=\u00bbround\u00bb size=\u00bblg\u00bb align=\u00bbleft\u00bb link=\u00bburl:https%3A%2F%2Ffreetrial.adaoncloud.com%2FadaxFree%2Fes|title:PRU%C3%89BALO%20GRATIS\u00bb el_class=\u00bbland-btn\u00bb][\/vc_column][vc_column width=\u00bb1\/12&#8243;][\/vc_column][vc_column width=\u00bb6\/12&#8243; css=\u00bb.vc_custom_1632226527384{background-image: url(https:\/\/www.adaoncloud.com\/es\/wp-content\/uploads\/sites\/2\/2021\/09\/Customer-Data-profilo-2-1.png?id=8153) !important;background-position: center !important;background-repeat: no-repeat !important;background-size: contain !important;}\u00bb][vc_single_image image=\u00bb8153&#8243; img_size=\u00bbfull\u00bb][\/vc_column][\/vc_row][vc_row full_width=\u00bbstretch_row\u00bb css=\u00bb.vc_custom_1664809093969{padding-top: 3% !important;padding-right: 0px !important;padding-bottom: 3% !important;padding-left: 0px !important;background-color: #f8f8f8 !important;}\u00bb el_class=\u00bbhidden-lg hidden-md\u00bb][vc_column width=\u00bb1\/12&#8243; css=\u00bb.vc_custom_1605084525184{padding-right: 5% !important;padding-left: 5% !important;}\u00bb][\/vc_column][vc_column width=\u00bb5\/12&#8243; css=\u00bb.vc_custom_1632221936273{background-position: center !important;background-repeat: no-repeat !important;background-size: contain !important;}\u00bb][vc_single_image image=\u00bb8153&#8243; img_size=\u00bbfull\u00bb][\/vc_column][vc_column width=\u00bb1\/12&#8243;][\/vc_column][vc_column width=\u00bb4\/12&#8243; css=\u00bb.vc_custom_1610560406269{padding-right: 3% !important;}\u00bb][vc_empty_space height=\u00bb35px\u00bb][vc_column_text el_class=\u00bblistado\u00bb]<\/p>\n<h3>Controla tus perfiles<\/h3>\n<p>[\/vc_column_text][vc_column_text]De una forma muy visual el Customer Data Platform te avisar\u00e1 de los perfiles que por alg\u00fan motivo no puedas comunicar con ellos, ya sea por:<\/p>\n<ul>\n<li>Correos electr\u00f3nicos No verificados<\/li>\n<li>Perfiles sin consentimiento de marketing<\/li>\n<li>Perfiles sin consentimiento para perfilar<\/li>\n<li>Perfiles que se han dado de baja de email<\/li>\n<\/ul>\n<p>Haciendo clic en cada opci\u00f3n te llevar\u00e1 a una ventana descriptiva de los perfiles que est\u00e1n incluidos en esa acci\u00f3n, pudiendo editarlos, borrarlos, exportarlos y asociar o separar de otros grupos.<\/p>\n<p>Es muy importante saber que los perfiles que tienes en ADA cumplen todos los requisitos para poder comunicar con ellos.[\/vc_column_text][vc_btn title=\u00bbReg\u00edstrate GRATIS\u00bb style=\u00bbcustom\u00bb custom_background=\u00bb#9c495d\u00bb custom_text=\u00bb#ffffff\u00bb shape=\u00bbround\u00bb size=\u00bblg\u00bb align=\u00bbleft\u00bb link=\u00bburl:https%3A%2F%2Ffreetrial.adaoncloud.com%2FadaxFree%2Fes\u00bb el_class=\u00bbland-btn\u00bb][\/vc_column][vc_column width=\u00bb1\/12&#8243;][\/vc_column][\/vc_row][vc_row full_width=\u00bbstretch_row\u00bb equal_height=\u00bbyes\u00bb content_placement=\u00bbmiddle\u00bb css=\u00bb.vc_custom_1664809102121{margin-right: 0px !important;margin-left: 0px !important;padding-top: 3% !important;padding-right: 0px !important;padding-bottom: 3% !important;padding-left: 0px !important;}\u00bb][vc_column width=\u00bb1\/12&#8243; css=\u00bb.vc_custom_1605002971813{padding-right: 5% !important;padding-left: 5% !important;}\u00bb][\/vc_column][vc_column width=\u00bb5\/12&#8243; css=\u00bb.vc_custom_1632226636805{padding-right: 0px !important;padding-left: 0px !important;background-image: url(https:\/\/www.adaoncloud.com\/es\/wp-content\/uploads\/sites\/2\/2021\/09\/customerdata-4.png?id=8158) !important;background-position: center !important;background-repeat: no-repeat !important;background-size: cover !important;}\u00bb][vc_single_image image=\u00bb8158&#8243; img_size=\u00bbfull\u00bb el_class=\u00bbvisible-hidden\u00bb][\/vc_column][vc_column width=\u00bb1\/12&#8243;][\/vc_column][vc_column width=\u00bb4\/12&#8243;][vc_empty_space height=\u00bb35px\u00bb][vc_column_text]<\/p>\n<h3>Ord\u00e9nalos en <i>grupos<\/i><\/h3>\n<div>\n<p>Ordena en grupos a tus perfiles en funci\u00f3n de tus objetivos. De una manera muy sencilla podr\u00e1s saber a cu\u00e1ntos grupos pertenece un perfil, cu\u00e1ntos perfiles est\u00e1n en un grupo y su procedencia. Adem\u00e1s podr\u00e1s accecder a la ficha de cada perfil conocer su hist\u00f3rico.<\/p>\n<p>Modifica, Elimina, Convierte tu grupo en p\u00fablico de Facebook. Las herramientas ideales para hacer tus objetivos m\u00e1s f\u00e1ciles.<\/p><\/div>\n<p>[\/vc_column_text][vc_btn title=\u00bbReg\u00edstrate GRATIS\u00bb style=\u00bbcustom\u00bb custom_background=\u00bb#9c495d\u00bb custom_text=\u00bb#ffffff\u00bb shape=\u00bbround\u00bb size=\u00bblg\u00bb align=\u00bbleft\u00bb link=\u00bburl:https%3A%2F%2Ffreetrial.adaoncloud.com%2FadaxFree%2Fes\u00bb el_class=\u00bbland-btn\u00bb][vc_empty_space height=\u00bb35px\u00bb][\/vc_column][vc_column width=\u00bb1\/12&#8243;][\/vc_column][\/vc_row][vc_row full_width=\u00bbstretch_row\u00bb css=\u00bb.vc_custom_1664809113091{padding-top: 3% !important;padding-right: 0px !important;padding-bottom: 3% !important;padding-left: 0px !important;background-color: #f8f8f8 !important;}\u00bb el_class=\u00bbhidden-sm hidden-xs\u00bb][vc_column width=\u00bb1\/12&#8243; css=\u00bb.vc_custom_1605084525184{padding-right: 5% !important;padding-left: 5% !important;}\u00bb][\/vc_column][vc_column width=\u00bb4\/12&#8243; css=\u00bb.vc_custom_1610560406269{padding-right: 3% !important;}\u00bb][vc_empty_space height=\u00bb35px\u00bb][vc_column_text el_class=\u00bblistado\u00bb]<\/p>\n<h3>Campa\u00f1as <i>precisas <\/i>a p\u00fablicos <i>espec\u00edficos<\/i><\/h3>\n<p>Cuanto m\u00e1s conozcas a tus perfiles, mejores campa\u00f1as realizaras. Es muy f\u00e1cil conseguir conversiones sabiendo las preferencias y gustos de tus clientes.<\/p>\n<p>Con ADA puedes crear segmentos de p\u00fablico afines al producto o servicio que vayas a promocionar. Crea tantos segmentos como datos obtengas de ellos y aseg\u00farate una campa\u00f1a con tasas de apertura y conversi\u00f3n altas.[\/vc_column_text][vc_btn title=\u00bbReg\u00edstrate GRATIS\u00bb style=\u00bbcustom\u00bb custom_background=\u00bb#9c495d\u00bb custom_text=\u00bb#ffffff\u00bb shape=\u00bbround\u00bb size=\u00bblg\u00bb align=\u00bbleft\u00bb link=\u00bburl:https%3A%2F%2Ffreetrial.adaoncloud.com%2FadaxFree%2Fes\u00bb el_class=\u00bbland-btn\u00bb][\/vc_column][vc_column width=\u00bb1\/12&#8243;][\/vc_column][vc_column width=\u00bb6\/12&#8243; css=\u00bb.vc_custom_1610623080658{background-image: url(https:\/\/www.www.adaoncloud.com\/es\/wp-content\/uploads\/sites\/2\/2021\/01\/segmentacion.jpg?id=1207) !important;}\u00bb][vc_single_image image=\u00bb1207&#8243; img_size=\u00bbfull\u00bb][\/vc_column][\/vc_row][vc_row full_width=\u00bbstretch_row\u00bb css=\u00bb.vc_custom_1664809121540{padding-top: 3% !important;padding-right: 0px !important;padding-bottom: 3% !important;padding-left: 0px !important;background-color: #f8f8f8 !important;}\u00bb el_class=\u00bb hidden-lg hidden-md\u00bb][vc_column width=\u00bb1\/12&#8243; css=\u00bb.vc_custom_1605084525184{padding-right: 5% !important;padding-left: 5% !important;}\u00bb][\/vc_column][vc_column width=\u00bb6\/12&#8243; css=\u00bb.vc_custom_1610623080658{background-image: url(https:\/\/www.www.adaoncloud.com\/es\/wp-content\/uploads\/sites\/2\/2021\/01\/segmentacion.jpg?id=1207) !important;}\u00bb][vc_single_image image=\u00bb1207&#8243; img_size=\u00bbfull\u00bb][\/vc_column][vc_column width=\u00bb1\/12&#8243;][\/vc_column][vc_column width=\u00bb4\/12&#8243; css=\u00bb.vc_custom_1610560406269{padding-right: 3% !important;}\u00bb][vc_empty_space height=\u00bb35px\u00bb][vc_column_text el_class=\u00bblistado\u00bb]<\/p>\n<h3>Campa\u00f1as <i>precisas <\/i>a p\u00fablicos <i>espec\u00edficos<\/i><\/h3>\n<p>Cuanto m\u00e1s conozcas a tus perfiles, mejores campa\u00f1as realizaras. Es muy f\u00e1cil conseguir conversiones sabiendo las preferencias y gustos de tus clientes.<\/p>\n<p>Con ADA puedes crear segmentos de p\u00fablico afines al producto o servicio que vayas a promocionar. Crea tantos segmentos como datos obtengas de ellos y aseg\u00farate una campa\u00f1a con tasas de apertura y conversi\u00f3n altas.[\/vc_column_text][vc_btn title=\u00bbReg\u00edstrate GRATIS\u00bb style=\u00bbcustom\u00bb custom_background=\u00bb#9c495d\u00bb custom_text=\u00bb#ffffff\u00bb shape=\u00bbround\u00bb size=\u00bblg\u00bb align=\u00bbleft\u00bb link=\u00bburl:https%3A%2F%2Ffreetrial.adaoncloud.com%2FadaxFree%2Fes\u00bb el_class=\u00bbland-btn\u00bb][\/vc_column][\/vc_row][\/vc_section][vc_row css=\u00bb.vc_custom_1654697978450{background-color: #9c495d !important;}\u00bb][vc_column width=\u00bb1\/2&#8243;][vc_empty_space height=\u00bb55px\u00bb][vc_column_text]<\/p>\n<h3 style=\"color: #ffffff !important; text-align: left;\">Porqu\u00e9 necesito un Customer Data Platform?<\/h3>\n<p style=\"color: #ffffff !important; text-align: left;\">Desc\u00e1rgate el ebook para descubrirlo<\/p>\n<p>[\/vc_column_text][vc_single_image image=\u00bb9633&#8243; img_size=\u00bblarge\u00bb][\/vc_column][vc_column width=\u00bb1\/2&#8243;][vc_empty_space height=\u00bb55px\u00bb]<div role=\"form\" class=\"wpcf7\" id=\"wpcf7-f9631-o1\" lang=\"it-IT\" dir=\"ltr\">\n<div class=\"screen-reader-response\"><p role=\"status\" aria-live=\"polite\" aria-atomic=\"true\"><\/p> <ul><\/ul><\/div>\n<form action=\"\/es\/wp-json\/wp\/v2\/pages\/925#wpcf7-f9631-o1\" method=\"post\" class=\"wpcf7-form init\" novalidate=\"novalidate\" data-status=\"init\">\n<div style=\"display: none;\">\n<input type=\"hidden\" name=\"_wpcf7\" value=\"9631\" \/>\n<input type=\"hidden\" name=\"_wpcf7_version\" value=\"5.4.1\" \/>\n<input type=\"hidden\" name=\"_wpcf7_locale\" value=\"it_IT\" \/>\n<input type=\"hidden\" name=\"_wpcf7_unit_tag\" value=\"wpcf7-f9631-o1\" \/>\n<input type=\"hidden\" name=\"_wpcf7_container_post\" value=\"0\" \/>\n<input type=\"hidden\" name=\"_wpcf7_posted_data_hash\" value=\"\" \/>\n<input type=\"hidden\" name=\"_wpcf7_recaptcha_response\" value=\"\" \/>\n<\/div>\n<p><label>\n<p style=\"color:#ffffff!important; padding-top:15px;\">Nombre*<\/p>\n<p>    <span class=\"wpcf7-form-control-wrap your-name\"><input type=\"text\" name=\"your-name\" value=\"\" size=\"40\" class=\"wpcf7-form-control wpcf7-text wpcf7-validates-as-required\" aria-required=\"true\" aria-invalid=\"false\" \/><\/span> <\/label><\/p>\n<p><label>\n<p style=\"color:#ffffff!important; padding-top:15px;\">Email*<\/p>\n<p>    <span class=\"wpcf7-form-control-wrap your-email\"><input type=\"email\" name=\"your-email\" value=\"\" size=\"40\" class=\"wpcf7-form-control wpcf7-text wpcf7-email wpcf7-validates-as-required wpcf7-validates-as-email\" aria-required=\"true\" aria-invalid=\"false\" \/><\/span> <\/label><\/p>\n<p><label>\n<p style=\"color:#ffffff!important; padding-top:15px;\">Movil*<\/p>\n<p>    <span class=\"wpcf7-form-control-wrap Cellulare\"><input type=\"text\" name=\"Cellulare\" value=\"\" size=\"40\" class=\"wpcf7-form-control wpcf7-text wpcf7-validates-as-required\" aria-required=\"true\" aria-invalid=\"false\" \/><\/span><\/label><\/p>\n<p><br><br \/>\n<label><span class=\"wpcf7-form-control-wrap privacypolicy\"><span class=\"wpcf7-form-control wpcf7-acceptance\"><span class=\"wpcf7-list-item\"><input type=\"checkbox\" name=\"privacypolicy\" value=\"1\" aria-invalid=\"false\" class=\"privacypolicy\" id=\"privacypolicy\" \/><\/span><\/span><\/span>CONFIRMO HABER LE\u00cdDO LA INFORMACI\u00d3N SOBRE EL <a href='https:\/\/www.adaoncloud.com\/es\/privacy-policy\/'>TRATAMIENTO DE DATOS<\/a><\/label><br \/>\n<input type=\"submit\" value=\"ENV\u00cdA\" class=\"wpcf7-form-control wpcf7-submit verde-btn-custom\" \/><\/p>\n<div class=\"wpcf7-response-output\" aria-hidden=\"true\"><\/div><\/form><\/div>[\/vc_column][\/vc_row][vc_row el_class=\u00bbbottomMenu\u00bb][vc_column width=\u00bb1\/3&#8243;][vc_btn title=\u00bbLive webinar | Inscr\u00edbete gratis\u00bb style=\u00bbcustom\u00bb custom_background=\u00bb#9c495d\u00bb custom_text=\u00bb#ffffff\u00bb shape=\u00bbround\u00bb size=\u00bbxs\u00bb align=\u00bbleft\u00bb i_icon_fontawesome=\u00bbfas fa-circle\u00bb add_icon=\u00bbtrue\u00bb link=\u00bburl:%2Fes%2Fwebinars%2F|title:webinars\u00bb el_id=\u00bbwebinar-btn\u00bb][\/vc_column][vc_column width=\u00bb1\/3&#8243;][\/vc_column][vc_column width=\u00bb1\/3&#8243;][\/vc_column][\/vc_row]<\/p>\n","protected":false},"excerpt":{"rendered":"<p>[vc_row full_width=\u00bbstretch_row_content_no_spaces\u00bb equal_height=\u00bbyes\u00bb rtl_reverse=\u00bbyes\u00bb content_placement=\u00bbtop\u00bb][vc_column width=\u00bb1\/3&#8243;][vc_custom_heading text=\u00bbGestiona Controla Perfila\u00bb font_container=\u00bbtag:h1|font_size:70px|text_align:left|color:%23083944&#8243; use_theme_fonts=\u00bbyes\u00bb css_animation=\u00bbfadeInDown\u00bb][vc_column_text css_animation=\u00bbfadeInUp\u00bb el_class=\u00bbparagrafo padding10 font15&#8243;] Customer Data Plataform (CDP) Gracias a la CDP de ADA podr\u00e1s a\u00f1adir tu base de datos en un entorno profesional, dividirlo en grupos y creando segmentaci\u00f3n para entender todas las necesidades del client.[\/vc_column_text][vc_btn title=\u00bbReg\u00edstrate GRATIS\u00bb style=\u00bbcustom\u00bb custom_background=\u00bb#9c495d\u00bb custom_text=\u00bb#ffffff\u00bb shape=\u00bbround\u00bb [&hellip;]<\/p>\n","protected":false},"author":1,"featured_media":0,"parent":0,"menu_order":0,"comment_status":"closed","ping_status":"closed","template":"","meta":{"om_disable_all_campaigns":false},"_links":{"self":[{"href":"https:\/\/www.adaoncloud.com\/es\/wp-json\/wp\/v2\/pages\/925"}],"collection":[{"href":"https:\/\/www.adaoncloud.com\/es\/wp-json\/wp\/v2\/pages"}],"about":[{"href":"https:\/\/www.adaoncloud.com\/es\/wp-json\/wp\/v2\/types\/page"}],"author":[{"embeddable":true,"href":"https:\/\/www.adaoncloud.com\/es\/wp-json\/wp\/v2\/users\/1"}],"replies":[{"embeddable":true,"href":"https:\/\/www.adaoncloud.com\/es\/wp-json\/wp\/v2\/comments?post=925"}],"version-history":[{"count":106,"href":"https:\/\/www.adaoncloud.com\/es\/wp-json\/wp\/v2\/pages\/925\/revisions"}],"predecessor-version":[{"id":13630,"href":"https:\/\/www.adaoncloud.com\/es\/wp-json\/wp\/v2\/pages\/925\/revisions\/13630"}],"wp:attachment":[{"href":"https:\/\/www.adaoncloud.com\/es\/wp-json\/wp\/v2\/media?parent=925"}],"curies":[{"name":"wp","href":"https:\/\/api.w.org\/{rel}","templated":true}]}}