{"id":927,"date":"2020-12-09T16:56:38","date_gmt":"2020-12-09T15:56:38","guid":{"rendered":"https:\/\/newadaoncloud.staging.thedigitalbox.com\/es\/?page_id=927"},"modified":"2022-10-03T17:03:34","modified_gmt":"2022-10-03T15:03:34","slug":"gestion-seguirdad-rgpd","status":"publish","type":"page","link":"https:\/\/www.adaoncloud.com\/es\/gestion-seguirdad-rgpd\/","title":{"rendered":"Gesti\u00f3n seguirdad (RGPD)"},"content":{"rendered":"<p>[vc_row full_width=\u00bbstretch_row_content_no_spaces\u00bb equal_height=\u00bbyes\u00bb rtl_reverse=\u00bbyes\u00bb content_placement=\u00bbtop\u00bb][vc_column width=\u00bb1\/3&#8243;][vc_custom_heading text=\u00bbSolicita<br \/>\nGestiona<br \/>\nRenueva\u00bb font_container=\u00bbtag:h1|font_size:70px|text_align:left|color:%23083944&#8243; use_theme_fonts=\u00bbyes\u00bb css_animation=\u00bbfadeInDown\u00bb][vc_column_text css_animation=\u00bbfadeInUp\u00bb el_class=\u00bbparagrafo padding10 font15&#8243;]<\/p>\n<h4>M\u00f3dulo RGPD<\/h4>\n<p>Consigue y gestiona f\u00e1cilmente todos los consentimientos necesarios para tus campa\u00f1as de marketing[\/vc_column_text][vc_btn title=\u00bbReg\u00edstrate GRATIS\u00bb style=\u00bbcustom\u00bb custom_background=\u00bb#9c495d\u00bb custom_text=\u00bb#ffffff\u00bb shape=\u00bbround\u00bb size=\u00bblg\u00bb align=\u00bbleft\u00bb css_animation=\u00bbfadeInUp\u00bb link=\u00bburl:https%3A%2F%2Ffreetrial.adaoncloud.com%2FadaxFree%2Fes\u00bb][\/vc_column][vc_column width=\u00bb2\/3&#8243; css=\u00bb.vc_custom_1616690534600{background-image: url(https:\/\/www.www.adaoncloud.com\/wp-content\/uploads\/2021\/03\/rgpd-testimonial.png?id=7333) !important;background-position: center !important;background-repeat: no-repeat !important;background-size: contain !important;}\u00bb][vc_single_image image=\u00bb8207&#8243; img_size=\u00bbfull\u00bb alignment=\u00bbright\u00bb][\/vc_column][\/vc_row][vc_row full_width=\u00bbstretch_row\u00bb css=\u00bb.vc_custom_1664809345756{padding-top: 3% !important;padding-right: 0px !important;padding-bottom: 3% !important;padding-left: 0px !important;background-color: #f8f8f8 !important;}\u00bb el_class=\u00bb hidden-sm hidden-xs\u00bb][vc_column width=\u00bb1\/12&#8243; css=\u00bb.vc_custom_1605084525184{padding-right: 5% !important;padding-left: 5% !important;}\u00bb][\/vc_column][vc_column width=\u00bb4\/12&#8243; css=\u00bb.vc_custom_1610560406269{padding-right: 3% !important;}\u00bb][vc_empty_space height=\u00bb35px\u00bb][vc_column_text el_class=\u00bblistado\u00bb]<\/p>\n<h3>Gestiona los consentimientos <i>RGPD<\/i><\/h3>\n<p>Es de vital importancia gestionar correctamente los consentimientos que establece la ley de protecci\u00f3n de datos y por ello desde el m\u00f3dulo RGPD tienes:<\/p>\n<p>Espacio para la pol\u00edtica de privacidad del usuario de la plataforma.<br \/>\nDatos de seguridad de d\u00f3nde se almacenan y gestionan los datos en ADA.<br \/>\nLanding page personalizable para solicitar consentimientos.<br \/>\nPlantilla UpperMail personalizable para solicitar consentimientos por email.<br \/>\nEnv\u00edo de SMS con Landing para solicitud de consentimientos.<br \/>\nEnv\u00edo de Email con Landing para solicitud de consentimientos.[\/vc_column_text][vc_btn title=\u00bbReg\u00edstrate GRATIS\u00bb style=\u00bbcustom\u00bb custom_background=\u00bb#9c495d\u00bb custom_text=\u00bb#ffffff\u00bb shape=\u00bbround\u00bb size=\u00bblg\u00bb align=\u00bbleft\u00bb link=\u00bburl:https%3A%2F%2Ffreetrial.adaoncloud.com%2FadaxFree%2Fes\u00bb el_class=\u00bbland-btn\u00bb][\/vc_column][vc_column width=\u00bb1\/12&#8243;][\/vc_column][vc_column width=\u00bb6\/12&#8243; css=\u00bb.vc_custom_1611248408731{background-image: url(https:\/\/www.www.adaoncloud.com\/es\/wp-content\/uploads\/sites\/2\/2021\/01\/portada-RGPD.jpg?id=1210) !important;background-position: center !important;background-repeat: no-repeat !important;background-size: contain !important;}\u00bb][vc_single_image image=\u00bb1210&#8243; img_size=\u00bbfull\u00bb][\/vc_column][\/vc_row][vc_row full_width=\u00bbstretch_row\u00bb css=\u00bb.vc_custom_1664809356604{padding-top: 3% !important;padding-right: 0px !important;padding-bottom: 3% !important;padding-left: 0px !important;background-color: #f8f8f8 !important;}\u00bb el_class=\u00bb hidden-lg hidden-md\u00bb][vc_column width=\u00bb1\/12&#8243; css=\u00bb.vc_custom_1605084525184{padding-right: 5% !important;padding-left: 5% !important;}\u00bb][\/vc_column][vc_column width=\u00bb6\/12&#8243; css=\u00bb.vc_custom_1611248408731{background-image: url(https:\/\/www.www.adaoncloud.com\/es\/wp-content\/uploads\/sites\/2\/2021\/01\/portada-RGPD.jpg?id=1210) !important;background-position: center !important;background-repeat: no-repeat !important;background-size: contain !important;}\u00bb][vc_single_image image=\u00bb1210&#8243; img_size=\u00bbfull\u00bb][\/vc_column][vc_column width=\u00bb1\/12&#8243;][\/vc_column][vc_column width=\u00bb4\/12&#8243; css=\u00bb.vc_custom_1610560406269{padding-right: 3% !important;}\u00bb][vc_empty_space height=\u00bb35px\u00bb][vc_column_text el_class=\u00bblistado\u00bb]<\/p>\n<h3>Gestiona los consentimientos <i>RGPD<\/i><\/h3>\n<p>Es de vital importancia gestionar correctamente los consentimientos que establece la ley de protecci\u00f3n de datos y por ello desde el m\u00f3dulo RGPD tienes:<\/p>\n<p>Espacio para la pol\u00edtica de privacidad del usuario de la plataforma.<br \/>\nDatos de seguridad de d\u00f3nde se almacenan y gestionan los datos en ADA.<br \/>\nLanding page personalizable para solicitar consentimientos.<br \/>\nPlantilla UpperMail personalizable para solicitar consentimientos por email.<br \/>\nEnv\u00edo de SMS con Landing para solicitud de consentimientos.<br \/>\nEnv\u00edo de Email con Landing para solicitud de consentimientos.[\/vc_column_text][vc_btn title=\u00bbReg\u00edstrate GRATIS\u00bb style=\u00bbcustom\u00bb custom_background=\u00bb#9c495d\u00bb custom_text=\u00bb#ffffff\u00bb shape=\u00bbround\u00bb size=\u00bblg\u00bb align=\u00bbleft\u00bb link=\u00bburl:https%3A%2F%2Ffreetrial.adaoncloud.com%2FadaxFree%2Fes|title:Reg%C3%ADstrate%20GRATIS\u00bb el_class=\u00bbland-btn\u00bb][\/vc_column][\/vc_row][vc_section full_width=\u00bbstretch_row\u00bb css=\u00bb.vc_custom_1605103445882{margin-bottom: 0px !important;padding-bottom: 0px !important;background-color: #ffffff !important;}\u00bb][vc_row full_width=\u00bbstretch_row\u00bb equal_height=\u00bbyes\u00bb content_placement=\u00bbtop\u00bb css=\u00bb.vc_custom_1664809365184{margin-right: 0px !important;margin-left: 0px !important;padding-top: 3% !important;padding-right: 0px !important;padding-bottom: 3% !important;padding-left: 0px !important;}\u00bb][vc_column width=\u00bb6\/12&#8243; css=\u00bb.vc_custom_1610637528391{padding-right: 0px !important;padding-left: 0px !important;background-image: url(https:\/\/www.www.adaoncloud.com\/es\/wp-content\/uploads\/sites\/2\/2021\/01\/landingRGPD.jpg?id=1216) !important;background-position: center !important;background-repeat: no-repeat !important;background-size: contain !important;}\u00bb][vc_single_image image=\u00bb1216&#8243; img_size=\u00bbfull\u00bb alignment=\u00bbcenter\u00bb][\/vc_column][vc_column width=\u00bb1\/12&#8243;][\/vc_column][vc_column width=\u00bb4\/12&#8243;][vc_empty_space height=\u00bb35px\u00bb][vc_column_text]<\/p>\n<h3>Crea una landing para\u00a0 <i>solicitarlos<\/i><\/h3>\n<p>En ADA dispones de una plantilla ya creada para solicitar los consentimientos que de forma voluntaria debemos recoger en funci\u00f3n de las acciones que queramos llevar a cabo.<\/p>\n<p>Dispones de una landing con im\u00e1genes y textos para cada uno de ellos, que puedes personalizar:<\/p>\n<ul>\n<li>Acciones de Marketing<\/li>\n<li>Comunicaci\u00f3n a Terceros<\/li>\n<li>Profiling<\/li>\n<li>Datos Confidenciales<\/li>\n<\/ul>\n<p>[\/vc_column_text][vc_btn title=\u00bbReg\u00edstrate GRATIS\u00bb style=\u00bbcustom\u00bb custom_background=\u00bb#9c495d\u00bb custom_text=\u00bb#ffffff\u00bb shape=\u00bbround\u00bb size=\u00bblg\u00bb align=\u00bbleft\u00bb link=\u00bburl:https%3A%2F%2Ffreetrial.adaoncloud.com%2FadaxFree%2Fes|title:Reg%C3%ADstrate%20GRATIS\u00bb el_class=\u00bbland-btn\u00bb][\/vc_column][vc_column width=\u00bb1\/12&#8243;][\/vc_column][\/vc_row][vc_row full_width=\u00bbstretch_row_content\u00bb css=\u00bb.vc_custom_1610990255877{padding-top: 30px !important;padding-bottom: 10px !important;background-color: #1f9f97 !important;}\u00bb][vc_column][vc_row_inner][vc_column_inner][vc_single_image image=\u00bb1607&#8243; img_size=\u00bbmedium\u00bb css_animation=\u00bbflipInY\u00bb][vc_empty_space height=\u00bb20px\u00bb][vc_column_text]<\/p>\n<h4 style=\"color: #ffffff!important;\">Con el modulo RGPD de ADA he podido recuperar todos los consentimientos necesario a mis actividades de Marketing y puedo asegurar privacidad a mis clientes y transparencia a mi empresa.<\/h4>\n<p><sub class=\"citado\" style=\"color: #ffffff!important;\"><strong>Marta Izaquirre<\/strong> | <em>CEO The Best Fit<\/em><\/sub>[\/vc_column_text][\/vc_column_inner][\/vc_row_inner][\/vc_column][\/vc_row][vc_row full_width=\u00bbstretch_row\u00bb css=\u00bb.vc_custom_1664809378235{padding-top: 3% !important;padding-right: 0px !important;padding-bottom: 3% !important;padding-left: 0px !important;background-color: #f8f8f8 !important;}\u00bb el_class=\u00bbhidden-sm hidden-xs\u00bb][vc_column width=\u00bb1\/12&#8243; css=\u00bb.vc_custom_1605084525184{padding-right: 5% !important;padding-left: 5% !important;}\u00bb][\/vc_column][vc_column width=\u00bb4\/12&#8243; css=\u00bb.vc_custom_1610560406269{padding-right: 3% !important;}\u00bb][vc_empty_space height=\u00bb35px\u00bb][vc_column_text el_class=\u00bblistado\u00bb]<\/p>\n<h3>Solicita los consentimientos por <i>SMS<\/i><\/h3>\n<p>ADA te indicar\u00e1 cu\u00e1ntos perfiles hay en plataforma con n\u00famero de m\u00f3vil y sin consentimientos para poder llevar a cabo un env\u00edo de sms con la landing de solicitud de consentimientos.<\/p>\n<p>Tanto el remitente del env\u00edo, como el texto del sms son personalizables.<\/p>\n<p>El env\u00edo podr\u00e1 ser inmediato o programarlos desde el calendario.[\/vc_column_text][vc_btn title=\u00bbReg\u00edstrate GRATIS\u00bb style=\u00bbcustom\u00bb custom_background=\u00bb#9c495d\u00bb custom_text=\u00bb#ffffff\u00bb shape=\u00bbround\u00bb size=\u00bblg\u00bb align=\u00bbleft\u00bb link=\u00bburl:https%3A%2F%2Ffreetrial.adaoncloud.com%2FadaxFree%2Fes|title:Reg%C3%ADstrate%20GRATIS\u00bb el_class=\u00bbland-btn\u00bb][\/vc_column][vc_column width=\u00bb1\/12&#8243;][\/vc_column][vc_column width=\u00bb6\/12&#8243; css=\u00bb.vc_custom_1610641607164{background-image: url(https:\/\/www.www.adaoncloud.com\/es\/wp-content\/uploads\/sites\/2\/2021\/01\/sms-1.jpg?id=1220) !important;}\u00bb][vc_single_image image=\u00bb1220&#8243; img_size=\u00bbfull\u00bb][\/vc_column][\/vc_row][vc_row full_width=\u00bbstretch_row\u00bb css=\u00bb.vc_custom_1664809386141{padding-top: 3% !important;padding-right: 0px !important;padding-bottom: 3% !important;padding-left: 0px !important;background-color: #f8f8f8 !important;}\u00bb el_class=\u00bbhidden-lg hidden-md\u00bb][vc_column width=\u00bb1\/12&#8243; css=\u00bb.vc_custom_1605084525184{padding-right: 5% !important;padding-left: 5% !important;}\u00bb][\/vc_column][vc_column width=\u00bb6\/12&#8243; css=\u00bb.vc_custom_1610641607164{background-image: url(https:\/\/www.www.adaoncloud.com\/es\/wp-content\/uploads\/sites\/2\/2021\/01\/sms-1.jpg?id=1220) !important;}\u00bb][vc_single_image image=\u00bb1220&#8243; img_size=\u00bbfull\u00bb][\/vc_column][vc_column width=\u00bb1\/12&#8243;][\/vc_column][vc_column width=\u00bb4\/12&#8243; css=\u00bb.vc_custom_1610560406269{padding-right: 3% !important;}\u00bb][vc_empty_space height=\u00bb35px\u00bb][vc_column_text el_class=\u00bblistado\u00bb]<\/p>\n<h3>Solicita los consentimientos por <i>SMS<\/i><\/h3>\n<p>ADA te indicar\u00e1 cu\u00e1ntos perfiles hay en plataforma con n\u00famero de m\u00f3vil y sin consentimientos para poder llevar a cabo un env\u00edo de sms con la landing de solicitud de consentimientos.<\/p>\n<p>Tanto el remitente del env\u00edo, como el texto del sms son personalizables.<\/p>\n<p>El env\u00edo podr\u00e1 ser inmediato o programarlos desde el calendario.[\/vc_column_text][vc_btn title=\u00bbReg\u00edstrate GRATIS\u00bb style=\u00bbcustom\u00bb custom_background=\u00bb#9c495d\u00bb custom_text=\u00bb#ffffff\u00bb shape=\u00bbround\u00bb size=\u00bblg\u00bb align=\u00bbleft\u00bb link=\u00bburl:https%3A%2F%2Ffreetrial.adaoncloud.com%2FadaxFree%2Fes|title:Reg%C3%ADstrate%20GRATIS\u00bb el_class=\u00bbland-btn\u00bb][\/vc_column][\/vc_row][vc_row full_width=\u00bbstretch_row\u00bb equal_height=\u00bbyes\u00bb content_placement=\u00bbmiddle\u00bb css=\u00bb.vc_custom_1664809395270{margin-right: 0px !important;margin-left: 0px !important;padding-top: 3% !important;padding-right: 0px !important;padding-bottom: 3% !important;padding-left: 0px !important;}\u00bb][vc_column width=\u00bb6\/12&#8243; css=\u00bb.vc_custom_1610642282222{padding-right: 0px !important;padding-left: 0px !important;background-image: url(https:\/\/www.www.adaoncloud.com\/es\/wp-content\/uploads\/sites\/2\/2021\/01\/email-1.jpg?id=1224) !important;background-position: center !important;background-repeat: no-repeat !important;background-size: cover !important;}\u00bb][vc_single_image image=\u00bb1224&#8243; img_size=\u00bbfull\u00bb][\/vc_column][vc_column width=\u00bb1\/12&#8243; css=\u00bb.vc_custom_1605002971813{padding-right: 5% !important;padding-left: 5% !important;}\u00bb][\/vc_column][vc_column width=\u00bb4\/12&#8243;][vc_empty_space height=\u00bb35px\u00bb][vc_column_text]<\/p>\n<h3>Crea tu Email para solicitar <i>consentimientos<\/i><\/h3>\n<div>En ADA tienes una plantilla de email en la cual adjuntamos la landing de solicitud de consentimientos.Esta plantilla est\u00e1 lista para poder enviar sin tener que modificar ni una coma. Pero como sucede en todos los contenidos del m\u00f3dulo RGPD de ADA, podr\u00e1 ser personalizada. Tanto en las im\u00e1genes, como en los textos y el bot\u00f3n de acceso a la landing.<\/div>\n<p>[\/vc_column_text][vc_btn title=\u00bbReg\u00edstrate GRATIS\u00bb style=\u00bbcustom\u00bb custom_background=\u00bb#9c495d\u00bb custom_text=\u00bb#ffffff\u00bb shape=\u00bbround\u00bb size=\u00bblg\u00bb align=\u00bbleft\u00bb link=\u00bburl:https%3A%2F%2Ffreetrial.adaoncloud.com%2FadaxFree%2Fes|title:Reg%C3%ADstrate%20GRATIS\u00bb el_class=\u00bbland-btn\u00bb][vc_empty_space height=\u00bb35px\u00bb][\/vc_column][vc_column width=\u00bb1\/12&#8243;][\/vc_column][\/vc_row][vc_row full_width=\u00bbstretch_row\u00bb css=\u00bb.vc_custom_1664809402579{padding-top: 3% !important;padding-right: 0px !important;padding-bottom: 3% !important;padding-left: 0px !important;background-color: #f8f8f8 !important;}\u00bb el_class=\u00bbhidden-sm hidden-xs\u00bb][vc_column width=\u00bb1\/12&#8243; css=\u00bb.vc_custom_1605084525184{padding-right: 5% !important;padding-left: 5% !important;}\u00bb][\/vc_column][vc_column width=\u00bb4\/12&#8243; css=\u00bb.vc_custom_1610560406269{padding-right: 3% !important;}\u00bb][vc_empty_space height=\u00bb35px\u00bb][vc_column_text el_class=\u00bblistado\u00bb]<\/p>\n<h3>Solicita los consentimientos por <i>Email<\/i><\/h3>\n<p>ADA te indicar\u00e1 cu\u00e1ntos perfiles hay en plataforma con correo electr\u00f3nico y sin consentimientos para poder llevar a cabo un env\u00edo de emails con la landing de solicitud de consentimientos.<\/p>\n<p>Podr\u00e1s personalizar el asunto, la vista previa, el nombre del remitente y la direcci\u00f3n de respuesta.[\/vc_column_text][vc_btn title=\u00bbReg\u00edstrate GRATIS\u00bb style=\u00bbcustom\u00bb custom_background=\u00bb#9c495d\u00bb custom_text=\u00bb#ffffff\u00bb shape=\u00bbround\u00bb size=\u00bblg\u00bb align=\u00bbleft\u00bb link=\u00bburl:https%3A%2F%2Ffreetrial.adaoncloud.com%2FadaxFree%2Fes|title:Reg%C3%ADstrate%20GRATIS\u00bb el_class=\u00bbland-btn\u00bb][\/vc_column][vc_column width=\u00bb1\/12&#8243;][\/vc_column][vc_column width=\u00bb6\/12&#8243; css=\u00bb.vc_custom_1610643288809{background-image: url(https:\/\/www.www.adaoncloud.com\/es\/wp-content\/uploads\/sites\/2\/2021\/01\/send-email.jpg?id=1226) !important;}\u00bb][vc_single_image image=\u00bb1226&#8243; img_size=\u00bbfull\u00bb][\/vc_column][\/vc_row][vc_row full_width=\u00bbstretch_row\u00bb css=\u00bb.vc_custom_1664809410150{padding-top: 3% !important;padding-right: 0px !important;padding-bottom: 3% !important;padding-left: 0px !important;background-color: #f8f8f8 !important;}\u00bb el_class=\u00bb hidden-lg hidden-md\u00bb][vc_column width=\u00bb1\/12&#8243; css=\u00bb.vc_custom_1605084525184{padding-right: 5% !important;padding-left: 5% !important;}\u00bb][\/vc_column][vc_column width=\u00bb6\/12&#8243; css=\u00bb.vc_custom_1610643288809{background-image: url(https:\/\/www.www.adaoncloud.com\/es\/wp-content\/uploads\/sites\/2\/2021\/01\/send-email.jpg?id=1226) !important;}\u00bb][vc_single_image image=\u00bb1226&#8243; img_size=\u00bbfull\u00bb][\/vc_column][vc_column width=\u00bb1\/12&#8243;][\/vc_column][vc_column width=\u00bb4\/12&#8243; css=\u00bb.vc_custom_1610560406269{padding-right: 3% !important;}\u00bb][vc_empty_space height=\u00bb35px\u00bb][vc_column_text el_class=\u00bblistado\u00bb]<\/p>\n<h3>Solicita los consentimientos por <i>Email<\/i><\/h3>\n<p>ADA te indicar\u00e1 cu\u00e1ntos perfiles hay en plataforma con correo electr\u00f3nico y sin consentimientos para poder llevar a cabo un env\u00edo de emails con la landing de solicitud de consentimientos.<\/p>\n<p>Podr\u00e1s personalizar el asunto, la vista previa, el nombre del remitente y la direcci\u00f3n de respuesta.[\/vc_column_text][vc_btn title=\u00bbReg\u00edstrate GRATIS\u00bb style=\u00bbcustom\u00bb custom_background=\u00bb#9c495d\u00bb custom_text=\u00bb#ffffff\u00bb shape=\u00bbround\u00bb size=\u00bblg\u00bb align=\u00bbleft\u00bb link=\u00bburl:https%3A%2F%2Ffreetrial.adaoncloud.com%2FadaxFree%2Fes|title:Reg%C3%ADstrate%20GRATIS\u00bb el_class=\u00bbland-btn\u00bb][\/vc_column][\/vc_row][\/vc_section][vc_row el_class=\u00bbbottomMenu\u00bb][vc_column width=\u00bb1\/3&#8243;][vc_btn title=\u00bbLive webinar | Inscr\u00edbete gratis\u00bb style=\u00bbcustom\u00bb custom_background=\u00bb#9c495d\u00bb custom_text=\u00bb#ffffff\u00bb shape=\u00bbround\u00bb size=\u00bbxs\u00bb align=\u00bbleft\u00bb i_icon_fontawesome=\u00bbfas fa-circle\u00bb add_icon=\u00bbtrue\u00bb link=\u00bburl:%2Fes%2Fwebinars%2F|title:webinars\u00bb el_id=\u00bbwebinar-btn\u00bb][\/vc_column][vc_column width=\u00bb1\/3&#8243;][\/vc_column][vc_column width=\u00bb1\/3&#8243;][\/vc_column][\/vc_row]<\/p>\n","protected":false},"excerpt":{"rendered":"<p>[vc_row full_width=\u00bbstretch_row_content_no_spaces\u00bb equal_height=\u00bbyes\u00bb rtl_reverse=\u00bbyes\u00bb content_placement=\u00bbtop\u00bb][vc_column width=\u00bb1\/3&#8243;][vc_custom_heading text=\u00bbSolicita Gestiona Renueva\u00bb font_container=\u00bbtag:h1|font_size:70px|text_align:left|color:%23083944&#8243; use_theme_fonts=\u00bbyes\u00bb css_animation=\u00bbfadeInDown\u00bb][vc_column_text css_animation=\u00bbfadeInUp\u00bb el_class=\u00bbparagrafo padding10 font15&#8243;] M\u00f3dulo RGPD Consigue y gestiona f\u00e1cilmente todos los consentimientos necesarios para tus campa\u00f1as de marketing[\/vc_column_text][vc_btn title=\u00bbReg\u00edstrate GRATIS\u00bb style=\u00bbcustom\u00bb custom_background=\u00bb#9c495d\u00bb custom_text=\u00bb#ffffff\u00bb shape=\u00bbround\u00bb size=\u00bblg\u00bb align=\u00bbleft\u00bb css_animation=\u00bbfadeInUp\u00bb link=\u00bburl:https%3A%2F%2Ffreetrial.adaoncloud.com%2FadaxFree%2Fes\u00bb][\/vc_column][vc_column width=\u00bb2\/3&#8243; css=\u00bb.vc_custom_1616690534600{background-image: url(https:\/\/www.www.adaoncloud.com\/wp-content\/uploads\/2021\/03\/rgpd-testimonial.png?id=7333) !important;background-position: center !important;background-repeat: no-repeat !important;background-size: contain !important;}\u00bb][vc_single_image image=\u00bb8207&#8243; img_size=\u00bbfull\u00bb alignment=\u00bbright\u00bb][\/vc_column][\/vc_row][vc_row full_width=\u00bbstretch_row\u00bb [&hellip;]<\/p>\n","protected":false},"author":1,"featured_media":0,"parent":0,"menu_order":0,"comment_status":"closed","ping_status":"closed","template":"","meta":{"om_disable_all_campaigns":false},"_links":{"self":[{"href":"https:\/\/www.adaoncloud.com\/es\/wp-json\/wp\/v2\/pages\/927"}],"collection":[{"href":"https:\/\/www.adaoncloud.com\/es\/wp-json\/wp\/v2\/pages"}],"about":[{"href":"https:\/\/www.adaoncloud.com\/es\/wp-json\/wp\/v2\/types\/page"}],"author":[{"embeddable":true,"href":"https:\/\/www.adaoncloud.com\/es\/wp-json\/wp\/v2\/users\/1"}],"replies":[{"embeddable":true,"href":"https:\/\/www.adaoncloud.com\/es\/wp-json\/wp\/v2\/comments?post=927"}],"version-history":[{"count":31,"href":"https:\/\/www.adaoncloud.com\/es\/wp-json\/wp\/v2\/pages\/927\/revisions"}],"predecessor-version":[{"id":13632,"href":"https:\/\/www.adaoncloud.com\/es\/wp-json\/wp\/v2\/pages\/927\/revisions\/13632"}],"wp:attachment":[{"href":"https:\/\/www.adaoncloud.com\/es\/wp-json\/wp\/v2\/media?parent=927"}],"curies":[{"name":"wp","href":"https:\/\/api.w.org\/{rel}","templated":true}]}}