{"id":15,"date":"2021-03-22T16:40:54","date_gmt":"2021-03-22T15:40:54","guid":{"rendered":"https:\/\/www.adaoncloud.com\/fr\/blog\/"},"modified":"2022-03-01T14:46:58","modified_gmt":"2022-03-01T13:46:58","slug":"blog","status":"publish","type":"page","link":"https:\/\/www.adaoncloud.com\/fr\/blog\/","title":{"rendered":"Blog"},"content":{"rendered":"<p>[vc_row][vc_column][vc_custom_heading text=\u00a0\u00bbTout ce que vous devez savoir sur le marketing num\u00e9rique\u00a0\u00bb font_container=\u00a0\u00bbtag:h2|text_align:center\u00a0\u00bb google_fonts=\u00a0\u00bbfont_family:Montserrat%3Aregular%2C700|font_style:400%20regular%3A400%3Anormal\u00a0\u00bb][\/vc_column][\/vc_row][vc_row][vc_column]<div class=\"row\">\n\n\t<div class=\"col-md-9\">\n\t\n\t\t<div class=\"masonry masonry-blog pr30\">\n\t\t\t<div class=\"masonry__container masonry--animate blog-load-more\">\n\t\t\t\t\n<div class=\"col-sm-6 masonry__item\">\n\t<a href=\"https:\/\/www.adaoncloud.com\/fr\/de-consultant-a-agence-de-marketing-grace-a-ada-et-au-convergent-marketing\/\">\n\t\t<div class=\"card card-4\">\n\t\t\t<div class=\"card__image\">\n\t\t\t\t<img width=\"1024\" height=\"643\" src=\"https:\/\/www.adaoncloud.com\/fr\/wp-content\/uploads\/sites\/11\/2022\/03\/img-blog-partner-social-duo-2.png\" class=\"attachment-large size-large wp-post-image\" alt=\"\" loading=\"lazy\" srcset=\"https:\/\/www.adaoncloud.com\/fr\/wp-content\/uploads\/sites\/11\/2022\/03\/img-blog-partner-social-duo-2.png 1024w, https:\/\/www.adaoncloud.com\/fr\/wp-content\/uploads\/sites\/11\/2022\/03\/img-blog-partner-social-duo-2-300x188.png 300w, https:\/\/www.adaoncloud.com\/fr\/wp-content\/uploads\/sites\/11\/2022\/03\/img-blog-partner-social-duo-2-768x482.png 768w\" sizes=\"(max-width: 1024px) 100vw, 1024px\" \/>\t\t\t<\/div>\n\t\t\t<div class=\"card__body boxed boxed--sm bg--white\">\n\t\t\t\t<h6>Blog <\/h6>\n\t\t\t\t<div class=\"card__title\">\n\t\t\t\t\t<h5>De consultant \u00e0 agence de marketing gr\u00e2ce \u00e0 ADA et au Convergent Marketing\u00ae<\/h5>\t\t\t\t<\/div>\n\t\t\t\t<hr>\n\t\t\t\t<div class=\"card__lower\">\n\t\t\t\t\t<span>by<\/span>\n\t\t\t\t\t<span class=\"h6\">admin &bull; <\/span>\n\t\t\t\t\t<span>2 mars 2022<\/span>\n\t\t\t\t<\/div>\n\t\t\t<\/div>\n\t\t<\/div>\n\t<\/a>\n<\/div><!--end item-->\n<div class=\"col-sm-6 masonry__item\">\n\t<a href=\"https:\/\/www.adaoncloud.com\/fr\/black-friday-boostez-vos-ventes-avec-ada\/\">\n\t\t<div class=\"card card-4\">\n\t\t\t<div class=\"card__image\">\n\t\t\t\t<img width=\"1024\" height=\"643\" src=\"https:\/\/www.adaoncloud.com\/fr\/wp-content\/uploads\/sites\/11\/2021\/11\/imagen-blog-copia.png\" class=\"attachment-large size-large wp-post-image\" alt=\"\" loading=\"lazy\" srcset=\"https:\/\/www.adaoncloud.com\/fr\/wp-content\/uploads\/sites\/11\/2021\/11\/imagen-blog-copia.png 1024w, https:\/\/www.adaoncloud.com\/fr\/wp-content\/uploads\/sites\/11\/2021\/11\/imagen-blog-copia-300x188.png 300w, https:\/\/www.adaoncloud.com\/fr\/wp-content\/uploads\/sites\/11\/2021\/11\/imagen-blog-copia-768x482.png 768w\" sizes=\"(max-width: 1024px) 100vw, 1024px\" \/>\t\t\t<\/div>\n\t\t\t<div class=\"card__body boxed boxed--sm bg--white\">\n\t\t\t\t<h6>Blog <\/h6>\n\t\t\t\t<div class=\"card__title\">\n\t\t\t\t\t<h5>Black Friday: Boostez vos ventes avec ADA<\/h5>\t\t\t\t<\/div>\n\t\t\t\t<hr>\n\t\t\t\t<div class=\"card__lower\">\n\t\t\t\t\t<span>by<\/span>\n\t\t\t\t\t<span class=\"h6\">admin &bull; <\/span>\n\t\t\t\t\t<span>16 novembre 2021<\/span>\n\t\t\t\t<\/div>\n\t\t\t<\/div>\n\t\t<\/div>\n\t<\/a>\n<\/div><!--end item-->\n<div class=\"col-sm-6 masonry__item\">\n\t<a href=\"https:\/\/www.adaoncloud.com\/fr\/scratch-and-win\/\">\n\t\t<div class=\"card card-4\">\n\t\t\t<div class=\"card__image\">\n\t\t\t\t<img width=\"1024\" height=\"643\" src=\"https:\/\/www.adaoncloud.com\/fr\/wp-content\/uploads\/sites\/11\/2021\/11\/img-news-scratch-1.png\" class=\"attachment-large size-large wp-post-image\" alt=\"\" loading=\"lazy\" srcset=\"https:\/\/www.adaoncloud.com\/fr\/wp-content\/uploads\/sites\/11\/2021\/11\/img-news-scratch-1.png 1024w, https:\/\/www.adaoncloud.com\/fr\/wp-content\/uploads\/sites\/11\/2021\/11\/img-news-scratch-1-300x188.png 300w, https:\/\/www.adaoncloud.com\/fr\/wp-content\/uploads\/sites\/11\/2021\/11\/img-news-scratch-1-768x482.png 768w\" sizes=\"(max-width: 1024px) 100vw, 1024px\" \/>\t\t\t<\/div>\n\t\t\t<div class=\"card__body boxed boxed--sm bg--white\">\n\t\t\t\t<h6>Blog <\/h6>\n\t\t\t\t<div class=\"card__title\">\n\t\t\t\t\t<h5>Scratch &#038; Win<\/h5>\t\t\t\t<\/div>\n\t\t\t\t<hr>\n\t\t\t\t<div class=\"card__lower\">\n\t\t\t\t\t<span>by<\/span>\n\t\t\t\t\t<span class=\"h6\">admin &bull; <\/span>\n\t\t\t\t\t<span>3 novembre 2021<\/span>\n\t\t\t\t<\/div>\n\t\t\t<\/div>\n\t\t<\/div>\n\t<\/a>\n<\/div><!--end item-->\t\t\t<\/div><!--end masonry container-->\n\t\t<\/div><!--end masonry-->\n\t\t\n\t\t\t\n\t<\/div>\n\t\n\t<div class=\"col-md-3 hidden-sm hidden-xs\">\n\t<div class=\"sidebar\">\n\t\t\n\t\t<div id=\"recent-posts-2\" class=\"widget widget_recent_entries sidebar__widget\">\n\t\t<h6>Articles r\u00e9cents<\/h6><hr>\n\t\t<ul>\n\t\t\t\t\t\t\t\t\t\t\t<li>\n\t\t\t\t\t<a href=\"https:\/\/www.adaoncloud.com\/fr\/de-consultant-a-agence-de-marketing-grace-a-ada-et-au-convergent-marketing\/\">De consultant \u00e0 agence de marketing gr\u00e2ce \u00e0 ADA et au Convergent Marketing\u00ae<\/a>\n\t\t\t\t\t\t\t\t\t<\/li>\n\t\t\t\t\t\t\t\t\t\t\t<li>\n\t\t\t\t\t<a href=\"https:\/\/www.adaoncloud.com\/fr\/black-friday-boostez-vos-ventes-avec-ada\/\">Black Friday: Boostez vos ventes avec ADA<\/a>\n\t\t\t\t\t\t\t\t\t<\/li>\n\t\t\t\t\t\t\t\t\t\t\t<li>\n\t\t\t\t\t<a href=\"https:\/\/www.adaoncloud.com\/fr\/scratch-and-win\/\">Scratch &#038; Win<\/a>\n\t\t\t\t\t\t\t\t\t<\/li>\n\t\t\t\t\t<\/ul>\n\n\t\t<\/div>\t<\/div>\n<\/div>\n<\/div>[\/vc_column][\/vc_row]<\/p>\n","protected":false},"excerpt":{"rendered":"<p>[vc_row][vc_column][vc_custom_heading text=\u00a0\u00bbTout ce que vous devez savoir sur le marketing num\u00e9rique\u00a0\u00bb font_container=\u00a0\u00bbtag:h2|text_align:center\u00a0\u00bb google_fonts=\u00a0\u00bbfont_family:Montserrat%3Aregular%2C700|font_style:400%20regular%3A400%3Anormal\u00a0\u00bb][\/vc_column][\/vc_row][vc_row][vc_column][\/vc_column][\/vc_row]<\/p>\n","protected":false},"author":1,"featured_media":0,"parent":0,"menu_order":0,"comment_status":"closed","ping_status":"closed","template":"","meta":{"om_disable_all_campaigns":false},"_links":{"self":[{"href":"https:\/\/www.adaoncloud.com\/fr\/wp-json\/wp\/v2\/pages\/15"}],"collection":[{"href":"https:\/\/www.adaoncloud.com\/fr\/wp-json\/wp\/v2\/pages"}],"about":[{"href":"https:\/\/www.adaoncloud.com\/fr\/wp-json\/wp\/v2\/types\/page"}],"author":[{"embeddable":true,"href":"https:\/\/www.adaoncloud.com\/fr\/wp-json\/wp\/v2\/users\/1"}],"replies":[{"embeddable":true,"href":"https:\/\/www.adaoncloud.com\/fr\/wp-json\/wp\/v2\/comments?post=15"}],"version-history":[{"count":3,"href":"https:\/\/www.adaoncloud.com\/fr\/wp-json\/wp\/v2\/pages\/15\/revisions"}],"predecessor-version":[{"id":5259,"href":"https:\/\/www.adaoncloud.com\/fr\/wp-json\/wp\/v2\/pages\/15\/revisions\/5259"}],"wp:attachment":[{"href":"https:\/\/www.adaoncloud.com\/fr\/wp-json\/wp\/v2\/media?parent=15"}],"curies":[{"name":"wp","href":"https:\/\/api.w.org\/{rel}","templated":true}]}}