{"id":467,"date":"2021-07-20T18:59:59","date_gmt":"2021-07-20T16:59:59","guid":{"rendered":"https:\/\/www.adaoncloud.com\/fr\/?page_id=467"},"modified":"2021-07-21T11:15:06","modified_gmt":"2021-07-21T09:15:06","slug":"presentacion-ada-x-pmi","status":"publish","type":"page","link":"https:\/\/www.adaoncloud.com\/fr\/presentacion-ada-x-pmi\/","title":{"rendered":"Presentacion-ada-x-pmi"},"content":{"rendered":"<p>[vc_row][vc_column][vc_column_text]<\/p>\n<h2 style=\"text-align: center;\">Restez toujours connect\u00e9 avec vos clients<\/h2>\n<p style=\"text-align: center;\"><strong>Demandez une pr\u00e9sentation gratuite sans engagement<\/strong><\/p>\n<p>[\/vc_column_text][vc_empty_space height=\u00a0\u00bb80px\u00a0\u00bb][\/vc_column][\/vc_row][vc_row][vc_column width=\u00a0\u00bb1\/2&Prime;][vc_column_text]<\/p>\n<h4>N\u00c9E POUR LE MOBILE<\/h4>\n<p>Cr\u00e9ez une quantit\u00e9 illimit\u00e9e de contenus con\u00e7us pour atteindre les mobinautes, distribuez-les via les r\u00e9seaux sociaux, les courriels et les SMS, et mesurez le r\u00e9sultat de chaque campagne. Vous disposerez de la meilleure technologie pour le marketing mobile et vous pourrez laisser libre cours \u00e0 votre cr\u00e9ativit\u00e9 sans vous soucier des connaissances techniques.<\/p>\n<h4>GESTION AVANC\u00c9E DES DONN\u00c9ES<\/h4>\n<p>Organisez vos donn\u00e9es en un seul endroit, \u00e9tablissez le profil d\u00e9taill\u00e9 de chaque utilisateur et g\u00e9rez automatiquement les consentements n\u00e9cessaires aux actions de marketing afin de prot\u00e9ger votre principal atout : les donn\u00e9es de vos clients.<\/p>\n<h4>ACQUISITION ET R\u00c9TENTION DES CLIENTS<\/h4>\n<p>Trouvez de nouveaux contacts. Transformez-les en clients. Renforcez la fid\u00e9lit\u00e9 \u00e0 la marque en augmentant le chiffre d&rsquo;affaires et les ventes.<\/p>\n<h4>PRIX COMP\u00c9TITIFS<\/h4>\n<p>Optimisez votre investissement en utilisant une plateforme enti\u00e8rement en ligne avec des frais annuels inf\u00e9rieurs \u00e0 ceux que vous paierez pour obtenir les m\u00eames fonctionnalit\u00e9s avec un logiciel beaucoup plus co\u00fbteux.[\/vc_column_text][\/vc_column][vc_column width=\u00a0\u00bb1\/2&Prime;]<div role=\"form\" class=\"wpcf7\" id=\"wpcf7-f482-o1\" lang=\"it-IT\" dir=\"ltr\">\n<div class=\"screen-reader-response\"><p role=\"status\" aria-live=\"polite\" aria-atomic=\"true\"><\/p> <ul><\/ul><\/div>\n<form action=\"\/fr\/wp-json\/wp\/v2\/pages\/467#wpcf7-f482-o1\" method=\"post\" class=\"wpcf7-form init\" novalidate=\"novalidate\" data-status=\"init\">\n<div style=\"display: none;\">\n<input type=\"hidden\" name=\"_wpcf7\" value=\"482\" \/>\n<input type=\"hidden\" name=\"_wpcf7_version\" value=\"5.4.1\" \/>\n<input type=\"hidden\" name=\"_wpcf7_locale\" value=\"it_IT\" \/>\n<input type=\"hidden\" name=\"_wpcf7_unit_tag\" value=\"wpcf7-f482-o1\" \/>\n<input type=\"hidden\" name=\"_wpcf7_container_post\" value=\"0\" \/>\n<input type=\"hidden\" name=\"_wpcf7_posted_data_hash\" value=\"\" \/>\n<input type=\"hidden\" name=\"_wpcf7_recaptcha_response\" value=\"\" \/>\n<\/div>\n<p><label>Pr\u00e9nom *<br \/>\n<span class=\"wpcf7-form-control-wrap Nome\"><input type=\"text\" name=\"Nome\" value=\"\" size=\"40\" class=\"wpcf7-form-control wpcf7-text wpcf7-validates-as-required\" aria-required=\"true\" aria-invalid=\"false\" \/><\/span><\/label><br \/>\n<label>Nom de famille *<br \/>\n<span class=\"wpcf7-form-control-wrap Cognome\"><input type=\"text\" name=\"Cognome\" value=\"\" size=\"40\" class=\"wpcf7-form-control wpcf7-text wpcf7-validates-as-required\" aria-required=\"true\" aria-invalid=\"false\" \/><\/span><\/label><br \/>\n<label>Courriel d'entreprise *<br \/>\n<span class=\"wpcf7-form-control-wrap Email\"><input type=\"email\" name=\"Email\" value=\"\" size=\"40\" class=\"wpcf7-form-control wpcf7-text wpcf7-email wpcf7-validates-as-required wpcf7-validates-as-email\" aria-required=\"true\" aria-invalid=\"false\" \/><\/span><\/label><br \/>\n<label>Mobile *<br \/>\n<span class=\"wpcf7-form-control-wrap Cellulare\"><input type=\"text\" name=\"Cellulare\" value=\"\" size=\"40\" class=\"wpcf7-form-control wpcf7-text wpcf7-validates-as-required\" aria-required=\"true\" aria-invalid=\"false\" \/><\/span><\/label><br \/>\n<label>Nom d'entreprise *<br \/>\n<span class=\"wpcf7-form-control-wrap Azienda\"><input type=\"text\" name=\"Azienda\" value=\"\" size=\"40\" class=\"wpcf7-form-control wpcf7-text wpcf7-validates-as-required\" aria-required=\"true\" aria-invalid=\"false\" \/><\/span><\/label><br \/>\n<label>Ville *<br \/>\n<span class=\"wpcf7-form-control-wrap Citta\"><input type=\"text\" name=\"Citta\" value=\"\" size=\"40\" class=\"wpcf7-form-control wpcf7-text wpcf7-validates-as-required\" aria-required=\"true\" aria-invalid=\"false\" \/><\/span><\/label><br \/>\n<label>Web<br \/>\n<span class=\"wpcf7-form-control-wrap Sito\"><input type=\"text\" name=\"Sito\" value=\"\" size=\"40\" class=\"wpcf7-form-control wpcf7-text\" aria-invalid=\"false\" \/><\/span><\/label><br \/>\n<\/br><br \/>\n<span class=\"wpcf7-form-control-wrap privacypolicy\"><span class=\"wpcf7-form-control wpcf7-acceptance\"><span class=\"wpcf7-list-item\"><label><input type=\"checkbox\" name=\"privacypolicy\" value=\"1\" aria-invalid=\"false\" class=\"privacypolicy\" id=\"privacypolicy\" \/><span class=\"wpcf7-list-item-label\">JE CONFIRME QUE J'AI LU LES INFORMATIONS SUR <a style=\"font-weight:600px;\" href=\"\/fr\/privacy\/\" target=\"_blank\">le traitement de l'information<\/a><\/span><\/label><\/span><\/span><\/span><br \/>\n<span class=\"wpcf7-form-control-wrap aggiornamenti-ada\"><span class=\"wpcf7-form-control wpcf7-acceptance optional\"><span class=\"wpcf7-list-item\"><label><input type=\"checkbox\" name=\"aggiornamenti-ada\" value=\"1\" aria-invalid=\"false\" class=\"aggiornamenti-ada\" id=\"aggiornamenti-ada\" \/><span class=\"wpcf7-list-item-label\">Oui, je souhaite recevoir des informations sur ADAonCloud<\/span><\/label><\/span><\/span><\/span><br \/>\n<\/br><\/p>\n<div class=\"btn-demo-form\"><input type=\"submit\" value=\"DEMANDER UNE PR\u00c9SENTATION\" class=\"wpcf7-form-control wpcf7-submit\" \/><\/div>\n<div class=\"wpcf7-response-output\" aria-hidden=\"true\"><\/div><\/form><\/div>[\/vc_column][\/vc_row]<\/p>\n","protected":false},"excerpt":{"rendered":"<p>[vc_row][vc_column][vc_column_text] Restez toujours connect\u00e9 avec vos clients Demandez une pr\u00e9sentation gratuite sans engagement [\/vc_column_text][vc_empty_space height=\u00a0\u00bb80px\u00a0\u00bb][\/vc_column][\/vc_row][vc_row][vc_column width=\u00a0\u00bb1\/2&Prime;][vc_column_text] N\u00c9E POUR LE MOBILE Cr\u00e9ez une quantit\u00e9 illimit\u00e9e de contenus con\u00e7us pour atteindre les mobinautes, distribuez-les via les r\u00e9seaux sociaux, les courriels et les SMS, et mesurez le r\u00e9sultat de chaque campagne. Vous disposerez de la meilleure technologie pour [&hellip;]<\/p>\n","protected":false},"author":1,"featured_media":0,"parent":0,"menu_order":0,"comment_status":"closed","ping_status":"closed","template":"","meta":{"om_disable_all_campaigns":false},"_links":{"self":[{"href":"https:\/\/www.adaoncloud.com\/fr\/wp-json\/wp\/v2\/pages\/467"}],"collection":[{"href":"https:\/\/www.adaoncloud.com\/fr\/wp-json\/wp\/v2\/pages"}],"about":[{"href":"https:\/\/www.adaoncloud.com\/fr\/wp-json\/wp\/v2\/types\/page"}],"author":[{"embeddable":true,"href":"https:\/\/www.adaoncloud.com\/fr\/wp-json\/wp\/v2\/users\/1"}],"replies":[{"embeddable":true,"href":"https:\/\/www.adaoncloud.com\/fr\/wp-json\/wp\/v2\/comments?post=467"}],"version-history":[{"count":9,"href":"https:\/\/www.adaoncloud.com\/fr\/wp-json\/wp\/v2\/pages\/467\/revisions"}],"predecessor-version":[{"id":494,"href":"https:\/\/www.adaoncloud.com\/fr\/wp-json\/wp\/v2\/pages\/467\/revisions\/494"}],"wp:attachment":[{"href":"https:\/\/www.adaoncloud.com\/fr\/wp-json\/wp\/v2\/media?parent=467"}],"curies":[{"name":"wp","href":"https:\/\/api.w.org\/{rel}","templated":true}]}}