{"id":49,"date":"2020-11-16T10:29:17","date_gmt":"2020-11-16T09:29:17","guid":{"rendered":"https:\/\/www.adaoncloud.com\/fr\/email-marketing\/"},"modified":"2022-10-04T11:49:11","modified_gmt":"2022-10-04T09:49:11","slug":"email-marketing","status":"publish","type":"page","link":"https:\/\/www.adaoncloud.com\/fr\/email-marketing\/","title":{"rendered":"Email marketing"},"content":{"rendered":"<p>[vc_row full_width=\u00a0\u00bbstretch_row_content_no_spaces\u00a0\u00bb equal_height=\u00a0\u00bbyes\u00a0\u00bb rtl_reverse=\u00a0\u00bbyes\u00a0\u00bb content_placement=\u00a0\u00bbtop\u00a0\u00bb css=\u00a0\u00bb.vc_custom_1613661852478{margin-bottom: 0px !important;padding-bottom: 0px !important;}\u00a0\u00bb][vc_column width=\u00a0\u00bb1\/3&Prime;][vc_custom_heading text=\u00a0\u00bbCommuniquez<br \/>\nFid\u00e9lisez<br \/>\nTransformez\u00a0\u00bb font_container=\u00a0\u00bbtag:h1|font_size:50px|text_align:left|color:%23083944&Prime; use_theme_fonts=\u00a0\u00bbyes\u00a0\u00bb css_animation=\u00a0\u00bbfadeInDown\u00a0\u00bb][vc_column_text css_animation=\u00a0\u00bbfadeInUp\u00a0\u00bb el_class=\u00a0\u00bbparagrafo padding10 font15&Prime;]<\/p>\n<h4>UpperMail<\/h4>\n<p><span style=\"font-weight: 400;\">Cr\u00e9ez des campagnes attrayantes gr\u00e2ce aux mod\u00e8les adapt\u00e9s aux mobiles d&rsquo;ADA. G\u00e9rez facilement et imm\u00e9diatement les \u00e9tapes de l&rsquo;envoi d&rsquo;une campagne de marketing par courriel \u00e0 vos contacts.<\/span>[\/vc_column_text][vc_btn title=\u00a0\u00bbESSAI GRATUIT\u00a0\u00bb style=\u00a0\u00bbcustom\u00a0\u00bb custom_background=\u00a0\u00bb#9c495d\u00a0\u00bb custom_text=\u00a0\u00bb#ffffff\u00a0\u00bb shape=\u00a0\u00bbround\u00a0\u00bb size=\u00a0\u00bblg\u00a0\u00bb align=\u00a0\u00bbleft\u00a0\u00bb css_animation=\u00a0\u00bbfadeInUp\u00a0\u00bb link=\u00a0\u00bburl:%2Ffr%2Fpricing%2F|title:ESSAI%20GRATUIT\u00a0\u00bb][\/vc_column][vc_column width=\u00a0\u00bb2\/3&Prime; css=\u00a0\u00bb.vc_custom_1616068329318{margin-bottom: -30px !important;background-image: url(https:\/\/www.www.adaoncloud.com\/es\/wp-content\/uploads\/sites\/2\/2021\/03\/Uppermail-distribute-testimonial.png?id=2004) !important;background-position: center !important;background-repeat: no-repeat !important;background-size: contain !important;}\u00a0\u00bb][vc_single_image image=\u00a0\u00bb336&Prime; img_size=\u00a0\u00bbfull\u00a0\u00bb][\/vc_column][\/vc_row][vc_section full_width=\u00a0\u00bbstretch_row\u00a0\u00bb css=\u00a0\u00bb.vc_custom_1605103445882{margin-bottom: 0px !important;padding-bottom: 0px !important;background-color: #ffffff !important;}\u00a0\u00bb][vc_row full_width=\u00a0\u00bbstretch_row_content_no_spaces\u00a0\u00bb content_placement=\u00a0\u00bbtop\u00a0\u00bb css=\u00a0\u00bb.vc_custom_1613662224239{padding-top: 50px !important;padding-right: 0px !important;padding-left: 0px !important;background-color: #1f9f97 !important;}\u00a0\u00bb][vc_column css=\u00a0\u00bb.vc_custom_1604939591857{padding-right: 5% !important;padding-left: 5% !important;}\u00a0\u00bb][vc_row_inner][vc_column_inner width=\u00a0\u00bb1\/2&Prime;][vc_single_image image=\u00a0\u00bb337&Prime; img_size=\u00a0\u00bbfull\u00a0\u00bb css_animation=\u00a0\u00bbflipInY\u00a0\u00bb][vc_empty_space height=\u00a0\u00bb35px\u00a0\u00bb][\/vc_column_inner][vc_column_inner width=\u00a0\u00bb1\/2&Prime;][vc_empty_space height=\u00a0\u00bb55px\u00a0\u00bb][vc_custom_heading text=\u00a0\u00bbEnvoi UpperMail\u00a0\u00bb font_container=\u00a0\u00bbtag:h2|text_align:left|color:%23ffffff\u00a0\u00bb use_theme_fonts=\u00a0\u00bbyes\u00a0\u00bb css_animation=\u00a0\u00bbfadeInDown\u00a0\u00bb][vc_column_text]<\/p>\n<p style=\"text-align: left; color: #fff; font-size: 1.6rem; font-family: 'montserrat';\">D\u00e9finissez votre objectif, s\u00e9lectionnez votre liste de diffusion, personnalisez chaque campagne dans les moindres d\u00e9tails et profitez des tests A\/B pour maximiser les performances.<\/p>\n<p>[\/vc_column_text][\/vc_column_inner][\/vc_row_inner][\/vc_column][\/vc_row][vc_row full_width=\u00a0\u00bbstretch_row\u00a0\u00bb equal_height=\u00a0\u00bbyes\u00a0\u00bb content_placement=\u00a0\u00bbmiddle\u00a0\u00bb css=\u00a0\u00bb.vc_custom_1613645944803{padding-top: 3% !important;padding-right: 0px !important;padding-bottom: 3% !important;padding-left: 0px !important;}\u00a0\u00bb el_class=\u00a0\u00bbver-align\u00a0\u00bb][vc_column width=\u00a0\u00bb1\/12&Prime;][\/vc_column][vc_column width=\u00a0\u00bb5\/12&Prime;][vc_single_image image=\u00a0\u00bb339&Prime; img_size=\u00a0\u00bbfull\u00a0\u00bb][\/vc_column][vc_column width=\u00a0\u00bb1\/12&Prime; css=\u00a0\u00bb.vc_custom_1613645913688{padding-top: 3% !important;padding-right: 0px !important;padding-bottom: 3% !important;padding-left: 0px !important;background-position: center !important;background-repeat: no-repeat !important;background-size: contain !important;}\u00a0\u00bb][\/vc_column][vc_column width=\u00a0\u00bb4\/12&Prime;][vc_column_text]<\/p>\n<h4>A\/B Testing<\/h4>\n<p>Am\u00e9liorez constamment vos r\u00e9sultats en testant vos mod\u00e8les d&rsquo;e-mails et vos objets sur un \u00e9chantillon d&rsquo;audience et d\u00e9couvrez les e-mails les plus performants avant de les envoyer. Apprenez \u00e0 conna\u00eetre les go\u00fbts de vos lecteurs sur la base de donn\u00e9es concr\u00e8tes et am\u00e9liorez constamment vos campagnes de marketing par courriel.[\/vc_column_text][vc_btn title=\u00a0\u00bbESSAI GRATUIT\u00a0\u00bb style=\u00a0\u00bbcustom\u00a0\u00bb custom_background=\u00a0\u00bb#9c495d\u00a0\u00bb custom_text=\u00a0\u00bb#ffffff\u00a0\u00bb shape=\u00a0\u00bbround\u00a0\u00bb size=\u00a0\u00bblg\u00a0\u00bb align=\u00a0\u00bbleft\u00a0\u00bb link=\u00a0\u00bburl:%2Ffr%2Fpricing%2F|title:ESSAI%20GRATUIT\u00a0\u00bb el_class=\u00a0\u00bbland-btn\u00a0\u00bb][\/vc_column][vc_column width=\u00a0\u00bb1\/12&Prime;][\/vc_column][\/vc_row][vc_row full_width=\u00a0\u00bbstretch_row\u00a0\u00bb equal_height=\u00a0\u00bbyes\u00a0\u00bb content_placement=\u00a0\u00bbmiddle\u00a0\u00bb css=\u00a0\u00bb.vc_custom_1616147020916{padding-top: 3% !important;padding-right: 0px !important;padding-bottom: 3% !important;padding-left: 0px !important;background-color: #f8f8f8 !important;}\u00a0\u00bb el_class=\u00a0\u00bbver-align hidden-sm hidden-xs\u00a0\u00bb][vc_column width=\u00a0\u00bb1\/12&Prime;][\/vc_column][vc_column width=\u00a0\u00bb4\/12&Prime;][vc_empty_space height=\u00a0\u00bb55px\u00a0\u00bb][vc_column_text]<\/p>\n<h4>Envois profil\u00e9s au meilleur moment<\/h4>\n<p>Gr\u00e2ce \u00e0 l&rsquo;outil de profilage avanc\u00e9, s\u00e9lectionnez les personnes auxquelles vous souhaitez envoyer votre communication.<br \/>\nD\u00e9terminez le jour et l&rsquo;heure d&rsquo;envoi et programmez votre campagne en fonction du public cible souhait\u00e9.<\/p>\n<h4>D\u00e9livrabilit\u00e9<\/h4>\n<p>Augmentez les taux de livraison pour obtenir la meilleure qualit\u00e9 d&rsquo;envoi gr\u00e2ce aux configurations DNS personnalis\u00e9es et au syst\u00e8me de v\u00e9rification des e-mails.[\/vc_column_text][vc_btn title=\u00a0\u00bbESSAI GRATUIT\u00a0\u00bb style=\u00a0\u00bbcustom\u00a0\u00bb custom_background=\u00a0\u00bb#9c495d\u00a0\u00bb custom_text=\u00a0\u00bb#ffffff\u00a0\u00bb shape=\u00a0\u00bbround\u00a0\u00bb size=\u00a0\u00bblg\u00a0\u00bb align=\u00a0\u00bbleft\u00a0\u00bb link=\u00a0\u00bburl:%2Ffr%2Fpricing%2F|title:ESSAI%20GRATUIT\u00a0\u00bb el_class=\u00a0\u00bbland-btn\u00a0\u00bb][\/vc_column][vc_column width=\u00a0\u00bb1\/12&Prime; css=\u00a0\u00bb.vc_custom_1613645913688{padding-top: 3% !important;padding-right: 0px !important;padding-bottom: 3% !important;padding-left: 0px !important;background-position: center !important;background-repeat: no-repeat !important;background-size: contain !important;}\u00a0\u00bb][\/vc_column][vc_column width=\u00a0\u00bb5\/12&Prime;][vc_single_image image=\u00a0\u00bb341&Prime; img_size=\u00a0\u00bbfull\u00a0\u00bb][\/vc_column][vc_column width=\u00a0\u00bb1\/12&Prime;][\/vc_column][\/vc_row][vc_row full_width=\u00a0\u00bbstretch_row\u00a0\u00bb equal_height=\u00a0\u00bbyes\u00a0\u00bb content_placement=\u00a0\u00bbmiddle\u00a0\u00bb css=\u00a0\u00bb.vc_custom_1616147029252{padding-top: 3% !important;padding-right: 0px !important;padding-bottom: 3% !important;padding-left: 0px !important;background-color: #f8f8f8 !important;}\u00a0\u00bb el_class=\u00a0\u00bbver-align hidden-lg hidden-md\u00a0\u00bb][vc_column width=\u00a0\u00bb1\/12&Prime;][\/vc_column][vc_column width=\u00a0\u00bb5\/12&Prime;][vc_single_image image=\u00a0\u00bb341&Prime; img_size=\u00a0\u00bbfull\u00a0\u00bb][\/vc_column][vc_column width=\u00a0\u00bb1\/12&Prime; css=\u00a0\u00bb.vc_custom_1613645913688{padding-top: 3% !important;padding-right: 0px !important;padding-bottom: 3% !important;padding-left: 0px !important;background-position: center !important;background-repeat: no-repeat !important;background-size: contain !important;}\u00a0\u00bb][\/vc_column][vc_column width=\u00a0\u00bb4\/12&Prime;][vc_empty_space height=\u00a0\u00bb55px\u00a0\u00bb][vc_column_text]<\/p>\n<h4>Envoi profil\u00e9s au meilleur moment<\/h4>\n<p>Gr\u00e2ce \u00e0 l&rsquo;outil de profilage avanc\u00e9, s\u00e9lectionnez les personnes auxquelles vous souhaitez envoyer votre communication.<br \/>\nD\u00e9terminez le jour et l&rsquo;heure d&rsquo;envoi et programmez votre campagne en fonction du public cible souhait\u00e9.<\/p>\n<h4>D\u00e9livrabilit\u00e9<\/h4>\n<p>Augmentez les taux de livraison pour obtenir la meilleure qualit\u00e9 d&rsquo;envoi gr\u00e2ce aux configurations DNS personnalis\u00e9es et au syst\u00e8me de v\u00e9rification des e-mails.[\/vc_column_text][vc_btn title=\u00a0\u00bbESSAI GRATUIT\u00a0\u00bb style=\u00a0\u00bbcustom\u00a0\u00bb custom_background=\u00a0\u00bb#9c495d\u00a0\u00bb custom_text=\u00a0\u00bb#ffffff\u00a0\u00bb shape=\u00a0\u00bbround\u00a0\u00bb size=\u00a0\u00bblg\u00a0\u00bb align=\u00a0\u00bbleft\u00a0\u00bb link=\u00a0\u00bburl:%2Ffr%2Fpricing%2F|title:ESSAI%20GRATUIT\u00a0\u00bb el_class=\u00a0\u00bbland-btn\u00a0\u00bb][\/vc_column][vc_column width=\u00a0\u00bb1\/12&Prime;][\/vc_column][\/vc_row][\/vc_section]<\/p>\n","protected":false},"excerpt":{"rendered":"<p>[vc_row full_width=\u00a0\u00bbstretch_row_content_no_spaces\u00a0\u00bb equal_height=\u00a0\u00bbyes\u00a0\u00bb rtl_reverse=\u00a0\u00bbyes\u00a0\u00bb content_placement=\u00a0\u00bbtop\u00a0\u00bb css=\u00a0\u00bb.vc_custom_1613661852478{margin-bottom: 0px !important;padding-bottom: 0px !important;}\u00a0\u00bb][vc_column width=\u00a0\u00bb1\/3&Prime;][vc_custom_heading text=\u00a0\u00bbCommuniquez Fid\u00e9lisez Transformez\u00a0\u00bb font_container=\u00a0\u00bbtag:h1|font_size:50px|text_align:left|color:%23083944&Prime; use_theme_fonts=\u00a0\u00bbyes\u00a0\u00bb css_animation=\u00a0\u00bbfadeInDown\u00a0\u00bb][vc_column_text css_animation=\u00a0\u00bbfadeInUp\u00a0\u00bb el_class=\u00a0\u00bbparagrafo padding10 font15&Prime;] UpperMail Cr\u00e9ez des campagnes attrayantes gr\u00e2ce aux mod\u00e8les adapt\u00e9s aux mobiles d&rsquo;ADA. G\u00e9rez facilement et imm\u00e9diatement les \u00e9tapes de l&rsquo;envoi d&rsquo;une campagne de marketing par courriel \u00e0 vos contacts.[\/vc_column_text][vc_btn title=\u00a0\u00bbESSAI GRATUIT\u00a0\u00bb style=\u00a0\u00bbcustom\u00a0\u00bb custom_background=\u00a0\u00bb#9c495d\u00a0\u00bb custom_text=\u00a0\u00bb#ffffff\u00a0\u00bb [&hellip;]<\/p>\n","protected":false},"author":1,"featured_media":0,"parent":0,"menu_order":0,"comment_status":"closed","ping_status":"closed","template":"","meta":{"om_disable_all_campaigns":false},"_links":{"self":[{"href":"https:\/\/www.adaoncloud.com\/fr\/wp-json\/wp\/v2\/pages\/49"}],"collection":[{"href":"https:\/\/www.adaoncloud.com\/fr\/wp-json\/wp\/v2\/pages"}],"about":[{"href":"https:\/\/www.adaoncloud.com\/fr\/wp-json\/wp\/v2\/types\/page"}],"author":[{"embeddable":true,"href":"https:\/\/www.adaoncloud.com\/fr\/wp-json\/wp\/v2\/users\/1"}],"replies":[{"embeddable":true,"href":"https:\/\/www.adaoncloud.com\/fr\/wp-json\/wp\/v2\/comments?post=49"}],"version-history":[{"count":10,"href":"https:\/\/www.adaoncloud.com\/fr\/wp-json\/wp\/v2\/pages\/49\/revisions"}],"predecessor-version":[{"id":5511,"href":"https:\/\/www.adaoncloud.com\/fr\/wp-json\/wp\/v2\/pages\/49\/revisions\/5511"}],"wp:attachment":[{"href":"https:\/\/www.adaoncloud.com\/fr\/wp-json\/wp\/v2\/media?parent=49"}],"curies":[{"name":"wp","href":"https:\/\/api.w.org\/{rel}","templated":true}]}}