{"id":50,"date":"2020-11-13T17:29:54","date_gmt":"2020-11-13T16:29:54","guid":{"rendered":"https:\/\/www.adaoncloud.com\/fr\/sms\/"},"modified":"2022-10-04T11:47:34","modified_gmt":"2022-10-04T09:47:34","slug":"sms","status":"publish","type":"page","link":"https:\/\/www.adaoncloud.com\/fr\/sms\/","title":{"rendered":"SMS"},"content":{"rendered":"<p>[vc_row full_width=\u00a0\u00bbstretch_row_content_no_spaces\u00a0\u00bb equal_height=\u00a0\u00bbyes\u00a0\u00bb rtl_reverse=\u00a0\u00bbyes\u00a0\u00bb content_placement=\u00a0\u00bbtop\u00a0\u00bb css=\u00a0\u00bb.vc_custom_1615475394020{padding-bottom: 0px !important;}\u00a0\u00bb][vc_column width=\u00a0\u00bb1\/3&Prime;][vc_empty_space height=\u00a0\u00bb35px\u00a0\u00bb][vc_custom_heading text=\u00a0\u00bbDirect<br \/>\nImm\u00e9diate<br \/>\nEfficace\u00a0\u00bb font_container=\u00a0\u00bbtag:h1|font_size:55px|text_align:left|color:%23083944&Prime; use_theme_fonts=\u00a0\u00bbyes\u00a0\u00bb css_animation=\u00a0\u00bbfadeInDown\u00a0\u00bb][vc_column_text css_animation=\u00a0\u00bbfadeInUp\u00a0\u00bb el_class=\u00a0\u00bbparagrafo padding10 font15&Prime;]<\/p>\n<h4>Envoi de SMS<\/h4>\n<p>Le SMS est l&rsquo;un des canaux de communication les plus performants et les plus efficaces qui soient, vous permettant d&rsquo;atteindre vos clients avec des taux d&rsquo;ouverture \u00e9lev\u00e9s.<br \/>\n[\/vc_column_text][vc_btn title=\u00a0\u00bbESSAI GRATUIT\u00a0\u00bb style=\u00a0\u00bbcustom\u00a0\u00bb custom_background=\u00a0\u00bb#9c495d\u00a0\u00bb custom_text=\u00a0\u00bb#ffffff\u00a0\u00bb shape=\u00a0\u00bbround\u00a0\u00bb size=\u00a0\u00bblg\u00a0\u00bb align=\u00a0\u00bbleft\u00a0\u00bb css_animation=\u00a0\u00bbfadeInUp\u00a0\u00bb link=\u00a0\u00bburl:%2Ffr%2Fpricing%2F\u00a0\u00bb][\/vc_column][vc_column width=\u00a0\u00bb2\/3&Prime; css=\u00a0\u00bb.vc_custom_1615475281805{padding-bottom: -30px !important;background-image: url(https:\/\/www.www.adaoncloud.com\/es\/wp-content\/uploads\/sites\/2\/2021\/03\/SMS-testimonial-1.png?id=1860) !important;background-position: center !important;background-repeat: no-repeat !important;background-size: contain !important;}\u00a0\u00bb][vc_single_image image=\u00a0\u00bb330&Prime; img_size=\u00a0\u00bbfull\u00a0\u00bb alignment=\u00a0\u00bbright\u00a0\u00bb][\/vc_column][\/vc_row][vc_row full_width=\u00a0\u00bbstretch_row_content\u00a0\u00bb css=\u00a0\u00bb.vc_custom_1615475301529{padding-top: 2% !important;padding-bottom: 2% !important;background-color: #1f9f97 !important;}\u00a0\u00bb][vc_column][vc_row_inner][vc_column_inner width=\u00a0\u00bb1\/2&Prime;][vc_empty_space height=\u00a0\u00bb35px\u00a0\u00bb][vc_single_image image=\u00a0\u00bb331&Prime; img_size=\u00a0\u00bbfull\u00a0\u00bb css_animation=\u00a0\u00bbflipInY\u00a0\u00bb][\/vc_column_inner][vc_column_inner width=\u00a0\u00bb1\/2&Prime;][vc_empty_space height=\u00a0\u00bb85px\u00a0\u00bb][vc_custom_heading text=\u00a0\u00bbEnvoi de SMS\u00a0\u00bb font_container=\u00a0\u00bbtag:h2|text_align:left|color:%23ffffff\u00a0\u00bb use_theme_fonts=\u00a0\u00bbyes\u00a0\u00bb css_animation=\u00a0\u00bbfadeInDown\u00a0\u00bb][vc_column_text]<\/p>\n<p style=\"text-align: left;\"><strong style=\"color: #fff; font-size: 1.6rem; font-family: 'montserrat';\">Haute performance et ressources infinies. Personnalisez vos messages avec des champs et des exp\u00e9diteurs personnalis\u00e9s, enrichissez-les de liens et suivez vos utilisateurs. Vous obtiendrez des rapports d\u00e9taill\u00e9s et des notifications de r\u00e9ception.<\/strong><\/p>\n<p>[\/vc_column_text][\/vc_column_inner][\/vc_row_inner][\/vc_column][\/vc_row][vc_section full_width=\u00a0\u00bbstretch_row\u00a0\u00bb css=\u00a0\u00bb.vc_custom_1605103445882{margin-bottom: 0px !important;padding-bottom: 0px !important;background-color: #ffffff !important;}\u00a0\u00bb][vc_row full_width=\u00a0\u00bbstretch_row\u00a0\u00bb css=\u00a0\u00bb.vc_custom_1664876832172{padding-top: 3% !important;padding-right: 0px !important;padding-bottom: 3% !important;padding-left: 0px !important;background-color: #f8f8f8 !important;}\u00a0\u00bb el_class=\u00a0\u00bb hidden-sm hidden-xs\u00a0\u00bb][vc_column width=\u00a0\u00bb1\/12&Prime; css=\u00a0\u00bb.vc_custom_1605084525184{padding-right: 5% !important;padding-left: 5% !important;}\u00a0\u00bb][\/vc_column][vc_column width=\u00a0\u00bb4\/12&Prime;][vc_empty_space height=\u00a0\u00bb35px\u00a0\u00bb][vc_column_text el_class=\u00a0\u00bblistado\u00a0\u00bb]Gr\u00e2ce aux champs personnalis\u00e9s, vous pouvez cr\u00e9er des messages SMS adapt\u00e9s \u00e0 vos contacts. Vous pouvez envoyer et g\u00e9rer jusqu&rsquo;\u00e0 trois messages SMS li\u00e9s et ins\u00e9rer un lien vers un contenu que vous avez g\u00e9n\u00e9r\u00e9 via la plateforme, tel qu&rsquo;une Landing Page, un Storytelling, un MovieTelling ou un ChatBot.<\/p>\n<p>Utilisez un exp\u00e9diteur de SMS personnalis\u00e9 pour \u00eatre reconnu par vos clients, remplacez le num\u00e9ro de t\u00e9l\u00e9phone par un alias textuel, conform\u00e9ment \u00e0 la r\u00e9glementation Agcom.<br \/>\n[\/vc_column_text][vc_btn title=\u00a0\u00bbESSAI GRATUIT\u00a0\u00bb style=\u00a0\u00bbcustom\u00a0\u00bb custom_background=\u00a0\u00bb#9c495d\u00a0\u00bb custom_text=\u00a0\u00bb#ffffff\u00a0\u00bb shape=\u00a0\u00bbround\u00a0\u00bb size=\u00a0\u00bblg\u00a0\u00bb align=\u00a0\u00bbleft\u00a0\u00bb link=\u00a0\u00bburl:%2Ffr%2Fpricing%2F|title:ESSAI%20GRATUIT\u00a0\u00bb el_class=\u00a0\u00bbland-btn\u00a0\u00bb][\/vc_column][vc_column width=\u00a0\u00bb1\/12&Prime;][\/vc_column][vc_column width=\u00a0\u00bb5\/12&Prime;][vc_single_image image=\u00a0\u00bb332&Prime; img_size=\u00a0\u00bbfull\u00a0\u00bb][\/vc_column][vc_column width=\u00a0\u00bb1\/12&Prime;][\/vc_column][\/vc_row][vc_row full_width=\u00a0\u00bbstretch_row\u00a0\u00bb css=\u00a0\u00bb.vc_custom_1664876840812{padding-top: 3% !important;padding-right: 0px !important;padding-bottom: 3% !important;padding-left: 0px !important;background-color: #f8f8f8 !important;}\u00a0\u00bb el_class=\u00a0\u00bb hidden-lg hidden-md\u00a0\u00bb][vc_column width=\u00a0\u00bb1\/12&Prime; css=\u00a0\u00bb.vc_custom_1605084525184{padding-right: 5% !important;padding-left: 5% !important;}\u00a0\u00bb][\/vc_column][vc_column width=\u00a0\u00bb5\/12&Prime;][vc_single_image image=\u00a0\u00bb332&Prime; img_size=\u00a0\u00bbfull\u00a0\u00bb][\/vc_column][vc_column width=\u00a0\u00bb1\/12&Prime;][\/vc_column][vc_column width=\u00a0\u00bb4\/12&Prime;][vc_empty_space height=\u00a0\u00bb35px\u00a0\u00bb][vc_column_text el_class=\u00a0\u00bblistado\u00a0\u00bb]Gr\u00e2ce aux champs personnalis\u00e9s, vous pouvez cr\u00e9er des messages SMS adapt\u00e9s \u00e0 vos contacts. Vous pouvez envoyer et g\u00e9rer jusqu&rsquo;\u00e0 trois messages SMS li\u00e9s et ins\u00e9rer un lien vers un contenu que vous avez g\u00e9n\u00e9r\u00e9 via la plateforme, tel qu&rsquo;une Landing Page, un Storytelling, un MovieTelling ou un ChatBot.<\/p>\n<p>Utilisez un exp\u00e9diteur de SMS personnalis\u00e9 pour \u00eatre reconnu par vos clients, remplacez le num\u00e9ro de t\u00e9l\u00e9phone par un alias textuel, conform\u00e9ment \u00e0 la r\u00e9glementation Agcom.[\/vc_column_text][vc_btn title=\u00a0\u00bbESSAI GRATUIT\u00a0\u00bb style=\u00a0\u00bbcustom\u00a0\u00bb custom_background=\u00a0\u00bb#9c495d\u00a0\u00bb custom_text=\u00a0\u00bb#ffffff\u00a0\u00bb shape=\u00a0\u00bbround\u00a0\u00bb size=\u00a0\u00bblg\u00a0\u00bb align=\u00a0\u00bbleft\u00a0\u00bb link=\u00a0\u00bburl:%2Ffr%2Fpricing%2F|title:ESSAI%20GRATUIT\u00a0\u00bb el_class=\u00a0\u00bbland-btn\u00a0\u00bb][\/vc_column][vc_column width=\u00a0\u00bb1\/12&Prime;][\/vc_column][\/vc_row][vc_row full_width=\u00a0\u00bbstretch_row\u00a0\u00bb equal_height=\u00a0\u00bbyes\u00a0\u00bb content_placement=\u00a0\u00bbtop\u00a0\u00bb css=\u00a0\u00bb.vc_custom_1664876851249{margin-right: 0px !important;margin-left: 0px !important;padding-top: 3% !important;padding-right: 0px !important;padding-bottom: 3% !important;padding-left: 0px !important;}\u00a0\u00bb][vc_column width=\u00a0\u00bb1\/12&Prime; css=\u00a0\u00bb.vc_custom_1616077900363{padding-right: 0px !important;padding-left: 0px !important;background-position: center !important;background-repeat: no-repeat !important;background-size: contain !important;}\u00a0\u00bb][\/vc_column][vc_column width=\u00a0\u00bb5\/12&Prime;][vc_single_image image=\u00a0\u00bb333&Prime; img_size=\u00a0\u00bbfull\u00a0\u00bb alignment=\u00a0\u00bbcenter\u00a0\u00bb][\/vc_column][vc_column width=\u00a0\u00bb1\/12&Prime;][\/vc_column][vc_column width=\u00a0\u00bb4\/12&Prime;][vc_empty_space height=\u00a0\u00bb35px\u00a0\u00bb][vc_column_text]<\/p>\n<div>\n<p>Envoyez le bon message aux bonnes personnes gr\u00e2ce au profilage de vos destinataires. Choisissez \u00e0 qui envoyer votre message, en s\u00e9lectionnant des groupes ou des segments d&rsquo;utilisateurs et planifiez votre campagne.<\/p>\n<p>Gr\u00e2ce aux cr\u00e9dits SMS, vous ne payez que les messages que vous envoyez, sans frais ni co\u00fbts fixes, en fonction de vos besoins et du pays de destination.<\/p><\/div>\n<p>[\/vc_column_text][vc_btn title=\u00a0\u00bbESSAI GRATUIT\u00a0\u00bb style=\u00a0\u00bbcustom\u00a0\u00bb custom_background=\u00a0\u00bb#9c495d\u00a0\u00bb custom_text=\u00a0\u00bb#ffffff\u00a0\u00bb shape=\u00a0\u00bbround\u00a0\u00bb size=\u00a0\u00bblg\u00a0\u00bb align=\u00a0\u00bbleft\u00a0\u00bb link=\u00a0\u00bburl:%2Ffr%2Fpricing%2F|title:ESSAI%20GRATUIT\u00a0\u00bb el_class=\u00a0\u00bbland-btn\u00a0\u00bb][\/vc_column][vc_column width=\u00a0\u00bb1\/12&Prime;][\/vc_column][\/vc_row][\/vc_section]<\/p>\n","protected":false},"excerpt":{"rendered":"<p>[vc_row full_width=\u00a0\u00bbstretch_row_content_no_spaces\u00a0\u00bb equal_height=\u00a0\u00bbyes\u00a0\u00bb rtl_reverse=\u00a0\u00bbyes\u00a0\u00bb content_placement=\u00a0\u00bbtop\u00a0\u00bb css=\u00a0\u00bb.vc_custom_1615475394020{padding-bottom: 0px !important;}\u00a0\u00bb][vc_column width=\u00a0\u00bb1\/3&Prime;][vc_empty_space height=\u00a0\u00bb35px\u00a0\u00bb][vc_custom_heading text=\u00a0\u00bbDirect Imm\u00e9diate Efficace\u00a0\u00bb font_container=\u00a0\u00bbtag:h1|font_size:55px|text_align:left|color:%23083944&Prime; use_theme_fonts=\u00a0\u00bbyes\u00a0\u00bb css_animation=\u00a0\u00bbfadeInDown\u00a0\u00bb][vc_column_text css_animation=\u00a0\u00bbfadeInUp\u00a0\u00bb el_class=\u00a0\u00bbparagrafo padding10 font15&Prime;] Envoi de SMS Le SMS est l&rsquo;un des canaux de communication les plus performants et les plus efficaces qui soient, vous permettant d&rsquo;atteindre vos clients avec des taux d&rsquo;ouverture \u00e9lev\u00e9s. [\/vc_column_text][vc_btn title=\u00a0\u00bbESSAI GRATUIT\u00a0\u00bb style=\u00a0\u00bbcustom\u00a0\u00bb custom_background=\u00a0\u00bb#9c495d\u00a0\u00bb [&hellip;]<\/p>\n","protected":false},"author":1,"featured_media":0,"parent":0,"menu_order":0,"comment_status":"closed","ping_status":"closed","template":"","meta":{"om_disable_all_campaigns":false},"_links":{"self":[{"href":"https:\/\/www.adaoncloud.com\/fr\/wp-json\/wp\/v2\/pages\/50"}],"collection":[{"href":"https:\/\/www.adaoncloud.com\/fr\/wp-json\/wp\/v2\/pages"}],"about":[{"href":"https:\/\/www.adaoncloud.com\/fr\/wp-json\/wp\/v2\/types\/page"}],"author":[{"embeddable":true,"href":"https:\/\/www.adaoncloud.com\/fr\/wp-json\/wp\/v2\/users\/1"}],"replies":[{"embeddable":true,"href":"https:\/\/www.adaoncloud.com\/fr\/wp-json\/wp\/v2\/comments?post=50"}],"version-history":[{"count":4,"href":"https:\/\/www.adaoncloud.com\/fr\/wp-json\/wp\/v2\/pages\/50\/revisions"}],"predecessor-version":[{"id":5306,"href":"https:\/\/www.adaoncloud.com\/fr\/wp-json\/wp\/v2\/pages\/50\/revisions\/5306"}],"wp:attachment":[{"href":"https:\/\/www.adaoncloud.com\/fr\/wp-json\/wp\/v2\/media?parent=50"}],"curies":[{"name":"wp","href":"https:\/\/api.w.org\/{rel}","templated":true}]}}