{"id":51,"date":"2020-11-13T17:11:31","date_gmt":"2020-11-13T16:11:31","guid":{"rendered":"https:\/\/www.adaoncloud.com\/fr\/storytelling\/"},"modified":"2021-10-12T16:25:02","modified_gmt":"2021-10-12T14:25:02","slug":"storytelling","status":"publish","type":"page","link":"https:\/\/www.adaoncloud.com\/fr\/storytelling\/","title":{"rendered":"StoryTelling"},"content":{"rendered":"<p>[vc_row full_width=\u00a0\u00bbstretch_row_content_no_spaces\u00a0\u00bb equal_height=\u00a0\u00bbyes\u00a0\u00bb rtl_reverse=\u00a0\u00bbyes\u00a0\u00bb content_placement=\u00a0\u00bbtop\u00a0\u00bb css=\u00a0\u00bb.vc_custom_1612870272594{margin-bottom: 0px !important;padding-bottom: 0px !important;}\u00a0\u00bb][vc_column width=\u00a0\u00bb1\/3&Prime;][vc_custom_heading text=\u00a0\u00bbParlez au c\u0153ur<br \/>\n\u00c9tonnez<br \/>\nConvertissez\u00a0\u00bb font_container=\u00a0\u00bbtag:h2|font_size:45%20px|text_align:left|color:%23083944&Prime; use_theme_fonts=\u00a0\u00bbyes\u00a0\u00bb css_animation=\u00a0\u00bbfadeInDown\u00a0\u00bb][vc_column_text css_animation=\u00a0\u00bbfadeInUp\u00a0\u00bb el_class=\u00a0\u00bbparagrafo padding10 font15&Prime;]<\/p>\n<h4>StoryTelling<\/h4>\n<p>Le contenu visuel est un moyen efficace d&rsquo;attirer l&rsquo;attention des utilisateurs. Tirez parti des \u00e9motions et racontez des histoires engageantes pour encourager les internautes \u00e0 interagir et \u00e0 prendre les d\u00e9cisions souhait\u00e9es. Le succ\u00e8s est garanti ![\/vc_column_text][vc_btn title=\u00a0\u00bbESSAI GRATUIT\u00a0\u00bb style=\u00a0\u00bbcustom\u00a0\u00bb custom_background=\u00a0\u00bb#9c495d\u00a0\u00bb custom_text=\u00a0\u00bb#ffffff\u00a0\u00bb shape=\u00a0\u00bbround\u00a0\u00bb size=\u00a0\u00bblg\u00a0\u00bb align=\u00a0\u00bbleft\u00a0\u00bb css_animation=\u00a0\u00bbfadeInUp\u00a0\u00bb link=\u00a0\u00bburl:%2Ffr%2Fpricing%2F\u00a0\u00bb][\/vc_column][vc_column width=\u00a0\u00bb2\/3&Prime; css=\u00a0\u00bb.vc_custom_1613657237367{background-image: url(https:\/\/www.www.adaoncloud.com\/es\/wp-content\/uploads\/sites\/2\/2021\/02\/storyTelling-testimonial.png?id=1587) !important;background-position: center !important;background-repeat: no-repeat !important;background-size: contain !important;}\u00a0\u00bb][vc_single_image image=\u00a0\u00bb234&Prime; img_size=\u00a0\u00bbfull\u00a0\u00bb][\/vc_column][\/vc_row][vc_section full_width=\u00a0\u00bbstretch_row\u00a0\u00bb css=\u00a0\u00bb.vc_custom_1605103445882{margin-bottom: 0px !important;padding-bottom: 0px !important;background-color: #ffffff !important;}\u00a0\u00bb][vc_row full_width=\u00a0\u00bbstretch_row_content_no_spaces\u00a0\u00bb content_placement=\u00a0\u00bbtop\u00a0\u00bb css=\u00a0\u00bb.vc_custom_1613659399732{padding-top: 50px !important;padding-right: 0px !important;padding-bottom: -30px !important;padding-left: 0px !important;background-color: #1f9f97 !important;}\u00a0\u00bb][vc_column css=\u00a0\u00bb.vc_custom_1604939591857{padding-right: 5% !important;padding-left: 5% !important;}\u00a0\u00bb][vc_row_inner][vc_column_inner width=\u00a0\u00bb1\/2&Prime;][vc_single_image image=\u00a0\u00bb235&Prime; img_size=\u00a0\u00bbfull\u00a0\u00bb css_animation=\u00a0\u00bbflipInY\u00a0\u00bb][\/vc_column_inner][vc_column_inner width=\u00a0\u00bb1\/2&Prime;][vc_custom_heading text=\u00a0\u00bbStoryTelling\u00a0\u00bb font_container=\u00a0\u00bbtag:h2|text_align:left|color:%23ffffff\u00a0\u00bb use_theme_fonts=\u00a0\u00bbyes\u00a0\u00bb css_animation=\u00a0\u00bbfadeInDown\u00a0\u00bb][vc_column_text]<\/p>\n<p style=\"text-align: left;\"><strong style=\"color: #fff; font-size: 1.6rem; font-family: 'montserrat';\">L&rsquo;art de raconter une histoire pour communiquer avec vos clients potentiels.<br \/>\nL&rsquo;outil le plus appropri\u00e9 pour cr\u00e9er le stimulus n\u00e9cessaire pour g\u00e9n\u00e9rer une conversion.<\/strong><\/p>\n<p>[\/vc_column_text][\/vc_column_inner][\/vc_row_inner][\/vc_column][\/vc_row][vc_row full_width=\u00a0\u00bbstretch_row\u00a0\u00bb equal_height=\u00a0\u00bbyes\u00a0\u00bb content_placement=\u00a0\u00bbmiddle\u00a0\u00bb css=\u00a0\u00bb.vc_custom_1613645944803{padding-top: 3% !important;padding-right: 0px !important;padding-bottom: 3% !important;padding-left: 0px !important;}\u00a0\u00bb el_class=\u00a0\u00bbver-align\u00a0\u00bb][vc_column width=\u00a0\u00bb1\/12&Prime;][\/vc_column][vc_column width=\u00a0\u00bb5\/12&Prime;][vc_single_image image=\u00a0\u00bb250&Prime; img_size=\u00a0\u00bbfull\u00a0\u00bb][\/vc_column][vc_column width=\u00a0\u00bb1\/12&Prime;][\/vc_column][vc_column width=\u00a0\u00bb4\/12&Prime;][vc_column_text]<\/p>\n<div>Consulter un StoryTelling, c&rsquo;est presque comme lire un livre, mais en format num\u00e9rique. Gr\u00e2ce \u00e0 l&rsquo;effet \u00ab\u00a0swipe\u00a0\u00bb, vous pouvez parcourir page par page l&rsquo;histoire que vous souhaitez raconter \u00e0 vos clients. Choisissez des images belles et percutantes pour garantir la meilleure exp\u00e9rience sur les appareils mobiles et encourager l&rsquo;interaction avec les publics. Chaque histoire s&rsquo;int\u00e8gre parfaitement dans les navigateurs des syst\u00e8mes d&rsquo;exploitation mobiles les plus avanc\u00e9s du march\u00e9, sans n\u00e9cessiter l&rsquo;installation d&rsquo;applications.<\/div>\n<p>[\/vc_column_text][vc_btn title=\u00a0\u00bbESSAI GRATUIT\u00a0\u00bb style=\u00a0\u00bbcustom\u00a0\u00bb custom_background=\u00a0\u00bb#9c495d\u00a0\u00bb custom_text=\u00a0\u00bb#ffffff\u00a0\u00bb shape=\u00a0\u00bbround\u00a0\u00bb size=\u00a0\u00bblg\u00a0\u00bb align=\u00a0\u00bbleft\u00a0\u00bb link=\u00a0\u00bburl:%2Ffr%2Fpricing%2F|title:ESSAI%20GRATUIT\u00a0\u00bb el_class=\u00a0\u00bbland-btn\u00a0\u00bb][\/vc_column][vc_column width=\u00a0\u00bb1\/12&Prime;][\/vc_column][\/vc_row][vc_row full_width=\u00a0\u00bbstretch_row\u00a0\u00bb equal_height=\u00a0\u00bbyes\u00a0\u00bb content_placement=\u00a0\u00bbmiddle\u00a0\u00bb css=\u00a0\u00bb.vc_custom_1616146206951{padding-top: 3% !important;padding-right: 0px !important;padding-bottom: 3% !important;padding-left: 0px !important;background-color: #f8f8f8 !important;}\u00a0\u00bb el_class=\u00a0\u00bbver-align hidden-sm hidden-xs\u00a0\u00bb][vc_column width=\u00a0\u00bb1\/12&Prime;][\/vc_column][vc_column width=\u00a0\u00bb3\/12&Prime;][vc_empty_space height=\u00a0\u00bb55px\u00a0\u00bb][vc_column_text]<\/p>\n<div>\n<p>Cr\u00e9er un StoryTelling est tr\u00e8s simple. Vous disposez d&rsquo;une s\u00e9rie de mod\u00e8les de pages que vous pouvez personnaliser. Chaque mod\u00e8le est une petite tranche de l&rsquo;histoire. Vous pouvez choisir parmi les mod\u00e8les disponibles, ajouter des images et g\u00e9rer les contenus; les animations et l&rsquo;effet de navigation donneront \u00e0 votre histoire un tr\u00e8s fort impact visuel sans avoir \u00e0 \u00e9crire une seule ligne de code.<\/p>\n<\/div>\n<p>[\/vc_column_text][vc_btn title=\u00a0\u00bbESSAI GRATUIT\u00a0\u00bb style=\u00a0\u00bbcustom\u00a0\u00bb custom_background=\u00a0\u00bb#9c495d\u00a0\u00bb custom_text=\u00a0\u00bb#ffffff\u00a0\u00bb shape=\u00a0\u00bbround\u00a0\u00bb size=\u00a0\u00bblg\u00a0\u00bb align=\u00a0\u00bbleft\u00a0\u00bb link=\u00a0\u00bburl:%2Ffr%2Fpricing%2F|title:ESSAI%20GRATUIT\u00a0\u00bb el_class=\u00a0\u00bbland-btn\u00a0\u00bb][\/vc_column][vc_column width=\u00a0\u00bb1\/12&Prime; css=\u00a0\u00bb.vc_custom_1613645913688{padding-top: 3% !important;padding-right: 0px !important;padding-bottom: 3% !important;padding-left: 0px !important;background-position: center !important;background-repeat: no-repeat !important;background-size: contain !important;}\u00a0\u00bb][\/vc_column][vc_column width=\u00a0\u00bb6\/12&Prime;][vc_single_image image=\u00a0\u00bb248&Prime; img_size=\u00a0\u00bbfull\u00a0\u00bb][\/vc_column][vc_column width=\u00a0\u00bb1\/12&Prime;][\/vc_column][\/vc_row][vc_row full_width=\u00a0\u00bbstretch_row\u00a0\u00bb equal_height=\u00a0\u00bbyes\u00a0\u00bb content_placement=\u00a0\u00bbmiddle\u00a0\u00bb css=\u00a0\u00bb.vc_custom_1616146199533{padding-top: 3% !important;padding-right: 0px !important;padding-bottom: 3% !important;padding-left: 0px !important;background-color: #f8f8f8 !important;}\u00a0\u00bb el_class=\u00a0\u00bbver-align hidden-lg hidden-md\u00a0\u00bb][vc_column width=\u00a0\u00bb1\/12&Prime;][\/vc_column][vc_column width=\u00a0\u00bb4\/12&Prime;][vc_single_image image=\u00a0\u00bb243&Prime; img_size=\u00a0\u00bbfull\u00a0\u00bb][\/vc_column][vc_column width=\u00a0\u00bb2\/12&Prime; css=\u00a0\u00bb.vc_custom_1613645913688{padding-top: 3% !important;padding-right: 0px !important;padding-bottom: 3% !important;padding-left: 0px !important;background-position: center !important;background-repeat: no-repeat !important;background-size: contain !important;}\u00a0\u00bb][\/vc_column][vc_column width=\u00a0\u00bb4\/12&Prime;][vc_empty_space height=\u00a0\u00bb55px\u00a0\u00bb][vc_column_text]<\/p>\n<div>\n<p>Cr\u00e9er un StoryTelling est tr\u00e8s simple. Vous disposez d&rsquo;une s\u00e9rie de mod\u00e8les de pages que vous pouvez personnaliser. Chaque mod\u00e8le est une petite tranche de l&rsquo;histoire. Vous pouvez choisir parmi les mod\u00e8les disponibles, ajouter des images et g\u00e9rer les contenus ; les animations et l&rsquo;effet de navigation donneront \u00e0 votre histoire un tr\u00e8s fort impact visuel sans avoir \u00e0 \u00e9crire une seule ligne de code.<\/p>\n<\/div>\n<p>[\/vc_column_text][vc_btn title=\u00a0\u00bbESSAI GRATUIT\u00a0\u00bb style=\u00a0\u00bbcustom\u00a0\u00bb custom_background=\u00a0\u00bb#9c495d\u00a0\u00bb custom_text=\u00a0\u00bb#ffffff\u00a0\u00bb shape=\u00a0\u00bbround\u00a0\u00bb size=\u00a0\u00bblg\u00a0\u00bb align=\u00a0\u00bbleft\u00a0\u00bb link=\u00a0\u00bburl:%2Ffr%2Fpricing%2F|title:ESSAI%20GRATUIT\u00a0\u00bb el_class=\u00a0\u00bbland-btn\u00a0\u00bb][\/vc_column][vc_column width=\u00a0\u00bb1\/12&Prime;][\/vc_column][\/vc_row][vc_row full_width=\u00a0\u00bbstretch_row\u00a0\u00bb equal_height=\u00a0\u00bbyes\u00a0\u00bb content_placement=\u00a0\u00bbmiddle\u00a0\u00bb css=\u00a0\u00bb.vc_custom_1613645944803{padding-top: 3% !important;padding-right: 0px !important;padding-bottom: 3% !important;padding-left: 0px !important;}\u00a0\u00bb el_class=\u00a0\u00bbver-align\u00a0\u00bb][vc_column width=\u00a0\u00bb1\/12&Prime;][\/vc_column][vc_column width=\u00a0\u00bb5\/12&Prime;][vc_single_image image=\u00a0\u00bb252&Prime; img_size=\u00a0\u00bbfull\u00a0\u00bb][\/vc_column][vc_column width=\u00a0\u00bb5\/12&Prime; css=\u00a0\u00bb.vc_custom_1613645913688{padding-top: 3% !important;padding-right: 0px !important;padding-bottom: 3% !important;padding-left: 0px !important;background-position: center !important;background-repeat: no-repeat !important;background-size: contain !important;}\u00a0\u00bb][vc_column_text]<\/p>\n<div>\n<p>Gr\u00e2ce \u00e0 notre constructeur, vous pouvez, de mani\u00e8re simple et fonctionnelle, changer le ton du r\u00e9cit \u00e0 tout moment et, \u00e0 partir du StoryBoard, modifier l&rsquo;ordre et la s\u00e9quence des mod\u00e8les de pages. Une fois termin\u00e9, votre StoryTelling sera toujours disponible pour d&rsquo;autres modifications.<\/p>\n<\/div>\n<p>[\/vc_column_text][vc_btn title=\u00a0\u00bbESSAI GRATUIT\u00a0\u00bb style=\u00a0\u00bbcustom\u00a0\u00bb custom_background=\u00a0\u00bb#9c495d\u00a0\u00bb custom_text=\u00a0\u00bb#ffffff\u00a0\u00bb shape=\u00a0\u00bbround\u00a0\u00bb size=\u00a0\u00bblg\u00a0\u00bb align=\u00a0\u00bbleft\u00a0\u00bb link=\u00a0\u00bburl:%2Ffr%2Fpricing%2F|title:ESSAI%20GRATUIT\u00a0\u00bb el_class=\u00a0\u00bbland-btn\u00a0\u00bb][\/vc_column][vc_column width=\u00a0\u00bb1\/12&Prime;][\/vc_column][\/vc_row][vc_row full_width=\u00a0\u00bbstretch_row_content\u00a0\u00bb content_placement=\u00a0\u00bbtop\u00a0\u00bb css=\u00a0\u00bb.vc_custom_1613659482020{padding-bottom: -30px !important;background-color: #1f9f97 !important;}\u00a0\u00bb][vc_column css=\u00a0\u00bb.vc_custom_1604939591857{padding-right: 5% !important;padding-left: 5% !important;}\u00a0\u00bb][vc_empty_space height=\u00a0\u00bb55px\u00a0\u00bb][vc_row_inner][vc_column_inner width=\u00a0\u00bb1\/2&Prime;][vc_empty_space height=\u00a0\u00bb35px\u00a0\u00bb][vc_single_image image=\u00a0\u00bb173&Prime; img_size=\u00a0\u00bbmedium\u00a0\u00bb css_animation=\u00a0\u00bbflipInY\u00a0\u00bb][vc_column_text]<\/p>\n<h4 style=\"color: #ffffff!important;\">Gr\u00e2ce \u00e0 ADA, notre agence r\u00e9alise un StoryTelling incroyable avec un taux de conversion \u00e9lev\u00e9.<\/h4>\n<p><sub class=\"citado\" style=\"color: #ffffff!important;\"><strong>Marc Pericas<\/strong> | <em>CEO The Pericas<\/em><\/sub>[\/vc_column_text][\/vc_column_inner][vc_column_inner width=\u00a0\u00bb1\/2&Prime;][vc_single_image image=\u00a0\u00bb254&Prime; img_size=\u00a0\u00bbfull\u00a0\u00bb css=\u00a0\u00bb.vc_custom_1625689734508{margin-bottom: 0px !important;border-bottom-width: 0px !important;}\u00a0\u00bb][\/vc_column_inner][\/vc_row_inner][\/vc_column][\/vc_row][vc_row full_width=\u00a0\u00bbstretch_row\u00a0\u00bb equal_height=\u00a0\u00bbyes\u00a0\u00bb content_placement=\u00a0\u00bbmiddle\u00a0\u00bb css=\u00a0\u00bb.vc_custom_1613645944803{padding-top: 3% !important;padding-right: 0px !important;padding-bottom: 3% !important;padding-left: 0px !important;}\u00a0\u00bb el_class=\u00a0\u00bbver-align\u00a0\u00bb][vc_column width=\u00a0\u00bb1\/12&Prime;][\/vc_column][vc_column width=\u00a0\u00bb4\/12&Prime;][vc_single_image image=\u00a0\u00bb255&Prime; img_size=\u00a0\u00bbfull\u00a0\u00bb][\/vc_column][vc_column width=\u00a0\u00bb2\/12&Prime; css=\u00a0\u00bb.vc_custom_1613645913688{padding-top: 3% !important;padding-right: 0px !important;padding-bottom: 3% !important;padding-left: 0px !important;background-position: center !important;background-repeat: no-repeat !important;background-size: contain !important;}\u00a0\u00bb][\/vc_column][vc_column width=\u00a0\u00bb4\/12&Prime;][vc_empty_space height=\u00a0\u00bb55px\u00a0\u00bb][vc_column_text]<\/p>\n<div>Le syst\u00e8me de CTA int\u00e9gr\u00e9s vous permet d&rsquo;ins\u00e9rer et de rendre toujours disponible dans votre histoire un menu avec des CTA. Choisissez vos objectifs de conversion et personnalisez les CTA en fonction de vos besoins. Vous pouvez \u00e9galement inclure d&rsquo;autres contenus cr\u00e9\u00e9s avec ADA, par exemple une page d&rsquo;atterrissage avec un formulaire pour demander plus d&rsquo;informations.<\/div>\n<p>[\/vc_column_text][vc_btn title=\u00a0\u00bbESSAI GRATUIT\u00a0\u00bb style=\u00a0\u00bbcustom\u00a0\u00bb custom_background=\u00a0\u00bb#9c495d\u00a0\u00bb custom_text=\u00a0\u00bb#ffffff\u00a0\u00bb shape=\u00a0\u00bbround\u00a0\u00bb size=\u00a0\u00bblg\u00a0\u00bb align=\u00a0\u00bbleft\u00a0\u00bb link=\u00a0\u00bburl:%2Ffr%2Fpricing%2F|title:%20ESSAI%20GRATUIT\u00a0\u00bb el_class=\u00a0\u00bbland-btn\u00a0\u00bb][\/vc_column][vc_column width=\u00a0\u00bb1\/12&Prime;][\/vc_column][\/vc_row][\/vc_section][vc_row full_width=\u00a0\u00bbstretch_row\u00a0\u00bb equal_height=\u00a0\u00bbyes\u00a0\u00bb content_placement=\u00a0\u00bbmiddle\u00a0\u00bb css=\u00a0\u00bb.vc_custom_1616146149641{padding-top: 3% !important;padding-right: 0px !important;padding-bottom: 3% !important;padding-left: 0px !important;background-color: #f8f8f8 !important;}\u00a0\u00bb el_class=\u00a0\u00bbver-align hidden-sm hidden-xs\u00a0\u00bb][vc_column width=\u00a0\u00bb1\/12&Prime;][\/vc_column][vc_column width=\u00a0\u00bb4\/12&Prime;][vc_empty_space height=\u00a0\u00bb55px\u00a0\u00bb][vc_column_text]<\/p>\n<div>En choisissant StoryTelling &#8211; Free Template, vous pouvez int\u00e9grer \u00e0 votre histoire des mod\u00e8les de page avec des appels \u00e0 l&rsquo;action sp\u00e9cifiques en fonction de vos objectifs : recueillir des donn\u00e9es, mener des enqu\u00eates, r\u00e9aliser des ventes ou des dons.<\/div>\n<p>[\/vc_column_text][vc_btn title=\u00a0\u00bbESSAI GRATUIT\u00a0\u00bb style=\u00a0\u00bbcustom\u00a0\u00bb custom_background=\u00a0\u00bb#9c495d\u00a0\u00bb custom_text=\u00a0\u00bb#ffffff\u00a0\u00bb shape=\u00a0\u00bbround\u00a0\u00bb size=\u00a0\u00bblg\u00a0\u00bb align=\u00a0\u00bbleft\u00a0\u00bb link=\u00a0\u00bburl:%2Ffr%2Fpricing%2F|title:ESSAI%20GRATUIT\u00a0\u00bb el_class=\u00a0\u00bbland-btn\u00a0\u00bb][\/vc_column][vc_column width=\u00a0\u00bb2\/12&Prime; css=\u00a0\u00bb.vc_custom_1613645913688{padding-top: 3% !important;padding-right: 0px !important;padding-bottom: 3% !important;padding-left: 0px !important;background-position: center !important;background-repeat: no-repeat !important;background-size: contain !important;}\u00a0\u00bb][\/vc_column][vc_column width=\u00a0\u00bb4\/12&Prime;][vc_single_image image=\u00a0\u00bb256&Prime; img_size=\u00a0\u00bbfull\u00a0\u00bb][\/vc_column][vc_column width=\u00a0\u00bb1\/12&Prime;][\/vc_column][\/vc_row][vc_row full_width=\u00a0\u00bbstretch_row\u00a0\u00bb equal_height=\u00a0\u00bbyes\u00a0\u00bb content_placement=\u00a0\u00bbmiddle\u00a0\u00bb css=\u00a0\u00bb.vc_custom_1616146161291{padding-top: 3% !important;padding-right: 0px !important;padding-bottom: 3% !important;padding-left: 0px !important;background-color: #f8f8f8 !important;}\u00a0\u00bb el_class=\u00a0\u00bbver-align hidden-lg hidden-md\u00a0\u00bb][vc_column width=\u00a0\u00bb1\/12&Prime;][\/vc_column][vc_column width=\u00a0\u00bb4\/12&Prime;][vc_single_image image=\u00a0\u00bb256&Prime; img_size=\u00a0\u00bbfull\u00a0\u00bb][\/vc_column][vc_column width=\u00a0\u00bb2\/12&Prime; css=\u00a0\u00bb.vc_custom_1613645913688{padding-top: 3% !important;padding-right: 0px !important;padding-bottom: 3% !important;padding-left: 0px !important;background-position: center !important;background-repeat: no-repeat !important;background-size: contain !important;}\u00a0\u00bb][\/vc_column][vc_column width=\u00a0\u00bb4\/12&Prime;][vc_empty_space height=\u00a0\u00bb55px\u00a0\u00bb][vc_column_text]<\/p>\n<div>\n<p>En choisissant StoryTelling &#8211; Free Template, vous pouvez int\u00e9grer \u00e0 votre histoire des mod\u00e8les de page avec des appels \u00e0 l&rsquo;action sp\u00e9cifiques en fonction de vos objectifs : recueillir des donn\u00e9es, mener des enqu\u00eates, r\u00e9aliser des ventes ou des dons.<\/p>\n<\/div>\n<p>[\/vc_column_text][vc_btn title=\u00a0\u00bbESSAI GRATUIT\u00a0\u00bb style=\u00a0\u00bbcustom\u00a0\u00bb custom_background=\u00a0\u00bb#9c495d\u00a0\u00bb custom_text=\u00a0\u00bb#ffffff\u00a0\u00bb shape=\u00a0\u00bbround\u00a0\u00bb size=\u00a0\u00bblg\u00a0\u00bb align=\u00a0\u00bbleft\u00a0\u00bb link=\u00a0\u00bburl:%2Ffr%2Fpricing%2F|title:ESSAI%20GRATUIT\u00a0\u00bb el_class=\u00a0\u00bbland-btn\u00a0\u00bb][\/vc_column][vc_column width=\u00a0\u00bb1\/12&Prime;][\/vc_column][\/vc_row]<\/p>\n","protected":false},"excerpt":{"rendered":"<p>[vc_row full_width=\u00a0\u00bbstretch_row_content_no_spaces\u00a0\u00bb equal_height=\u00a0\u00bbyes\u00a0\u00bb rtl_reverse=\u00a0\u00bbyes\u00a0\u00bb content_placement=\u00a0\u00bbtop\u00a0\u00bb css=\u00a0\u00bb.vc_custom_1612870272594{margin-bottom: 0px !important;padding-bottom: 0px !important;}\u00a0\u00bb][vc_column width=\u00a0\u00bb1\/3&Prime;][vc_custom_heading text=\u00a0\u00bbParlez au c\u0153ur \u00c9tonnez Convertissez\u00a0\u00bb font_container=\u00a0\u00bbtag:h2|font_size:45%20px|text_align:left|color:%23083944&Prime; use_theme_fonts=\u00a0\u00bbyes\u00a0\u00bb css_animation=\u00a0\u00bbfadeInDown\u00a0\u00bb][vc_column_text css_animation=\u00a0\u00bbfadeInUp\u00a0\u00bb el_class=\u00a0\u00bbparagrafo padding10 font15&Prime;] StoryTelling Le contenu visuel est un moyen efficace d&rsquo;attirer l&rsquo;attention des utilisateurs. Tirez parti des \u00e9motions et racontez des histoires engageantes pour encourager les internautes \u00e0 interagir et \u00e0 prendre les d\u00e9cisions [&hellip;]<\/p>\n","protected":false},"author":1,"featured_media":0,"parent":0,"menu_order":0,"comment_status":"closed","ping_status":"closed","template":"","meta":{"om_disable_all_campaigns":false},"_links":{"self":[{"href":"https:\/\/www.adaoncloud.com\/fr\/wp-json\/wp\/v2\/pages\/51"}],"collection":[{"href":"https:\/\/www.adaoncloud.com\/fr\/wp-json\/wp\/v2\/pages"}],"about":[{"href":"https:\/\/www.adaoncloud.com\/fr\/wp-json\/wp\/v2\/types\/page"}],"author":[{"embeddable":true,"href":"https:\/\/www.adaoncloud.com\/fr\/wp-json\/wp\/v2\/users\/1"}],"replies":[{"embeddable":true,"href":"https:\/\/www.adaoncloud.com\/fr\/wp-json\/wp\/v2\/comments?post=51"}],"version-history":[{"count":15,"href":"https:\/\/www.adaoncloud.com\/fr\/wp-json\/wp\/v2\/pages\/51\/revisions"}],"predecessor-version":[{"id":591,"href":"https:\/\/www.adaoncloud.com\/fr\/wp-json\/wp\/v2\/pages\/51\/revisions\/591"}],"wp:attachment":[{"href":"https:\/\/www.adaoncloud.com\/fr\/wp-json\/wp\/v2\/media?parent=51"}],"curies":[{"name":"wp","href":"https:\/\/api.w.org\/{rel}","templated":true}]}}