{"id":5312,"date":"2022-05-02T11:13:04","date_gmt":"2022-05-02T09:13:04","guid":{"rendered":"https:\/\/www.adaoncloud.com\/fr\/?page_id=5312"},"modified":"2022-05-02T11:13:04","modified_gmt":"2022-05-02T09:13:04","slug":"integration","status":"publish","type":"page","link":"https:\/\/www.adaoncloud.com\/fr\/integration\/","title":{"rendered":"Int\u00e9gration"},"content":{"rendered":"<p>[vc_row][vc_column][vc_column_text]<\/p>\n<h1 style=\"text-align: center;\"><strong>Int\u00e9gration avec\u00a0<em>Zapier<\/em><\/strong><\/h1>\n<p>[\/vc_column_text][\/vc_column][\/vc_row][vc_row][vc_column width=\u00a0\u00bb1\/2&Prime;][vc_column_text]L\u2019optimisation du travail quotidien d\u00e9pend souvent de la capacit\u00e9 de g\u00e9rer simultan\u00e9ment diff\u00e9rentes activit\u00e9s et d\u2019int\u00e9grer tout logiciel n\u00e9cessaire pour les r\u00e9aliser.<\/p>\n<p>Gr\u00e2ce \u00e0 l\u2019int\u00e9gration de Zapier, vous pouvez d\u00e9sormais connecter votre compte ADA \u00e0 plus de 1 000 applications professionnelles afin d\u2019automatiser les processus de partage de donn\u00e9es. Tirez le meilleur parti de votre travail et gagnez un temps pr\u00e9cieux que vous pouvez consacrer \u00e0 des activit\u00e9s plus importantes en faisant travailler ADA avec les principaux logiciels et applications CRM que vous utilisez habituellement.[\/vc_column_text][\/vc_column][vc_column width=\u00a0\u00bb1\/2&Prime;][vc_single_image image=\u00a0\u00bb5317&Prime; img_size=\u00a0\u00bbfull\u00a0\u00bb alignment=\u00a0\u00bbright\u00a0\u00bb][\/vc_column][\/vc_row][vc_row][vc_column][vc_column_text]<\/p>\n<h2 style=\"text-align: center;\"><strong>Les\u00a0avantages\u00a0d&rsquo;une int\u00e9gration parfaite<\/strong><\/h2>\n<p>[\/vc_column_text][\/vc_column][vc_column width=\u00a0\u00bb1\/3&Prime;][vc_single_image image=\u00a0\u00bb5323&Prime; alignment=\u00a0\u00bbcenter\u00a0\u00bb][vc_column_text]<\/p>\n<p style=\"text-align: center;\"><strong>GRANDE PRODUCTIVIT\u00c9<br \/>\n<\/strong>Maintenant, connectez ADA \u00e0 un logiciel CRM ou \u00e0 une autre application d&rsquo;entreprise est un jeu d&rsquo;enfant. Gr\u00e2ce \u00e0 l&rsquo;int\u00e9gration de Zapier, vous pouvez r\u00e9pondre aux besoins des clients et augmenter l&rsquo;efficacit\u00e9 de votre travail en quelques \u00e9tapes simples.<\/p>\n<p>[\/vc_column_text][\/vc_column][vc_column width=\u00a0\u00bb1\/3&Prime;][vc_single_image image=\u00a0\u00bb5323&Prime; alignment=\u00a0\u00bbcenter\u00a0\u00bb][vc_column_text]<\/p>\n<p style=\"text-align: center;\"><strong>GAIN DE TEMPS<br \/>\n<\/strong>Zapier est un outil puissant qui vous lib\u00e8re des t\u00e2ches manuelles fastidieuses en connectant automatiquement plus de 1000 applications diff\u00e9rentes. Par exemple, les contacts acquis via HubSpot Wifi seront automatiquement import\u00e9s dans la plate-forme ADA o\u00f9 ils resteront disponibles pour une utilisation ult\u00e9rieure.<\/p>\n<p>[\/vc_column_text][\/vc_column][vc_column width=\u00a0\u00bb1\/3&Prime;][vc_single_image image=\u00a0\u00bb5326&Prime; alignment=\u00a0\u00bbcenter\u00a0\u00bb][vc_column_text]<\/p>\n<p style=\"text-align: center;\"><strong>SIMPLICIT\u00c9 DE GESTION<br \/>\n<\/strong>Pour connecter ADA \u00e0 un syst\u00e8me ou une application CRM externe, il vous suffit d&rsquo;ajouter un compte Zapier \u00e0 votre compte ADA existant. Connectez-vous au r\u00e9pertoire Zapier, s\u00e9lectionnez l&rsquo;application que vous souhaitez communiquer avec ADA et cr\u00e9ez un \u00ab\u00a0Zap\u00a0\u00bb, c&rsquo;est-\u00e0-dire un flux de donn\u00e9es automatique entre les deux logiciels.<\/p>\n<p>[\/vc_column_text][\/vc_column][\/vc_row][vc_row][vc_column width=\u00a0\u00bb1\/2&Prime;][vc_column_text]<\/p>\n<h2><strong>Ouvrez ADA au\u00a0<em>monde<\/em><\/strong><\/h2>\n<p>Optimisez votre travail en connectant ADA \u00e0 d\u2019autres logiciels. Il y a plus de 1000 applications \u00e0 connecter \u00e0 votre compte, ce ne sont que quelques-unes des CRM les plus populaires, pr\u00eats pour l\u2019int\u00e9gration.[\/vc_column_text][\/vc_column][vc_column width=\u00a0\u00bb1\/2&Prime;][vc_single_image image=\u00a0\u00bb5318&Prime; img_size=\u00a0\u00bbfull\u00a0\u00bb alignment=\u00a0\u00bbright\u00a0\u00bb][\/vc_column][\/vc_row]<\/p>\n","protected":false},"excerpt":{"rendered":"<p>[vc_row][vc_column][vc_column_text] Int\u00e9gration avec\u00a0Zapier [\/vc_column_text][\/vc_column][\/vc_row][vc_row][vc_column width=\u00a0\u00bb1\/2&Prime;][vc_column_text]L\u2019optimisation du travail quotidien d\u00e9pend souvent de la capacit\u00e9 de g\u00e9rer simultan\u00e9ment diff\u00e9rentes activit\u00e9s et d\u2019int\u00e9grer tout logiciel n\u00e9cessaire pour les r\u00e9aliser. Gr\u00e2ce \u00e0 l\u2019int\u00e9gration de Zapier, vous pouvez d\u00e9sormais connecter votre compte ADA \u00e0 plus de 1 000 applications professionnelles afin d\u2019automatiser les processus de partage de donn\u00e9es. Tirez le [&hellip;]<\/p>\n","protected":false},"author":1,"featured_media":0,"parent":0,"menu_order":0,"comment_status":"closed","ping_status":"closed","template":"","meta":{"om_disable_all_campaigns":false},"_links":{"self":[{"href":"https:\/\/www.adaoncloud.com\/fr\/wp-json\/wp\/v2\/pages\/5312"}],"collection":[{"href":"https:\/\/www.adaoncloud.com\/fr\/wp-json\/wp\/v2\/pages"}],"about":[{"href":"https:\/\/www.adaoncloud.com\/fr\/wp-json\/wp\/v2\/types\/page"}],"author":[{"embeddable":true,"href":"https:\/\/www.adaoncloud.com\/fr\/wp-json\/wp\/v2\/users\/1"}],"replies":[{"embeddable":true,"href":"https:\/\/www.adaoncloud.com\/fr\/wp-json\/wp\/v2\/comments?post=5312"}],"version-history":[{"count":15,"href":"https:\/\/www.adaoncloud.com\/fr\/wp-json\/wp\/v2\/pages\/5312\/revisions"}],"predecessor-version":[{"id":5341,"href":"https:\/\/www.adaoncloud.com\/fr\/wp-json\/wp\/v2\/pages\/5312\/revisions\/5341"}],"wp:attachment":[{"href":"https:\/\/www.adaoncloud.com\/fr\/wp-json\/wp\/v2\/media?parent=5312"}],"curies":[{"name":"wp","href":"https:\/\/api.w.org\/{rel}","templated":true}]}}