{"id":63,"date":"2020-10-26T17:12:40","date_gmt":"2020-10-26T16:12:40","guid":{"rendered":"https:\/\/www.adaoncloud.com\/fr\/porque-ada\/"},"modified":"2021-07-19T14:14:47","modified_gmt":"2021-07-19T12:14:47","slug":"pourquoi-ada","status":"publish","type":"page","link":"https:\/\/www.adaoncloud.com\/fr\/pourquoi-ada\/","title":{"rendered":"POURQUOI ADA"},"content":{"rendered":"<p>[vc_row full_width=\u00a0\u00bbstretch_row_content_no_spaces\u00a0\u00bb equal_height=\u00a0\u00bbyes\u00a0\u00bb rtl_reverse=\u00a0\u00bbyes\u00a0\u00bb content_placement=\u00a0\u00bbtop\u00a0\u00bb][vc_column width=\u00a0\u00bb1\/3&Prime;][vc_custom_heading text=\u00a0\u00bbVenez<br \/>\nConfiez-nous<br \/>\nGagnez\u00a0\u00bb font_container=\u00a0\u00bbtag:h1|font_size:55px|text_align:left|color:%23083944&Prime; use_theme_fonts=\u00a0\u00bbyes\u00a0\u00bb css_animation=\u00a0\u00bbfadeInDown\u00a0\u00bb][vc_column_text css_animation=\u00a0\u00bbfadeInUp\u00a0\u00bb el_class=\u00a0\u00bbparagrafo padding10 font15&Prime;]<\/p>\n<h4>Notre mission<\/h4>\n<p>Nous aidons les sp\u00e9cialistes du marketing \u00e0 obtenir les meilleurs r\u00e9sultats pour leurs clients, rapidement et efficacement.[\/vc_column_text][vc_btn title=\u00a0\u00bbESSAI GRATUIT\u00a0\u00bb style=\u00a0\u00bbcustom\u00a0\u00bb custom_background=\u00a0\u00bb#9c495d\u00a0\u00bb custom_text=\u00a0\u00bb#ffffff\u00a0\u00bb shape=\u00a0\u00bbround\u00a0\u00bb size=\u00a0\u00bblg\u00a0\u00bb align=\u00a0\u00bbleft\u00a0\u00bb css_animation=\u00a0\u00bbfadeInUp\u00a0\u00bb link=\u00a0\u00bburl:%2Ffr%2Fpricing%2F\u00a0\u00bb][\/vc_column][vc_column width=\u00a0\u00bb2\/3&Prime; css=\u00a0\u00bb.vc_custom_1624477396783{background-image: url(https:\/\/www.adaoncloud.com\/fr\/wp-content\/uploads\/sites\/11\/2021\/06\/ada-man-pc.png?id=162) !important;background-position: center !important;background-repeat: no-repeat !important;background-size: contain !important;}\u00a0\u00bb][vc_single_image image=\u00a0\u00bb162&Prime; img_size=\u00a0\u00bbfull\u00a0\u00bb alignment=\u00a0\u00bbright\u00a0\u00bb el_class=\u00a0\u00bbvisible-hidden\u00a0\u00bb][\/vc_column][\/vc_row][vc_row content_placement=\u00a0\u00bbbottom\u00a0\u00bb css=\u00a0\u00bb.vc_custom_1607332715541{margin-top: 0px !important;margin-bottom: 0px !important;}\u00a0\u00bb el_class=\u00a0\u00bbcabecera\u00a0\u00bb][vc_column][vc_row_inner content_placement=\u00a0\u00bbbottom\u00a0\u00bb][vc_column_inner width=\u00a0\u00bb2\/6&Prime;][vc_column_text]<\/p>\n<div style=\"display: none;\">\n<p><strong>Esto el es motivo por el cual ha nacido\u00a0ADAonCloud, ayudar a los\u00a0marketeros\u00a0de forma r\u00e1pida y eficaz de hacer el mejor Marketing para conseguir nuevos clientes.<\/strong><\/p>\n<p>Hemos creado e integrado todas <b>las herramientas mas potente<\/b> del mercado, las hemos <b>metido en un \u00fanica plataforma<\/b>, y hemos dado importancia a <b>la sencillez de uso,<\/b> para que trabajando pueda optimizar los tiempos, aumentar la productividad de tus campa\u00f1as,\u00a0diminuir\u00a0costes y transformar los clientes en clientes fidelizados.<\/div>\n<p>[\/vc_column_text][vc_custom_heading text=\u00a0\u00bbBienvenus aux Marketeurs !\u00a0\u00bb font_container=\u00a0\u00bbtag:h1|font_size:55px|text_align:center|color:%23083944&Prime; use_theme_fonts=\u00a0\u00bbyes\u00a0\u00bb][\/vc_column_inner][vc_column_inner width=\u00a0\u00bb1\/6&Prime;][\/vc_column_inner][vc_column_inner width=\u00a0\u00bb3\/6&Prime;][vc_empty_space height=\u00a0\u00bb60px\u00a0\u00bb][vc_column_text]<span style=\"font-weight: 400;\">En ces temps de grande comp\u00e9titivit\u00e9, le consommateur est de plus en plus actif et exigeant. En r\u00e9ponse \u00e0 la n\u00e9cessit\u00e9 d&rsquo;acqu\u00e9rir des solutions accessibles \u00e0 tous et adaptables aux diff\u00e9rentes strat\u00e9gies de marketing, <strong>ADA int\u00e8gre tous les outils les plus puissants du march\u00e9 dans une seule plateforme.<\/strong><br \/>\nSa facilit\u00e9 d&rsquo;utilisation permet d&rsquo;optimiser la productivit\u00e9, d&rsquo;augmenter et d&rsquo;am\u00e9liorer les r\u00e9sultats des campagnes et de r\u00e9duire les co\u00fbts g\u00e9n\u00e9raux.<\/span>[\/vc_column_text][\/vc_column_inner][\/vc_row_inner][vc_row_inner css=\u00a0\u00bb.vc_custom_1625835513177{margin-bottom: -30px !important;}\u00a0\u00bb][vc_column_inner width=\u00a0\u00bb2\/6&Prime;][vc_single_image image=\u00a0\u00bb293&Prime; img_size=\u00a0\u00bbmedium\u00a0\u00bb alignment=\u00a0\u00bbright\u00a0\u00bb css_animation=\u00a0\u00bbslideInLeft\u00a0\u00bb css=\u00a0\u00bb.vc_custom_1626696886604{margin-bottom: -32px !important;padding-bottom: 0px !important;}\u00a0\u00bb][\/vc_column_inner][vc_column_inner width=\u00a0\u00bb1\/6&Prime;][vc_empty_space height=\u00a0\u00bb40px\u00a0\u00bb][vc_column_text css_animation=\u00a0\u00bbfadeInUp\u00a0\u00bb]<\/p>\n<h5 style=\"margin-bottom: 0px; text-transform: none; color: #9c495d;\"><strong>Massimiliano Brigida<\/strong><\/h5>\n<p><sup>CEO &amp; Co-Fondateur<\/sup>[\/vc_column_text][\/vc_column_inner][vc_column_inner width=\u00a0\u00bb3\/6&Prime;][vc_column_text]<span style=\"font-weight: 400;\">Avec ADA, vous pouvez <strong>cr\u00e9er des contenus pour mobile, les distribuer sur plusieurs canaux<\/strong>, mesurer les r\u00e9sultats des campagnes et optimiser tous les processus gr\u00e2ce \u00e0 des <strong>solutions d&rsquo;intelligence artificielle.<\/strong><\/span>[\/vc_column_text][\/vc_column_inner][\/vc_row_inner][\/vc_column][\/vc_row][vc_section full_width=\u00a0\u00bbstretch_row\u00a0\u00bb css=\u00a0\u00bb.vc_custom_1625835499546{padding-top: 40px !important;background-color: #03a69e !important;}\u00a0\u00bb][vc_row][vc_column][vc_single_image image=\u00a0\u00bb173&Prime; img_size=\u00a0\u00bbmedium\u00a0\u00bb css_animation=\u00a0\u00bbflipInY\u00a0\u00bb][vc_column_text el_class=\u00a0\u00bbblanco\u00a0\u00bb]<\/p>\n<h4 style=\"color: #ffffff!important;\">ADA est id\u00e9al pour promouvoir nos \u00e9v\u00e9nements et nos campagnes promotionnelles. Nous g\u00e9n\u00e9rons des prospects \u00e0 l&rsquo;aide de Landing AMP et de QR Codes. Les contacts qui interagissent sont enregistr\u00e9s dans la Customer Data Platform, qui nous permet d&rsquo;envoyer des newsletters \u00e0 des groupes ou segments de public pr\u00e9cis, ou de mettre en place des flux de Marketing Automation. Tout cela c\u2019est possible gr\u00e2ce \u00e0 ADA dans une solution simple, rapide et unique.<\/h4>\n<p><sub class=\"citado\" style=\"color: #ffffff!important;\"><strong>Anne Scheel<\/strong> | <em>Marketing Bridgestone<\/em><\/sub>[\/vc_column_text][\/vc_column][\/vc_row][\/vc_section][vc_row][vc_column][vc_empty_space][vc_separator][\/vc_column][\/vc_row][vc_row][vc_column][vc_custom_heading text=\u00a0\u00bbRejoignez-nous\u00a0\u00bb font_container=\u00a0\u00bbtag:h1|font_size:43px|text_align:center|color:%23083944|line_height:60px\u00a0\u00bb use_theme_fonts=\u00a0\u00bbyes\u00a0\u00bb css_animation=\u00a0\u00bbfadeInDown\u00a0\u00bb css=\u00a0\u00bb.vc_custom_1624478266989{margin-top: 4% !important;}\u00a0\u00bb][vc_column_text css_animation=\u00a0\u00bbfadeInDown\u00a0\u00bb css=\u00a0\u00bb.vc_custom_1624478284848{margin-bottom: 2% !important;}\u00a0\u00bb]<\/p>\n<p style=\"text-align: center;\">Commencez \u00e0 r\u00e9volutionner votre entreprise avec les conseils de l\u2019un de nos experts.<\/p>\n<p>[\/vc_column_text][vc_btn title=\u00a0\u00bbESSAI GRATUIT\u00a0\u00bb style=\u00a0\u00bbcustom\u00a0\u00bb custom_background=\u00a0\u00bb#9c495d\u00a0\u00bb custom_text=\u00a0\u00bb#ffffff\u00a0\u00bb shape=\u00a0\u00bbround\u00a0\u00bb size=\u00a0\u00bblg\u00a0\u00bb align=\u00a0\u00bbcenter\u00a0\u00bb css_animation=\u00a0\u00bbfadeInUp\u00a0\u00bb link=\u00a0\u00bburl:%2Ffr%2Fpricing%2F\u00a0\u00bb][\/vc_column][\/vc_row][vc_row][vc_column][vc_separator][\/vc_column][\/vc_row][vc_row el_class=\u00a0\u00bbbottomMenu\u00a0\u00bb][vc_column width=\u00a0\u00bb1\/3&Prime; el_class=\u00a0\u00bbbottomMenu\u00a0\u00bb][vc_btn title=\u00a0\u00bbLive webinar | Inscr\u00edbete gratis\u00a0\u00bb style=\u00a0\u00bbcustom\u00a0\u00bb custom_background=\u00a0\u00bb#9c495d\u00a0\u00bb custom_text=\u00a0\u00bb#ffffff\u00a0\u00bb shape=\u00a0\u00bbround\u00a0\u00bb size=\u00a0\u00bbxs\u00a0\u00bb align=\u00a0\u00bbleft\u00a0\u00bb i_icon_fontawesome=\u00a0\u00bbfas fa-circle\u00a0\u00bb css_animation=\u00a0\u00bbnone\u00a0\u00bb add_icon=\u00a0\u00bbtrue\u00a0\u00bb css=\u00a0\u00bb.vc_custom_1616062879457{margin-top: 2% !important;}\u00a0\u00bb el_id=\u00a0\u00bbwebinar-btn\u00a0\u00bb link=\u00a0\u00bburl:%2Fes%2Fwebinars%2F\u00a0\u00bb][\/vc_column][vc_column width=\u00a0\u00bb1\/3&Prime;][\/vc_column][vc_column width=\u00a0\u00bb1\/3&Prime;][\/vc_column][\/vc_row]<\/p>\n","protected":false},"excerpt":{"rendered":"<p>[vc_row full_width=\u00a0\u00bbstretch_row_content_no_spaces\u00a0\u00bb equal_height=\u00a0\u00bbyes\u00a0\u00bb rtl_reverse=\u00a0\u00bbyes\u00a0\u00bb content_placement=\u00a0\u00bbtop\u00a0\u00bb][vc_column width=\u00a0\u00bb1\/3&Prime;][vc_custom_heading text=\u00a0\u00bbVenez Confiez-nous Gagnez\u00a0\u00bb font_container=\u00a0\u00bbtag:h1|font_size:55px|text_align:left|color:%23083944&Prime; use_theme_fonts=\u00a0\u00bbyes\u00a0\u00bb css_animation=\u00a0\u00bbfadeInDown\u00a0\u00bb][vc_column_text css_animation=\u00a0\u00bbfadeInUp\u00a0\u00bb el_class=\u00a0\u00bbparagrafo padding10 font15&Prime;] Notre mission Nous aidons les sp\u00e9cialistes du marketing \u00e0 obtenir les meilleurs r\u00e9sultats pour leurs clients, rapidement et efficacement.[\/vc_column_text][vc_btn title=\u00a0\u00bbESSAI GRATUIT\u00a0\u00bb style=\u00a0\u00bbcustom\u00a0\u00bb custom_background=\u00a0\u00bb#9c495d\u00a0\u00bb custom_text=\u00a0\u00bb#ffffff\u00a0\u00bb shape=\u00a0\u00bbround\u00a0\u00bb size=\u00a0\u00bblg\u00a0\u00bb align=\u00a0\u00bbleft\u00a0\u00bb css_animation=\u00a0\u00bbfadeInUp\u00a0\u00bb link=\u00a0\u00bburl:%2Ffr%2Fpricing%2F\u00a0\u00bb][\/vc_column][vc_column width=\u00a0\u00bb2\/3&Prime; css=\u00a0\u00bb.vc_custom_1624477396783{background-image: url(https:\/\/www.adaoncloud.com\/fr\/wp-content\/uploads\/sites\/11\/2021\/06\/ada-man-pc.png?id=162) !important;background-position: center !important;background-repeat: no-repeat !important;background-size: contain !important;}\u00a0\u00bb][vc_single_image [&hellip;]<\/p>\n","protected":false},"author":1,"featured_media":0,"parent":0,"menu_order":0,"comment_status":"closed","ping_status":"closed","template":"","meta":{"om_disable_all_campaigns":false},"_links":{"self":[{"href":"https:\/\/www.adaoncloud.com\/fr\/wp-json\/wp\/v2\/pages\/63"}],"collection":[{"href":"https:\/\/www.adaoncloud.com\/fr\/wp-json\/wp\/v2\/pages"}],"about":[{"href":"https:\/\/www.adaoncloud.com\/fr\/wp-json\/wp\/v2\/types\/page"}],"author":[{"embeddable":true,"href":"https:\/\/www.adaoncloud.com\/fr\/wp-json\/wp\/v2\/users\/1"}],"replies":[{"embeddable":true,"href":"https:\/\/www.adaoncloud.com\/fr\/wp-json\/wp\/v2\/comments?post=63"}],"version-history":[{"count":25,"href":"https:\/\/www.adaoncloud.com\/fr\/wp-json\/wp\/v2\/pages\/63\/revisions"}],"predecessor-version":[{"id":450,"href":"https:\/\/www.adaoncloud.com\/fr\/wp-json\/wp\/v2\/pages\/63\/revisions\/450"}],"wp:attachment":[{"href":"https:\/\/www.adaoncloud.com\/fr\/wp-json\/wp\/v2\/media?parent=63"}],"curies":[{"name":"wp","href":"https:\/\/api.w.org\/{rel}","templated":true}]}}