{"id":42,"date":"2020-12-09T16:56:29","date_gmt":"2020-12-09T15:56:29","guid":{"rendered":"https:\/\/www.adaoncloud.com\/it\/customer-data-platform-cdp\/"},"modified":"2022-10-03T16:46:52","modified_gmt":"2022-10-03T14:46:52","slug":"customer-data-platform-cdp","status":"publish","type":"page","link":"https:\/\/www.adaoncloud.com\/it\/customer-data-platform-cdp\/","title":{"rendered":"Customer Data Platform (CDP)"},"content":{"rendered":"<p>[vc_row full_width=&#8221;stretch_row_content_no_spaces&#8221; equal_height=&#8221;yes&#8221; rtl_reverse=&#8221;yes&#8221; content_placement=&#8221;top&#8221;][vc_column width=&#8221;1\/3&#8243;][vc_custom_heading text=&#8221;Gestisci<br \/>\nProfila<br \/>\nSegmenta&#8221; font_container=&#8221;tag:h1|font_size:70px|text_align:left|color:%23083944&#8243; use_theme_fonts=&#8221;yes&#8221; css_animation=&#8221;fadeInDown&#8221;][vc_column_text css_animation=&#8221;fadeInUp&#8221; el_class=&#8221;paragrafo padding10 font15&#8243;]<\/p>\n<h4>Customer Data Plataform (CDP)<\/h4>\n<p><span style=\"font-weight: 400;\">Raccogli e gestisci, in un unico luogo, i dati acquisiti da pi\u00f9 canali. Inoltre, profili in dettaglio ciascun contatto e ottimizzi le tue campagne marketing grazie ad una vista unica sugli utenti.<\/span><br \/>\n[\/vc_column_text][vc_btn title=&#8221;PROVA GRATIS&#8221; style=&#8221;custom&#8221; custom_background=&#8221;#9c495d&#8221; custom_text=&#8221;#ffffff&#8221; shape=&#8221;round&#8221; size=&#8221;lg&#8221; align=&#8221;left&#8221; css_animation=&#8221;fadeInUp&#8221; link=&#8221;url:%2Fit%2Fpricing%2F&#8221;][\/vc_column][vc_column width=&#8221;2\/3&#8243; css=&#8221;.vc_custom_1622815697104{background-image: url(https:\/\/www.adaoncloud.com\/it\/wp-content\/uploads\/sites\/10\/2021\/06\/cdp-testimonial.png?id=224) !important;background-position: center !important;background-repeat: no-repeat !important;background-size: contain !important;}&#8221;][vc_single_image image=&#8221;224&#8243; img_size=&#8221;full&#8221; alignment=&#8221;right&#8221; el_class=&#8221;visible-hidden&#8221;][\/vc_column][\/vc_row][vc_section full_width=&#8221;stretch_row&#8221; css=&#8221;.vc_custom_1605103445882{margin-bottom: 0px !important;padding-bottom: 0px !important;background-color: #ffffff !important;}&#8221;][vc_row full_width=&#8221;stretch_row&#8221; css=&#8221;.vc_custom_1664808344316{padding-top: 3% !important;padding-right: 0px !important;padding-bottom: 3% !important;padding-left: 0px !important;background-color: #f8f8f8 !important;}&#8221; el_class=&#8221;hidden-sm hidden-xs&#8221;][vc_column width=&#8221;1\/12&#8243; css=&#8221;.vc_custom_1605084525184{padding-right: 5% !important;padding-left: 5% !important;}&#8221;][\/vc_column][vc_column width=&#8221;4\/12&#8243; css=&#8221;.vc_custom_1610560406269{padding-right: 3% !important;}&#8221;][vc_empty_space height=&#8221;35px&#8221;][vc_empty_space height=&#8221;35px&#8221;][vc_column_text el_class=&#8221;listado&#8221;]<\/p>\n<h3>La gestione dei dati con una marcia in pi\u00f9<\/h3>\n<p>[\/vc_column_text][vc_column_text el_class=&#8221;listado&#8221;]<span style=\"font-weight: 400;\"><br \/>\nIn un mercato che vede il cliente al centro del business, i dati sono un patrimonio inestimabile. Avere una visione unificata di tutte le informazioni sugli utenti, raccolte e organizzate, diventa l\u2019asso nella manica per massimizzare i risultati di ogni campagna di comunicazione.<\/span>[\/vc_column_text][vc_btn title=&#8221;PROVA GRATIS&#8221; style=&#8221;custom&#8221; custom_background=&#8221;#9c495d&#8221; custom_text=&#8221;#ffffff&#8221; shape=&#8221;round&#8221; size=&#8221;lg&#8221; align=&#8221;left&#8221; link=&#8221;url:%2Fit%2Fpricing%2F|title:PROVA%20GRATIS&#8221; el_class=&#8221;land-btn&#8221;][\/vc_column][vc_column width=&#8221;1\/12&#8243;][\/vc_column][vc_column width=&#8221;5\/12&#8243; css=&#8221;.vc_custom_1611221799567{background-image: url(https:\/\/www.www.adaoncloud.com\/es\/wp-content\/uploads\/sites\/2\/2021\/01\/cap-plat-1.jpg?id=1168) !important;background-position: center !important;background-repeat: no-repeat !important;background-size: contain !important;}&#8221;][vc_single_image image=&#8221;418&#8243; img_size=&#8221;full&#8221;][\/vc_column][vc_column width=&#8221;1\/12&#8243;][\/vc_column][\/vc_row][vc_row full_width=&#8221;stretch_row&#8221; css=&#8221;.vc_custom_1664808353585{padding-top: 3% !important;padding-right: 0px !important;padding-bottom: 3% !important;padding-left: 0px !important;background-color: #f8f8f8 !important;}&#8221; el_class=&#8221;hidden-lg hidden-md&#8221;][vc_column width=&#8221;1\/12&#8243; css=&#8221;.vc_custom_1605084525184{padding-right: 5% !important;padding-left: 5% !important;}&#8221;][\/vc_column][vc_column width=&#8221;5\/12&#8243; css=&#8221;.vc_custom_1611221799567{background-image: url(https:\/\/www.www.adaoncloud.com\/es\/wp-content\/uploads\/sites\/2\/2021\/01\/cap-plat-1.jpg?id=1168) !important;background-position: center !important;background-repeat: no-repeat !important;background-size: contain !important;}&#8221;][vc_single_image image=&#8221;418&#8243; img_size=&#8221;full&#8221;][\/vc_column][vc_column width=&#8221;1\/12&#8243;][\/vc_column][vc_column width=&#8221;5\/12&#8243; css=&#8221;.vc_custom_1610560406269{padding-right: 3% !important;}&#8221;][vc_empty_space height=&#8221;35px&#8221;][vc_column_text el_class=&#8221;listado&#8221;]<\/p>\n<h3>La gestione dei dati con una marcia in pi\u00f9<\/h3>\n<p>[\/vc_column_text][vc_column_text el_class=&#8221;listado&#8221;]<span style=\"font-weight: 400;\">OIn un mercato che vede il cliente al centro del business, i dati sono un patrimonio inestimabile. Avere una visione unificata di tutte le informazioni sugli utenti, raccolte e organizzate, diventa l\u2019asso nella manica per massimizzare i risultati di ogni campagna di comunicazione.<\/span>[\/vc_column_text][vc_btn title=&#8221;PROVA GRATIS&#8221; style=&#8221;custom&#8221; custom_background=&#8221;#9c495d&#8221; custom_text=&#8221;#ffffff&#8221; shape=&#8221;round&#8221; size=&#8221;lg&#8221; align=&#8221;left&#8221; link=&#8221;url:%2Fit%2Fpricing%2F|title:PROVA%20GRATIS&#8221; el_class=&#8221;land-btn&#8221;][\/vc_column][\/vc_row][vc_row full_width=&#8221;stretch_row&#8221; equal_height=&#8221;yes&#8221; content_placement=&#8221;top&#8221; css=&#8221;.vc_custom_1664808361162{margin-right: 0px !important;margin-left: 0px !important;padding-top: 3% !important;padding-right: 0px !important;padding-bottom: 3% !important;padding-left: 0px !important;}&#8221;][vc_column width=&#8221;1\/12&#8243;][\/vc_column][vc_column width=&#8221;6\/12&#8243; css=&#8221;.vc_custom_1616688481420{padding-right: 0px !important;padding-left: 0px !important;background-image: url(https:\/\/www.www.adaoncloud.com\/wp-content\/uploads\/2021\/03\/customerdata-2.png?id=7328) !important;background-position: center !important;background-repeat: no-repeat !important;background-size: contain !important;}&#8221;][vc_single_image image=&#8221;426&#8243; img_size=&#8221;full&#8221; alignment=&#8221;center&#8221;][\/vc_column][vc_column width=&#8221;1\/12&#8243;][\/vc_column][vc_column width=&#8221;4\/12&#8243;][vc_empty_space height=&#8221;35px&#8221;][vc_column_text]<\/p>\n<h3>Impara a conoscere i tuoi clienti e a massimizzare i tuoi sforzi<\/h3>\n<p>Con la Customer Data Platform avrai tutte le funzionalit\u00e0 del classico CRM ma con un importante vantaggio in pi\u00f9: la possibilit\u00e0 di creare un profilo accurato di ogni utente, unificando i dati e le informazioni provenienti da pi\u00f9 fonti.<\/p>\n<p>In questo modo conoscerai ogni minimo dettaglio delle persone a cui ti rivolgi e potrai indirizzare a ciascuna di loro la comunicazione migliore, risparmiando tempo e denaro.[\/vc_column_text][vc_btn title=&#8221;PROVA GRATIS&#8221; style=&#8221;custom&#8221; custom_background=&#8221;#9c495d&#8221; custom_text=&#8221;#ffffff&#8221; shape=&#8221;round&#8221; size=&#8221;lg&#8221; align=&#8221;left&#8221; link=&#8221;url:%2Fit%2Fpricing%2F|title:PROVA%20GRATIS&#8221; el_class=&#8221;land-btn&#8221;][\/vc_column][\/vc_row][vc_row full_width=&#8221;stretch_row_content&#8221; css=&#8221;.vc_custom_1615390778028{padding-top: 30px !important;background-color: #1f9f97 !important;}&#8221;][vc_column][vc_row_inner css=&#8221;.vc_custom_1615390527374{padding-bottom: -20px !important;}&#8221;][vc_column_inner width=&#8221;1\/2&#8243;][vc_empty_space height=&#8221;35px&#8221;][vc_single_image image=&#8221;1607&#8243; img_size=&#8221;medium&#8221; css_animation=&#8221;flipInY&#8221;][vc_column_text]<\/p>\n<h4 style=\"color: #ffffff!important;\">Con la Customer Data Platform (CDP) possiamo gestire il nostro database e quello dei nostri clienti in modo semplice ed efficace, ottenendo grandi risultati.<\/h4>\n<p><sub class=\"citado\" style=\"color: #ffffff!important;\"><strong>Francisco Garc\u00eda<\/strong> | <em>CEO Good Sociale Media<\/em><\/sub>[\/vc_column_text][\/vc_column_inner][vc_column_inner width=&#8221;1\/2&#8243; css=&#8221;.vc_custom_1615390551314{padding-bottom: -20px !important;}&#8221;][vc_single_image image=&#8221;226&#8243; img_size=&#8221;full&#8221;][\/vc_column_inner][\/vc_row_inner][\/vc_column][\/vc_row][vc_row full_width=&#8221;stretch_row&#8221; css=&#8221;.vc_custom_1624025073295{padding-top: 3% !important;padding-right: 0px !important;padding-bottom: 3% !important;padding-left: 0px !important;background-color: #f8f8f8 !important;}&#8221; el_class=&#8221;hidden-sm hidden-xs&#8221;][vc_column width=&#8221;1\/12&#8243; css=&#8221;.vc_custom_1605084525184{padding-right: 5% !important;padding-left: 5% !important;}&#8221;][\/vc_column][vc_column width=&#8221;4\/12&#8243; css=&#8221;.vc_custom_1610560406269{padding-right: 3% !important;}&#8221;][vc_empty_space height=&#8221;35px&#8221;][vc_column_text el_class=&#8221;listado&#8221;]<\/p>\n<h3>Profilazione avanzata<\/h3>\n<p>[\/vc_column_text][vc_column_text]Aumenta le tue capacit\u00e0 di gestione in modo semplice e intuitivo.<br \/>\nAssegna a ciascun contatto le propriet\u00e0 e le caratteristiche che desideri per tracciarne un profilo dettagliato. Avrai una visione completa sull\u2019anagrafica, le preferenze, gli interessi, i profili social ed ogni altro aspetto che ti interessa conoscere.[\/vc_column_text][vc_btn title=&#8221;PROVA GRATIS&#8221; style=&#8221;custom&#8221; custom_background=&#8221;#9c495d&#8221; custom_text=&#8221;#ffffff&#8221; shape=&#8221;round&#8221; size=&#8221;lg&#8221; align=&#8221;left&#8221; link=&#8221;url:%2Fit%2Fpricing%2F|title:PROVA%20GRATIS&#8221; el_class=&#8221;land-btn&#8221;][\/vc_column][vc_column width=&#8221;1\/12&#8243;][\/vc_column][vc_column width=&#8221;5\/12&#8243;][vc_single_image image=&#8221;434&#8243; img_size=&#8221;full&#8221;][\/vc_column][vc_column width=&#8221;1\/12&#8243;][\/vc_column][\/vc_row][vc_row full_width=&#8221;stretch_row&#8221; css=&#8221;.vc_custom_1624025064677{padding-top: 3% !important;padding-right: 0px !important;padding-bottom: 3% !important;padding-left: 0px !important;background-color: #f8f8f8 !important;}&#8221; el_class=&#8221;hidden-lg hidden-md&#8221;][vc_column width=&#8221;1\/12&#8243; css=&#8221;.vc_custom_1605084525184{padding-right: 5% !important;padding-left: 5% !important;}&#8221;][\/vc_column][vc_column width=&#8221;5\/12&#8243;][vc_single_image image=&#8221;434&#8243; img_size=&#8221;full&#8221;][\/vc_column][vc_column width=&#8221;1\/12&#8243;][\/vc_column][vc_column width=&#8221;4\/12&#8243; css=&#8221;.vc_custom_1610560406269{padding-right: 3% !important;}&#8221;][vc_empty_space height=&#8221;35px&#8221;][vc_column_text el_class=&#8221;listado&#8221;]<\/p>\n<h3>Profilazione avanzata<\/h3>\n<p>[\/vc_column_text][vc_column_text]Aumenta le tue capacit\u00e0 di gestione in modo semplice e intuitivo.<br \/>\nAssegna a ciascun contatto le propriet\u00e0 e le caratteristiche che desideri per tracciarne un profilo dettagliato. Avrai una visione completa sull\u2019anagrafica, le preferenze, gli interessi, i profili social ed ogni altro aspetto che ti interessa conoscere.[\/vc_column_text][vc_btn title=&#8221;PROVA GRATIS&#8221; style=&#8221;custom&#8221; custom_background=&#8221;#9c495d&#8221; custom_text=&#8221;#ffffff&#8221; shape=&#8221;round&#8221; size=&#8221;lg&#8221; align=&#8221;left&#8221; link=&#8221;url:%2Fit%2Fpricing%2F|title:PROVA%20GRATIS&#8221; el_class=&#8221;land-btn&#8221;][\/vc_column][vc_column width=&#8221;1\/12&#8243;][\/vc_column][\/vc_row][vc_row full_width=&#8221;stretch_row&#8221; equal_height=&#8221;yes&#8221; content_placement=&#8221;middle&#8221; css=&#8221;.vc_custom_1664808387058{margin-right: 0px !important;margin-left: 0px !important;padding-top: 3% !important;padding-right: 0px !important;padding-bottom: 3% !important;padding-left: 0px !important;}&#8221;][vc_column width=&#8221;6\/12&#8243; css=&#8221;.vc_custom_1616688879004{padding-right: 0px !important;padding-left: 0px !important;background-image: url(https:\/\/www.www.adaoncloud.com\/wp-content\/uploads\/2021\/03\/customerdata-4.png?id=7326) !important;background-position: center !important;background-repeat: no-repeat !important;background-size: cover !important;}&#8221;][vc_single_image image=&#8221;440&#8243; img_size=&#8221;full&#8221;][\/vc_column][vc_column width=&#8221;1\/12&#8243; css=&#8221;.vc_custom_1605002971813{padding-right: 5% !important;padding-left: 5% !important;}&#8221;][\/vc_column][vc_column width=&#8221;4\/12&#8243;][vc_empty_space height=&#8221;35px&#8221;][vc_empty_space height=&#8221;35px&#8221;][vc_column_text]<\/p>\n<h3>Segmentazione dei pubblici<\/h3>\n<div>\n<p>Crea segmenti dinamici di utenti (profili) con caratteristiche omogenee per rendere le tue campagne marketing sempre pi\u00f9 performanti. Avrai in ogni momento un\u2019idea chiara e precisa del target a cui indirizzare le tue comunicazioni fatte su misura e risparmierai tempo e risorse.<\/p><\/div>\n<p>[\/vc_column_text][vc_btn title=&#8221;PROVA GRATIS&#8221; style=&#8221;custom&#8221; custom_background=&#8221;#9c495d&#8221; custom_text=&#8221;#ffffff&#8221; shape=&#8221;round&#8221; size=&#8221;lg&#8221; align=&#8221;left&#8221; link=&#8221;url:%2Fit%2Fpricing%2F|title:PROVA%20GRATIS&#8221; el_class=&#8221;land-btn&#8221;][vc_empty_space height=&#8221;35px&#8221;][\/vc_column][vc_column width=&#8221;1\/12&#8243;][\/vc_column][\/vc_row][vc_row full_width=&#8221;stretch_row&#8221; css=&#8221;.vc_custom_1664808401027{padding-top: 3% !important;padding-right: 0px !important;padding-bottom: 3% !important;padding-left: 0px !important;background-color: #f8f8f8 !important;}&#8221; el_class=&#8221;hidden-sm hidden-xs&#8221;][vc_column width=&#8221;1\/12&#8243; css=&#8221;.vc_custom_1605084525184{padding-right: 5% !important;padding-left: 5% !important;}&#8221;][\/vc_column][vc_column width=&#8221;4\/12&#8243; css=&#8221;.vc_custom_1610560406269{padding-right: 3% !important;}&#8221;][vc_empty_space height=&#8221;35px&#8221;][vc_column_text el_class=&#8221;listado&#8221;]<\/p>\n<h3>Acquisizione da pi\u00f9 fonti<\/h3>\n<p>Raggruppa e gestisci da un\u2019unica dashboard i dati e provenienti da ogni campagna di Lead Generation: da Facebook Ads al tuo sito web, dalle Landing Page al ChatBot, qualunque sia il canale che utilizzi puoi integrarlo con la Customer Data Platform.[\/vc_column_text][vc_btn title=&#8221;PROVA GRATIS&#8221; style=&#8221;custom&#8221; custom_background=&#8221;#9c495d&#8221; custom_text=&#8221;#ffffff&#8221; shape=&#8221;round&#8221; size=&#8221;lg&#8221; align=&#8221;left&#8221; link=&#8221;url:%2Fit%2Fpricing%2F|title:PROVA%20GRATIS&#8221; el_class=&#8221;land-btn&#8221;][\/vc_column][vc_column width=&#8221;1\/12&#8243;][\/vc_column][vc_column width=&#8221;5\/12&#8243; css=&#8221;.vc_custom_1610623080658{background-image: url(https:\/\/www.www.adaoncloud.com\/es\/wp-content\/uploads\/sites\/2\/2021\/01\/segmentacion.jpg?id=1207) !important;}&#8221;][vc_single_image image=&#8221;447&#8243; img_size=&#8221;full&#8221;][\/vc_column][vc_column width=&#8221;1\/12&#8243;][\/vc_column][\/vc_row][vc_row full_width=&#8221;stretch_row&#8221; css=&#8221;.vc_custom_1664808408846{padding-top: 3% !important;padding-right: 0px !important;padding-bottom: 3% !important;padding-left: 0px !important;background-color: #f8f8f8 !important;}&#8221; el_class=&#8221;hidden-lg hidden-md&#8221;][vc_column width=&#8221;1\/12&#8243; css=&#8221;.vc_custom_1605084525184{padding-right: 5% !important;padding-left: 5% !important;}&#8221;][\/vc_column][vc_column width=&#8221;6\/12&#8243; css=&#8221;.vc_custom_1610623080658{background-image: url(https:\/\/www.www.adaoncloud.com\/es\/wp-content\/uploads\/sites\/2\/2021\/01\/segmentacion.jpg?id=1207) !important;}&#8221;][vc_single_image image=&#8221;447&#8243; img_size=&#8221;full&#8221;][\/vc_column][vc_column width=&#8221;1\/12&#8243;][\/vc_column][vc_column width=&#8221;4\/12&#8243; css=&#8221;.vc_custom_1610560406269{padding-right: 3% !important;}&#8221;][vc_empty_space height=&#8221;35px&#8221;][vc_column_text el_class=&#8221;listado&#8221;]<\/p>\n<h3>Acquisizione da pi\u00f9 fonti<\/h3>\n<p>Raggruppa e gestisci da un\u2019unica dashboard i dati e provenienti da ogni campagna di Lead Generation: da Facebook Ads al tuo sito web, dalle Landing Page al ChatBot, qualunque sia il canale che utilizzi puoi integrarlo con la Customer Data Platform.[\/vc_column_text][vc_btn title=&#8221;PROVA GRATIS&#8221; style=&#8221;custom&#8221; custom_background=&#8221;#9c495d&#8221; custom_text=&#8221;#ffffff&#8221; shape=&#8221;round&#8221; size=&#8221;lg&#8221; align=&#8221;left&#8221; link=&#8221;url:%2Fit%2Fpricing%2F|title:PROVA%20GRATIS&#8221; el_class=&#8221;land-btn&#8221;][\/vc_column][\/vc_row][\/vc_section][vc_row css=&#8221;.vc_custom_1654692725256{background-color: #9c495d !important;}&#8221;][vc_column width=&#8221;1\/2&#8243;][vc_empty_space height=&#8221;55px&#8221;][vc_column_text]<\/p>\n<h3 style=\"color: #ffffff !important; text-align: left;\">Perch\u00e9 hai bisogno di una Customer Data Platform?<\/h3>\n<p style=\"color: #ffffff !important; text-align: left;\">Scarica l\u2019ebook per scoprirlo<\/p>\n<p>[\/vc_column_text][vc_single_image image=&#8221;11603&#8243; img_size=&#8221;full&#8221; alignment=&#8221;center&#8221;][\/vc_column][vc_column width=&#8221;1\/2&#8243;][vc_empty_space height=&#8221;55px&#8221;]<div role=\"form\" class=\"wpcf7\" id=\"wpcf7-f11590-o1\" lang=\"it-IT\" dir=\"ltr\">\n<div class=\"screen-reader-response\"><p role=\"status\" aria-live=\"polite\" aria-atomic=\"true\"><\/p> <ul><\/ul><\/div>\n<form action=\"\/it\/wp-json\/wp\/v2\/pages\/42#wpcf7-f11590-o1\" method=\"post\" class=\"wpcf7-form init\" novalidate=\"novalidate\" data-status=\"init\">\n<div style=\"display: none;\">\n<input type=\"hidden\" name=\"_wpcf7\" value=\"11590\" \/>\n<input type=\"hidden\" name=\"_wpcf7_version\" value=\"5.4.1\" \/>\n<input type=\"hidden\" name=\"_wpcf7_locale\" value=\"it_IT\" \/>\n<input type=\"hidden\" name=\"_wpcf7_unit_tag\" value=\"wpcf7-f11590-o1\" \/>\n<input type=\"hidden\" name=\"_wpcf7_container_post\" value=\"0\" \/>\n<input type=\"hidden\" name=\"_wpcf7_posted_data_hash\" value=\"\" \/>\n<input type=\"hidden\" name=\"_wpcf7_recaptcha_response\" value=\"\" \/>\n<\/div>\n<p><label>\n<p style=\"color:#ffffff!important; padding-top:15px;\">Nome*<\/p>\n<p>    <span class=\"wpcf7-form-control-wrap your-name\"><input type=\"text\" name=\"your-name\" value=\"\" size=\"40\" class=\"wpcf7-form-control wpcf7-text wpcf7-validates-as-required\" aria-required=\"true\" aria-invalid=\"false\" \/><\/span> <\/label><\/p>\n<p><label>\n<p style=\"color:#ffffff!important; padding-top:15px;\">Email*<\/p>\n<p>    <span class=\"wpcf7-form-control-wrap your-email\"><input type=\"email\" name=\"your-email\" value=\"\" size=\"40\" class=\"wpcf7-form-control wpcf7-text wpcf7-email wpcf7-validates-as-required wpcf7-validates-as-email\" aria-required=\"true\" aria-invalid=\"false\" \/><\/span> <\/label><\/p>\n<p><label>\n<p style=\"color:#ffffff!important; padding-top:15px;\">Cellulare*<\/p>\n<p>    <span class=\"wpcf7-form-control-wrap Cellulare\"><input type=\"text\" name=\"Cellulare\" value=\"\" size=\"40\" class=\"wpcf7-form-control wpcf7-text wpcf7-validates-as-required\" aria-required=\"true\" aria-invalid=\"false\" \/><\/span><\/label><br \/>\n<br><br \/>\n<label><span class=\"wpcf7-form-control-wrap privacypolicy\"><span class=\"wpcf7-form-control wpcf7-acceptance\"><span class=\"wpcf7-list-item\"><input type=\"checkbox\" name=\"privacypolicy\" value=\"1\" aria-invalid=\"false\" class=\"privacypolicy\" id=\"privacypolicy\" \/><\/span><\/span><\/span> CONFERMO DI AVER PRESO VISIONE DELL'<a href='https:\/\/www.adaoncloud.com\/it\/privacy-policy\/'>INFORMATIVA SUL TRATTAMENTO DEI DATI<\/a><\/label><\/p>\n<p><input type=\"submit\" value=\"Invia\" class=\"wpcf7-form-control wpcf7-submit verde-btn-custom\" \/><\/p>\n<div class=\"wpcf7-response-output\" aria-hidden=\"true\"><\/div><\/form><\/div>[\/vc_column][\/vc_row][vc_row el_class=&#8221;bottomMenu&#8221;][vc_column width=&#8221;1\/3&#8243;][vc_btn title=&#8221;Live webinar | Iscriviti gratis&#8221; style=&#8221;custom&#8221; custom_background=&#8221;#9c495d&#8221; custom_text=&#8221;#ffffff&#8221; shape=&#8221;round&#8221; size=&#8221;xs&#8221; align=&#8221;left&#8221; i_icon_fontawesome=&#8221;fas fa-circle&#8221; add_icon=&#8221;true&#8221; link=&#8221;url:%2Fit%2Fwebinars%2F|title:webinars&#8221; el_id=&#8221;webinar-btn&#8221;][\/vc_column][vc_column width=&#8221;1\/3&#8243;][\/vc_column][vc_column width=&#8221;1\/3&#8243;][\/vc_column][\/vc_row]<\/p>\n","protected":false},"excerpt":{"rendered":"<p>[vc_row full_width=&#8221;stretch_row_content_no_spaces&#8221; equal_height=&#8221;yes&#8221; rtl_reverse=&#8221;yes&#8221; content_placement=&#8221;top&#8221;][vc_column width=&#8221;1\/3&#8243;][vc_custom_heading text=&#8221;Gestisci Profila Segmenta&#8221; font_container=&#8221;tag:h1|font_size:70px|text_align:left|color:%23083944&#8243; use_theme_fonts=&#8221;yes&#8221; css_animation=&#8221;fadeInDown&#8221;][vc_column_text css_animation=&#8221;fadeInUp&#8221; el_class=&#8221;paragrafo padding10 font15&#8243;] Customer Data Plataform (CDP) Raccogli e gestisci, in un unico luogo, i dati acquisiti da pi\u00f9 canali. Inoltre, profili in dettaglio ciascun contatto e ottimizzi le tue campagne marketing grazie ad una vista unica sugli utenti. [\/vc_column_text][vc_btn title=&#8221;PROVA GRATIS&#8221; [&hellip;]<\/p>\n","protected":false},"author":1,"featured_media":0,"parent":0,"menu_order":0,"comment_status":"closed","ping_status":"closed","template":"","meta":{"om_disable_all_campaigns":false},"_links":{"self":[{"href":"https:\/\/www.adaoncloud.com\/it\/wp-json\/wp\/v2\/pages\/42"}],"collection":[{"href":"https:\/\/www.adaoncloud.com\/it\/wp-json\/wp\/v2\/pages"}],"about":[{"href":"https:\/\/www.adaoncloud.com\/it\/wp-json\/wp\/v2\/types\/page"}],"author":[{"embeddable":true,"href":"https:\/\/www.adaoncloud.com\/it\/wp-json\/wp\/v2\/users\/1"}],"replies":[{"embeddable":true,"href":"https:\/\/www.adaoncloud.com\/it\/wp-json\/wp\/v2\/comments?post=42"}],"version-history":[{"count":35,"href":"https:\/\/www.adaoncloud.com\/it\/wp-json\/wp\/v2\/pages\/42\/revisions"}],"predecessor-version":[{"id":12231,"href":"https:\/\/www.adaoncloud.com\/it\/wp-json\/wp\/v2\/pages\/42\/revisions\/12231"}],"wp:attachment":[{"href":"https:\/\/www.adaoncloud.com\/it\/wp-json\/wp\/v2\/media?parent=42"}],"curies":[{"name":"wp","href":"https:\/\/api.w.org\/{rel}","templated":true}]}}