{"id":48,"date":"2020-11-17T16:26:01","date_gmt":"2020-11-17T15:26:01","guid":{"rendered":"https:\/\/www.adaoncloud.com\/it\/mobile-analytics\/"},"modified":"2020-11-17T16:26:01","modified_gmt":"2020-11-17T15:26:01","slug":"mobile-analytics","status":"publish","type":"page","link":"https:\/\/www.adaoncloud.com\/it\/mobile-analytics\/","title":{"rendered":"Mobile Analytics"},"content":{"rendered":"<p>[vc_section css=&#8221;.vc_custom_1604939056600{background-image: url(https:\/\/www.www.adaoncloud.com\/es\/wp-content\/uploads\/sites\/2\/2020\/11\/Ellipse.png?id=191) !important;background-position: center !important;background-repeat: no-repeat !important;background-size: cover !important;}&#8221;][vc_row css=&#8221;.vc_custom_1604939696796{margin-bottom: 20px !important;background-position: center !important;background-repeat: no-repeat !important;background-size: contain !important;}&#8221;][vc_column][vc_custom_heading text=&#8221;<i>Mide<\/i> el rendimiento de tus campa\u00f1as&#8221; font_container=&#8221;tag:h1|text_align:center|color:%23004d58&#8243; use_theme_fonts=&#8221;yes&#8221; el_class=&#8221;tituloprincipal&#8221;][vc_empty_space height=&#8221;50px&#8221;][\/vc_column][\/vc_row][vc_row full_width=&#8221;stretch_row_content&#8221; equal_height=&#8221;yes&#8221; content_placement=&#8221;top&#8221; css=&#8221;.vc_custom_1605111350603{padding-right: 0px !important;padding-left: 0px !important;}&#8221;][vc_column width=&#8221;5\/12&#8243; css=&#8221;.vc_custom_1604939591857{padding-right: 5% !important;padding-left: 5% !important;}&#8221;][vc_column_text]Estar familiarizado con el comportamiento que tienen tus clientes con los dispositivos m\u00f3viles te ayuda a crear campa\u00f1as de marketing mucho m\u00e1s efectivas, obteniendo un mayor retorno de tus inversiones en publicidad. Una de las mejores caracter\u00edsticas del m\u00f3dulo\u00a0<strong>Anal\u00edticas M\u00f3viles\u00a0<\/strong>es su capacidad para medir el comportamiento del usuario con un alto grado de precisi\u00f3n y, por lo tanto, brindarte informaci\u00f3n valiosa sobre lo que realmente desean tus usuarios.[\/vc_column_text][\/vc_column][vc_column width=&#8221;7\/12&#8243; css=&#8221;.vc_custom_1604939602897{padding-right: 0px !important;padding-left: 0px !important;}&#8221;][vc_single_image image=&#8221;449&#8243; img_size=&#8221;full&#8221; alignment=&#8221;center&#8221;][\/vc_column][\/vc_row][\/vc_section][vc_section full_width=&#8221;stretch_row&#8221; css=&#8221;.vc_custom_1605103445882{margin-bottom: 0px !important;padding-bottom: 0px !important;background-color: #ffffff !important;}&#8221;][vc_row full_width=&#8221;stretch_row&#8221; equal_height=&#8221;yes&#8221; content_placement=&#8221;middle&#8221; el_class=&#8221;padd-xs-15&#8243; css=&#8221;.vc_custom_1605085582034{margin-right: 0px !important;margin-left: 0px !important;padding-right: 0px !important;padding-left: 0px !important;}&#8221;][vc_column width=&#8221;6\/12&#8243; css=&#8221;.vc_custom_1605609526410{padding-right: 0px !important;padding-left: 0px !important;background-image: url(https:\/\/www.www.adaoncloud.com\/es\/wp-content\/uploads\/sites\/2\/2020\/11\/ada-mobile-analytics-3.jpg?id=451) !important;background-position: center !important;background-repeat: no-repeat !important;background-size: cover !important;}&#8221;][vc_single_image image=&#8221;451&#8243; img_size=&#8221;full&#8221; el_class=&#8221;visible-hidden&#8221;][\/vc_column][vc_column width=&#8221;1\/12&#8243;][\/vc_column][vc_column width=&#8221;4\/12&#8243;][vc_empty_space height=&#8221;20px&#8221;][vc_column_text]<\/p>\n<h3>Estad\u00edsticas precisas para\u00a0<i>campa\u00f1as de \u00e9xito<\/i><\/h3>\n<div>\n<p>Las m\u00e9tricas de los usuarios son la clave del \u00e9xito. Mobile Analytics investiga el comportamiento de los usuarios que han visitado tu Landing Page o han hojeado tu StoryTelling, y transforma estos datos en n\u00fameros y estad\u00edsticas.<\/p>\n<p>Los paneles de control muestran los datos de rendimiento m\u00e1s relevantes, y con solo vistazo, proporcionan una gran cantidad de informaci\u00f3n valiosa que te ayudar\u00e1 a comprender el progreso de tu campa\u00f1a y ajustarla en tiempo real.<\/p><\/div>\n<p>[\/vc_column_text][vc_btn title=&#8221;PRUEBA GRATIS&#8221; style=&#8221;custom&#8221; custom_background=&#8221;#9c495d&#8221; custom_text=&#8221;#ffffff&#8221; shape=&#8221;round&#8221; size=&#8221;lg&#8221; align=&#8221;left&#8221; link=&#8221;url:https%3A%2F%2Fwww.adaoncloud.com%2Fprecios%2Fpricing%2F|title:PRU%C3%89BALO%20GRATIS&#8221; el_class=&#8221;land-btn&#8221;][\/vc_column][vc_column width=&#8221;1\/12&#8243;][\/vc_column][\/vc_row][vc_row full_width=&#8221;stretch_row&#8221; css=&#8221;.vc_custom_1605003508010{padding-right: 0px !important;padding-left: 0px !important;}&#8221; el_class=&#8221;padd-xs-15&#8243;][vc_column width=&#8221;1\/12&#8243; css=&#8221;.vc_custom_1605084525184{padding-right: 5% !important;padding-left: 5% !important;}&#8221;][\/vc_column][vc_column width=&#8221;4\/12&#8243;][vc_empty_space height=&#8221;20px&#8221;][vc_column_text]<\/p>\n<h3>Descubrir, medir y mejorar tu\u00a0<i>ROI dirigido a m\u00f3viles<\/i><\/h3>\n<div>\n<p>Gracias a Mobile Analytics, cada campa\u00f1a se convierte en una oportunidad para descubrir cu\u00e1ntas p\u00e1ginas se han visualizado, cu\u00e1ntas visualizaciones \u00fanicas has obtenido, cu\u00e1ntos usuarios hicieron clic en las Call To Action, qu\u00e9 navegadores se usaron y la ubicaci\u00f3n geogr\u00e1fica de los visitantes. Para facilitar la interpretaci\u00f3n de los resultados obtenidos, la plataforma agrupa y muestra los datos por temas mediante gr\u00e1ficos e im\u00e1genes. Por lo tanto, depende de ti aprovechar la oportunidad y aumentar el retorno de la inversi\u00f3n (ROI) en cada uno de tus proyectos m\u00f3viles.<\/p><\/div>\n<p>[\/vc_column_text][vc_btn title=&#8221;PRUEBA GRATIS&#8221; style=&#8221;custom&#8221; custom_background=&#8221;#9c495d&#8221; custom_text=&#8221;#ffffff&#8221; shape=&#8221;round&#8221; size=&#8221;lg&#8221; align=&#8221;left&#8221; link=&#8221;url:https%3A%2F%2Fwww.adaoncloud.com%2Fprecios%2Fpricing%2F|title:PRU%C3%89BALO%20GRATIS&#8221; el_class=&#8221;land-btn&#8221;][\/vc_column][vc_column width=&#8221;1\/12&#8243;][\/vc_column][vc_column width=&#8221;6\/12&#8243; css=&#8221;.vc_custom_1605626713387{background-image: url(https:\/\/www.www.adaoncloud.com\/es\/wp-content\/uploads\/sites\/2\/2020\/11\/ada-mobile-analytics-2.jpg?id=452) !important;}&#8221;][vc_single_image image=&#8221;452&#8243; img_size=&#8221;full&#8221;][\/vc_column][\/vc_row][vc_row full_width=&#8221;stretch_row&#8221; equal_height=&#8221;yes&#8221; content_placement=&#8221;middle&#8221; el_class=&#8221;padd-xs-15&#8243; css=&#8221;.vc_custom_1605003497649{margin-right: 0px !important;margin-left: 0px !important;padding-right: 0px !important;padding-left: 0px !important;}&#8221;][vc_column width=&#8221;6\/12&#8243; css=&#8221;.vc_custom_1605626749845{padding-right: 0px !important;padding-left: 0px !important;background-image: url(https:\/\/www.www.adaoncloud.com\/es\/wp-content\/uploads\/sites\/2\/2020\/11\/ada-mobile-analytics-1.jpg?id=453) !important;background-position: center !important;background-repeat: no-repeat !important;background-size: cover !important;}&#8221;][vc_single_image image=&#8221;453&#8243; img_size=&#8221;full&#8221; el_class=&#8221;visible-hidden&#8221;][\/vc_column][vc_column width=&#8221;1\/12&#8243; css=&#8221;.vc_custom_1605002971813{padding-right: 5% !important;padding-left: 5% !important;}&#8221;][\/vc_column][vc_column width=&#8221;4\/12&#8243;][vc_empty_space height=&#8221;20px&#8221;][vc_column_text]<\/p>\n<h3>An\u00e1lisis de\u00a0<i>email marketing<\/i><\/h3>\n<div>\n<p>Una campa\u00f1a de correo electr\u00f3nico exitosa no se detiene cuando el usuario abre un mensaje o hace clic en un enlace. Usando ADA, puedes hacer un seguimiento de la actividad de tus destinatarios individuales, incluso despu\u00e9s de haber abierto el correo electr\u00f3nico, y evaluar si los resultados est\u00e1n alineados con tus expectativas.<\/p>\n<p>ADA incluye un avanzado sistema para medir los par\u00e1metros principales como: la tasa de entrega, el n\u00famero de mensajes rechazados por el servidor (tanto \u201chard bounce\u201d como \u201csoft Bounce\u201d), la proporci\u00f3n de mensajes abiertos y la tasa de conversi\u00f3n del usuario.<\/p>\n<p>Profundiza en las estad\u00edsticas de usuarios individuales, incluso descubrir el procedimiento de sus clics, para mejorar la calidad de tu base de datos y medir el coste por conversi\u00f3n y el retorno de la inversi\u00f3n.<\/p><\/div>\n<p>[\/vc_column_text][vc_btn title=&#8221;PRUEBA GRATIS&#8221; style=&#8221;custom&#8221; custom_background=&#8221;#9c495d&#8221; custom_text=&#8221;#ffffff&#8221; shape=&#8221;round&#8221; size=&#8221;lg&#8221; align=&#8221;left&#8221; link=&#8221;url:https%3A%2F%2Fwww.adaoncloud.com%2Fprecios%2Fpricing%2F|title:PRU%C3%89BALO%20GRATIS&#8221; el_class=&#8221;land-btn&#8221;][vc_empty_space height=&#8221;35px&#8221;][\/vc_column][vc_column width=&#8221;1\/12&#8243;][\/vc_column][\/vc_row][\/vc_section][vc_row][vc_column][vc_custom_heading text=&#8221;Aprovecha ahora la oportunidad&#8221; font_container=&#8221;tag:h1|font_size:43px|text_align:center|color:%23083944|line_height:60px&#8221; use_theme_fonts=&#8221;yes&#8221; css_animation=&#8221;fadeInDown&#8221;][vc_column_text css_animation=&#8221;fadeInDown&#8221;]<\/p>\n<p style=\"text-align: center;\">Comienza a revolucionar tu negocio con la orientaci\u00f3n de uno de nuestros expertos.<\/p>\n<p>[\/vc_column_text][vc_btn title=&#8221;PRUEBA GRATIS&#8221; style=&#8221;custom&#8221; custom_background=&#8221;#9c495d&#8221; custom_text=&#8221;#ffffff&#8221; shape=&#8221;round&#8221; size=&#8221;lg&#8221; align=&#8221;center&#8221; css_animation=&#8221;fadeInUp&#8221; link=&#8221;url:https%3A%2F%2Fwww.adaoncloud.com%2Fprecios%2Fpricing%2F|title:PRU%C3%89BALO%20GRATIS&#8221; el_class=&#8221;land-btn&#8221;][\/vc_column][\/vc_row]<\/p>\n","protected":false},"excerpt":{"rendered":"<p>[vc_section css=&#8221;.vc_custom_1604939056600{background-image: url(https:\/\/www.www.adaoncloud.com\/es\/wp-content\/uploads\/sites\/2\/2020\/11\/Ellipse.png?id=191) !important;background-position: center !important;background-repeat: no-repeat !important;background-size: cover !important;}&#8221;][vc_row css=&#8221;.vc_custom_1604939696796{margin-bottom: 20px !important;background-position: center !important;background-repeat: no-repeat !important;background-size: contain !important;}&#8221;][vc_column][vc_custom_heading text=&#8221;Mide el rendimiento de tus campa\u00f1as&#8221; font_container=&#8221;tag:h1|text_align:center|color:%23004d58&#8243; use_theme_fonts=&#8221;yes&#8221; el_class=&#8221;tituloprincipal&#8221;][vc_empty_space height=&#8221;50px&#8221;][\/vc_column][\/vc_row][vc_row full_width=&#8221;stretch_row_content&#8221; equal_height=&#8221;yes&#8221; content_placement=&#8221;top&#8221; css=&#8221;.vc_custom_1605111350603{padding-right: 0px !important;padding-left: 0px !important;}&#8221;][vc_column width=&#8221;5\/12&#8243; css=&#8221;.vc_custom_1604939591857{padding-right: 5% !important;padding-left: 5% !important;}&#8221;][vc_column_text]Estar familiarizado con el comportamiento que tienen tus clientes con los dispositivos m\u00f3viles [&hellip;]<\/p>\n","protected":false},"author":1,"featured_media":0,"parent":0,"menu_order":0,"comment_status":"closed","ping_status":"closed","template":"","meta":{"om_disable_all_campaigns":false},"_links":{"self":[{"href":"https:\/\/www.adaoncloud.com\/it\/wp-json\/wp\/v2\/pages\/48"}],"collection":[{"href":"https:\/\/www.adaoncloud.com\/it\/wp-json\/wp\/v2\/pages"}],"about":[{"href":"https:\/\/www.adaoncloud.com\/it\/wp-json\/wp\/v2\/types\/page"}],"author":[{"embeddable":true,"href":"https:\/\/www.adaoncloud.com\/it\/wp-json\/wp\/v2\/users\/1"}],"replies":[{"embeddable":true,"href":"https:\/\/www.adaoncloud.com\/it\/wp-json\/wp\/v2\/comments?post=48"}],"version-history":[{"count":0,"href":"https:\/\/www.adaoncloud.com\/it\/wp-json\/wp\/v2\/pages\/48\/revisions"}],"wp:attachment":[{"href":"https:\/\/www.adaoncloud.com\/it\/wp-json\/wp\/v2\/media?parent=48"}],"curies":[{"name":"wp","href":"https:\/\/api.w.org\/{rel}","templated":true}]}}