{"id":64,"date":"2020-10-26T17:12:40","date_gmt":"2020-10-26T16:12:40","guid":{"rendered":"https:\/\/www.adaoncloud.com\/it\/porque-ada\/"},"modified":"2021-07-29T11:09:00","modified_gmt":"2021-07-29T09:09:00","slug":"perche-ada","status":"publish","type":"page","link":"https:\/\/www.adaoncloud.com\/it\/perche-ada\/","title":{"rendered":"Perch\u00e8 ADA"},"content":{"rendered":"<p>[vc_row full_width=&#8221;stretch_row_content_no_spaces&#8221; equal_height=&#8221;yes&#8221; rtl_reverse=&#8221;yes&#8221; content_placement=&#8221;top&#8221;][vc_column width=&#8221;1\/3&#8243;][vc_custom_heading text=&#8221;Vieni<br \/>\nFidati<br \/>\nVinci&#8221; font_container=&#8221;tag:h1|font_size:70px|text_align:left|color:%23083944&#8243; use_theme_fonts=&#8221;yes&#8221; css_animation=&#8221;fadeInDown&#8221;][vc_column_text css_animation=&#8221;fadeInUp&#8221; el_class=&#8221;paragrafo padding10 font15&#8243;]<\/p>\n<h4>La nostra missione<\/h4>\n<p>Aiutiamo i marketer ad ottenere il miglior risultato per i loro clienti in modo rapido ed efficiente.[\/vc_column_text][vc_btn title=&#8221;PROVA GRATIS&#8221; style=&#8221;custom&#8221; custom_background=&#8221;#9c495d&#8221; custom_text=&#8221;#ffffff&#8221; shape=&#8221;round&#8221; size=&#8221;lg&#8221; align=&#8221;left&#8221; css_animation=&#8221;fadeInUp&#8221; link=&#8221;url:https%3A%2F%2Fwww.adaoncloud.com%2Fit%2Fprezzi%2Fpricing%2F&#8221;][\/vc_column][vc_column width=&#8221;2\/3&#8243; css=&#8221;.vc_custom_1622194147724{background-image: url(https:\/\/www.adaoncloud.com\/it\/wp-content\/uploads\/sites\/10\/2021\/05\/ada-man-pc.png?id=146) !important;background-position: center !important;background-repeat: no-repeat !important;background-size: contain !important;}&#8221;][vc_single_image image=&#8221;146&#8243; img_size=&#8221;full&#8221; alignment=&#8221;right&#8221; el_class=&#8221;visible-hidden&#8221;][\/vc_column][\/vc_row][vc_row content_placement=&#8221;bottom&#8221; css=&#8221;.vc_custom_1607332715541{margin-top: 0px !important;margin-bottom: 0px !important;}&#8221; el_class=&#8221;cabecera&#8221;][vc_column][vc_row_inner content_placement=&#8221;bottom&#8221;][vc_column_inner width=&#8221;2\/6&#8243;][vc_column_text]<\/p>\n<div style=\"display: none;\">\n<p><strong>Esto el es motivo por el cual ha nacido\u00a0ADAonCloud, ayudar a los\u00a0marketeros\u00a0de forma r\u00e1pida y eficaz de hacer el mejor Marketing para conseguir nuevos clientes.<\/strong><\/p>\n<p>Hemos creado e integrado todas <b>las herramientas mas potente<\/b> del mercado, las hemos <b>metido en un \u00fanica plataforma<\/b>, y hemos dado importancia a <b>la sencillez de uso,<\/b> para que trabajando pueda optimizar los tiempos, aumentar la productividad de tus campa\u00f1as,\u00a0diminuir\u00a0costes y transformar los clientes en clientes fidelizados.<\/div>\n<p>[\/vc_column_text][vc_custom_heading text=&#8221;Benvenuti Marketers!&#8221; font_container=&#8221;tag:h1|text_align:center|color:%23083944&#8243; use_theme_fonts=&#8221;yes&#8221;][\/vc_column_inner][vc_column_inner width=&#8221;1\/6&#8243;][\/vc_column_inner][vc_column_inner width=&#8221;3\/6&#8243;][vc_empty_space height=&#8221;60px&#8221;][vc_column_text]<span style=\"font-weight: 400;\">In questi tempi cos\u00ec competitivi, il consumatore \u00e8 sempre pi\u00f9 attivo ed esigente. In risposta alla necessit\u00e0 di acquisire soluzioni accessibili a tutti e adattabili alle diverse strategie di marketing, <strong>ADA integra tutti gli strumenti pi\u00f9 potenti sul mercato in un&#8217;unica piattaforma<\/strong>.<\/span><\/p>\n<p><span style=\"font-weight: 400;\">La sua facilit\u00e0 d&#8217;uso ottimizza la produttivit\u00e0, aumentando e migliorando i risultati delle campagne e riducendo i costi complessivi.<\/span>[\/vc_column_text][\/vc_column_inner][\/vc_row_inner][vc_row_inner css=&#8221;.vc_custom_1622195177737{margin-bottom: -30px !important;}&#8221;][vc_column_inner width=&#8221;2\/6&#8243;][vc_single_image image=&#8221;145&#8243; img_size=&#8221;medium&#8221; alignment=&#8221;right&#8221; css_animation=&#8221;slideInLeft&#8221;][\/vc_column_inner][vc_column_inner width=&#8221;1\/6&#8243;][vc_empty_space height=&#8221;50px&#8221;][vc_column_text css_animation=&#8221;fadeInUp&#8221;]<\/p>\n<h5 style=\"margin-bottom: 0px; text-transform: none; color: #9c495d;\"><strong>Massimiliano Brigida<\/strong><\/h5>\n<p><sup>CEO &amp; Co-Founder<\/sup>[\/vc_column_text][\/vc_column_inner][vc_column_inner width=&#8221;3\/6&#8243;][vc_column_text]<span style=\"font-weight: 400;\">Con ADA puoi <strong>creare contenuti mobile, distribuirli<\/strong> su pi\u00f9 canali, <strong>misurare i risultati<\/strong> delle campagne e ottimizzare tutti i processi avvalendoti di soluzioni di <strong>Intelligenza Artificiale<\/strong>.<\/span>[\/vc_column_text][\/vc_column_inner][\/vc_row_inner][\/vc_column][\/vc_row][vc_section full_width=&#8221;stretch_row&#8221; css=&#8221;.vc_custom_1622195202976{margin-top: -30px !important;padding-top: 40px !important;background-color: #03a69e !important;}&#8221;][vc_row][vc_column][vc_single_image image=&#8221;144&#8243; img_size=&#8221;medium&#8221; css_animation=&#8221;flipInY&#8221;][vc_column_text el_class=&#8221;blanco&#8221;]<\/p>\n<h4 style=\"color: #ffffff!important;\">ADA \u00e8 perfetta per promuovere i nostri eventi e le campagne promozionali. Generiamo lead utilizzando le Landing AMP e i QR Code. I lead che interagiscono vengono salvati nella Customer Data Platform, che ci consente di inviare Newsletter a gruppi o segmenti precisi di pubblico, o di impostare flussi di Marketing Automation. Tutto questo \u00e8 possibile grazie ad ADA in una soluzione semplice, veloce e unica.<\/h4>\n<p><sub class=\"citado\" style=\"color: #ffffff!important;\"><strong>Anne Scheel<\/strong> | <em>Marketing Bridgestone<\/em><\/sub>[\/vc_column_text][\/vc_column][\/vc_row][\/vc_section][vc_row][vc_column][vc_empty_space][vc_separator][\/vc_column][\/vc_row][vc_row][vc_column][vc_custom_heading text=&#8221;Unisciti a noi&#8221; font_container=&#8221;tag:h1|font_size:43px|text_align:center|color:%23083944|line_height:60px&#8221; use_theme_fonts=&#8221;yes&#8221; css_animation=&#8221;fadeInDown&#8221; css=&#8221;.vc_custom_1622194577906{margin-top: 4% !important;}&#8221;][vc_column_text css_animation=&#8221;fadeInDown&#8221; css=&#8221;.vc_custom_1622194623208{margin-bottom: 2% !important;}&#8221;]<\/p>\n<p style=\"text-align: center;\">Lasciati guidare da uno dei nostri esperti e inizia a rivoluzionare il tuo business.<\/p>\n<p>[\/vc_column_text][vc_btn title=&#8221;PROVA GRATIS&#8221; style=&#8221;custom&#8221; custom_background=&#8221;#9c495d&#8221; custom_text=&#8221;#ffffff&#8221; shape=&#8221;round&#8221; size=&#8221;lg&#8221; align=&#8221;center&#8221; css_animation=&#8221;fadeInUp&#8221; link=&#8221;url:https%3A%2F%2Fwww.adaoncloud.com%2Fit%2Fprezzi%2Fpricing%2F&#8221;][\/vc_column][\/vc_row][vc_row][vc_column][vc_separator][\/vc_column][\/vc_row][vc_row el_class=&#8221;bottomMenu&#8221;][vc_column width=&#8221;1\/3&#8243; el_class=&#8221;bottomMenu&#8221;][vc_btn title=&#8221;Live webinar | Iscriviti gratis&#8221; style=&#8221;custom&#8221; custom_background=&#8221;#9c495d&#8221; custom_text=&#8221;#ffffff&#8221; shape=&#8221;round&#8221; size=&#8221;xs&#8221; align=&#8221;left&#8221; i_icon_fontawesome=&#8221;fas fa-circle&#8221; css_animation=&#8221;none&#8221; add_icon=&#8221;true&#8221; css=&#8221;.vc_custom_1627549737343{margin-top: 2% !important;}&#8221; el_id=&#8221;webinar-btn&#8221; link=&#8221;url:%2Fit%2Fwebinars%2F&#8221;][\/vc_column][vc_column width=&#8221;1\/3&#8243;][\/vc_column][vc_column width=&#8221;1\/3&#8243;][\/vc_column][\/vc_row]<\/p>\n","protected":false},"excerpt":{"rendered":"<p>[vc_row full_width=&#8221;stretch_row_content_no_spaces&#8221; equal_height=&#8221;yes&#8221; rtl_reverse=&#8221;yes&#8221; content_placement=&#8221;top&#8221;][vc_column width=&#8221;1\/3&#8243;][vc_custom_heading text=&#8221;Vieni Fidati Vinci&#8221; font_container=&#8221;tag:h1|font_size:70px|text_align:left|color:%23083944&#8243; use_theme_fonts=&#8221;yes&#8221; css_animation=&#8221;fadeInDown&#8221;][vc_column_text css_animation=&#8221;fadeInUp&#8221; el_class=&#8221;paragrafo padding10 font15&#8243;] La nostra missione Aiutiamo i marketer ad ottenere il miglior risultato per i loro clienti in modo rapido ed efficiente.[\/vc_column_text][vc_btn title=&#8221;PROVA GRATIS&#8221; style=&#8221;custom&#8221; custom_background=&#8221;#9c495d&#8221; custom_text=&#8221;#ffffff&#8221; shape=&#8221;round&#8221; size=&#8221;lg&#8221; align=&#8221;left&#8221; css_animation=&#8221;fadeInUp&#8221; link=&#8221;url:https%3A%2F%2Fwww.adaoncloud.com%2Fit%2Fprezzi%2Fpricing%2F&#8221;][\/vc_column][vc_column width=&#8221;2\/3&#8243; css=&#8221;.vc_custom_1622194147724{background-image: url(https:\/\/www.adaoncloud.com\/it\/wp-content\/uploads\/sites\/10\/2021\/05\/ada-man-pc.png?id=146) !important;background-position: center !important;background-repeat: no-repeat !important;background-size: contain [&hellip;]<\/p>\n","protected":false},"author":1,"featured_media":0,"parent":0,"menu_order":0,"comment_status":"closed","ping_status":"closed","template":"","meta":{"om_disable_all_campaigns":false},"_links":{"self":[{"href":"https:\/\/www.adaoncloud.com\/it\/wp-json\/wp\/v2\/pages\/64"}],"collection":[{"href":"https:\/\/www.adaoncloud.com\/it\/wp-json\/wp\/v2\/pages"}],"about":[{"href":"https:\/\/www.adaoncloud.com\/it\/wp-json\/wp\/v2\/types\/page"}],"author":[{"embeddable":true,"href":"https:\/\/www.adaoncloud.com\/it\/wp-json\/wp\/v2\/users\/1"}],"replies":[{"embeddable":true,"href":"https:\/\/www.adaoncloud.com\/it\/wp-json\/wp\/v2\/comments?post=64"}],"version-history":[{"count":9,"href":"https:\/\/www.adaoncloud.com\/it\/wp-json\/wp\/v2\/pages\/64\/revisions"}],"predecessor-version":[{"id":9711,"href":"https:\/\/www.adaoncloud.com\/it\/wp-json\/wp\/v2\/pages\/64\/revisions\/9711"}],"wp:attachment":[{"href":"https:\/\/www.adaoncloud.com\/it\/wp-json\/wp\/v2\/media?parent=64"}],"curies":[{"name":"wp","href":"https:\/\/api.w.org\/{rel}","templated":true}]}}