{"id":9921,"date":"2021-12-20T11:46:25","date_gmt":"2021-12-20T10:46:25","guid":{"rendered":"https:\/\/www.adaoncloud.com\/it\/?page_id=9921"},"modified":"2021-12-21T12:54:59","modified_gmt":"2021-12-21T11:54:59","slug":"informativa-cookie","status":"publish","type":"page","link":"https:\/\/www.adaoncloud.com\/it\/informativa-cookie\/","title":{"rendered":"Informativa cookie"},"content":{"rendered":"<p>[vc_row][vc_column][vc_column_text]<\/p>\n<h4 class=\"title\" style=\"text-align: center;\"><strong>Informativa Cookies<br \/>\nLa nostra politica sui cookies<br \/>\nDominio\/Sito web <\/strong><a href=\"http:\/\/www.adaoncloud.com\"><strong>www.adaoncloud.com<\/strong><\/a><strong><br \/>\n&#8211; v.2 \u2013 16.12.2021 &#8211;<\/strong><\/h4>\n<p>Nei siti gestiti da The Digital Box SpA vengono raccolte informazioni che possono riguardare l&#8217;utente, le sue preferenze, o il dispositivo di accesso a Internet (computer, tablet o cellulare) e vengono utilizzate principalmente per adeguare il funzionamento del sito alle aspettative dell&#8217;utente, offrendo una migliore esperienza di navigazione e per inviare messaggi promozionali personalizzati.<\/p>\n<p>Inoltre, proseguendo con la navigazione, l&#8217;utente acconsente in automatico all&#8217;uso dei cookies in conformit\u00e0 alla presente informativa &#8220;Cookie policy&#8221;. Di seguito \u00e8 possibile saperne di pi\u00f9 sui vari tipi di cookies utilizzati.<\/p>\n<p>Fermo quanto precede, per i nostri siti web e altri servizi on line utilizziamo le seguenti categorie di cookies:<\/p>\n<ol>\n<li><strong><em> Cookie tecnici e strettamente necessari (sempre attivi)<\/em><\/strong><\/li>\n<\/ol>\n<p>Questi cookie sono necessari al corretto funzionamento dei nostri siti web e per utilizzare e\/o migliorare le varie funzioni e\/o servizi richiesti. Senza questi cookie non sarebbe possibile gestire e automatizzare, a mero titolo esemplificativo, l&#8217;autenticazione dell&#8217;utente, l&#8217;accesso all&#8217;area riservata del sito internet, la conversazione con il nostro assistente virtuale, l\u2019iscrizione alle nostre liste di newsletter.<\/p>\n<ol start=\"2\">\n<li><strong><em> Cookies di analisi (analytics)<\/em><\/strong><\/li>\n<\/ol>\n<p>Questi cookies ci permettono di perfezionare i nostri siti web monitorando ed analizzando il comportamento degli utenti, creando dei loro profili al fine di apportare miglioramenti e di facilitare la navigazione.<\/p>\n<p>Ad esempio, i cookies di analisi possono aiutarci a tener traccia di quali sono le pagine visitate frequentemente, quali sono le preferenze dell&#8217;utente, quali prodotti sono gi\u00e0 stati visualizzati per evitare che vengano riproposti, se la pubblicit\u00e0 che viene pubblicata sul sito web \u00e8 efficace o meno, se e quali difficolt\u00e0 l&#8217;utente incontra nell&#8217;utilizzo del sito.<\/p>\n<p>Al fine di analizzare le modalit\u00e0 di utilizzo dei siti web, il Titolare si avvale anche del servizio di analisi web &#8220;Google Analytics&#8221; fornito da Google (<a href=\"https:\/\/www.google.com\/intl\/it_it\/analytics\/learn\/privacy.html\">https:\/\/www.google.com\/intl\/it_it\/analytics\/learn\/privacy.html<\/a>)<\/p>\n<p>Ulteriori informazioni in merito al servizio Google Analytics e alle procedure da seguire per disabilitare i cookies possono essere trovate i seguenti collegamenti:<\/p>\n<p><a href=\"http:\/\/www.google.com\/intl\/en\/analytics\/privacyoverview.html\">http:\/\/www.google.com\/intl\/en\/analytics\/privacyoverview.html<\/a><\/p>\n<p><a href=\"https:\/\/developers.google.com\/analytics\/devguides\/collection\/analyticsjs\/cookie-usage\">https:\/\/developers.google.com\/analytics\/devguides\/collection\/analyticsjs\/cookie-usage<\/a><\/p>\n<p>Tali dati non permettono di identificare personalmente l&#8217;utente: tutti i dati raccolti sono aggregati e, in quanto tali, anonimi. Alcune delle informazioni su browser e utente raccolte al momento includono:<\/p>\n<ul>\n<li>Tutti i cookie inseriti da Google negli ultimi 6 mesi,<\/li>\n<li>Quanti clic del mouse hai fatto su quella schermata (o tocco se su un dispositivo touch),<\/li>\n<li>Le informazioni CSS per quella pagina,<\/li>\n<li>La data esatta,<\/li>\n<li>La lingua in cui \u00e8 impostato il browser,<\/li>\n<li>Qualsiasi plug-in installato nel browser,<\/li>\n<li>Tutti gli oggetti Javascript<\/li>\n<\/ul>\n<ol start=\"3\">\n<li><strong><em> Cookies di Marketing e Targeting (su consenso)<\/em><\/strong><\/li>\n<\/ol>\n<p>Questi cookies sono utilizzati da The Digital Box SpA per raccogliere dati sulle abitudini di navigazione e le preferenze dell&#8217;utente al fine di sviluppare un profilo specifico per personalizzazioni dell&#8217;offerta commerciale, per il compimento di ricerche di mercato o di vendita a distanza.<\/p>\n<p>L&#8217;utente pu\u00f2 decidere di rifiutare l&#8217;utilizzo di questa categoria di cookies utilizzando lo strumento di opt-out previsto nella pagina delle impostazioni del proprio browser, oppure in base a quanto di seguito specificato.<\/p>\n<ol start=\"4\">\n<li><strong><em> Cookie di Funzionalit\u00e0 per Preferenze<\/em><\/strong><\/li>\n<\/ol>\n<p>I cookie di preferenza raccolgono informazioni circa le vostre scelte e preferenze, permettendoci di memorizzare la lingua o altre impostazioni locali e di personalizzare il Sito di conseguenza. I cookie di lingua vengono utilizzati per memorizzare la lingua selezionata dall&#8217;utente e per mostrare le opzioni corrette.<\/p>\n<ol start=\"5\">\n<li><strong><em> Cookies di terze parti e Social media cookie<\/em><\/strong><\/li>\n<\/ol>\n<p>Il nostro sito web pu\u00f2 consentire l&#8217;utilizzo di cookies di terze parti che potrebbero raccogliere informazioni sugli spostamenti dell&#8217;utente in Internet e, in particolare, nell&#8217;ambito dei nostri siti web. Tali cookie rientrano tra gli analytics di terze parti. Inoltre, alcune pagine sul nostro sito web sono caratterizzate dalla presenza dei cd. &#8220;social plug-in&#8221;, i quali permettono di condividere i nostri contenuti su social media network come Facebook e Linkedin. I cookies di terze parti non sono sotto il nostro controllo e, pertanto, per ulteriori informazioni su come la terza parte utilizza i cookies, si consiglia di visitare il sito web della terza parte di cui qui di seguito si riportano gli indirizzi web ove presenti le diverse informative e modalit\u00e0 di gestione dei cookies terze parti:<\/p>\n<ul>\n<li>Facebook:\n<ul>\n<li>Informativa: <a href=\"https:\/\/www.facebook.com\/help\/cookies\/\">https:\/\/www.facebook.com\/help\/cookies\/<\/a><\/li>\n<li>Configurazioni: accedere al proprio account, sezione privacy<\/li>\n<\/ul>\n<\/li>\n<li>LinkedIn:\n<ul>\n<li>Informativa: <a href=\"https:\/\/www.linkedin.com\/legal\/cookie-policy\">https:\/\/www.linkedin.com\/legal\/cookie-policy<\/a><\/li>\n<li>Configurazioni: <a href=\"https:\/\/www.linkedin.com\/settings\/\">https:\/\/www.linkedin.com\/settings\/ <\/a><\/li>\n<\/ul>\n<\/li>\n<li>Youtube:\n<ul>\n<li><a href=\"http:\/\/www.google.com\/policies\/privacy\/\">http:\/\/www.google.com\/policies\/privacy\/ <\/a><\/li>\n<\/ul>\n<\/li>\n<\/ul>\n<p><strong>Rinuncia ai cookies<\/strong><\/p>\n<p>In ogni momento, l&#8217;utente pu\u00f2 rifiutare di accettare tutti o alcuni dei cookies utilizzati su questo sito web nelle seguenti modalit\u00e0:<\/p>\n<ul>\n<li><strong>Gestione dei nostri cookies utilizzati per finalit\u00e0 di marketing<\/strong><\/li>\n<\/ul>\n<p>L&#8217;utente pu\u00f2 configurare le proprie scelte circa l&#8217;utilizzo o meno dei nostri cookies per finalit\u00e0 di marketing attraverso il modulo &#8220;Gestione Consenso Cookie&#8221;. Tale modulo di &#8220;Gestione Consenso Cookie&#8221; non sar\u00e0 invece presente all&#8217;interno dei servizi SaaS nei quali vengono utilizzati esclusivamente cookies tecnici.<br \/>\nL&#8217;eventuale scelta dell&#8217;utente di disabilitare l&#8217;uso dei nostri cookies di profilazione impedir\u00e0 la successiva memorizzare di ulteriori cookies da parte nostra, mentre i cookies precedentemente installati sul dispositivo dell&#8217;utente continueranno ad essere utilizzati sul dispositivo dell&#8217;utente.<br \/>\nLaddove l&#8217;utente volesse cancellare tutti i cookies presenti sul suo dispositivo, potr\u00e0 farlo semplicemente selezionando, sul proprio browser, le impostazioni che consentono di rifiutarli.<\/p>\n<p>Ogni browser ha specifiche istruzioni di configurazione. Ulteriori informazioni in merito alle procedure da seguire per disabilitare i cookies possono essere trovate sul sito internet del fornitore del browser.<\/p>\n<p>Google Chrome: <a href=\"https:\/\/support.google.com\/chrome\/answer\/95647?hl=it\">https:\/\/support.google.com\/chrome\/answer\/95647?hl=it<\/a><br \/>\nMozilla Firefox: <a href=\"http:\/\/support.mozilla.org\/it\/kb\/Attivare%20e%20disattivare%20i%20cookie\">http:\/\/support.mozilla.org\/it\/kb\/Attivare%20e%20disattivare%20i%20cookie <\/a><br \/>\nInternet Explorer: <a href=\"http:\/\/windows.microsoft.com\/it-it\/windows7\/block-enable-or-allow-cookies\">http:\/\/windows.microsoft.com\/it-it\/windows7\/block-enable-or-allow-cookies<\/a><br \/>\nApple Safari: <a href=\"http:\/\/support.apple.com\/kb\/PH5049\">http:\/\/support.apple.com\/kb\/PH5049<\/a><\/p>\n<ul>\n<li><strong>Gestione di Google Analytics<\/strong><\/li>\n<\/ul>\n<p>Per disabilitare soltanto l&#8217;uso dei cookies di Google Analytics l&#8217;utente pu\u00f2 utilizzare il componente aggiuntivo messo a disposizione da Google al seguente collegamento seguendo la procedura di opt-out indicata da Google <a href=\"https:\/\/tools.google.com\/dlpage\/gaoptout?hl=it\">https:\/\/tools.google.com\/dlpage\/gaoptout?hl=it<\/a><\/p>\n<ul>\n<li><strong>Gestione cookies di Targeting ed Advertising di terze parti<\/strong><\/li>\n<\/ul>\n<p>Per maggiori informazioni e\/o per disabilitare i cookies di Targeting ed Advertising, l&#8217;utente \u00e8 invece pregato di visitare il seguente sito web: <a href=\"http:\/\/www.youronlinechoices.com\/it\">http:\/\/www.youronlinechoices.com\/it<\/a>.<br \/>\nFermo restando quanto sopra, si rileva che disabilitando i cookies sar\u00e0 ancora possibile utilizzare alcune parti dei nostri siti web, ma alcuni servizi potrebbero non essere utilizzabili.<\/p>\n<p>I dati raccolti attraverso i cookies saranno conservati a seconda della loro natura. Al riguardo si prega di prendere visione della tabella allegata.<\/p>\n<p>Tali dati saranno trattati esclusivamente nell&#8217;ambito delle finalit\u00e0 sopraddette e potranno essere comunicati a societ\u00e0 controllate, controllanti, affiliate o comunque collegate.<\/p>\n<p>Nel rispetto delle misure minime di sicurezza, i suoi dati potranno altres\u00ec essere comunicati a soggetti di pubblica sicurezza e ad altri soggetti pubblici e privati per l&#8217;adempimento di obblighi previsti dalla legge anche di natura fiscale, amministrativa, finanziaria e simili. In nessun caso i dati saranno diffusi.<\/p>\n<p>Per visualizzare e\/o modificare le tue preferenze vai nel footer di ogni sito e clicca il link &#8220;Gestire i dettagli e le impostazioni dei cookie&#8221;<\/p>\n<p>In ogni momento potr\u00e0 esercitare i suoi diritti di accesso nei confronti del Titolare del trattamento, ai sensi dell&#8217;articolo 15 del Regolamento UE 2016\/679, ossia potr\u00e0 ottenere la conferma dell&#8217;esistenza dei suoi dati personali e chiederne la loro comunicazione in forma intelligibile. Altres\u00ec, avr\u00e0 diritto di ottenere l&#8217;aggiornamento, la rettificazione, l&#8217;integrazione e la cancellazione dei dati o la limitazione del trattamento. Infine avr\u00e0 diritto di opporsi, in tutto o in parte, per motivi legittimi, al trattamento dei suoi dati personali, ancorch\u00e9 pertinenti allo scopo della raccolta, nonch\u00e9 all&#8217;invio di materiale pubblicitario o di vendita diretta o per il compimento di ricerche di mercato o di comunicazione commerciale, rivolgendosi al Titolare del trattamento, presso cui \u00e8 altres\u00ec disponibile, a richiesta, l&#8217;elenco completo e aggiornato dei Responsabili del Trattamento.<\/p>\n<p>Avr\u00e0 inoltre il diritto di proporre reclamo all&#8217;Autorit\u00e0 Garante della Privacy.<\/p>\n<p>Il Titolare del Trattamento \u00e8 The Digital Box SpA con sede legale in Largo San Francesco, 5 \u2013 70024 Gravina in Puglia (BA) contattabile all\u2019indiritto email <a href=\"mailto:privacy@thedigitalbox.com\">privacy@thedigitalbox.com<\/a>.<\/p>\n<p>Il Titolare ha provveduto a nominare il Responsabile della protezione dei dati (DPO) che \u00e8 contattabile alla seguente casella di posta elettronica elettronica <a href=\"mailto:dpo@thedigitalbox.com\">dpo@thedigitalbox.com<\/a>.[\/vc_column_text][vc_single_image image=&#8221;9932&#8243; img_size=&#8221;full&#8221;][\/vc_column][\/vc_row]<\/p>\n","protected":false},"excerpt":{"rendered":"<p>[vc_row][vc_column][vc_column_text] Informativa Cookies La nostra politica sui cookies Dominio\/Sito web www.adaoncloud.com &#8211; v.2 \u2013 16.12.2021 &#8211; Nei siti gestiti da The Digital Box SpA vengono raccolte informazioni che possono riguardare l&#8217;utente, le sue preferenze, o il dispositivo di accesso a Internet (computer, tablet o cellulare) e vengono utilizzate principalmente per adeguare il funzionamento del sito [&hellip;]<\/p>\n","protected":false},"author":1,"featured_media":0,"parent":0,"menu_order":0,"comment_status":"closed","ping_status":"closed","template":"","meta":{"om_disable_all_campaigns":false},"_links":{"self":[{"href":"https:\/\/www.adaoncloud.com\/it\/wp-json\/wp\/v2\/pages\/9921"}],"collection":[{"href":"https:\/\/www.adaoncloud.com\/it\/wp-json\/wp\/v2\/pages"}],"about":[{"href":"https:\/\/www.adaoncloud.com\/it\/wp-json\/wp\/v2\/types\/page"}],"author":[{"embeddable":true,"href":"https:\/\/www.adaoncloud.com\/it\/wp-json\/wp\/v2\/users\/1"}],"replies":[{"embeddable":true,"href":"https:\/\/www.adaoncloud.com\/it\/wp-json\/wp\/v2\/comments?post=9921"}],"version-history":[{"count":7,"href":"https:\/\/www.adaoncloud.com\/it\/wp-json\/wp\/v2\/pages\/9921\/revisions"}],"predecessor-version":[{"id":9936,"href":"https:\/\/www.adaoncloud.com\/it\/wp-json\/wp\/v2\/pages\/9921\/revisions\/9936"}],"wp:attachment":[{"href":"https:\/\/www.adaoncloud.com\/it\/wp-json\/wp\/v2\/media?parent=9921"}],"curies":[{"name":"wp","href":"https:\/\/api.w.org\/{rel}","templated":true}]}}